{"id":31822,"date":"2017-11-16T14:48:33","date_gmt":"2017-11-16T13:48:33","guid":{"rendered":"https:\/\/www.sen-shop.com\/collections\/unkategorisiert\/buchweizen-behandlung-von-krampfadern\/"},"modified":"2022-11-01T23:00:57","modified_gmt":"2022-11-01T22:00:57","slug":"buchweizen-behandlung-von-krampfadern","status":"publish","type":"product","link":"https:\/\/sen-shop.com\/de\/collections\/nahrungsergaenzungsmittel\/herz-haemorrhoiden\/buchweizen-behandlung-von-krampfadern\/","title":{"rendered":"Buchweizen, Behandlung von Krampfadern"},"content":{"rendered":"<p>[vc_row][vc_column][vc_column_text css=&#8220;.vc_custom_1625223885455{padding-top: 30px !important;padding-right: 30px !important;padding-bottom: 30px !important;padding-left: 30px !important;background-color: #c9db95 !important;}&#8220;]<br \/>\nSeit langem wird <strong>Buchweizen<\/strong> f\u00fcr seine positive Wirkung auf Venen und Krampfadern gesch\u00e4tzt. Zahlreiche Naturheilexperten empfehlen ihn. Der bekannteste Wirkstoff des Buchweizens ist <strong>Rutin<\/strong>, ein starkes Antioxidans, das die <strong>Gef\u00e4\u00dfw\u00e4nde<\/strong> <strong>st\u00e4rkt<\/strong>, <strong>die Kapillarbr\u00fcchigkeit verhindert und die Elastizit\u00e4t der Gef\u00e4\u00dfw\u00e4nde erh\u00f6ht<\/strong>.<\/p>\n<p>Gr\u00f6\u00dfere <strong>H\u00e4morrhoiden<\/strong> sind ein recht h\u00e4ufiges Problem. Die Behandlung von leichten bis mittelschweren Formen der Erkrankung umfasst eine erh\u00f6hte Ballaststoff- und Fl\u00fcssigkeitszufuhr sowie Ruhe und kann auch<strong> mit Buchweizenkapseln unterst\u00fctzt<\/strong> werden. Wenn die Symptome jedoch schwerwiegend sind, ist ein Arztbesuch erforderlich.[\/vc_column_text][\/vc_column][\/vc_row][vc_row][vc_column][vc_column_text css=&#8220;.vc_custom_1625223911860{padding-top: 30px !important;padding-right: 30px !important;padding-bottom: 30px !important;padding-left: 30px !important;background-color: #ededed !important;}&#8220;]<br \/>\n<img decoding=\"async\" src=\"https:\/\/static.xx.fbcdn.net\/images\/emoji.php\/v9\/t51\/1\/16\/1f449.png\" alt=\"\ud83d\udc49\" \/> Um eine lang anhaltende positive Wirkung zu erzielen, ist es wichtig, regelm\u00e4\u00dfig Buchweizenkapseln einzunehmen.<\/p>\n<p><img decoding=\"async\" src=\"https:\/\/static.xx.fbcdn.net\/images\/emoji.php\/v9\/t51\/1\/16\/1f449.png\" alt=\"\ud83d\udc49\" \/> Nehmen Sie 3-mal t\u00e4glich eine Kapsel ein.<\/p>\n<p><img decoding=\"async\" src=\"https:\/\/static.xx.fbcdn.net\/images\/emoji.php\/v9\/t51\/1\/16\/1f449.png\" alt=\"\ud83d\udc49\" \/> Buchweizen hat eine positive Wirkung auf das gesamte Herz-Kreislauf-System.[\/vc_column_text][\/vc_column][\/vc_row][vc_row][vc_column][vc_column_text]<strong>Buchweizen<\/strong> ist eine ausgezeichnete Quelle f\u00fcr Mangan, Magnesium, Ballaststoffe und Bioflavonoide wie Rutin, die einen wichtigen Beitrag zu einer besseren Gesundheit leisten. Das Eiwei\u00df im Buchweizen ist von hoher Qualit\u00e4t und enth\u00e4lt alle acht essentiellen Aminos\u00e4uren, einschlie\u00dflich Lysin. Eisen, Zink, Selen und Antioxidantien wie Tannin sind ebenfalls im Buchweizen enthalten.<\/p>\n<p>Neben seiner positiven Wirkung auf das Gef\u00e4\u00dfsystem hat <strong>Buchweizen<\/strong> aufgrund seines hohen Gehalts an Flavonoiden auch eine <strong>Schutzfunktion<\/strong>. <strong>Flavonoide<\/strong> sind Pflanzenn\u00e4hrstoffe, die vor Krankheiten sch\u00fctzen, indem sie die Wirkung von Vitamin C verl\u00e4ngern und als Antioxidantien wirken. Die F\u00e4higkeit des Buchweizens, die Aktivit\u00e4t gef\u00e4hrlicher Lipide zu verringern, wird auf Rutin und andere Flavonoidbestandteile zur\u00fcckgef\u00fchrt. Diese Bestandteile wirken sich positiv auf die <strong>Blutzirkulation<\/strong> aus, hemmen das<strong> \u00fcberm\u00e4\u00dfige Anhaften von Blutplaques und sch\u00fctzen das gute Cholesterin (LDL)<\/strong> vor der Oxidation durch freie Radikale. Diese Wirkung tr\u00e4gt dazu bei, uns vor Herzkrankheiten zu sch\u00fctzen.<\/p>\n<p><strong>Buchweizen<\/strong> ist reich an Rutin, weshalb er in der Vergangenheit h\u00e4ufig f\u00fcr die Gesundheitspflege verwendet wurde, insbesondere bei <strong>Krampfaderproblemen<\/strong>. Die Forschung hat gezeigt, dass <strong>Rutin<\/strong> die Entwicklung bestimmter Venenerkrankungen <strong>verhindert<\/strong>, die zu <strong>chronischen Venenerkrankungen in den Beinen (Krampfadern)<\/strong> f\u00fchren k\u00f6nnen.<\/p>\n<p>[\/vc_column_text][\/vc_column][\/vc_row]<\/p>\n","protected":false},"excerpt":{"rendered":"<p>Leiden Sie am Ende des Tages unter <strong>geschwollenen<\/strong> <strong>Kn\u00f6cheln und Beinen?<\/strong> Sind Ihre Beine schwer, m\u00fcde, prickelnd und juckend? Haben Sie Krampfadern bemerkt? <strong>Buchweizen<\/strong> ist ein <strong>nat\u00fcrliches Heilmittel<\/strong> f\u00fcr <strong>Venenprobleme<\/strong> und das gesamte<strong> Herz-Kreislauf-System.<\/strong><\/p>\n<ul>\n<li>hilft bei Krampfaderproblemen<\/li>\n<li>st\u00e4rkt die Blutgef\u00e4\u00dfw\u00e4nde<\/li>\n<li>verschafft Linderung bei geschwollenen und unruhigen Beinen<\/li>\n<\/ul>\n<p>Buchweizen ist auch eine gro\u00dfe Hilfe bei H\u00e4morrhoiden!<\/p>\n[banner_prehrana]\n","protected":false},"featured_media":30366,"comment_status":"open","ping_status":"closed","template":"","meta":{"inline_featured_image":false},"product_cat":[816,841,813],"product_tag":[897,898,821,900,896,899,814,894,895,901],"class_list":["post-31822","product","type-product","status-publish","has-post-thumbnail","hentry","product_cat-crni-petek-de","product_cat-herz-haemorrhoiden","product_cat-nahrungsergaenzungsmittel","product_tag-analizator-tanita-de","product_tag-analizator-telesne-teze-de","product_tag-bio-de","product_tag-digitalna-osebna-tehtnica-de","product_tag-digitalna-tehtnica-de","product_tag-nakup-tanite-de","product_tag-prehranska-dopolnila-de","product_tag-srce-in-ozilje-de","product_tag-tanita-de","product_tag-tanita-tehtnica-de"],"acf":[],"yoast_head":"<!-- This site is optimized with the Yoast SEO plugin v19.13 - https:\/\/yoast.com\/wordpress\/plugins\/seo\/ -->\n<title>Buchweizen, Behandlung von Krampfadern<\/title>\n<meta name=\"description\" content=\"Buchweizen, Behandlung von Krampfadern\" \/>\n<meta name=\"robots\" content=\"index, follow, max-snippet:-1, max-image-preview:large, max-video-preview:-1\" \/>\n<link rel=\"canonical\" href=\"https:\/\/sen-shop.com\/de\/collections\/nahrungsergaenzungsmittel\/herz-haemorrhoiden\/buchweizen-behandlung-von-krampfadern\/\" \/>\n<meta property=\"og:locale\" content=\"de_DE\" \/>\n<meta property=\"og:type\" content=\"article\" \/>\n<meta property=\"og:title\" content=\"Buchweizen, Behandlung von Krampfadern\" \/>\n<meta property=\"og:description\" content=\"Buchweizen, Behandlung von Krampfadern\" \/>\n<meta property=\"og:url\" content=\"https:\/\/sen-shop.com\/de\/collections\/nahrungsergaenzungsmittel\/herz-haemorrhoiden\/buchweizen-behandlung-von-krampfadern\/\" \/>\n<meta property=\"og:site_name\" content=\"SEN Shop\" \/>\n<meta property=\"article:publisher\" content=\"https:\/\/www.facebook.com\/Senshopslovenija\" \/>\n<meta property=\"article:modified_time\" content=\"2022-11-01T22:00:57+00:00\" \/>\n<meta property=\"og:image\" content=\"https:\/\/sen-shop.com\/wp-content\/uploads\/2021\/10\/Ajda_EN_DE_SPL.jpg\" \/>\n\t<meta property=\"og:image:width\" content=\"1400\" \/>\n\t<meta property=\"og:image:height\" content=\"1400\" \/>\n\t<meta property=\"og:image:type\" content=\"image\/jpeg\" \/>\n<meta name=\"twitter:card\" content=\"summary_large_image\" \/>\n<meta name=\"twitter:label1\" content=\"Gesch\u00e4tzte Lesezeit\" \/>\n\t<meta name=\"twitter:data1\" content=\"2\u00a0Minuten\" \/>\n<script type=\"application\/ld+json\" class=\"yoast-schema-graph\">{\"@context\":\"https:\/\/schema.org\",\"@graph\":[{\"@type\":\"WebPage\",\"@id\":\"https:\/\/sen-shop.com\/de\/collections\/nahrungsergaenzungsmittel\/herz-haemorrhoiden\/buchweizen-behandlung-von-krampfadern\/\",\"url\":\"https:\/\/sen-shop.com\/de\/collections\/nahrungsergaenzungsmittel\/herz-haemorrhoiden\/buchweizen-behandlung-von-krampfadern\/\",\"name\":\"Buchweizen, Behandlung von Krampfadern\",\"isPartOf\":{\"@id\":\"https:\/\/sen-shop.com\/de\/#website\"},\"datePublished\":\"2017-11-16T13:48:33+00:00\",\"dateModified\":\"2022-11-01T22:00:57+00:00\",\"description\":\"Buchweizen, Behandlung von Krampfadern\",\"breadcrumb\":{\"@id\":\"https:\/\/sen-shop.com\/de\/collections\/nahrungsergaenzungsmittel\/herz-haemorrhoiden\/buchweizen-behandlung-von-krampfadern\/#breadcrumb\"},\"inLanguage\":\"de\",\"potentialAction\":[{\"@type\":\"ReadAction\",\"target\":[\"https:\/\/sen-shop.com\/de\/collections\/nahrungsergaenzungsmittel\/herz-haemorrhoiden\/buchweizen-behandlung-von-krampfadern\/\"]}]},{\"@type\":\"BreadcrumbList\",\"@id\":\"https:\/\/sen-shop.com\/de\/collections\/nahrungsergaenzungsmittel\/herz-haemorrhoiden\/buchweizen-behandlung-von-krampfadern\/#breadcrumb\",\"itemListElement\":[{\"@type\":\"ListItem\",\"position\":1,\"name\":\"Home\",\"item\":\"https:\/\/sen-shop.com\/de\/\"},{\"@type\":\"ListItem\",\"position\":2,\"name\":\"Buchweizen, Behandlung von Krampfadern\"}]},{\"@type\":\"WebSite\",\"@id\":\"https:\/\/sen-shop.com\/de\/#website\",\"url\":\"https:\/\/sen-shop.com\/de\/\",\"name\":\"SEN Shop\",\"description\":\"Slovensko, Ekolo\u0161ko, Naravno\",\"publisher\":{\"@id\":\"https:\/\/sen-shop.com\/de\/#organization\"},\"potentialAction\":[{\"@type\":\"SearchAction\",\"target\":{\"@type\":\"EntryPoint\",\"urlTemplate\":\"https:\/\/sen-shop.com\/de\/?s={search_term_string}\"},\"query-input\":\"required name=search_term_string\"}],\"inLanguage\":\"de\"},{\"@type\":\"Organization\",\"@id\":\"https:\/\/sen-shop.com\/de\/#organization\",\"name\":\"Mind trade d.o.o\",\"url\":\"https:\/\/sen-shop.com\/de\/\",\"logo\":{\"@type\":\"ImageObject\",\"inLanguage\":\"de\",\"@id\":\"https:\/\/sen-shop.com\/de\/#\/schema\/logo\/image\/\",\"url\":\"https:\/\/sen-shop.com\/wp-content\/uploads\/2018\/05\/header_logo.png\",\"contentUrl\":\"https:\/\/sen-shop.com\/wp-content\/uploads\/2018\/05\/header_logo.png\",\"width\":138,\"height\":70,\"caption\":\"Mind trade d.o.o\"},\"image\":{\"@id\":\"https:\/\/sen-shop.com\/de\/#\/schema\/logo\/image\/\"},\"sameAs\":[\"https:\/\/www.instagram.com\/senslovenija\/\",\"https:\/\/www.facebook.com\/Senshopslovenija\"]}]}<\/script>\n<!-- \/ Yoast SEO plugin. -->","yoast_head_json":{"title":"Buchweizen, Behandlung von Krampfadern","description":"Buchweizen, Behandlung von Krampfadern","robots":{"index":"index","follow":"follow","max-snippet":"max-snippet:-1","max-image-preview":"max-image-preview:large","max-video-preview":"max-video-preview:-1"},"canonical":"https:\/\/sen-shop.com\/de\/collections\/nahrungsergaenzungsmittel\/herz-haemorrhoiden\/buchweizen-behandlung-von-krampfadern\/","og_locale":"de_DE","og_type":"article","og_title":"Buchweizen, Behandlung von Krampfadern","og_description":"Buchweizen, Behandlung von Krampfadern","og_url":"https:\/\/sen-shop.com\/de\/collections\/nahrungsergaenzungsmittel\/herz-haemorrhoiden\/buchweizen-behandlung-von-krampfadern\/","og_site_name":"SEN Shop","article_publisher":"https:\/\/www.facebook.com\/Senshopslovenija","article_modified_time":"2022-11-01T22:00:57+00:00","og_image":[{"width":1400,"height":1400,"url":"https:\/\/sen-shop.com\/wp-content\/uploads\/2021\/10\/Ajda_EN_DE_SPL.jpg","type":"image\/jpeg"}],"twitter_card":"summary_large_image","twitter_misc":{"Gesch\u00e4tzte Lesezeit":"2\u00a0Minuten"},"schema":{"@context":"https:\/\/schema.org","@graph":[{"@type":"WebPage","@id":"https:\/\/sen-shop.com\/de\/collections\/nahrungsergaenzungsmittel\/herz-haemorrhoiden\/buchweizen-behandlung-von-krampfadern\/","url":"https:\/\/sen-shop.com\/de\/collections\/nahrungsergaenzungsmittel\/herz-haemorrhoiden\/buchweizen-behandlung-von-krampfadern\/","name":"Buchweizen, Behandlung von Krampfadern","isPartOf":{"@id":"https:\/\/sen-shop.com\/de\/#website"},"datePublished":"2017-11-16T13:48:33+00:00","dateModified":"2022-11-01T22:00:57+00:00","description":"Buchweizen, Behandlung von Krampfadern","breadcrumb":{"@id":"https:\/\/sen-shop.com\/de\/collections\/nahrungsergaenzungsmittel\/herz-haemorrhoiden\/buchweizen-behandlung-von-krampfadern\/#breadcrumb"},"inLanguage":"de","potentialAction":[{"@type":"ReadAction","target":["https:\/\/sen-shop.com\/de\/collections\/nahrungsergaenzungsmittel\/herz-haemorrhoiden\/buchweizen-behandlung-von-krampfadern\/"]}]},{"@type":"BreadcrumbList","@id":"https:\/\/sen-shop.com\/de\/collections\/nahrungsergaenzungsmittel\/herz-haemorrhoiden\/buchweizen-behandlung-von-krampfadern\/#breadcrumb","itemListElement":[{"@type":"ListItem","position":1,"name":"Home","item":"https:\/\/sen-shop.com\/de\/"},{"@type":"ListItem","position":2,"name":"Buchweizen, Behandlung von Krampfadern"}]},{"@type":"WebSite","@id":"https:\/\/sen-shop.com\/de\/#website","url":"https:\/\/sen-shop.com\/de\/","name":"SEN Shop","description":"Slovensko, Ekolo\u0161ko, Naravno","publisher":{"@id":"https:\/\/sen-shop.com\/de\/#organization"},"potentialAction":[{"@type":"SearchAction","target":{"@type":"EntryPoint","urlTemplate":"https:\/\/sen-shop.com\/de\/?s={search_term_string}"},"query-input":"required name=search_term_string"}],"inLanguage":"de"},{"@type":"Organization","@id":"https:\/\/sen-shop.com\/de\/#organization","name":"Mind trade d.o.o","url":"https:\/\/sen-shop.com\/de\/","logo":{"@type":"ImageObject","inLanguage":"de","@id":"https:\/\/sen-shop.com\/de\/#\/schema\/logo\/image\/","url":"https:\/\/sen-shop.com\/wp-content\/uploads\/2018\/05\/header_logo.png","contentUrl":"https:\/\/sen-shop.com\/wp-content\/uploads\/2018\/05\/header_logo.png","width":138,"height":70,"caption":"Mind trade d.o.o"},"image":{"@id":"https:\/\/sen-shop.com\/de\/#\/schema\/logo\/image\/"},"sameAs":["https:\/\/www.instagram.com\/senslovenija\/","https:\/\/www.facebook.com\/Senshopslovenija"]}]}},"_links":{"self":[{"href":"https:\/\/sen-shop.com\/de\/wp-json\/wp\/v2\/product\/31822","targetHints":{"allow":["GET"]}}],"collection":[{"href":"https:\/\/sen-shop.com\/de\/wp-json\/wp\/v2\/product"}],"about":[{"href":"https:\/\/sen-shop.com\/de\/wp-json\/wp\/v2\/types\/product"}],"replies":[{"embeddable":true,"href":"https:\/\/sen-shop.com\/de\/wp-json\/wp\/v2\/comments?post=31822"}],"wp:featuredmedia":[{"embeddable":true,"href":"https:\/\/sen-shop.com\/de\/wp-json\/wp\/v2\/media\/30366"}],"wp:attachment":[{"href":"https:\/\/sen-shop.com\/de\/wp-json\/wp\/v2\/media?parent=31822"}],"wp:term":[{"taxonomy":"product_cat","embeddable":true,"href":"https:\/\/sen-shop.com\/de\/wp-json\/wp\/v2\/product_cat?post=31822"},{"taxonomy":"product_tag","embeddable":true,"href":"https:\/\/sen-shop.com\/de\/wp-json\/wp\/v2\/product_tag?post=31822"}],"curies":[{"name":"wp","href":"https:\/\/api.w.org\/{rel}","templated":true}]}}