{"id":31816,"date":"2016-09-16T01:22:05","date_gmt":"2016-09-15T23:22:05","guid":{"rendered":"https:\/\/www.sen-shop.com\/collections\/unkategorisiert\/naturlicher-allzweckreiniger\/"},"modified":"2021-10-26T16:30:11","modified_gmt":"2021-10-26T14:30:11","slug":"naturlicher-allzweckreiniger","status":"publish","type":"product","link":"https:\/\/sen-shop.com\/de\/collections\/nekategorizirano-de\/naturlicher-allzweckreiniger\/","title":{"rendered":"Nat\u00fcrlicher Allzweckreiniger"},"content":{"rendered":"<p>[vc_row][vc_column][vc_column_text css=&#8220;.vc_custom_1629965755883{padding-top: 30px !important;padding-right: 30px !important;padding-bottom: 30px !important;padding-left: 30px !important;background-color: #c9db95 !important;}&#8220;]Dank seines Ethanolgehalts (60 %) und der \u00e4therischen \u00d6le (Teebaum, Zitronengras, Eukalyptus und Orange aus biologischem Anbau) hat der Allzweckreiniger eine <strong>desinfizierende und aromatherapeutische Wirkung.<\/strong> Nach der Reinigung sind die R\u00e4ume nicht nur sauber, sondern duften auch <strong>angenehm nach den nat\u00fcrlichen \u00e4therischen \u00d6len.<\/strong> Dank seiner rein nat\u00fcrlichen Zusammensetzung hat der Reiniger viele Vorteile gegen\u00fcber handels\u00fcblichen (giftigen) Reinigern. Er <strong>eignet sich f\u00fcr den Einsatz in Bereichen, in denen sich Babys, Kinder und Haustiere <\/strong>aufhalten. Da er desinfizierend, aber nicht giftig ist, eignet er sich <strong>zur Reinigung von Spielzeug, Wickeltischen, Kinderbetten, Gegenst\u00e4nden und Bereichen, in denen Haustiere leben<\/strong> (Hunde- und Katzenbetten, Tierk\u00e4fige usw.).<\/p>\n<p>Der Reiniger kann in der K\u00fcche verwendet werden, da er <strong>dank seines Ethanolgehalts in Kombination mit einem aus Kokosnuss\u00f6l und Zucker gewonnenen Tensid fettige Flecken perfekt entfernt.<\/strong> Er enth\u00e4lt auch <strong>Zitronens\u00e4ure<\/strong> und eignet sich daher zur Entfernung von <strong>Kalkablagerungen<\/strong>. Der Reiniger ist nicht \u00e4tzend und kann ohne Handschuhe verwendet werden.[\/vc_column_text][\/vc_column][\/vc_row][vc_row][vc_column][vc_column_text css=&#8220;.vc_custom_1629965814373{padding-top: 30px !important;padding-right: 30px !important;padding-bottom: 30px !important;padding-left: 30px !important;background-color: #ededed !important;}&#8220;]\ud83d\udc49\u00a0Den Reiniger auf die gew\u00fcnschte Oberfl\u00e4che spr\u00fchen, mit einem Schwamm abreiben und mit Wasser absp\u00fclen.<\/p>\n<p>\ud83d\udc49\u00a0Um Kalkablagerungen zu entfernen, den Reiniger auf die Oberfl\u00e4che auftragen, 3 Minuten warten, dann mit Wasser absp\u00fclen und mit einem Tuch nachwischen.<\/p>\n<p>\ud83d\udc49\u00a0Bei der Reinigung von Fu\u00dfb\u00f6den empfehlen wir, den Reiniger mit Wasser zu verd\u00fcnnen.[\/vc_column_text][\/vc_column][\/vc_row][vc_row][vc_column][vc_column_text]Der nat\u00fcrliche Allzweckreiniger reinigt und desinfiziert sanft alle Arten von Oberfl\u00e4chen.<br \/>\nEr kann verwendet werden in\/auf:<br \/>\n\u2022 K\u00fcche (K\u00fcchentheke, Schr\u00e4nke, Sp\u00fcle, Tisch, etc.)<br \/>\n\u2022 Badezimmer (Waschbecken, Toilette, Armaturen, Badewanne, usw.)<br \/>\n\u2022 Schlafzimmer (Bettgestell, Nachttische usw.)<br \/>\n\u2022 B\u00fcro (Schreibtische, Tastaturen, St\u00fchle)<br \/>\n\u2022 Kinderzimmer (Ausstattung und Spielzeug)<br \/>\n\u2022 sonstige R\u00e4ume (Bodenbelag, Tierzimmer, K\u00e4fige usw.).[\/vc_column_text][\/vc_column][\/vc_row]<\/p>\n","protected":false},"excerpt":{"rendered":"<p><strong>Wir sollten Reinigungsprodukte verwenden, die gesundheits- und umweltfreundlich sind.<\/strong> Der nat\u00fcrliche Allzweckreiniger wird nur aus erneuerbaren pflanzlichen Quellen hergestellt, ist vollst\u00e4ndig biologisch abbaubar und umweltfreundlich.<\/p>\n<ul>\n<li>60% Alkohol f\u00fcr eine wirksame Oberfl\u00e4chendesinfektion<\/li>\n<li>hervorragend zur Reinigung von Schmutz und zur Entfernung von Kalkablagerungen<\/li>\n<li>hervorragend zur Entfernung von Fett<\/li>\n<li>nat\u00fcrliche, gesundheits- und umweltschonende Zusammensetzung<\/li>\n<li>mit \u00e4therischen \u00d6len von biologischem Teebaum, Zitronengras, Eukalyptus und Orange<\/li>\n<\/ul>\n<p>Der Reiniger ist 100% nat\u00fcrlich und kann daher auch ohne Handschuhe verwendet werden. Er eignet sich zur Reinigung und Desinfektion von Bereichen, in denen Kinder spielen oder Haustiere schlafen.<\/p>\n[banner_zeliscni]\n","protected":false},"featured_media":31812,"comment_status":"open","ping_status":"closed","template":"","meta":{"inline_featured_image":false},"product_cat":[817,819],"product_tag":[821,893,892],"class_list":["post-31816","product","type-product","status-publish","has-post-thumbnail","hentry","product_cat-nekategorizirano-de","product_cat-personliche-pflege","product_tag-bio-de","product_tag-razkuzevanje-de","product_tag-razkuzilo-de","yith_product_brand-eko-de","yith_product_brand-ni-testirano-na-zivali-de"],"acf":[],"yoast_head":"<!-- This site is optimized with the Yoast SEO plugin v19.13 - https:\/\/yoast.com\/wordpress\/plugins\/seo\/ -->\n<title>Nat\u00fcrlicher Allzweckreiniger - SEN Shop<\/title>\n<meta name=\"robots\" content=\"index, follow, max-snippet:-1, max-image-preview:large, max-video-preview:-1\" \/>\n<link rel=\"canonical\" href=\"https:\/\/sen-shop.com\/de\/collections\/nekategorizirano-de\/naturlicher-allzweckreiniger\/\" \/>\n<meta property=\"og:locale\" content=\"de_DE\" \/>\n<meta property=\"og:type\" content=\"article\" \/>\n<meta property=\"og:title\" content=\"Nat\u00fcrlicher Allzweckreiniger - SEN Shop\" \/>\n<meta property=\"og:description\" content=\"Wir sollten Reinigungsprodukte verwenden, die gesundheits- und umweltfreundlich sind. Der nat\u00fcrliche Allzweckreiniger wird nur aus erneuerbaren pflanzlichen Quellen hergestellt, ist vollst\u00e4ndig biologisch abbaubar und umweltfreundlich.   60% Alkohol f\u00fcr eine wirksame Oberfl\u00e4chendesinfektion  hervorragend zur Reinigung von Schmutz und zur Entfernung von Kalkablagerungen  hervorragend zur Entfernung von Fett  nat\u00fcrliche, gesundheits- und umweltschonende Zusammensetzung  mit \u00e4therischen \u00d6len von biologischem Teebaum, Zitronengras, Eukalyptus und Orange  Der Reiniger ist 100% nat\u00fcrlich und kann daher auch ohne Handschuhe verwendet werden. Er eignet sich zur Reinigung und Desinfektion von Bereichen, in denen Kinder spielen oder Haustiere schlafen.\" \/>\n<meta property=\"og:url\" content=\"https:\/\/sen-shop.com\/de\/collections\/nekategorizirano-de\/naturlicher-allzweckreiniger\/\" \/>\n<meta property=\"og:site_name\" content=\"SEN Shop\" \/>\n<meta property=\"article:publisher\" content=\"https:\/\/www.facebook.com\/Senshopslovenija\" \/>\n<meta property=\"article:modified_time\" content=\"2021-10-26T14:30:11+00:00\" \/>\n<meta property=\"og:image\" content=\"https:\/\/sen-shop.com\/wp-content\/uploads\/2016\/09\/cistilo-z-zelenjem-vektor.png\" \/>\n\t<meta property=\"og:image:width\" content=\"1199\" \/>\n\t<meta property=\"og:image:height\" content=\"1371\" \/>\n\t<meta property=\"og:image:type\" content=\"image\/png\" \/>\n<meta name=\"twitter:card\" content=\"summary_large_image\" \/>\n<meta name=\"twitter:label1\" content=\"Gesch\u00e4tzte Lesezeit\" \/>\n\t<meta name=\"twitter:data1\" content=\"2\u00a0Minuten\" \/>\n<script type=\"application\/ld+json\" class=\"yoast-schema-graph\">{\"@context\":\"https:\/\/schema.org\",\"@graph\":[{\"@type\":\"WebPage\",\"@id\":\"https:\/\/sen-shop.com\/de\/collections\/nekategorizirano-de\/naturlicher-allzweckreiniger\/\",\"url\":\"https:\/\/sen-shop.com\/de\/collections\/nekategorizirano-de\/naturlicher-allzweckreiniger\/\",\"name\":\"Nat\u00fcrlicher Allzweckreiniger - SEN Shop\",\"isPartOf\":{\"@id\":\"https:\/\/sen-shop.com\/de\/#website\"},\"datePublished\":\"2016-09-15T23:22:05+00:00\",\"dateModified\":\"2021-10-26T14:30:11+00:00\",\"breadcrumb\":{\"@id\":\"https:\/\/sen-shop.com\/de\/collections\/nekategorizirano-de\/naturlicher-allzweckreiniger\/#breadcrumb\"},\"inLanguage\":\"de\",\"potentialAction\":[{\"@type\":\"ReadAction\",\"target\":[\"https:\/\/sen-shop.com\/de\/collections\/nekategorizirano-de\/naturlicher-allzweckreiniger\/\"]}]},{\"@type\":\"BreadcrumbList\",\"@id\":\"https:\/\/sen-shop.com\/de\/collections\/nekategorizirano-de\/naturlicher-allzweckreiniger\/#breadcrumb\",\"itemListElement\":[{\"@type\":\"ListItem\",\"position\":1,\"name\":\"Home\",\"item\":\"https:\/\/sen-shop.com\/de\/\"},{\"@type\":\"ListItem\",\"position\":2,\"name\":\"Nat\u00fcrlicher Allzweckreiniger\"}]},{\"@type\":\"WebSite\",\"@id\":\"https:\/\/sen-shop.com\/de\/#website\",\"url\":\"https:\/\/sen-shop.com\/de\/\",\"name\":\"SEN Shop\",\"description\":\"Slovensko, Ekolo\u0161ko, Naravno\",\"publisher\":{\"@id\":\"https:\/\/sen-shop.com\/de\/#organization\"},\"potentialAction\":[{\"@type\":\"SearchAction\",\"target\":{\"@type\":\"EntryPoint\",\"urlTemplate\":\"https:\/\/sen-shop.com\/de\/?s={search_term_string}\"},\"query-input\":\"required name=search_term_string\"}],\"inLanguage\":\"de\"},{\"@type\":\"Organization\",\"@id\":\"https:\/\/sen-shop.com\/de\/#organization\",\"name\":\"Mind trade d.o.o\",\"url\":\"https:\/\/sen-shop.com\/de\/\",\"logo\":{\"@type\":\"ImageObject\",\"inLanguage\":\"de\",\"@id\":\"https:\/\/sen-shop.com\/de\/#\/schema\/logo\/image\/\",\"url\":\"https:\/\/sen-shop.com\/wp-content\/uploads\/2018\/05\/header_logo.png\",\"contentUrl\":\"https:\/\/sen-shop.com\/wp-content\/uploads\/2018\/05\/header_logo.png\",\"width\":138,\"height\":70,\"caption\":\"Mind trade d.o.o\"},\"image\":{\"@id\":\"https:\/\/sen-shop.com\/de\/#\/schema\/logo\/image\/\"},\"sameAs\":[\"https:\/\/www.instagram.com\/senslovenija\/\",\"https:\/\/www.facebook.com\/Senshopslovenija\"]}]}<\/script>\n<!-- \/ Yoast SEO plugin. -->","yoast_head_json":{"title":"Nat\u00fcrlicher Allzweckreiniger - SEN Shop","robots":{"index":"index","follow":"follow","max-snippet":"max-snippet:-1","max-image-preview":"max-image-preview:large","max-video-preview":"max-video-preview:-1"},"canonical":"https:\/\/sen-shop.com\/de\/collections\/nekategorizirano-de\/naturlicher-allzweckreiniger\/","og_locale":"de_DE","og_type":"article","og_title":"Nat\u00fcrlicher Allzweckreiniger - SEN Shop","og_description":"Wir sollten Reinigungsprodukte verwenden, die gesundheits- und umweltfreundlich sind. Der nat\u00fcrliche Allzweckreiniger wird nur aus erneuerbaren pflanzlichen Quellen hergestellt, ist vollst\u00e4ndig biologisch abbaubar und umweltfreundlich.   60% Alkohol f\u00fcr eine wirksame Oberfl\u00e4chendesinfektion  hervorragend zur Reinigung von Schmutz und zur Entfernung von Kalkablagerungen  hervorragend zur Entfernung von Fett  nat\u00fcrliche, gesundheits- und umweltschonende Zusammensetzung  mit \u00e4therischen \u00d6len von biologischem Teebaum, Zitronengras, Eukalyptus und Orange  Der Reiniger ist 100% nat\u00fcrlich und kann daher auch ohne Handschuhe verwendet werden. Er eignet sich zur Reinigung und Desinfektion von Bereichen, in denen Kinder spielen oder Haustiere schlafen.","og_url":"https:\/\/sen-shop.com\/de\/collections\/nekategorizirano-de\/naturlicher-allzweckreiniger\/","og_site_name":"SEN Shop","article_publisher":"https:\/\/www.facebook.com\/Senshopslovenija","article_modified_time":"2021-10-26T14:30:11+00:00","og_image":[{"width":1199,"height":1371,"url":"https:\/\/sen-shop.com\/wp-content\/uploads\/2016\/09\/cistilo-z-zelenjem-vektor.png","type":"image\/png"}],"twitter_card":"summary_large_image","twitter_misc":{"Gesch\u00e4tzte Lesezeit":"2\u00a0Minuten"},"schema":{"@context":"https:\/\/schema.org","@graph":[{"@type":"WebPage","@id":"https:\/\/sen-shop.com\/de\/collections\/nekategorizirano-de\/naturlicher-allzweckreiniger\/","url":"https:\/\/sen-shop.com\/de\/collections\/nekategorizirano-de\/naturlicher-allzweckreiniger\/","name":"Nat\u00fcrlicher Allzweckreiniger - SEN Shop","isPartOf":{"@id":"https:\/\/sen-shop.com\/de\/#website"},"datePublished":"2016-09-15T23:22:05+00:00","dateModified":"2021-10-26T14:30:11+00:00","breadcrumb":{"@id":"https:\/\/sen-shop.com\/de\/collections\/nekategorizirano-de\/naturlicher-allzweckreiniger\/#breadcrumb"},"inLanguage":"de","potentialAction":[{"@type":"ReadAction","target":["https:\/\/sen-shop.com\/de\/collections\/nekategorizirano-de\/naturlicher-allzweckreiniger\/"]}]},{"@type":"BreadcrumbList","@id":"https:\/\/sen-shop.com\/de\/collections\/nekategorizirano-de\/naturlicher-allzweckreiniger\/#breadcrumb","itemListElement":[{"@type":"ListItem","position":1,"name":"Home","item":"https:\/\/sen-shop.com\/de\/"},{"@type":"ListItem","position":2,"name":"Nat\u00fcrlicher Allzweckreiniger"}]},{"@type":"WebSite","@id":"https:\/\/sen-shop.com\/de\/#website","url":"https:\/\/sen-shop.com\/de\/","name":"SEN Shop","description":"Slovensko, Ekolo\u0161ko, Naravno","publisher":{"@id":"https:\/\/sen-shop.com\/de\/#organization"},"potentialAction":[{"@type":"SearchAction","target":{"@type":"EntryPoint","urlTemplate":"https:\/\/sen-shop.com\/de\/?s={search_term_string}"},"query-input":"required name=search_term_string"}],"inLanguage":"de"},{"@type":"Organization","@id":"https:\/\/sen-shop.com\/de\/#organization","name":"Mind trade d.o.o","url":"https:\/\/sen-shop.com\/de\/","logo":{"@type":"ImageObject","inLanguage":"de","@id":"https:\/\/sen-shop.com\/de\/#\/schema\/logo\/image\/","url":"https:\/\/sen-shop.com\/wp-content\/uploads\/2018\/05\/header_logo.png","contentUrl":"https:\/\/sen-shop.com\/wp-content\/uploads\/2018\/05\/header_logo.png","width":138,"height":70,"caption":"Mind trade d.o.o"},"image":{"@id":"https:\/\/sen-shop.com\/de\/#\/schema\/logo\/image\/"},"sameAs":["https:\/\/www.instagram.com\/senslovenija\/","https:\/\/www.facebook.com\/Senshopslovenija"]}]}},"_links":{"self":[{"href":"https:\/\/sen-shop.com\/de\/wp-json\/wp\/v2\/product\/31816","targetHints":{"allow":["GET"]}}],"collection":[{"href":"https:\/\/sen-shop.com\/de\/wp-json\/wp\/v2\/product"}],"about":[{"href":"https:\/\/sen-shop.com\/de\/wp-json\/wp\/v2\/types\/product"}],"replies":[{"embeddable":true,"href":"https:\/\/sen-shop.com\/de\/wp-json\/wp\/v2\/comments?post=31816"}],"wp:featuredmedia":[{"embeddable":true,"href":"https:\/\/sen-shop.com\/de\/wp-json\/wp\/v2\/media\/31812"}],"wp:attachment":[{"href":"https:\/\/sen-shop.com\/de\/wp-json\/wp\/v2\/media?parent=31816"}],"wp:term":[{"taxonomy":"product_cat","embeddable":true,"href":"https:\/\/sen-shop.com\/de\/wp-json\/wp\/v2\/product_cat?post=31816"},{"taxonomy":"product_tag","embeddable":true,"href":"https:\/\/sen-shop.com\/de\/wp-json\/wp\/v2\/product_tag?post=31816"}],"curies":[{"name":"wp","href":"https:\/\/api.w.org\/{rel}","templated":true}]}}