{"id":31790,"date":"2017-05-21T12:14:17","date_gmt":"2017-05-21T10:14:17","guid":{"rendered":"https:\/\/www.sen-shop.com\/collections\/unkategorisiert\/zemagel-massage-gel\/"},"modified":"2022-11-01T23:00:57","modified_gmt":"2022-11-01T22:00:57","slug":"zemagel-massage-gel","status":"publish","type":"product","link":"https:\/\/sen-shop.com\/de\/collections\/personliche-pflege\/gelenke-und-muskeln\/zemagel-massage-gel\/","title":{"rendered":"Zemagel Massage-Gel"},"content":{"rendered":"<p>[vc_row][vc_column][vc_single_image image=&#8220;24251&#8243; alignment=&#8220;center&#8220; onclick=&#8220;custom_link&#8220; css_animation=&#8220;bounceInDown&#8220; link=&#8220;https:%2F%2Fwww.sen-shop.com%2Fcollections%2Fdarilni-paketi%2Fdarilo-za-babico%2F|&#8220;][vc_column_text css=&#8220;.vc_custom_1624881570997{padding-top: 30px !important;padding-right: 30px !important;padding-bottom: 30px !important;padding-left: 30px !important;background-color: #c9db95 !important;}&#8220;]<br \/>\n<strong>Die Kiefer<\/strong> hat eine wohltuende Wirkung, denn sie erfrischt, belebt und reinigt die Haut. Sie ist ein mildes <strong>Desinfektionsmittel f\u00fcr die Atemwege<\/strong> und ein <strong>ausgezeichnetes Antirheumatikum.<\/strong><\/p>\n<p><strong>Wacholderessenz<\/strong> hilft, den <strong>Blutkreislauf anzuregen<\/strong>, geschwollene Beine und Kn\u00f6chel zu behandeln und <strong>rheumatische Schmerzen zu lindern.<\/strong><\/p>\n<p>Das \u00e4therische <strong>Eukalyptus\u00f6l<\/strong> ist f\u00fcr seine ausgepr\u00e4gte beruhigende, <strong>antibakterielle und desinfizierende Wirkung<\/strong> bekannt. Es hilft, Entz\u00fcndungen der Atmungsorgane, der Harnwege und der Haut zu lindern und zu verhindern. Es wehrt Insekten ab und wirkt angenehm erfrischend und st\u00e4rkend auf den K\u00f6rper.<\/p>\n<p>Das \u00e4therische <strong>\u00d6l des Thymians wirkt antibakteriell,<\/strong> <strong>beugt Virusinfektionen vor<\/strong> und hilft bei der <strong>Behandlung von Pilzerkrankungen.<\/strong> Es wird h\u00e4ufig zur Entspannung der Atemwege bei Erk\u00e4ltungen und Husten sowie zur Behandlung von Darmentz\u00fcndungen verwendet.<\/p>\n<p><strong>Teebaum <\/strong>ist eine Pflanze mit au\u00dfergew\u00f6hnlichen <strong>antiseptischen<\/strong> und <strong>antibakteriellen Eigenschaften.<\/strong><\/p>\n<p><strong>Menthol<\/strong> hat eine k\u00fchlende und belebende Wirkung auf die Haut.<\/p>\n<p><strong>Kampfer<\/strong> hat einen starken, aromatischen und durchdringenden Duft und wird auch als Bestandteil verschiedener lindernder Salben und Pr\u00e4parate zur <strong>Linderung von Atemwegsbeschwerden<\/strong> verwendet.[\/vc_column_text][\/vc_column][\/vc_row][vc_row][vc_column][vc_column_text css=&#8220;.vc_custom_1624881649354{padding-top: 30px !important;padding-right: 30px !important;padding-bottom: 30px !important;padding-left: 30px !important;background-color: #ededed !important;}&#8220;]<br \/>\n<img decoding=\"async\" src=\"https:\/\/static.xx.fbcdn.net\/images\/emoji.php\/v9\/t51\/1\/16\/1f449.png\" alt=\"\ud83d\udc49\" \/> Bei Unwohlsein, Verspannungen oder Erk\u00e4ltung die Schl\u00e4fen und die Brust mit Zemagel einreiben, bei Gliederschmerzen direkt auf die betroffene Stelle.<\/p>\n<p><img decoding=\"async\" src=\"https:\/\/static.xx.fbcdn.net\/images\/emoji.php\/v9\/t51\/1\/16\/1f449.png\" alt=\"\ud83d\udc49\" \/> Bei einem Insektenstich tragen Sie Zemagel auf die betroffene Stelle auf. Es lindert sofort den Juckreiz oder das brennende Gef\u00fchl.<\/p>\n<p><img decoding=\"async\" src=\"https:\/\/static.xx.fbcdn.net\/images\/emoji.php\/v9\/t51\/1\/16\/1f449.png\" alt=\"\ud83d\udc49\" \/> F\u00fcr eine entspannende Massage eine kleine Menge Zemagel verwenden. Dank seiner einzigartigen Formel fettet es weder die Haut noch die Kleidung.[\/vc_column_text][\/vc_column][\/vc_row][vc_row][vc_column][vc_column_text]<strong>Gelenkprobleme<\/strong>, <strong>H\u00fcft- oder Schulterschmerzen<\/strong> entstehen oft durch \u00dcberlastung, Vererbung, Lebensstil oder durch Krankheit. Zemagel hat eine wohltuende Wirkung auf die schmerzenden Stellen. Es wird auch f\u00fcr die <strong>Pflege von k\u00fchlen und schlecht durchbluteten Gliedma\u00dfen empfohlen<\/strong>. Bei h\u00e4ufigen Schmerzen in der H\u00fcfte oder Schulter k\u00f6nnen Sie sich zus\u00e4tzlich helfen, indem Sie die betroffenen Stellen mit Eis k\u00fchlen.<\/p>\n<p>Die Folgen eines stressigen Lebens zeigen sich oft in Form von Unwohlsein und vielen anderen gesundheitlichen Problemen. Zemagel mit seinen nat\u00fcrlichen \u00e4therischen \u00d6len und Extrakten wird Ihnen helfen, Ihr Wohlbefinden zu verbessern.<\/p>\n<p>Wenn Sie sich h\u00e4ufig <strong>unwohl<\/strong> f\u00fchlen, hilft Ihnen die k\u00fchlende Wirkung, die auf die betroffenen Stellen aufgetragen wird, sich zu <strong>entspannen und besser zu f\u00fchlen<\/strong>. Bei winterlichen Erk\u00e4ltungen und hartn\u00e4ckigem Husten reiben Sie Zemagel auf die Brust. Bei <strong>Kopfschmerzen<\/strong> tragen Sie Zemagel auf den Bereich des Kopfes auf, in dem Sie die st\u00e4rksten Schmerzen versp\u00fcren.<\/p>\n<p><strong>Zemagel wehrt Insekten<\/strong> auf nat\u00fcrliche Weise mit einer Kombination aus \u00e4therischen \u00d6len ab. Es verdunstet schnell auf der Haut und <strong>erzeugt einen Geruch, der M\u00fccken, Zecken und andere Insekten abwehrt<\/strong>.<strong> Aufgrund seiner k\u00fchlenden Wirkung<\/strong> wird es auch als <strong>Soforthilfe bei Insektenstichen und Ameisenbissen<\/strong> empfohlen. Es eignet sich auch f\u00fcr <strong>Quallenverbrennungen und Sonnenbrand.<\/strong><\/p>\n<p>[\/vc_column_text][\/vc_column][\/vc_row]<\/p>\n","protected":false},"excerpt":{"rendered":"<p>100% nat\u00fcrliches Kr\u00e4uter-Massage-Gel aus \u00e4therischen \u00d6len und Extrakten, hat eine breite Palette von gesundheitlichen Vorteilen, die <strong>helfen, viele gesundheitliche Probleme zu lindern<\/strong>, wie zum Beispiel: Gelenk- und <strong>R\u00fcckenschmerzen, Erk\u00e4ltungen, Husten, Unwohlsein, Stress, Insektenstiche, Verbrennungen durch Quallen&#8230;<\/strong><\/p>\n<ul>\n<li>lindert Muskel- und Gelenkschmerzen<\/li>\n<li>verbessert die Blutzirkulation, geeignet f\u00fcr alle Arten von Massagen<\/li>\n<li>lindert Husten und Kopfschmerzen, hilft bei Unbehagen<\/li>\n<li>vertreibt Insekten, hilft bei Stichen, Verbrennungen, Schmerzen, Erk\u00e4ltungen<\/li>\n<\/ul>\n<p>Unser <strong>meistverkauftes Produkt seit \u00fcber 20 Jahren<\/strong>, von vielen Kunden wegen seiner nachweislich positiven Wirkung gelobt.<\/p>\n[banner_zeliscni]\n","protected":false},"featured_media":37182,"comment_status":"open","ping_status":"closed","template":"","meta":{"inline_featured_image":false},"product_cat":[816,835,827,819],"product_tag":[821,825,864,877,865,862,866,867,868,863,869,878,870,879,880,826,872,891,881,874,822,853,861,823,876],"class_list":["post-31790","product","type-product","status-publish","has-post-thumbnail","hentry","product_cat-crni-petek-de","product_cat-domaca-stran-de","product_cat-gelenke-und-muskeln","product_cat-personliche-pflege","product_tag-bio-de","product_tag-bio-kozmetika-de","product_tag-bolec-hrbet-de","product_tag-boleca-stopala-de","product_tag-bolece-noge-de","product_tag-boleci-sklepi-de","product_tag-bolecina-v-kolku-de","product_tag-bolecina-v-levi-roki-de","product_tag-bolecina-v-rami-de","product_tag-bolecine-v-krizu-de","product_tag-bolecine-v-mecih-de","product_tag-bolecine-v-misicah-de","product_tag-bolecine-v-nogah-de","product_tag-bolecine-v-nogah-od-kolen-navzdol-de","product_tag-bolecine-v-nogah-ponoci-de","product_tag-ekoloska-kozmetika-de","product_tag-isias-de","product_tag-krema-za-opekline-de","product_tag-krema-za-sklepe-de","product_tag-misice-in-sklepi-de","product_tag-naravna-kozmetika-de","product_tag-nega-telesa-de","product_tag-pomoc-pri-glavobolu-de","product_tag-slovenska-naravna-kozmetika-de","product_tag-tezave-s-sklepi-de"],"acf":[],"yoast_head":"<!-- This site is optimized with the Yoast SEO plugin v19.13 - https:\/\/yoast.com\/wordpress\/plugins\/seo\/ -->\n<title>Zemagel Massage-Gel<\/title>\n<meta name=\"description\" content=\"Zemagel Massage-Gel\" \/>\n<meta name=\"robots\" content=\"index, follow, max-snippet:-1, max-image-preview:large, max-video-preview:-1\" \/>\n<link rel=\"canonical\" href=\"https:\/\/sen-shop.com\/de\/collections\/personliche-pflege\/gelenke-und-muskeln\/zemagel-massage-gel\/\" \/>\n<meta property=\"og:locale\" content=\"de_DE\" \/>\n<meta property=\"og:type\" content=\"article\" \/>\n<meta property=\"og:title\" content=\"Zemagel Massage-Gel\" \/>\n<meta property=\"og:description\" content=\"Zemagel Massage-Gel\" \/>\n<meta property=\"og:url\" content=\"https:\/\/sen-shop.com\/de\/collections\/personliche-pflege\/gelenke-und-muskeln\/zemagel-massage-gel\/\" \/>\n<meta property=\"og:site_name\" content=\"SEN Shop\" \/>\n<meta property=\"article:publisher\" content=\"https:\/\/www.facebook.com\/Senshopslovenija\" \/>\n<meta property=\"article:modified_time\" content=\"2022-11-01T22:00:57+00:00\" \/>\n<meta property=\"og:image\" content=\"https:\/\/sen-shop.com\/wp-content\/uploads\/2021\/10\/Zemagel_en_de-2.jpg\" \/>\n\t<meta property=\"og:image:width\" content=\"1225\" \/>\n\t<meta property=\"og:image:height\" content=\"1400\" \/>\n\t<meta property=\"og:image:type\" content=\"image\/jpeg\" \/>\n<meta name=\"twitter:card\" content=\"summary_large_image\" \/>\n<meta name=\"twitter:label1\" content=\"Gesch\u00e4tzte Lesezeit\" \/>\n\t<meta name=\"twitter:data1\" content=\"3\u00a0Minuten\" \/>\n<script type=\"application\/ld+json\" class=\"yoast-schema-graph\">{\"@context\":\"https:\/\/schema.org\",\"@graph\":[{\"@type\":\"WebPage\",\"@id\":\"https:\/\/sen-shop.com\/de\/collections\/personliche-pflege\/gelenke-und-muskeln\/zemagel-massage-gel\/\",\"url\":\"https:\/\/sen-shop.com\/de\/collections\/personliche-pflege\/gelenke-und-muskeln\/zemagel-massage-gel\/\",\"name\":\"Zemagel Massage-Gel\",\"isPartOf\":{\"@id\":\"https:\/\/sen-shop.com\/de\/#website\"},\"datePublished\":\"2017-05-21T10:14:17+00:00\",\"dateModified\":\"2022-11-01T22:00:57+00:00\",\"description\":\"Zemagel Massage-Gel\",\"breadcrumb\":{\"@id\":\"https:\/\/sen-shop.com\/de\/collections\/personliche-pflege\/gelenke-und-muskeln\/zemagel-massage-gel\/#breadcrumb\"},\"inLanguage\":\"de\",\"potentialAction\":[{\"@type\":\"ReadAction\",\"target\":[\"https:\/\/sen-shop.com\/de\/collections\/personliche-pflege\/gelenke-und-muskeln\/zemagel-massage-gel\/\"]}]},{\"@type\":\"BreadcrumbList\",\"@id\":\"https:\/\/sen-shop.com\/de\/collections\/personliche-pflege\/gelenke-und-muskeln\/zemagel-massage-gel\/#breadcrumb\",\"itemListElement\":[{\"@type\":\"ListItem\",\"position\":1,\"name\":\"Home\",\"item\":\"https:\/\/sen-shop.com\/de\/\"},{\"@type\":\"ListItem\",\"position\":2,\"name\":\"Zemagel Massage-Gel\"}]},{\"@type\":\"WebSite\",\"@id\":\"https:\/\/sen-shop.com\/de\/#website\",\"url\":\"https:\/\/sen-shop.com\/de\/\",\"name\":\"SEN Shop\",\"description\":\"Slovensko, Ekolo\u0161ko, Naravno\",\"publisher\":{\"@id\":\"https:\/\/sen-shop.com\/de\/#organization\"},\"potentialAction\":[{\"@type\":\"SearchAction\",\"target\":{\"@type\":\"EntryPoint\",\"urlTemplate\":\"https:\/\/sen-shop.com\/de\/?s={search_term_string}\"},\"query-input\":\"required name=search_term_string\"}],\"inLanguage\":\"de\"},{\"@type\":\"Organization\",\"@id\":\"https:\/\/sen-shop.com\/de\/#organization\",\"name\":\"Mind trade d.o.o\",\"url\":\"https:\/\/sen-shop.com\/de\/\",\"logo\":{\"@type\":\"ImageObject\",\"inLanguage\":\"de\",\"@id\":\"https:\/\/sen-shop.com\/de\/#\/schema\/logo\/image\/\",\"url\":\"https:\/\/sen-shop.com\/wp-content\/uploads\/2018\/05\/header_logo.png\",\"contentUrl\":\"https:\/\/sen-shop.com\/wp-content\/uploads\/2018\/05\/header_logo.png\",\"width\":138,\"height\":70,\"caption\":\"Mind trade d.o.o\"},\"image\":{\"@id\":\"https:\/\/sen-shop.com\/de\/#\/schema\/logo\/image\/\"},\"sameAs\":[\"https:\/\/www.instagram.com\/senslovenija\/\",\"https:\/\/www.facebook.com\/Senshopslovenija\"]}]}<\/script>\n<!-- \/ Yoast SEO plugin. -->","yoast_head_json":{"title":"Zemagel Massage-Gel","description":"Zemagel Massage-Gel","robots":{"index":"index","follow":"follow","max-snippet":"max-snippet:-1","max-image-preview":"max-image-preview:large","max-video-preview":"max-video-preview:-1"},"canonical":"https:\/\/sen-shop.com\/de\/collections\/personliche-pflege\/gelenke-und-muskeln\/zemagel-massage-gel\/","og_locale":"de_DE","og_type":"article","og_title":"Zemagel Massage-Gel","og_description":"Zemagel Massage-Gel","og_url":"https:\/\/sen-shop.com\/de\/collections\/personliche-pflege\/gelenke-und-muskeln\/zemagel-massage-gel\/","og_site_name":"SEN Shop","article_publisher":"https:\/\/www.facebook.com\/Senshopslovenija","article_modified_time":"2022-11-01T22:00:57+00:00","og_image":[{"width":1225,"height":1400,"url":"https:\/\/sen-shop.com\/wp-content\/uploads\/2021\/10\/Zemagel_en_de-2.jpg","type":"image\/jpeg"}],"twitter_card":"summary_large_image","twitter_misc":{"Gesch\u00e4tzte Lesezeit":"3\u00a0Minuten"},"schema":{"@context":"https:\/\/schema.org","@graph":[{"@type":"WebPage","@id":"https:\/\/sen-shop.com\/de\/collections\/personliche-pflege\/gelenke-und-muskeln\/zemagel-massage-gel\/","url":"https:\/\/sen-shop.com\/de\/collections\/personliche-pflege\/gelenke-und-muskeln\/zemagel-massage-gel\/","name":"Zemagel Massage-Gel","isPartOf":{"@id":"https:\/\/sen-shop.com\/de\/#website"},"datePublished":"2017-05-21T10:14:17+00:00","dateModified":"2022-11-01T22:00:57+00:00","description":"Zemagel Massage-Gel","breadcrumb":{"@id":"https:\/\/sen-shop.com\/de\/collections\/personliche-pflege\/gelenke-und-muskeln\/zemagel-massage-gel\/#breadcrumb"},"inLanguage":"de","potentialAction":[{"@type":"ReadAction","target":["https:\/\/sen-shop.com\/de\/collections\/personliche-pflege\/gelenke-und-muskeln\/zemagel-massage-gel\/"]}]},{"@type":"BreadcrumbList","@id":"https:\/\/sen-shop.com\/de\/collections\/personliche-pflege\/gelenke-und-muskeln\/zemagel-massage-gel\/#breadcrumb","itemListElement":[{"@type":"ListItem","position":1,"name":"Home","item":"https:\/\/sen-shop.com\/de\/"},{"@type":"ListItem","position":2,"name":"Zemagel Massage-Gel"}]},{"@type":"WebSite","@id":"https:\/\/sen-shop.com\/de\/#website","url":"https:\/\/sen-shop.com\/de\/","name":"SEN Shop","description":"Slovensko, Ekolo\u0161ko, Naravno","publisher":{"@id":"https:\/\/sen-shop.com\/de\/#organization"},"potentialAction":[{"@type":"SearchAction","target":{"@type":"EntryPoint","urlTemplate":"https:\/\/sen-shop.com\/de\/?s={search_term_string}"},"query-input":"required name=search_term_string"}],"inLanguage":"de"},{"@type":"Organization","@id":"https:\/\/sen-shop.com\/de\/#organization","name":"Mind trade d.o.o","url":"https:\/\/sen-shop.com\/de\/","logo":{"@type":"ImageObject","inLanguage":"de","@id":"https:\/\/sen-shop.com\/de\/#\/schema\/logo\/image\/","url":"https:\/\/sen-shop.com\/wp-content\/uploads\/2018\/05\/header_logo.png","contentUrl":"https:\/\/sen-shop.com\/wp-content\/uploads\/2018\/05\/header_logo.png","width":138,"height":70,"caption":"Mind trade d.o.o"},"image":{"@id":"https:\/\/sen-shop.com\/de\/#\/schema\/logo\/image\/"},"sameAs":["https:\/\/www.instagram.com\/senslovenija\/","https:\/\/www.facebook.com\/Senshopslovenija"]}]}},"_links":{"self":[{"href":"https:\/\/sen-shop.com\/de\/wp-json\/wp\/v2\/product\/31790","targetHints":{"allow":["GET"]}}],"collection":[{"href":"https:\/\/sen-shop.com\/de\/wp-json\/wp\/v2\/product"}],"about":[{"href":"https:\/\/sen-shop.com\/de\/wp-json\/wp\/v2\/types\/product"}],"replies":[{"embeddable":true,"href":"https:\/\/sen-shop.com\/de\/wp-json\/wp\/v2\/comments?post=31790"}],"wp:featuredmedia":[{"embeddable":true,"href":"https:\/\/sen-shop.com\/de\/wp-json\/wp\/v2\/media\/37182"}],"wp:attachment":[{"href":"https:\/\/sen-shop.com\/de\/wp-json\/wp\/v2\/media?parent=31790"}],"wp:term":[{"taxonomy":"product_cat","embeddable":true,"href":"https:\/\/sen-shop.com\/de\/wp-json\/wp\/v2\/product_cat?post=31790"},{"taxonomy":"product_tag","embeddable":true,"href":"https:\/\/sen-shop.com\/de\/wp-json\/wp\/v2\/product_tag?post=31790"}],"curies":[{"name":"wp","href":"https:\/\/api.w.org\/{rel}","templated":true}]}}