{"id":31788,"date":"2016-09-07T10:38:23","date_gmt":"2016-09-07T08:38:23","guid":{"rendered":"https:\/\/www.sen-shop.com\/collections\/unkategorisiert\/krautertropfen\/"},"modified":"2022-04-12T10:06:32","modified_gmt":"2022-04-12T08:06:32","slug":"krautertropfen","status":"publish","type":"product","link":"https:\/\/sen-shop.com\/de\/collections\/crni-petek-de\/krautertropfen\/","title":{"rendered":"Kr\u00e4utertropfen"},"content":{"rendered":"<p>[vc_row][vc_column][vc_column_text css=&#8220;.vc_custom_1625048210195{padding-top: 30px !important;padding-right: 30px !important;padding-bottom: 30px !important;padding-left: 30px !important;background-color: #c9db95 !important;}&#8220;]<br \/>\n<strong>Teebaum\u00f6l ist ein nat\u00fcrliches Antiseptikum. Es vernichtet Viren und Bakterien bei Atemwegsinfektionen, Erk\u00e4ltungen, Grippe, <\/strong>Nasennebenh\u00f6hlenentz\u00fcndungen und Bronchitis und st\u00e4rkt die <strong>Abwehrkr\u00e4fte<\/strong> des <strong>K\u00f6rpers<\/strong>.<\/p>\n<p><strong>Wacholder t\u00f6tet viele St\u00e4mme von Mikroorganismen, einschlie\u00dflich Bakterien und Pilze<\/strong>. In mehreren Studien wurde festgestellt, dass Wacholder\u00f6l gegen Staphylococcus aureus, Enterobakterien, verschiedene St\u00e4mme von Lungenentz\u00fcndung wirkt.<\/p>\n<p><strong>Thymian<\/strong> wird bei Infektionen und <strong>Erkrankungen der Atemwege<\/strong> (Bronchitis, Rhinitis), bei Ohrenentz\u00fcndungen und zur Stimulierung des Immunsystems eingesetzt.<\/p>\n<p><strong>Salbei<\/strong> hilft bei Pilzerkrankungen, Hautkrankheiten und Dermatitis. Er wird auch bei erkranktem und <strong>entz\u00fcndetem Zahnfleisch und Wunden im Mund empfohlen.<\/strong><\/p>\n<p><strong>Minze<\/strong> ist ein \u00e4u\u00dferes K\u00fchlmittel, <strong>An\u00e4sthetikum und Analgetikum,<\/strong> Antiseptikum f\u00fcr die Mundh\u00f6hle und die Atemwege.<\/p>\n<p><strong>Die Mischung aus nat\u00fcrlichen \u00e4therischen \u00d6len wirkt antimikrobiell, antibakteriell, antiseptisch, entz\u00fcndungshemmend,<\/strong> infektionshemmend, antimykotisch, krampfl\u00f6send, regenerierend und allgemein <strong>wohltuend<\/strong> auf den K\u00f6rper.[\/vc_column_text][\/vc_column][\/vc_row][vc_row][vc_column][vc_column_text css=&#8220;.vc_custom_1625048223311{padding-top: 30px !important;padding-right: 30px !important;padding-bottom: 30px !important;padding-left: 30px !important;background-color: #ededed !important;}&#8220;]<br \/>\n<img decoding=\"async\" src=\"https:\/\/static.xx.fbcdn.net\/images\/emoji.php\/v9\/t51\/1\/16\/1f449.png\" alt=\"\ud83d\udc49\" \/> Mundsp\u00fclung: 10 Tropfen in ein Glas mit warmem Wasser geben. Eine Minute lang sp\u00fclen. W\u00e4hrend der Sp\u00fclung im Mund gurgeln. Spucken Sie die L\u00f6sung aus.<\/p>\n<p><img decoding=\"async\" src=\"https:\/\/static.xx.fbcdn.net\/images\/emoji.php\/v9\/t51\/1\/16\/1f449.png\" alt=\"\ud83d\udc49\" \/> Beim Z\u00e4hneputzen 2-3 Tropfen auf die Zahnb\u00fcrste geben.<\/p>\n<p><img decoding=\"async\" src=\"https:\/\/static.xx.fbcdn.net\/images\/emoji.php\/v9\/t51\/1\/16\/1f449.png\" alt=\"\ud83d\udc49\" \/> Bei Erk\u00e4ltungen, Viruserkrankungen oder Husten 2 bis 3 Mal t\u00e4glich 5-10 Tropfen ins Wasser oder in die Mundsp\u00fclung geben.<\/p>\n<p><img decoding=\"async\" src=\"https:\/\/static.xx.fbcdn.net\/images\/emoji.php\/v9\/t51\/1\/16\/1f449.png\" alt=\"\ud83d\udc49\" \/> Bei Kopfschmerzen, Stress und Verspannungen mehrmals t\u00e4glich den Nacken und die Schl\u00e4fen massieren.[\/vc_column_text][\/vc_column][\/vc_row][vc_row][vc_column][vc_column_text]Die Kr\u00e4utertropfen sind nicht f\u00fcr Kinder unter 4 Jahren geeignet. Sie d\u00fcrfen nicht auf offene Wunden aufgetragen werden. Unverd\u00fcnnte Tropfen sollten nicht mit den Augen oder Schleimh\u00e4uten in Ber\u00fchrung kommen.<\/p>\n<p>Das Produkt ist Aromacert\u00ae-zertifiziert, was ein hohes Qualit\u00e4tsniveau nach strengen aromatherapeutischen Kriterien wie Nat\u00fcrlichkeit, Authentizit\u00e4t und Reinheit der Inhaltsstoffe garantiert. Das Produkt ist 100% vegan und wurde nicht an Tieren getestet.<\/p>\n<p>[\/vc_column_text][\/vc_column][\/vc_row]<\/p>\n","protected":false},"excerpt":{"rendered":"<p>Die <strong>Kr\u00e4utertropfen werden aus konzentrierten nat\u00fcrlichen \u00e4therischen \u00d6len hergestellt<\/strong>. Vielseitig verwendbar: als Mundsp\u00fclung, als Zusatz zur Zahnpasta beim Z\u00e4hneputzen, f\u00fcr <strong>Inhalationen<\/strong>, zur Raumerfrischung, usw.<\/p>\n<ul>\n<li>f\u00f6rdern die Heilung von Aphthen und Geschw\u00fcren<\/li>\n<li>beugt Erk\u00e4ltungen und Halsentz\u00fcndungen vor<\/li>\n<li>hilft gegen Mundgeruch<\/li>\n<li>wirken antiseptisch<\/li>\n<li>verbessern und st\u00e4rken das Zahnfleisch und erhalten eine gesunde Mundh\u00f6hle<\/li>\n<\/ul>\n<p>Die <strong>vielf\u00e4ltigen Funktionen sind der Grund<\/strong>, warum sie in Ihrem Haushalt immer n\u00fctzlich sein werden.<\/p>\n[banner_zeliscni]\n","protected":false},"featured_media":31789,"comment_status":"open","ping_status":"closed","template":"","meta":{"inline_featured_image":false},"product_cat":[816,819],"product_tag":[821,825,826,822,823],"class_list":["post-31788","product","type-product","status-publish","has-post-thumbnail","hentry","product_cat-crni-petek-de","product_cat-personliche-pflege","product_tag-bio-de","product_tag-bio-kozmetika-de","product_tag-ekoloska-kozmetika-de","product_tag-naravna-kozmetika-de","product_tag-slovenska-naravna-kozmetika-de"],"acf":[],"yoast_head":"<!-- This site is optimized with the Yoast SEO plugin v19.13 - https:\/\/yoast.com\/wordpress\/plugins\/seo\/ -->\n<title>Kr\u00e4utertropfen<\/title>\n<meta name=\"description\" content=\"Kr\u00e4utertropfen\" \/>\n<meta name=\"robots\" content=\"index, follow, max-snippet:-1, max-image-preview:large, max-video-preview:-1\" \/>\n<link rel=\"canonical\" href=\"https:\/\/sen-shop.com\/de\/collections\/crni-petek-de\/krautertropfen\/\" \/>\n<meta property=\"og:locale\" content=\"de_DE\" \/>\n<meta property=\"og:type\" content=\"article\" \/>\n<meta property=\"og:title\" content=\"Kr\u00e4utertropfen\" \/>\n<meta property=\"og:description\" content=\"Kr\u00e4utertropfen\" \/>\n<meta property=\"og:url\" content=\"https:\/\/sen-shop.com\/de\/collections\/crni-petek-de\/krautertropfen\/\" \/>\n<meta property=\"og:site_name\" content=\"SEN Shop\" \/>\n<meta property=\"article:publisher\" content=\"https:\/\/www.facebook.com\/Senshopslovenija\" \/>\n<meta property=\"article:modified_time\" content=\"2022-04-12T08:06:32+00:00\" \/>\n<meta property=\"og:image\" content=\"https:\/\/sen-shop.com\/wp-content\/uploads\/2016\/09\/zeliscne-kapljice-nega-ustne-votline-afte-razkuzilo-dihal.jpg\" \/>\n\t<meta property=\"og:image:width\" content=\"1000\" \/>\n\t<meta property=\"og:image:height\" content=\"1143\" \/>\n\t<meta property=\"og:image:type\" content=\"image\/jpeg\" \/>\n<meta name=\"twitter:card\" content=\"summary_large_image\" \/>\n<meta name=\"twitter:label1\" content=\"Gesch\u00e4tzte Lesezeit\" \/>\n\t<meta name=\"twitter:data1\" content=\"2\u00a0Minuten\" \/>\n<script type=\"application\/ld+json\" class=\"yoast-schema-graph\">{\"@context\":\"https:\/\/schema.org\",\"@graph\":[{\"@type\":\"WebPage\",\"@id\":\"https:\/\/sen-shop.com\/de\/collections\/crni-petek-de\/krautertropfen\/\",\"url\":\"https:\/\/sen-shop.com\/de\/collections\/crni-petek-de\/krautertropfen\/\",\"name\":\"Kr\u00e4utertropfen\",\"isPartOf\":{\"@id\":\"https:\/\/sen-shop.com\/de\/#website\"},\"datePublished\":\"2016-09-07T08:38:23+00:00\",\"dateModified\":\"2022-04-12T08:06:32+00:00\",\"description\":\"Kr\u00e4utertropfen\",\"breadcrumb\":{\"@id\":\"https:\/\/sen-shop.com\/de\/collections\/crni-petek-de\/krautertropfen\/#breadcrumb\"},\"inLanguage\":\"de\",\"potentialAction\":[{\"@type\":\"ReadAction\",\"target\":[\"https:\/\/sen-shop.com\/de\/collections\/crni-petek-de\/krautertropfen\/\"]}]},{\"@type\":\"BreadcrumbList\",\"@id\":\"https:\/\/sen-shop.com\/de\/collections\/crni-petek-de\/krautertropfen\/#breadcrumb\",\"itemListElement\":[{\"@type\":\"ListItem\",\"position\":1,\"name\":\"Home\",\"item\":\"https:\/\/sen-shop.com\/de\/\"},{\"@type\":\"ListItem\",\"position\":2,\"name\":\"Kr\u00e4utertropfen\"}]},{\"@type\":\"WebSite\",\"@id\":\"https:\/\/sen-shop.com\/de\/#website\",\"url\":\"https:\/\/sen-shop.com\/de\/\",\"name\":\"SEN Shop\",\"description\":\"Slovensko, Ekolo\u0161ko, Naravno\",\"publisher\":{\"@id\":\"https:\/\/sen-shop.com\/de\/#organization\"},\"potentialAction\":[{\"@type\":\"SearchAction\",\"target\":{\"@type\":\"EntryPoint\",\"urlTemplate\":\"https:\/\/sen-shop.com\/de\/?s={search_term_string}\"},\"query-input\":\"required name=search_term_string\"}],\"inLanguage\":\"de\"},{\"@type\":\"Organization\",\"@id\":\"https:\/\/sen-shop.com\/de\/#organization\",\"name\":\"Mind trade d.o.o\",\"url\":\"https:\/\/sen-shop.com\/de\/\",\"logo\":{\"@type\":\"ImageObject\",\"inLanguage\":\"de\",\"@id\":\"https:\/\/sen-shop.com\/de\/#\/schema\/logo\/image\/\",\"url\":\"https:\/\/sen-shop.com\/wp-content\/uploads\/2018\/05\/header_logo.png\",\"contentUrl\":\"https:\/\/sen-shop.com\/wp-content\/uploads\/2018\/05\/header_logo.png\",\"width\":138,\"height\":70,\"caption\":\"Mind trade d.o.o\"},\"image\":{\"@id\":\"https:\/\/sen-shop.com\/de\/#\/schema\/logo\/image\/\"},\"sameAs\":[\"https:\/\/www.instagram.com\/senslovenija\/\",\"https:\/\/www.facebook.com\/Senshopslovenija\"]}]}<\/script>\n<!-- \/ Yoast SEO plugin. -->","yoast_head_json":{"title":"Kr\u00e4utertropfen","description":"Kr\u00e4utertropfen","robots":{"index":"index","follow":"follow","max-snippet":"max-snippet:-1","max-image-preview":"max-image-preview:large","max-video-preview":"max-video-preview:-1"},"canonical":"https:\/\/sen-shop.com\/de\/collections\/crni-petek-de\/krautertropfen\/","og_locale":"de_DE","og_type":"article","og_title":"Kr\u00e4utertropfen","og_description":"Kr\u00e4utertropfen","og_url":"https:\/\/sen-shop.com\/de\/collections\/crni-petek-de\/krautertropfen\/","og_site_name":"SEN Shop","article_publisher":"https:\/\/www.facebook.com\/Senshopslovenija","article_modified_time":"2022-04-12T08:06:32+00:00","og_image":[{"width":1000,"height":1143,"url":"https:\/\/sen-shop.com\/wp-content\/uploads\/2016\/09\/zeliscne-kapljice-nega-ustne-votline-afte-razkuzilo-dihal.jpg","type":"image\/jpeg"}],"twitter_card":"summary_large_image","twitter_misc":{"Gesch\u00e4tzte Lesezeit":"2\u00a0Minuten"},"schema":{"@context":"https:\/\/schema.org","@graph":[{"@type":"WebPage","@id":"https:\/\/sen-shop.com\/de\/collections\/crni-petek-de\/krautertropfen\/","url":"https:\/\/sen-shop.com\/de\/collections\/crni-petek-de\/krautertropfen\/","name":"Kr\u00e4utertropfen","isPartOf":{"@id":"https:\/\/sen-shop.com\/de\/#website"},"datePublished":"2016-09-07T08:38:23+00:00","dateModified":"2022-04-12T08:06:32+00:00","description":"Kr\u00e4utertropfen","breadcrumb":{"@id":"https:\/\/sen-shop.com\/de\/collections\/crni-petek-de\/krautertropfen\/#breadcrumb"},"inLanguage":"de","potentialAction":[{"@type":"ReadAction","target":["https:\/\/sen-shop.com\/de\/collections\/crni-petek-de\/krautertropfen\/"]}]},{"@type":"BreadcrumbList","@id":"https:\/\/sen-shop.com\/de\/collections\/crni-petek-de\/krautertropfen\/#breadcrumb","itemListElement":[{"@type":"ListItem","position":1,"name":"Home","item":"https:\/\/sen-shop.com\/de\/"},{"@type":"ListItem","position":2,"name":"Kr\u00e4utertropfen"}]},{"@type":"WebSite","@id":"https:\/\/sen-shop.com\/de\/#website","url":"https:\/\/sen-shop.com\/de\/","name":"SEN Shop","description":"Slovensko, Ekolo\u0161ko, Naravno","publisher":{"@id":"https:\/\/sen-shop.com\/de\/#organization"},"potentialAction":[{"@type":"SearchAction","target":{"@type":"EntryPoint","urlTemplate":"https:\/\/sen-shop.com\/de\/?s={search_term_string}"},"query-input":"required name=search_term_string"}],"inLanguage":"de"},{"@type":"Organization","@id":"https:\/\/sen-shop.com\/de\/#organization","name":"Mind trade d.o.o","url":"https:\/\/sen-shop.com\/de\/","logo":{"@type":"ImageObject","inLanguage":"de","@id":"https:\/\/sen-shop.com\/de\/#\/schema\/logo\/image\/","url":"https:\/\/sen-shop.com\/wp-content\/uploads\/2018\/05\/header_logo.png","contentUrl":"https:\/\/sen-shop.com\/wp-content\/uploads\/2018\/05\/header_logo.png","width":138,"height":70,"caption":"Mind trade d.o.o"},"image":{"@id":"https:\/\/sen-shop.com\/de\/#\/schema\/logo\/image\/"},"sameAs":["https:\/\/www.instagram.com\/senslovenija\/","https:\/\/www.facebook.com\/Senshopslovenija"]}]}},"_links":{"self":[{"href":"https:\/\/sen-shop.com\/de\/wp-json\/wp\/v2\/product\/31788","targetHints":{"allow":["GET"]}}],"collection":[{"href":"https:\/\/sen-shop.com\/de\/wp-json\/wp\/v2\/product"}],"about":[{"href":"https:\/\/sen-shop.com\/de\/wp-json\/wp\/v2\/types\/product"}],"replies":[{"embeddable":true,"href":"https:\/\/sen-shop.com\/de\/wp-json\/wp\/v2\/comments?post=31788"}],"wp:featuredmedia":[{"embeddable":true,"href":"https:\/\/sen-shop.com\/de\/wp-json\/wp\/v2\/media\/31789"}],"wp:attachment":[{"href":"https:\/\/sen-shop.com\/de\/wp-json\/wp\/v2\/media?parent=31788"}],"wp:term":[{"taxonomy":"product_cat","embeddable":true,"href":"https:\/\/sen-shop.com\/de\/wp-json\/wp\/v2\/product_cat?post=31788"},{"taxonomy":"product_tag","embeddable":true,"href":"https:\/\/sen-shop.com\/de\/wp-json\/wp\/v2\/product_tag?post=31788"}],"curies":[{"name":"wp","href":"https:\/\/api.w.org\/{rel}","templated":true}]}}