{"id":31777,"date":"2016-09-16T00:56:52","date_gmt":"2016-09-15T22:56:52","guid":{"rendered":"https:\/\/www.sen-shop.com\/collections\/unkategorisiert\/q10-gesichts-und-halscreme\/"},"modified":"2022-11-01T23:01:00","modified_gmt":"2022-11-01T22:01:00","slug":"q10-gesichts-und-halscreme","status":"publish","type":"product","link":"https:\/\/sen-shop.com\/de\/collections\/personliche-pflege\/gesicht-augen-lippen\/q10-gesichts-und-halscreme\/","title":{"rendered":"Q10 Gesichts- und Halscreme"},"content":{"rendered":"<p>[vc_row][vc_column][vc_column_text css=&#8220;.vc_custom_1624965745182{padding-top: 30px !important;padding-right: 30px !important;padding-bottom: 30px !important;padding-left: 30px !important;background-color: #c9db95 !important;}&#8220;]<br \/>\nDas <strong>Koenzym Q10<\/strong> ist einer der wichtigsten Faktoren der Zellatmung. Es ist ein starkes Antioxidans, das die <strong>Haut vor sch\u00e4dlichen freien Radikalen sch\u00fctzt.<\/strong><\/p>\n<p><strong>Hyalurons\u00e4ure<\/strong> bindet eine gro\u00dfe Menge an Wasser an sich. Sie<strong> bewahrt die Elastizit\u00e4t und den Feuchtigkeitsgehal<\/strong>t der Haut. Im Laufe der Jahre nimmt die Menge an Hyalurons\u00e4ure ab, was eine der Hauptursachen f\u00fcr die Hautalterung ist. Langfristig f\u00fchrt auch die Sonneneinstrahlung zu einem R\u00fcckgang der Hyalurons\u00e4ure, was wiederum zur Hautalterung f\u00fchrt.<\/p>\n<p><strong>Vitamin A <\/strong>beugt nachweislich <strong>faltiger, trockener und rissiger Haut vor.<\/strong><\/p>\n<p><strong>Vitamin E<\/strong> sch\u00fctzt die Zellmembranen, <strong>verbessert die Elastizit\u00e4t der Haut,<\/strong> wirkt feuchtigkeitsspendend, beugt Falten vor und reduziert durch UV-Strahlen verursachte \u00d6deme.[\/vc_column_text][\/vc_column][\/vc_row][vc_row][vc_column][vc_column_text css=&#8220;.vc_custom_1624965726998{padding-top: 30px !important;padding-right: 30px !important;padding-bottom: 30px !important;padding-left: 30px !important;background-color: #ededed !important;}&#8220;]<br \/>\n<img decoding=\"async\" src=\"https:\/\/static.xx.fbcdn.net\/images\/emoji.php\/v9\/t51\/1\/16\/1f449.png\" alt=\"\ud83d\udc49\" \/> Geeignet f\u00fcr alle Hauttypen, insbesondere f\u00fcr reife Haut.<br \/>\nDank der extrem reichhaltigen Wirkstoffmischung hat sie<br \/>\neine wohltuende Wirkung auf die Haut, stimuliert die Regeneration und verbessert die Hautbeschaffenheit.<\/p>\n<p><img decoding=\"async\" src=\"https:\/\/static.xx.fbcdn.net\/images\/emoji.php\/v9\/t51\/1\/16\/1f449.png\" alt=\"\ud83d\udc49\" \/> Tragen Sie die Q10-Creme in kreisenden Bewegungen auf die gereinigte Haut im Gesicht auf, insbesondere auf die Bereiche, in denen Falten auftreten.<\/p>\n<p><img decoding=\"async\" src=\"https:\/\/static.xx.fbcdn.net\/images\/emoji.php\/v9\/t51\/1\/16\/1f449.png\" alt=\"\ud83d\udc49\" \/> Wir empfehlen, die Creme auch auf Hals und Dekollet\u00e9 aufzutragen.<\/p>\n<p>[\/vc_column_text][\/vc_column][\/vc_row][vc_row][vc_column][vc_column_text]<br \/>\nDie <strong>Hautalterung<\/strong> ist eine unvermeidliche Folge, die ab dem 20. Lebensjahr einsetzt. Es entstehen <strong>Falten<\/strong>, die Haut wird d\u00fcnner, verliert ihre Elastizit\u00e4t und ihre F\u00e4higkeit, sich zu erneuern. Die <strong>Alterung l\u00e4sst sich weder verlangsamen noch r\u00fcckg\u00e4ngig machen,<\/strong> aber man kann ihr den<strong> n\u00f6tigen Schutz bieten.<\/strong> Produkte mit Hyalurons\u00e4ure sind bekannt f\u00fcr ihre feuchtigkeitsspendenden und sch\u00fctzenden Eigenschaften. Hyalurons\u00e4ure bindet eine gro\u00dfe Menge an Wasser, was dazu beitr\u00e4gt, die Elastizit\u00e4t und den Feuchtigkeitsgehalt der Haut zu erhalten. Im Laufe der Jahre nimmt die Menge an Hyalurons\u00e4ure ab, was eine der Hauptursachen f\u00fcr die Hautalterung ist. \u00dcberm\u00e4\u00dfige Sonnenbestrahlung tr\u00e4gt ebenfalls zur beschleunigten Hautalterung bei, daher sollte man sie vermeiden. Die Vitamine A und E tragen zum Schutz der Haut vor UV-Strahlen bei und werden h\u00e4ufig Sonnenschutzmitteln zugesetzt.<\/p>\n<p>[\/vc_column_text][\/vc_column][\/vc_row]<\/p>\n","protected":false},"excerpt":{"rendered":"<p>Die <strong>Q10 Gesichtscreme<\/strong> ist f\u00fcr die t\u00e4gliche Pflege von Gesicht, Hals und Dekollet\u00e9 bestimmt. Dank ihrer \u00e4u\u00dferst<strong> reichhaltigen Wirkstoffmischung ist sie f\u00fcr alle Hauttypen geeignet,<\/strong> insbesondere f\u00fcr die reife Haut. F\u00fcr eine optimale Wirkung haben wir Hyalurons\u00e4ure, die Vitamine A und E sowie das Koenzym Q10 hinzugef\u00fcgt.<\/p>\n<ul>\n<li>beugt Falten vor und mildert sie<\/li>\n<li>verbessert die Elastizit\u00e4t der Haut<\/li>\n<li>reguliert die Hautfeuchtigkeit<\/li>\n<li>bewahrt eine gesunde und glatte Haut<\/li>\n<\/ul>\n<p>Q10 Gesichtscreme n\u00e4hrt, spendet Feuchtigkeit, regeneriert undQ10 Gesichtscreme n\u00e4hrt, spendet Feuchtigkeit, regeneriert und <strong>verbessert die Hautstruktur.<\/strong> Die t\u00e4gliche Anwendung hilft Ihnen gesunde und glatte Haut zu erhalten.<\/p>\n","protected":false},"featured_media":37200,"comment_status":"open","ping_status":"closed","template":"","meta":{"inline_featured_image":false},"product_cat":[816,820,819],"product_tag":[825,826,822,824,890,823],"class_list":["post-31777","product","type-product","status-publish","has-post-thumbnail","hentry","product_cat-crni-petek-de","product_cat-gesicht-augen-lippen","product_cat-personliche-pflege","product_tag-bio-kozmetika-de","product_tag-ekoloska-kozmetika-de","product_tag-naravna-kozmetika-de","product_tag-obraz-in-ustnice-de","product_tag-q10-de","product_tag-slovenska-naravna-kozmetika-de"],"acf":[],"yoast_head":"<!-- This site is optimized with the Yoast SEO plugin v19.13 - https:\/\/yoast.com\/wordpress\/plugins\/seo\/ -->\n<title>Q10 Gesichts- und Halscreme<\/title>\n<meta name=\"description\" content=\"Q10 Gesichts- und Halscreme\" \/>\n<meta name=\"robots\" content=\"index, follow, max-snippet:-1, max-image-preview:large, max-video-preview:-1\" \/>\n<link rel=\"canonical\" href=\"https:\/\/sen-shop.com\/de\/collections\/personliche-pflege\/gesicht-augen-lippen\/q10-gesichts-und-halscreme\/\" \/>\n<meta property=\"og:locale\" content=\"de_DE\" \/>\n<meta property=\"og:type\" content=\"article\" \/>\n<meta property=\"og:title\" content=\"Q10 Gesichts- und Halscreme\" \/>\n<meta property=\"og:description\" content=\"Q10 Gesichts- und Halscreme\" \/>\n<meta property=\"og:url\" content=\"https:\/\/sen-shop.com\/de\/collections\/personliche-pflege\/gesicht-augen-lippen\/q10-gesichts-und-halscreme\/\" \/>\n<meta property=\"og:site_name\" content=\"SEN Shop\" \/>\n<meta property=\"article:publisher\" content=\"https:\/\/www.facebook.com\/Senshopslovenija\" \/>\n<meta property=\"article:modified_time\" content=\"2022-11-01T22:01:00+00:00\" \/>\n<meta property=\"og:image\" content=\"https:\/\/sen-shop.com\/wp-content\/uploads\/2021\/10\/sinergijska_en_de-2.jpg\" \/>\n\t<meta property=\"og:image:width\" content=\"1225\" \/>\n\t<meta property=\"og:image:height\" content=\"1400\" \/>\n\t<meta property=\"og:image:type\" content=\"image\/jpeg\" \/>\n<meta name=\"twitter:card\" content=\"summary_large_image\" \/>\n<meta name=\"twitter:label1\" content=\"Gesch\u00e4tzte Lesezeit\" \/>\n\t<meta name=\"twitter:data1\" content=\"2\u00a0Minuten\" \/>\n<script type=\"application\/ld+json\" class=\"yoast-schema-graph\">{\"@context\":\"https:\/\/schema.org\",\"@graph\":[{\"@type\":\"WebPage\",\"@id\":\"https:\/\/sen-shop.com\/de\/collections\/personliche-pflege\/gesicht-augen-lippen\/q10-gesichts-und-halscreme\/\",\"url\":\"https:\/\/sen-shop.com\/de\/collections\/personliche-pflege\/gesicht-augen-lippen\/q10-gesichts-und-halscreme\/\",\"name\":\"Q10 Gesichts- und Halscreme\",\"isPartOf\":{\"@id\":\"https:\/\/sen-shop.com\/de\/#website\"},\"datePublished\":\"2016-09-15T22:56:52+00:00\",\"dateModified\":\"2022-11-01T22:01:00+00:00\",\"description\":\"Q10 Gesichts- und Halscreme\",\"breadcrumb\":{\"@id\":\"https:\/\/sen-shop.com\/de\/collections\/personliche-pflege\/gesicht-augen-lippen\/q10-gesichts-und-halscreme\/#breadcrumb\"},\"inLanguage\":\"de\",\"potentialAction\":[{\"@type\":\"ReadAction\",\"target\":[\"https:\/\/sen-shop.com\/de\/collections\/personliche-pflege\/gesicht-augen-lippen\/q10-gesichts-und-halscreme\/\"]}]},{\"@type\":\"BreadcrumbList\",\"@id\":\"https:\/\/sen-shop.com\/de\/collections\/personliche-pflege\/gesicht-augen-lippen\/q10-gesichts-und-halscreme\/#breadcrumb\",\"itemListElement\":[{\"@type\":\"ListItem\",\"position\":1,\"name\":\"Home\",\"item\":\"https:\/\/sen-shop.com\/de\/\"},{\"@type\":\"ListItem\",\"position\":2,\"name\":\"Q10 Gesichts- und Halscreme\"}]},{\"@type\":\"WebSite\",\"@id\":\"https:\/\/sen-shop.com\/de\/#website\",\"url\":\"https:\/\/sen-shop.com\/de\/\",\"name\":\"SEN Shop\",\"description\":\"Slovensko, Ekolo\u0161ko, Naravno\",\"publisher\":{\"@id\":\"https:\/\/sen-shop.com\/de\/#organization\"},\"potentialAction\":[{\"@type\":\"SearchAction\",\"target\":{\"@type\":\"EntryPoint\",\"urlTemplate\":\"https:\/\/sen-shop.com\/de\/?s={search_term_string}\"},\"query-input\":\"required name=search_term_string\"}],\"inLanguage\":\"de\"},{\"@type\":\"Organization\",\"@id\":\"https:\/\/sen-shop.com\/de\/#organization\",\"name\":\"Mind trade d.o.o\",\"url\":\"https:\/\/sen-shop.com\/de\/\",\"logo\":{\"@type\":\"ImageObject\",\"inLanguage\":\"de\",\"@id\":\"https:\/\/sen-shop.com\/de\/#\/schema\/logo\/image\/\",\"url\":\"https:\/\/sen-shop.com\/wp-content\/uploads\/2018\/05\/header_logo.png\",\"contentUrl\":\"https:\/\/sen-shop.com\/wp-content\/uploads\/2018\/05\/header_logo.png\",\"width\":138,\"height\":70,\"caption\":\"Mind trade d.o.o\"},\"image\":{\"@id\":\"https:\/\/sen-shop.com\/de\/#\/schema\/logo\/image\/\"},\"sameAs\":[\"https:\/\/www.instagram.com\/senslovenija\/\",\"https:\/\/www.facebook.com\/Senshopslovenija\"]}]}<\/script>\n<!-- \/ Yoast SEO plugin. -->","yoast_head_json":{"title":"Q10 Gesichts- und Halscreme","description":"Q10 Gesichts- und Halscreme","robots":{"index":"index","follow":"follow","max-snippet":"max-snippet:-1","max-image-preview":"max-image-preview:large","max-video-preview":"max-video-preview:-1"},"canonical":"https:\/\/sen-shop.com\/de\/collections\/personliche-pflege\/gesicht-augen-lippen\/q10-gesichts-und-halscreme\/","og_locale":"de_DE","og_type":"article","og_title":"Q10 Gesichts- und Halscreme","og_description":"Q10 Gesichts- und Halscreme","og_url":"https:\/\/sen-shop.com\/de\/collections\/personliche-pflege\/gesicht-augen-lippen\/q10-gesichts-und-halscreme\/","og_site_name":"SEN Shop","article_publisher":"https:\/\/www.facebook.com\/Senshopslovenija","article_modified_time":"2022-11-01T22:01:00+00:00","og_image":[{"width":1225,"height":1400,"url":"https:\/\/sen-shop.com\/wp-content\/uploads\/2021\/10\/sinergijska_en_de-2.jpg","type":"image\/jpeg"}],"twitter_card":"summary_large_image","twitter_misc":{"Gesch\u00e4tzte Lesezeit":"2\u00a0Minuten"},"schema":{"@context":"https:\/\/schema.org","@graph":[{"@type":"WebPage","@id":"https:\/\/sen-shop.com\/de\/collections\/personliche-pflege\/gesicht-augen-lippen\/q10-gesichts-und-halscreme\/","url":"https:\/\/sen-shop.com\/de\/collections\/personliche-pflege\/gesicht-augen-lippen\/q10-gesichts-und-halscreme\/","name":"Q10 Gesichts- und Halscreme","isPartOf":{"@id":"https:\/\/sen-shop.com\/de\/#website"},"datePublished":"2016-09-15T22:56:52+00:00","dateModified":"2022-11-01T22:01:00+00:00","description":"Q10 Gesichts- und Halscreme","breadcrumb":{"@id":"https:\/\/sen-shop.com\/de\/collections\/personliche-pflege\/gesicht-augen-lippen\/q10-gesichts-und-halscreme\/#breadcrumb"},"inLanguage":"de","potentialAction":[{"@type":"ReadAction","target":["https:\/\/sen-shop.com\/de\/collections\/personliche-pflege\/gesicht-augen-lippen\/q10-gesichts-und-halscreme\/"]}]},{"@type":"BreadcrumbList","@id":"https:\/\/sen-shop.com\/de\/collections\/personliche-pflege\/gesicht-augen-lippen\/q10-gesichts-und-halscreme\/#breadcrumb","itemListElement":[{"@type":"ListItem","position":1,"name":"Home","item":"https:\/\/sen-shop.com\/de\/"},{"@type":"ListItem","position":2,"name":"Q10 Gesichts- und Halscreme"}]},{"@type":"WebSite","@id":"https:\/\/sen-shop.com\/de\/#website","url":"https:\/\/sen-shop.com\/de\/","name":"SEN Shop","description":"Slovensko, Ekolo\u0161ko, Naravno","publisher":{"@id":"https:\/\/sen-shop.com\/de\/#organization"},"potentialAction":[{"@type":"SearchAction","target":{"@type":"EntryPoint","urlTemplate":"https:\/\/sen-shop.com\/de\/?s={search_term_string}"},"query-input":"required name=search_term_string"}],"inLanguage":"de"},{"@type":"Organization","@id":"https:\/\/sen-shop.com\/de\/#organization","name":"Mind trade d.o.o","url":"https:\/\/sen-shop.com\/de\/","logo":{"@type":"ImageObject","inLanguage":"de","@id":"https:\/\/sen-shop.com\/de\/#\/schema\/logo\/image\/","url":"https:\/\/sen-shop.com\/wp-content\/uploads\/2018\/05\/header_logo.png","contentUrl":"https:\/\/sen-shop.com\/wp-content\/uploads\/2018\/05\/header_logo.png","width":138,"height":70,"caption":"Mind trade d.o.o"},"image":{"@id":"https:\/\/sen-shop.com\/de\/#\/schema\/logo\/image\/"},"sameAs":["https:\/\/www.instagram.com\/senslovenija\/","https:\/\/www.facebook.com\/Senshopslovenija"]}]}},"_links":{"self":[{"href":"https:\/\/sen-shop.com\/de\/wp-json\/wp\/v2\/product\/31777","targetHints":{"allow":["GET"]}}],"collection":[{"href":"https:\/\/sen-shop.com\/de\/wp-json\/wp\/v2\/product"}],"about":[{"href":"https:\/\/sen-shop.com\/de\/wp-json\/wp\/v2\/types\/product"}],"replies":[{"embeddable":true,"href":"https:\/\/sen-shop.com\/de\/wp-json\/wp\/v2\/comments?post=31777"}],"wp:featuredmedia":[{"embeddable":true,"href":"https:\/\/sen-shop.com\/de\/wp-json\/wp\/v2\/media\/37200"}],"wp:attachment":[{"href":"https:\/\/sen-shop.com\/de\/wp-json\/wp\/v2\/media?parent=31777"}],"wp:term":[{"taxonomy":"product_cat","embeddable":true,"href":"https:\/\/sen-shop.com\/de\/wp-json\/wp\/v2\/product_cat?post=31777"},{"taxonomy":"product_tag","embeddable":true,"href":"https:\/\/sen-shop.com\/de\/wp-json\/wp\/v2\/product_tag?post=31777"}],"curies":[{"name":"wp","href":"https:\/\/api.w.org\/{rel}","templated":true}]}}