{"id":31770,"date":"2020-08-28T16:16:13","date_gmt":"2020-08-28T14:16:13","guid":{"rendered":"https:\/\/www.sen-shop.com\/collections\/unkategorisiert\/lauseabwehrspray\/"},"modified":"2021-10-28T16:46:38","modified_gmt":"2021-10-28T14:46:38","slug":"lauseabwehrspray","status":"publish","type":"product","link":"https:\/\/sen-shop.com\/de\/collections\/personliche-pflege\/haarpflege\/lauseabwehrspray\/","title":{"rendered":"L\u00e4useabwehrspray"},"content":{"rendered":"<p>[vc_row][vc_column][vc_column_text css=&#8220;.vc_custom_1625053322795{padding-top: 30px !important;padding-right: 30px !important;padding-bottom: 30px !important;padding-left: 30px !important;background-color: #c9db95 !important;}&#8220;]<br \/>\nWussten Sie, dass <strong>herk\u00f6mmliche L\u00e4useentferner sch\u00e4dliche Chemikalien und Insektizide enthalten<\/strong>?<br \/>\nSie k\u00f6nnen die <strong>l\u00e4stigen Plagegeister auf harmlose und 100 % nat\u00fcrliche Weise verhindern<\/strong>. Die Kombination aus den \u00e4therischen \u00d6len von Bio-Lavendel, Bio-Teebaum und Bio-Zitronengras schafft ein ung\u00fcnstiges Umfeld f\u00fcr L\u00e4use, um sich einzunisten.<\/p>\n<p>L\u00e4use haben bereits Resistenzen gegen viele Wirkstoffe und Insektizide in Shampoos entwickelt. Da <strong>L\u00e4use jedoch einen extrem ausgepr\u00e4gten Geruchssinn haben<\/strong>, vertreiben wir sie mit dem Geruch von Lavendel und Zitronengras.<\/p>\n<p><strong>Teebaum hat einen absto\u00dfenden Geruch f\u00fcr L\u00e4use<\/strong>. Au\u00dferdem hat er <strong>nat\u00fcrliche<\/strong> <strong>insektizide<\/strong> <strong>Eigenschaften<\/strong> und <strong>t\u00f6tet nachweislich L\u00e4use und Nissen ab.<\/strong><\/p>\n<p>&nbsp;<\/p>\n<p>[\/vc_column_text][\/vc_column][\/vc_row][vc_row][vc_column][vc_column_text css=&#8220;.vc_custom_1625053371099{padding-top: 30px !important;padding-right: 30px !important;padding-bottom: 30px !important;padding-left: 30px !important;background-color: #ededed !important;}&#8220;]<img decoding=\"async\" src=\"https:\/\/static.xx.fbcdn.net\/images\/emoji.php\/v9\/t51\/1\/16\/1f449.png\" alt=\"\ud83d\udc49\" \/> Bei Bedarf kann das Spray mehrmals t\u00e4glich auf die gereinigten Haare und die Kopfhaut aufgetragen werden.<\/p>\n<p><img decoding=\"async\" src=\"https:\/\/static.xx.fbcdn.net\/images\/emoji.php\/v9\/t51\/1\/16\/1f449.png\" alt=\"\ud83d\udc49\" \/> Sp\u00fclen Sie das Spray nicht aus und achten Sie darauf, dass es nicht mit den Augen in Kontakt kommt.<\/p>\n<p><img decoding=\"async\" src=\"https:\/\/static.xx.fbcdn.net\/images\/emoji.php\/v9\/t51\/1\/16\/1f449.png\" alt=\"\ud83d\udc49\" \/> Geeignet f\u00fcr die Erfrischung von Spielzeug.<\/p>\n<p>[\/vc_column_text][\/vc_column][\/vc_row][vc_row][vc_column][vc_column_text]Das <strong>L\u00e4usespray ist haupts\u00e4chlich zur Vorbeugung von L\u00e4usen gedacht<\/strong>. Wenn Ihr Kind bereits einen l\u00e4stigen L\u00e4usebefall hat, reicht diese L\u00f6sung m\u00f6glicherweise nicht aus; Sie m\u00fcssen dann alle L\u00e4use und Nissen manuell entfernen.<\/p>\n<p>Das Produkt ist Aromacert\u00ae-zertifiziert, was ein hohes Qualit\u00e4tsniveau nach strengen Aromatherapiekriterien wie Nat\u00fcrlichkeit, Authentizit\u00e4t und Reinheit der Inhaltsstoffe garantiert. Das Produkt ist 100% vegan und wurde nicht an Tieren getestet.<\/p>\n<p>[\/vc_column_text][\/vc_column][\/vc_row]<\/p>\n","protected":false},"excerpt":{"rendered":"<p><strong>Kopfl\u00e4use loszuwerden,<\/strong> kann ein schmerzhafter und langwieriger Prozess sein. Und gerade wenn man so viel Zeit damit verbracht hat, die Nissen und L\u00e4use loszuwerden, kommen sie wieder.<\/p>\n<p>Die Vorbeugung spart nicht nur eine Menge Zeit, sondern <strong>verhindert auch einen erneuten L\u00e4usebefall.<\/strong> Das Spray enth\u00e4lt 100 % nat\u00fcrliche Inhaltsstoffe und \u00e4therische \u00d6le, die <strong>L\u00e4use wirksam abwehren und ein f\u00fcr die Entwicklung von L\u00e4usen ungeeignetes Umfeld schaffen<\/strong>. Geeignet f\u00fcr <strong>Kinderhaare<\/strong>.<\/p>\n<ul>\n<li>schafft eine ungeeignete Umgebung f\u00fcr L\u00e4use, Blattl\u00e4use und Nissen<\/li>\n<li>wehrt L\u00e4use ab und sch\u00fctzt vor L\u00e4usebefall<\/li>\n<li>\u00c4therische Bio-\u00d6le aus Teebaum, Lavendel und Zitronengras<\/li>\n<li>100% nat\u00fcrlich, ohne sch\u00e4dliche Chemikalien und Insektizide<\/li>\n<\/ul>\n<p>Das Spray kann <strong>mehrmals t\u00e4glich auf das Haar aufgetragen werden<\/strong>. Wir empfehlen die Anwendung kurz vor dem Eintritt in den <strong>Kindergarten<\/strong> oder die <strong>Schule<\/strong>. Sie k\u00f6nnen auch die <strong>Spielsachen bespr\u00fchen<\/strong>.<\/p>\n[banner_zeliscni]\n","protected":false},"featured_media":31772,"comment_status":"open","ping_status":"closed","template":"","meta":{"inline_featured_image":false},"product_cat":[816,829,834,817,819],"product_tag":[],"class_list":["post-31770","product","type-product","status-publish","has-post-thumbnail","hentry","product_cat-crni-petek-de","product_cat-haarpflege","product_cat-kinder","product_cat-nekategorizirano-de","product_cat-personliche-pflege"],"acf":[],"yoast_head":"<!-- This site is optimized with the Yoast SEO plugin v19.13 - https:\/\/yoast.com\/wordpress\/plugins\/seo\/ -->\n<title>L\u00e4useabwehrspray<\/title>\n<meta name=\"description\" content=\"L\u00e4useabwehrspray\" \/>\n<meta name=\"robots\" content=\"index, follow, max-snippet:-1, max-image-preview:large, max-video-preview:-1\" \/>\n<link rel=\"canonical\" href=\"https:\/\/sen-shop.com\/de\/collections\/personliche-pflege\/haarpflege\/lauseabwehrspray\/\" \/>\n<meta property=\"og:locale\" content=\"de_DE\" \/>\n<meta property=\"og:type\" content=\"article\" \/>\n<meta property=\"og:title\" content=\"L\u00e4useabwehrspray\" \/>\n<meta property=\"og:description\" content=\"L\u00e4useabwehrspray\" \/>\n<meta property=\"og:url\" content=\"https:\/\/sen-shop.com\/de\/collections\/personliche-pflege\/haarpflege\/lauseabwehrspray\/\" \/>\n<meta property=\"og:site_name\" content=\"SEN Shop\" \/>\n<meta property=\"article:publisher\" content=\"https:\/\/www.facebook.com\/Senshopslovenija\" \/>\n<meta property=\"article:modified_time\" content=\"2021-10-28T14:46:38+00:00\" \/>\n<meta property=\"og:image\" content=\"https:\/\/sen-shop.com\/wp-content\/uploads\/2020\/08\/prsilo-za-lase-proti-usem-za-otroke-1.jpg\" \/>\n\t<meta property=\"og:image:width\" content=\"1000\" \/>\n\t<meta property=\"og:image:height\" content=\"1143\" \/>\n\t<meta property=\"og:image:type\" content=\"image\/jpeg\" \/>\n<meta name=\"twitter:card\" content=\"summary_large_image\" \/>\n<meta name=\"twitter:label1\" content=\"Gesch\u00e4tzte Lesezeit\" \/>\n\t<meta name=\"twitter:data1\" content=\"2\u00a0Minuten\" \/>\n<script type=\"application\/ld+json\" class=\"yoast-schema-graph\">{\"@context\":\"https:\/\/schema.org\",\"@graph\":[{\"@type\":\"WebPage\",\"@id\":\"https:\/\/sen-shop.com\/de\/collections\/personliche-pflege\/haarpflege\/lauseabwehrspray\/\",\"url\":\"https:\/\/sen-shop.com\/de\/collections\/personliche-pflege\/haarpflege\/lauseabwehrspray\/\",\"name\":\"L\u00e4useabwehrspray\",\"isPartOf\":{\"@id\":\"https:\/\/sen-shop.com\/de\/#website\"},\"datePublished\":\"2020-08-28T14:16:13+00:00\",\"dateModified\":\"2021-10-28T14:46:38+00:00\",\"description\":\"L\u00e4useabwehrspray\",\"breadcrumb\":{\"@id\":\"https:\/\/sen-shop.com\/de\/collections\/personliche-pflege\/haarpflege\/lauseabwehrspray\/#breadcrumb\"},\"inLanguage\":\"de\",\"potentialAction\":[{\"@type\":\"ReadAction\",\"target\":[\"https:\/\/sen-shop.com\/de\/collections\/personliche-pflege\/haarpflege\/lauseabwehrspray\/\"]}]},{\"@type\":\"BreadcrumbList\",\"@id\":\"https:\/\/sen-shop.com\/de\/collections\/personliche-pflege\/haarpflege\/lauseabwehrspray\/#breadcrumb\",\"itemListElement\":[{\"@type\":\"ListItem\",\"position\":1,\"name\":\"Home\",\"item\":\"https:\/\/sen-shop.com\/de\/\"},{\"@type\":\"ListItem\",\"position\":2,\"name\":\"L\u00e4useabwehrspray\"}]},{\"@type\":\"WebSite\",\"@id\":\"https:\/\/sen-shop.com\/de\/#website\",\"url\":\"https:\/\/sen-shop.com\/de\/\",\"name\":\"SEN Shop\",\"description\":\"Slovensko, Ekolo\u0161ko, Naravno\",\"publisher\":{\"@id\":\"https:\/\/sen-shop.com\/de\/#organization\"},\"potentialAction\":[{\"@type\":\"SearchAction\",\"target\":{\"@type\":\"EntryPoint\",\"urlTemplate\":\"https:\/\/sen-shop.com\/de\/?s={search_term_string}\"},\"query-input\":\"required name=search_term_string\"}],\"inLanguage\":\"de\"},{\"@type\":\"Organization\",\"@id\":\"https:\/\/sen-shop.com\/de\/#organization\",\"name\":\"Mind trade d.o.o\",\"url\":\"https:\/\/sen-shop.com\/de\/\",\"logo\":{\"@type\":\"ImageObject\",\"inLanguage\":\"de\",\"@id\":\"https:\/\/sen-shop.com\/de\/#\/schema\/logo\/image\/\",\"url\":\"https:\/\/sen-shop.com\/wp-content\/uploads\/2018\/05\/header_logo.png\",\"contentUrl\":\"https:\/\/sen-shop.com\/wp-content\/uploads\/2018\/05\/header_logo.png\",\"width\":138,\"height\":70,\"caption\":\"Mind trade d.o.o\"},\"image\":{\"@id\":\"https:\/\/sen-shop.com\/de\/#\/schema\/logo\/image\/\"},\"sameAs\":[\"https:\/\/www.instagram.com\/senslovenija\/\",\"https:\/\/www.facebook.com\/Senshopslovenija\"]}]}<\/script>\n<!-- \/ Yoast SEO plugin. -->","yoast_head_json":{"title":"L\u00e4useabwehrspray","description":"L\u00e4useabwehrspray","robots":{"index":"index","follow":"follow","max-snippet":"max-snippet:-1","max-image-preview":"max-image-preview:large","max-video-preview":"max-video-preview:-1"},"canonical":"https:\/\/sen-shop.com\/de\/collections\/personliche-pflege\/haarpflege\/lauseabwehrspray\/","og_locale":"de_DE","og_type":"article","og_title":"L\u00e4useabwehrspray","og_description":"L\u00e4useabwehrspray","og_url":"https:\/\/sen-shop.com\/de\/collections\/personliche-pflege\/haarpflege\/lauseabwehrspray\/","og_site_name":"SEN Shop","article_publisher":"https:\/\/www.facebook.com\/Senshopslovenija","article_modified_time":"2021-10-28T14:46:38+00:00","og_image":[{"width":1000,"height":1143,"url":"https:\/\/sen-shop.com\/wp-content\/uploads\/2020\/08\/prsilo-za-lase-proti-usem-za-otroke-1.jpg","type":"image\/jpeg"}],"twitter_card":"summary_large_image","twitter_misc":{"Gesch\u00e4tzte Lesezeit":"2\u00a0Minuten"},"schema":{"@context":"https:\/\/schema.org","@graph":[{"@type":"WebPage","@id":"https:\/\/sen-shop.com\/de\/collections\/personliche-pflege\/haarpflege\/lauseabwehrspray\/","url":"https:\/\/sen-shop.com\/de\/collections\/personliche-pflege\/haarpflege\/lauseabwehrspray\/","name":"L\u00e4useabwehrspray","isPartOf":{"@id":"https:\/\/sen-shop.com\/de\/#website"},"datePublished":"2020-08-28T14:16:13+00:00","dateModified":"2021-10-28T14:46:38+00:00","description":"L\u00e4useabwehrspray","breadcrumb":{"@id":"https:\/\/sen-shop.com\/de\/collections\/personliche-pflege\/haarpflege\/lauseabwehrspray\/#breadcrumb"},"inLanguage":"de","potentialAction":[{"@type":"ReadAction","target":["https:\/\/sen-shop.com\/de\/collections\/personliche-pflege\/haarpflege\/lauseabwehrspray\/"]}]},{"@type":"BreadcrumbList","@id":"https:\/\/sen-shop.com\/de\/collections\/personliche-pflege\/haarpflege\/lauseabwehrspray\/#breadcrumb","itemListElement":[{"@type":"ListItem","position":1,"name":"Home","item":"https:\/\/sen-shop.com\/de\/"},{"@type":"ListItem","position":2,"name":"L\u00e4useabwehrspray"}]},{"@type":"WebSite","@id":"https:\/\/sen-shop.com\/de\/#website","url":"https:\/\/sen-shop.com\/de\/","name":"SEN Shop","description":"Slovensko, Ekolo\u0161ko, Naravno","publisher":{"@id":"https:\/\/sen-shop.com\/de\/#organization"},"potentialAction":[{"@type":"SearchAction","target":{"@type":"EntryPoint","urlTemplate":"https:\/\/sen-shop.com\/de\/?s={search_term_string}"},"query-input":"required name=search_term_string"}],"inLanguage":"de"},{"@type":"Organization","@id":"https:\/\/sen-shop.com\/de\/#organization","name":"Mind trade d.o.o","url":"https:\/\/sen-shop.com\/de\/","logo":{"@type":"ImageObject","inLanguage":"de","@id":"https:\/\/sen-shop.com\/de\/#\/schema\/logo\/image\/","url":"https:\/\/sen-shop.com\/wp-content\/uploads\/2018\/05\/header_logo.png","contentUrl":"https:\/\/sen-shop.com\/wp-content\/uploads\/2018\/05\/header_logo.png","width":138,"height":70,"caption":"Mind trade d.o.o"},"image":{"@id":"https:\/\/sen-shop.com\/de\/#\/schema\/logo\/image\/"},"sameAs":["https:\/\/www.instagram.com\/senslovenija\/","https:\/\/www.facebook.com\/Senshopslovenija"]}]}},"_links":{"self":[{"href":"https:\/\/sen-shop.com\/de\/wp-json\/wp\/v2\/product\/31770","targetHints":{"allow":["GET"]}}],"collection":[{"href":"https:\/\/sen-shop.com\/de\/wp-json\/wp\/v2\/product"}],"about":[{"href":"https:\/\/sen-shop.com\/de\/wp-json\/wp\/v2\/types\/product"}],"replies":[{"embeddable":true,"href":"https:\/\/sen-shop.com\/de\/wp-json\/wp\/v2\/comments?post=31770"}],"wp:featuredmedia":[{"embeddable":true,"href":"https:\/\/sen-shop.com\/de\/wp-json\/wp\/v2\/media\/31772"}],"wp:attachment":[{"href":"https:\/\/sen-shop.com\/de\/wp-json\/wp\/v2\/media?parent=31770"}],"wp:term":[{"taxonomy":"product_cat","embeddable":true,"href":"https:\/\/sen-shop.com\/de\/wp-json\/wp\/v2\/product_cat?post=31770"},{"taxonomy":"product_tag","embeddable":true,"href":"https:\/\/sen-shop.com\/de\/wp-json\/wp\/v2\/product_tag?post=31770"}],"curies":[{"name":"wp","href":"https:\/\/api.w.org\/{rel}","templated":true}]}}