{"id":31767,"date":"2019-07-08T10:46:33","date_gmt":"2019-07-08T08:46:33","guid":{"rendered":"https:\/\/www.sen-shop.com\/collections\/unkategorisiert\/proktolex-intimpflegecreme\/"},"modified":"2022-03-29T13:59:00","modified_gmt":"2022-03-29T11:59:00","slug":"proktolex-intimpflegecreme","status":"publish","type":"product","link":"https:\/\/sen-shop.com\/de\/collections\/personliche-pflege\/intimpflege\/proktolex-intimpflegecreme\/","title":{"rendered":"Proktolex Intimpflegecreme"},"content":{"rendered":"<p>[vc_row][vc_column][vc_column_text css=&#8220;.vc_custom_1625830212491{padding-top: 30px !important;padding-right: 30px !important;padding-bottom: 30px !important;padding-left: 30px !important;background-color: #c9db95 !important;}&#8220;]<br \/>\n<strong>Wildkastanienextrakt<\/strong> enth\u00e4lt den Wirkstoff Escin. Dieser reduziert Kapillarsch\u00e4den, st\u00e4rkt die Gef\u00e4\u00dfw\u00e4nde und sch\u00fctzt vor der Bildung von \u00d6demen.<\/p>\n<p><strong>Hamamelis-Extrakt<\/strong> ist eine der wirksamsten Pflanzen zur Behandlung von Durchblutungsst\u00f6rungen. Hammamelis hat eine medizinisch nachgewiesene positive Wirkung auf H\u00e4morrhoiden, Hautgeschw\u00fcre und Ekzeme.<\/p>\n<p><strong>Nat\u00fcrliches<\/strong> <strong>Bisabolol<\/strong> ist ein entz\u00fcndungshemmender Wirkstoff, der im \u00e4therischen \u00d6l der Kamille enthalten ist. Es beruhigt die entz\u00fcndete und gereizte Haut.<\/p>\n<p><strong>Sheabutter<\/strong> beruhigt die Haut, hat entz\u00fcndungshemmende und feuchtigkeitsspendende Eigenschaften und hilft bei der Heilung von Narben und Hautausschl\u00e4gen. Au\u00dferdem lindert sie leichte Entz\u00fcndungen.<\/p>\n<p><strong>Mandel\u00f6l<\/strong> regt die Hauterneuerung an und sch\u00fctzt und beruhigt die Haut.<\/p>\n<p><strong>Bienenwachs<\/strong> wirkt sich positiv auf die Elastizit\u00e4t und das Feuchthalteverm\u00f6gen der Haut aus. Au\u00dferdem hat es eine antiseptische Wirkung.<\/p>\n<p>[\/vc_column_text][\/vc_column][\/vc_row][vc_row][vc_column][vc_column_text css=&#8220;.vc_custom_1625830307849{padding-top: 30px !important;padding-right: 30px !important;padding-bottom: 30px !important;padding-left: 30px !important;background-color: #ededed !important;}&#8220;]<img decoding=\"async\" src=\"https:\/\/static.xx.fbcdn.net\/images\/emoji.php\/v9\/t51\/1\/16\/1f449.png\" alt=\"\ud83d\udc49\" \/> Reinigen Sie den betroffenen Bereich mit milder Seife und warmem Wasser.<\/p>\n<p><img decoding=\"async\" src=\"https:\/\/static.xx.fbcdn.net\/images\/emoji.php\/v9\/t51\/1\/16\/1f449.png\" alt=\"\ud83d\udc49\" \/> Bevor Sie die Salbe auftragen, trocknen Sie den Intimbereich mit einem weichen Handtuch ab.<\/p>\n<p><img decoding=\"async\" src=\"https:\/\/static.xx.fbcdn.net\/images\/emoji.php\/v9\/t51\/1\/16\/1f449.png\" alt=\"\ud83d\udc49\" \/> Tragen Sie eine d\u00fcnne Schicht Salbe mit dem Finger auf. Tragen Sie die Salbe mehrmals auf den betroffenen Bereich um das Rektum herum auf.[\/vc_column_text][\/vc_column][\/vc_row][vc_row][vc_column][vc_column_text]Proktolex-Salbe ist f\u00fcr alle geeignet, die unter H\u00e4morrhoiden leiden, um echte und dauerhafte Linderung zu finden. Die Salbe besteht aus einer innovativen Mischung von Inhaltsstoffen, die Schmerzen, Schwellungen und Juckreiz lindern, indem sie die zugrunde liegenden Ursachen dieser Symptome behandeln. Diese revolution\u00e4re Behandlung wurde von einem Forscherteam entwickelt, das nach einer L\u00f6sung f\u00fcr dieses schmerzhafte Leiden gesucht hat, von dem Millionen von Menschen betroffen sind; mehr als die H\u00e4lfte aller Erwachsenen hat im Alter von 50 Jahren mit H\u00e4morrhoiden zu k\u00e4mpfen.<\/p>\n<p>Im Gegensatz zu anderen Produkten ist Proktolex so konzipiert, dass es Ihnen von Anfang an langfristige Linderung verschafft. Wir bieten auch Proktolex-Kapseln an &#8211; f\u00fcr diejenigen, die unter Venenschw\u00e4che, Krampfadern und H\u00e4morrhoiden leiden.[\/vc_column_text][\/vc_column][\/vc_row]<\/p>\n","protected":false},"excerpt":{"rendered":"<p>Die Proktolex-Salbe wurde entwickelt, um <strong>Menschen, die unter H\u00e4morrhoiden leiden<\/strong>, eine echte und dauerhafte <strong>Linderung<\/strong> zu verschaffen. Sie besteht aus einer innovativen Mischung von Inhaltsstoffen, die<strong> Schmerzen, Schwellungen und Juckreiz lindern<\/strong>, indem sie die zugrunde liegenden Ursachen dieser Symptome behandeln.<\/p>\n<ul>\n<li>spendet der Haut Feuchtigkeit und h\u00e4lt das Gleichgewicht im Intimbereich aufrecht<\/li>\n<li>hilft bei H\u00e4morrhoiden<\/li>\n<li>bietet eine sofortige wohltuende Wirkung und Linderung in der Ges\u00e4\u00dfgegend<\/li>\n<\/ul>\n<p><strong>Hamamelis<\/strong>&#8211;<strong>Extrakt<\/strong> ist eines der wirksamsten Kr\u00e4uter zur <strong>Linderung von Schmerzen, geschwollenen Venen und Blutungen<\/strong> in der Ges\u00e4\u00dfgegend. Hamamelis hat eine positive Wirkung auf <strong>H\u00e4morrhoiden<\/strong>, <strong>Hautgeschw\u00fcre<\/strong> und <strong>Ekzeme<\/strong>.<\/p>\n[banner_zeliscni]\n","protected":false},"featured_media":0,"comment_status":"open","ping_status":"closed","template":"","meta":{"inline_featured_image":false},"product_cat":[816,833,819],"product_tag":[887,888,889],"class_list":["post-31767","product","type-product","status-publish","hentry","product_cat-crni-petek-de","product_cat-intimpflege","product_cat-personliche-pflege","product_tag-hemoroidi-de","product_tag-novo-de","product_tag-proktolex-de"],"acf":[],"yoast_head":"<!-- This site is optimized with the Yoast SEO plugin v19.13 - https:\/\/yoast.com\/wordpress\/plugins\/seo\/ -->\n<title>Proktolex Intimpflegecreme<\/title>\n<meta name=\"description\" content=\"Proktolex Intimpflegecreme\" \/>\n<meta name=\"robots\" content=\"index, follow, max-snippet:-1, max-image-preview:large, max-video-preview:-1\" \/>\n<link rel=\"canonical\" href=\"https:\/\/sen-shop.com\/de\/collections\/personliche-pflege\/intimpflege\/proktolex-intimpflegecreme\/\" \/>\n<meta property=\"og:locale\" content=\"de_DE\" \/>\n<meta property=\"og:type\" content=\"article\" \/>\n<meta property=\"og:title\" content=\"Proktolex Intimpflegecreme\" \/>\n<meta property=\"og:description\" content=\"Proktolex Intimpflegecreme\" \/>\n<meta property=\"og:url\" content=\"https:\/\/sen-shop.com\/de\/collections\/personliche-pflege\/intimpflege\/proktolex-intimpflegecreme\/\" \/>\n<meta property=\"og:site_name\" content=\"SEN Shop\" \/>\n<meta property=\"article:publisher\" content=\"https:\/\/www.facebook.com\/Senshopslovenija\" \/>\n<meta property=\"article:modified_time\" content=\"2022-03-29T11:59:00+00:00\" \/>\n<meta property=\"og:image\" content=\"https:\/\/sen-shop.com\/wp-content\/uploads\/2019\/07\/Proktolex-krema-za-hemoroide-intimno-nego-kamilica-sivka-karitejevo-kokosovo-maslo-mandljevo-olje-cebelji-vosek-divji-kostanj-za-nego-srbecega-in-pekocega-zadnjika.jpg\" \/>\n\t<meta property=\"og:image:width\" content=\"1000\" \/>\n\t<meta property=\"og:image:height\" content=\"1143\" \/>\n\t<meta property=\"og:image:type\" content=\"image\/jpeg\" \/>\n<meta name=\"twitter:card\" content=\"summary_large_image\" \/>\n<meta name=\"twitter:label1\" content=\"Gesch\u00e4tzte Lesezeit\" \/>\n\t<meta name=\"twitter:data1\" content=\"2\u00a0Minuten\" \/>\n<script type=\"application\/ld+json\" class=\"yoast-schema-graph\">{\"@context\":\"https:\/\/schema.org\",\"@graph\":[{\"@type\":\"WebPage\",\"@id\":\"https:\/\/sen-shop.com\/de\/collections\/personliche-pflege\/intimpflege\/proktolex-intimpflegecreme\/\",\"url\":\"https:\/\/sen-shop.com\/de\/collections\/personliche-pflege\/intimpflege\/proktolex-intimpflegecreme\/\",\"name\":\"Proktolex Intimpflegecreme\",\"isPartOf\":{\"@id\":\"https:\/\/sen-shop.com\/de\/#website\"},\"datePublished\":\"2019-07-08T08:46:33+00:00\",\"dateModified\":\"2022-03-29T11:59:00+00:00\",\"description\":\"Proktolex Intimpflegecreme\",\"breadcrumb\":{\"@id\":\"https:\/\/sen-shop.com\/de\/collections\/personliche-pflege\/intimpflege\/proktolex-intimpflegecreme\/#breadcrumb\"},\"inLanguage\":\"de\",\"potentialAction\":[{\"@type\":\"ReadAction\",\"target\":[\"https:\/\/sen-shop.com\/de\/collections\/personliche-pflege\/intimpflege\/proktolex-intimpflegecreme\/\"]}]},{\"@type\":\"BreadcrumbList\",\"@id\":\"https:\/\/sen-shop.com\/de\/collections\/personliche-pflege\/intimpflege\/proktolex-intimpflegecreme\/#breadcrumb\",\"itemListElement\":[{\"@type\":\"ListItem\",\"position\":1,\"name\":\"Home\",\"item\":\"https:\/\/sen-shop.com\/de\/\"},{\"@type\":\"ListItem\",\"position\":2,\"name\":\"Proktolex Intimpflegecreme\"}]},{\"@type\":\"WebSite\",\"@id\":\"https:\/\/sen-shop.com\/de\/#website\",\"url\":\"https:\/\/sen-shop.com\/de\/\",\"name\":\"SEN Shop\",\"description\":\"Slovensko, Ekolo\u0161ko, Naravno\",\"publisher\":{\"@id\":\"https:\/\/sen-shop.com\/de\/#organization\"},\"potentialAction\":[{\"@type\":\"SearchAction\",\"target\":{\"@type\":\"EntryPoint\",\"urlTemplate\":\"https:\/\/sen-shop.com\/de\/?s={search_term_string}\"},\"query-input\":\"required name=search_term_string\"}],\"inLanguage\":\"de\"},{\"@type\":\"Organization\",\"@id\":\"https:\/\/sen-shop.com\/de\/#organization\",\"name\":\"Mind trade d.o.o\",\"url\":\"https:\/\/sen-shop.com\/de\/\",\"logo\":{\"@type\":\"ImageObject\",\"inLanguage\":\"de\",\"@id\":\"https:\/\/sen-shop.com\/de\/#\/schema\/logo\/image\/\",\"url\":\"https:\/\/sen-shop.com\/wp-content\/uploads\/2018\/05\/header_logo.png\",\"contentUrl\":\"https:\/\/sen-shop.com\/wp-content\/uploads\/2018\/05\/header_logo.png\",\"width\":138,\"height\":70,\"caption\":\"Mind trade d.o.o\"},\"image\":{\"@id\":\"https:\/\/sen-shop.com\/de\/#\/schema\/logo\/image\/\"},\"sameAs\":[\"https:\/\/www.instagram.com\/senslovenija\/\",\"https:\/\/www.facebook.com\/Senshopslovenija\"]}]}<\/script>\n<!-- \/ Yoast SEO plugin. -->","yoast_head_json":{"title":"Proktolex Intimpflegecreme","description":"Proktolex Intimpflegecreme","robots":{"index":"index","follow":"follow","max-snippet":"max-snippet:-1","max-image-preview":"max-image-preview:large","max-video-preview":"max-video-preview:-1"},"canonical":"https:\/\/sen-shop.com\/de\/collections\/personliche-pflege\/intimpflege\/proktolex-intimpflegecreme\/","og_locale":"de_DE","og_type":"article","og_title":"Proktolex Intimpflegecreme","og_description":"Proktolex Intimpflegecreme","og_url":"https:\/\/sen-shop.com\/de\/collections\/personliche-pflege\/intimpflege\/proktolex-intimpflegecreme\/","og_site_name":"SEN Shop","article_publisher":"https:\/\/www.facebook.com\/Senshopslovenija","article_modified_time":"2022-03-29T11:59:00+00:00","og_image":[{"width":1000,"height":1143,"url":"https:\/\/sen-shop.com\/wp-content\/uploads\/2019\/07\/Proktolex-krema-za-hemoroide-intimno-nego-kamilica-sivka-karitejevo-kokosovo-maslo-mandljevo-olje-cebelji-vosek-divji-kostanj-za-nego-srbecega-in-pekocega-zadnjika.jpg","type":"image\/jpeg"}],"twitter_card":"summary_large_image","twitter_misc":{"Gesch\u00e4tzte Lesezeit":"2\u00a0Minuten"},"schema":{"@context":"https:\/\/schema.org","@graph":[{"@type":"WebPage","@id":"https:\/\/sen-shop.com\/de\/collections\/personliche-pflege\/intimpflege\/proktolex-intimpflegecreme\/","url":"https:\/\/sen-shop.com\/de\/collections\/personliche-pflege\/intimpflege\/proktolex-intimpflegecreme\/","name":"Proktolex Intimpflegecreme","isPartOf":{"@id":"https:\/\/sen-shop.com\/de\/#website"},"datePublished":"2019-07-08T08:46:33+00:00","dateModified":"2022-03-29T11:59:00+00:00","description":"Proktolex Intimpflegecreme","breadcrumb":{"@id":"https:\/\/sen-shop.com\/de\/collections\/personliche-pflege\/intimpflege\/proktolex-intimpflegecreme\/#breadcrumb"},"inLanguage":"de","potentialAction":[{"@type":"ReadAction","target":["https:\/\/sen-shop.com\/de\/collections\/personliche-pflege\/intimpflege\/proktolex-intimpflegecreme\/"]}]},{"@type":"BreadcrumbList","@id":"https:\/\/sen-shop.com\/de\/collections\/personliche-pflege\/intimpflege\/proktolex-intimpflegecreme\/#breadcrumb","itemListElement":[{"@type":"ListItem","position":1,"name":"Home","item":"https:\/\/sen-shop.com\/de\/"},{"@type":"ListItem","position":2,"name":"Proktolex Intimpflegecreme"}]},{"@type":"WebSite","@id":"https:\/\/sen-shop.com\/de\/#website","url":"https:\/\/sen-shop.com\/de\/","name":"SEN Shop","description":"Slovensko, Ekolo\u0161ko, Naravno","publisher":{"@id":"https:\/\/sen-shop.com\/de\/#organization"},"potentialAction":[{"@type":"SearchAction","target":{"@type":"EntryPoint","urlTemplate":"https:\/\/sen-shop.com\/de\/?s={search_term_string}"},"query-input":"required name=search_term_string"}],"inLanguage":"de"},{"@type":"Organization","@id":"https:\/\/sen-shop.com\/de\/#organization","name":"Mind trade d.o.o","url":"https:\/\/sen-shop.com\/de\/","logo":{"@type":"ImageObject","inLanguage":"de","@id":"https:\/\/sen-shop.com\/de\/#\/schema\/logo\/image\/","url":"https:\/\/sen-shop.com\/wp-content\/uploads\/2018\/05\/header_logo.png","contentUrl":"https:\/\/sen-shop.com\/wp-content\/uploads\/2018\/05\/header_logo.png","width":138,"height":70,"caption":"Mind trade d.o.o"},"image":{"@id":"https:\/\/sen-shop.com\/de\/#\/schema\/logo\/image\/"},"sameAs":["https:\/\/www.instagram.com\/senslovenija\/","https:\/\/www.facebook.com\/Senshopslovenija"]}]}},"_links":{"self":[{"href":"https:\/\/sen-shop.com\/de\/wp-json\/wp\/v2\/product\/31767","targetHints":{"allow":["GET"]}}],"collection":[{"href":"https:\/\/sen-shop.com\/de\/wp-json\/wp\/v2\/product"}],"about":[{"href":"https:\/\/sen-shop.com\/de\/wp-json\/wp\/v2\/types\/product"}],"replies":[{"embeddable":true,"href":"https:\/\/sen-shop.com\/de\/wp-json\/wp\/v2\/comments?post=31767"}],"wp:attachment":[{"href":"https:\/\/sen-shop.com\/de\/wp-json\/wp\/v2\/media?parent=31767"}],"wp:term":[{"taxonomy":"product_cat","embeddable":true,"href":"https:\/\/sen-shop.com\/de\/wp-json\/wp\/v2\/product_cat?post=31767"},{"taxonomy":"product_tag","embeddable":true,"href":"https:\/\/sen-shop.com\/de\/wp-json\/wp\/v2\/product_tag?post=31767"}],"curies":[{"name":"wp","href":"https:\/\/api.w.org\/{rel}","templated":true}]}}