{"id":31762,"date":"2017-05-16T10:21:18","date_gmt":"2017-05-16T08:21:18","guid":{"rendered":"https:\/\/www.sen-shop.com\/collections\/unkategorisiert\/bio-teebaumol-30ml\/"},"modified":"2021-10-13T13:46:52","modified_gmt":"2021-10-13T11:46:52","slug":"bio-teebaumol-30ml","status":"publish","type":"product","link":"https:\/\/sen-shop.com\/de\/collections\/personliche-pflege\/haarpflege\/bio-teebaumol-30ml\/","title":{"rendered":"Bio Teebaum\u00f6l 30ml"},"content":{"rendered":"<p>[vc_row][vc_column][vc_column_text css=&#8220;.vc_custom_1624882656604{padding-top: 30px !important;padding-right: 30px !important;padding-bottom: 30px !important;padding-left: 30px !important;background-color: #c9db95 !important;}&#8220;]<br \/>\nIn der Vergangenheit wurde der Teebaum vor allem zur Desinfektion verwendet, indem man zerkleinerte Bl\u00e4tter auf Wunden und Hautkrankheiten legte. Die traditionelle Medizin hat seine Verwendung zur Behandlung von <strong>Husten, Erk\u00e4ltungen, Verbrennungen, Entz\u00fcndungen und anderen Hautproblemen erweitert.<\/strong><\/p>\n<p><strong>Neuere Forschungen<\/strong> haben ergeben, dass er neben seiner <strong>antiseptischen Wirkung<\/strong> auch <strong>antibakterielle und antimykotische Eigenschaften<\/strong> besitzt. Teebaum wird nicht nur zu medizinischen Zwecken verwendet, sondern auch als Bestandteil vieler kosmetischer Produkte wie Shampoos, Cremes und Zahnpasta.<\/p>\n<p>[\/vc_column_text][\/vc_column][\/vc_row][vc_row][vc_column][vc_column_text css=&#8220;.vc_custom_1624882673243{padding-top: 30px !important;padding-right: 30px !important;padding-bottom: 30px !important;padding-left: 30px !important;background-color: #ededed !important;}&#8220;]<br \/>\n<img decoding=\"async\" src=\"https:\/\/static.xx.fbcdn.net\/images\/emoji.php\/v9\/t51\/1\/16\/1f449.png\" alt=\"\ud83d\udc49\" \/> Das \u00d6l kann unverd\u00fcnnt auf die Haut aufgetragen werden. (spot-on).<\/p>\n<p><img decoding=\"async\" src=\"https:\/\/static.xx.fbcdn.net\/images\/emoji.php\/v9\/t51\/1\/16\/1f449.png\" alt=\"\ud83d\udc49\" \/> Erh\u00e4ltlich in 10 ml und 30 ml.<\/p>\n<p><img decoding=\"async\" src=\"https:\/\/static.xx.fbcdn.net\/images\/emoji.php\/v9\/t51\/1\/16\/1f449.png\" alt=\"\ud83d\udc49\" \/> Das \u00d6l ist nicht f\u00fcr die innere Anwendung bestimmt. Vermeiden Sie den Kontakt mit den Augen. Nicht geeignet f\u00fcr schwangere Frauen und Kinder unter 18 Monaten.<\/p>\n<p>[\/vc_column_text][\/vc_column][\/vc_row][vc_row][vc_column][vc_column_text]Tragen Sie eine d\u00fcnne Schicht von Teebaum\u00f6l auf die betroffene Stelle mit einem Wattest\u00e4bchen.<\/p>\n<p><strong>GESICHT<\/strong>: Pickel, Beulen und Akne, Gesichtsflechten, &#8230;<\/p>\n<p>Bereiten Sie eine Kompresse vor, indem Sie \u00e4therisches Teebaum\u00f6l in lauwarmes Wasser tr\u00e4ufeln. Man kann es auch f\u00fcr ein DIY-Reinigungstonikum verwenden oder ein paar Tropfen in jede Tagescreme geben. Sie k\u00f6nnen das \u00d6l auch mehrmals t\u00e4glich mit einem Wattest\u00e4bchen direkt auf die Pickel auftragen.<\/p>\n<p><strong>HERPES<\/strong>: Geben Sie einige Tropfen Teebaum\u00f6l in Oliven\u00f6l und tragen Sie es mehrmals t\u00e4glich auf Herpes auf. Es kann auch direkt auf den Herpes aufgetragen werden.<\/p>\n<p><strong>HAUTPROBLEME<\/strong>: Warzen, Hautausschl\u00e4ge, Nesselsucht, Allergien, &#8230;<\/p>\n<p>Tragen Sie das \u00e4therische Teebaum\u00f6l mit einem Wattest\u00e4bchen direkt auf die Hautausschl\u00e4ge auf. Sie k\u00f6nnen auch ein Bad mit ein paar Tropfen \u00e4therischem \u00d6l vorbereiten. Tragen Sie das \u00d6l mehrmals t\u00e4glich direkt auf die betroffenen Stellen auf.<\/p>\n<p><strong>HAARE<\/strong>: Schuppen, L\u00e4use, zu fettige Kopfhaut, &#8230;<\/p>\n<p>Teebaum\u00f6l reguliert die Fettigkeit der Haare und ist wirksam gegen Schuppen. Ein paar Tropfen \u00e4therisches Teebaum\u00f6l k\u00f6nnen dem Shampoo oder dem Sp\u00fclwasser zugesetzt werden. Es kann auch in Kombination mit Oliven\u00f6l als Haarmaske verwendet werden. Es wehrt auch L\u00e4use ab, da sie den Geruch von Teebaum nicht vertragen.<\/p>\n<p><strong>F\u00dcSSE<\/strong>: Pilzerkrankungen, Schimmel, R\u00f6tungen, Sch\u00e4len, Juckreiz, Nagelpilz, &#8230;<\/p>\n<p>Machen Sie ein Fu\u00dfbad mit ein paar Tropfen \u00e4therischem Teebaum\u00f6l in warmem Wasser und baden Sie Ihre F\u00fc\u00dfe jeden Tag darin. Sie k\u00f6nnen ein paar Tropfen Teebaum\u00f6l mit einem Wattest\u00e4bchen auf die betroffenen Stellen auftragen.<\/p>\n<p><strong>INNERE BEREICHE<\/strong>: Entz\u00fcndungen der Vagina, Vaginalherpes, &#8230;<\/p>\n<p>Geben Sie ein paar Tropfen \u00d6l in warmes Wasser und gie\u00dfen Sie die Fl\u00fcssigkeit langsam auf die betroffenen Stellen.<\/p>\n<p><strong>H\u00c4MORRHOIDEN<\/strong>: Juckreiz und Schmerzen im Ges\u00e4\u00df<\/p>\n<p>Gie\u00dfen Sie warmes Wasser in eine Sch\u00fcssel oder eine Sitzwanne und f\u00fcgen Sie einige Tropfen \u00d6l hinzu.<\/p>\n<p><strong>MUND<\/strong>: Mundgeschw\u00fcre, Aphthen, Halsschmerzen, Karies, Zahnfleischentz\u00fcndung, Zahnschmerzen, &#8230;<\/p>\n<p>Einige Tropfen \u00e4therisches Teebaum\u00f6l in ein Glas warmes Wasser geben, gut umr\u00fchren, gurgeln und ausspucken. Teebaum\u00f6l kann auch direkt auf Aphthen mit einem Wattest\u00e4bchen oder in Kombination mit Zahnpasta aufgetragen werden. Nicht schlucken.<\/p>\n<p><strong>Erk\u00e4ltung, Grippe<\/strong>: Niesen, feuchte und verstopfte Nase, geschwollene Schleimh\u00e4ute, &#8230;<\/p>\n<p>Einige Tropfen auf ein Taschentuch geben und mehrmals t\u00e4glich durch die Nase inhalieren. \u00dcber Nacht einige Tropfen auf ein Kopfkissen geben. Es kann auch in einem Verdampfer als Aromatherapie verwendet werden.[\/vc_column_text][\/vc_column][\/vc_row]<\/p>\n","protected":false},"excerpt":{"rendered":"<p><strong>100 % reines<\/strong> und nat\u00fcrliches \u00e4therisches \u00d6l, das aus australischen Teeb\u00e4umen gewonnen wird, die biologisch angebaut und<strong> bio-zertifiziert* sind<\/strong>. Wird h\u00e4ufig f\u00fcr kosmetische und hautpflegerische Behandlungen verwendet. Nicht geeignet f\u00fcr sehr empfindliche Haut. \u00c4therisches Teebaum\u00f6l hat nachweislich <strong>antimikrobielle Eigenschaften gegen viele h\u00e4ufige Bakterien-, Virus- und Pilzinfektionen.<\/strong><\/p>\n<ul>\n<li>hilft gegen viele Haut- und Kopfhautprobleme<\/li>\n<li>hilft gegen verschiedene Krankheiten und Allergien<\/li>\n<li>hilft gegen Viren und Erk\u00e4ltungen<\/li>\n<\/ul>\n<p>Teebaum\u00f6l wird aufgrund seiner antiseptischen Eigenschaften seit Jahrhunderten als traditionelles <strong>pflanzliches Arzneimittel<\/strong> verwendet.<\/p>\n<p>Nat\u00fcrliche Behandlung von L\u00e4usen. HIER lesen.<\/p>\n[banner_zeliscni]\n","protected":false},"featured_media":42660,"comment_status":"open","ping_status":"closed","template":"","meta":{"inline_featured_image":false},"product_cat":[816,835,831,829,830,819],"product_tag":[821,825,826,822,858,823],"class_list":["post-31762","product","type-product","status-publish","has-post-thumbnail","hentry","product_cat-crni-petek-de","product_cat-domaca-stran-de","product_cat-fuspflege","product_cat-haarpflege","product_cat-korperpflege","product_cat-personliche-pflege","product_tag-bio-de","product_tag-bio-kozmetika-de","product_tag-ekoloska-kozmetika-de","product_tag-naravna-kozmetika-de","product_tag-olje-cajevca-de","product_tag-slovenska-naravna-kozmetika-de","yith_product_brand-aromacert-de","yith_product_brand-eko-de","yith_product_brand-ni-testirano-na-zivali-de","yith_product_brand-vegan-de"],"acf":[],"yoast_head":"<!-- This site is optimized with the Yoast SEO plugin v19.13 - https:\/\/yoast.com\/wordpress\/plugins\/seo\/ -->\n<title>Bio Teebaum\u00f6l 30ml<\/title>\n<meta name=\"description\" content=\"Bio Teebaum\u00f6l 30ml\" \/>\n<meta name=\"robots\" content=\"index, follow, max-snippet:-1, max-image-preview:large, max-video-preview:-1\" \/>\n<link rel=\"canonical\" href=\"https:\/\/sen-shop.com\/de\/collections\/personliche-pflege\/haarpflege\/bio-teebaumol-30ml\/\" \/>\n<meta property=\"og:locale\" content=\"de_DE\" \/>\n<meta property=\"og:type\" content=\"article\" \/>\n<meta property=\"og:title\" content=\"Bio Teebaum\u00f6l 30ml\" \/>\n<meta property=\"og:description\" content=\"Bio Teebaum\u00f6l 30ml\" \/>\n<meta property=\"og:url\" content=\"https:\/\/sen-shop.com\/de\/collections\/personliche-pflege\/haarpflege\/bio-teebaumol-30ml\/\" \/>\n<meta property=\"og:site_name\" content=\"SEN Shop\" \/>\n<meta property=\"article:publisher\" content=\"https:\/\/www.facebook.com\/Senshopslovenija\" \/>\n<meta property=\"article:modified_time\" content=\"2021-10-13T11:46:52+00:00\" \/>\n<meta property=\"og:image\" content=\"https:\/\/sen-shop.com\/wp-content\/uploads\/2021\/11\/Cajevec30_en_de-3.jpg\" \/>\n\t<meta property=\"og:image:width\" content=\"1225\" \/>\n\t<meta property=\"og:image:height\" content=\"1400\" \/>\n\t<meta property=\"og:image:type\" content=\"image\/jpeg\" \/>\n<meta name=\"twitter:card\" content=\"summary_large_image\" \/>\n<meta name=\"twitter:label1\" content=\"Gesch\u00e4tzte Lesezeit\" \/>\n\t<meta name=\"twitter:data1\" content=\"3\u00a0Minuten\" \/>\n<script type=\"application\/ld+json\" class=\"yoast-schema-graph\">{\"@context\":\"https:\/\/schema.org\",\"@graph\":[{\"@type\":\"WebPage\",\"@id\":\"https:\/\/sen-shop.com\/de\/collections\/personliche-pflege\/haarpflege\/bio-teebaumol-30ml\/\",\"url\":\"https:\/\/sen-shop.com\/de\/collections\/personliche-pflege\/haarpflege\/bio-teebaumol-30ml\/\",\"name\":\"Bio Teebaum\u00f6l 30ml\",\"isPartOf\":{\"@id\":\"https:\/\/sen-shop.com\/de\/#website\"},\"datePublished\":\"2017-05-16T08:21:18+00:00\",\"dateModified\":\"2021-10-13T11:46:52+00:00\",\"description\":\"Bio Teebaum\u00f6l 30ml\",\"breadcrumb\":{\"@id\":\"https:\/\/sen-shop.com\/de\/collections\/personliche-pflege\/haarpflege\/bio-teebaumol-30ml\/#breadcrumb\"},\"inLanguage\":\"de\",\"potentialAction\":[{\"@type\":\"ReadAction\",\"target\":[\"https:\/\/sen-shop.com\/de\/collections\/personliche-pflege\/haarpflege\/bio-teebaumol-30ml\/\"]}]},{\"@type\":\"BreadcrumbList\",\"@id\":\"https:\/\/sen-shop.com\/de\/collections\/personliche-pflege\/haarpflege\/bio-teebaumol-30ml\/#breadcrumb\",\"itemListElement\":[{\"@type\":\"ListItem\",\"position\":1,\"name\":\"Home\",\"item\":\"https:\/\/sen-shop.com\/de\/\"},{\"@type\":\"ListItem\",\"position\":2,\"name\":\"Bio Teebaum\u00f6l 30ml\"}]},{\"@type\":\"WebSite\",\"@id\":\"https:\/\/sen-shop.com\/de\/#website\",\"url\":\"https:\/\/sen-shop.com\/de\/\",\"name\":\"SEN Shop\",\"description\":\"Slovensko, Ekolo\u0161ko, Naravno\",\"publisher\":{\"@id\":\"https:\/\/sen-shop.com\/de\/#organization\"},\"potentialAction\":[{\"@type\":\"SearchAction\",\"target\":{\"@type\":\"EntryPoint\",\"urlTemplate\":\"https:\/\/sen-shop.com\/de\/?s={search_term_string}\"},\"query-input\":\"required name=search_term_string\"}],\"inLanguage\":\"de\"},{\"@type\":\"Organization\",\"@id\":\"https:\/\/sen-shop.com\/de\/#organization\",\"name\":\"Mind trade d.o.o\",\"url\":\"https:\/\/sen-shop.com\/de\/\",\"logo\":{\"@type\":\"ImageObject\",\"inLanguage\":\"de\",\"@id\":\"https:\/\/sen-shop.com\/de\/#\/schema\/logo\/image\/\",\"url\":\"https:\/\/sen-shop.com\/wp-content\/uploads\/2018\/05\/header_logo.png\",\"contentUrl\":\"https:\/\/sen-shop.com\/wp-content\/uploads\/2018\/05\/header_logo.png\",\"width\":138,\"height\":70,\"caption\":\"Mind trade d.o.o\"},\"image\":{\"@id\":\"https:\/\/sen-shop.com\/de\/#\/schema\/logo\/image\/\"},\"sameAs\":[\"https:\/\/www.instagram.com\/senslovenija\/\",\"https:\/\/www.facebook.com\/Senshopslovenija\"]}]}<\/script>\n<!-- \/ Yoast SEO plugin. -->","yoast_head_json":{"title":"Bio Teebaum\u00f6l 30ml","description":"Bio Teebaum\u00f6l 30ml","robots":{"index":"index","follow":"follow","max-snippet":"max-snippet:-1","max-image-preview":"max-image-preview:large","max-video-preview":"max-video-preview:-1"},"canonical":"https:\/\/sen-shop.com\/de\/collections\/personliche-pflege\/haarpflege\/bio-teebaumol-30ml\/","og_locale":"de_DE","og_type":"article","og_title":"Bio Teebaum\u00f6l 30ml","og_description":"Bio Teebaum\u00f6l 30ml","og_url":"https:\/\/sen-shop.com\/de\/collections\/personliche-pflege\/haarpflege\/bio-teebaumol-30ml\/","og_site_name":"SEN Shop","article_publisher":"https:\/\/www.facebook.com\/Senshopslovenija","article_modified_time":"2021-10-13T11:46:52+00:00","og_image":[{"width":1225,"height":1400,"url":"https:\/\/sen-shop.com\/wp-content\/uploads\/2021\/11\/Cajevec30_en_de-3.jpg","type":"image\/jpeg"}],"twitter_card":"summary_large_image","twitter_misc":{"Gesch\u00e4tzte Lesezeit":"3\u00a0Minuten"},"schema":{"@context":"https:\/\/schema.org","@graph":[{"@type":"WebPage","@id":"https:\/\/sen-shop.com\/de\/collections\/personliche-pflege\/haarpflege\/bio-teebaumol-30ml\/","url":"https:\/\/sen-shop.com\/de\/collections\/personliche-pflege\/haarpflege\/bio-teebaumol-30ml\/","name":"Bio Teebaum\u00f6l 30ml","isPartOf":{"@id":"https:\/\/sen-shop.com\/de\/#website"},"datePublished":"2017-05-16T08:21:18+00:00","dateModified":"2021-10-13T11:46:52+00:00","description":"Bio Teebaum\u00f6l 30ml","breadcrumb":{"@id":"https:\/\/sen-shop.com\/de\/collections\/personliche-pflege\/haarpflege\/bio-teebaumol-30ml\/#breadcrumb"},"inLanguage":"de","potentialAction":[{"@type":"ReadAction","target":["https:\/\/sen-shop.com\/de\/collections\/personliche-pflege\/haarpflege\/bio-teebaumol-30ml\/"]}]},{"@type":"BreadcrumbList","@id":"https:\/\/sen-shop.com\/de\/collections\/personliche-pflege\/haarpflege\/bio-teebaumol-30ml\/#breadcrumb","itemListElement":[{"@type":"ListItem","position":1,"name":"Home","item":"https:\/\/sen-shop.com\/de\/"},{"@type":"ListItem","position":2,"name":"Bio Teebaum\u00f6l 30ml"}]},{"@type":"WebSite","@id":"https:\/\/sen-shop.com\/de\/#website","url":"https:\/\/sen-shop.com\/de\/","name":"SEN Shop","description":"Slovensko, Ekolo\u0161ko, Naravno","publisher":{"@id":"https:\/\/sen-shop.com\/de\/#organization"},"potentialAction":[{"@type":"SearchAction","target":{"@type":"EntryPoint","urlTemplate":"https:\/\/sen-shop.com\/de\/?s={search_term_string}"},"query-input":"required name=search_term_string"}],"inLanguage":"de"},{"@type":"Organization","@id":"https:\/\/sen-shop.com\/de\/#organization","name":"Mind trade d.o.o","url":"https:\/\/sen-shop.com\/de\/","logo":{"@type":"ImageObject","inLanguage":"de","@id":"https:\/\/sen-shop.com\/de\/#\/schema\/logo\/image\/","url":"https:\/\/sen-shop.com\/wp-content\/uploads\/2018\/05\/header_logo.png","contentUrl":"https:\/\/sen-shop.com\/wp-content\/uploads\/2018\/05\/header_logo.png","width":138,"height":70,"caption":"Mind trade d.o.o"},"image":{"@id":"https:\/\/sen-shop.com\/de\/#\/schema\/logo\/image\/"},"sameAs":["https:\/\/www.instagram.com\/senslovenija\/","https:\/\/www.facebook.com\/Senshopslovenija"]}]}},"_links":{"self":[{"href":"https:\/\/sen-shop.com\/de\/wp-json\/wp\/v2\/product\/31762","targetHints":{"allow":["GET"]}}],"collection":[{"href":"https:\/\/sen-shop.com\/de\/wp-json\/wp\/v2\/product"}],"about":[{"href":"https:\/\/sen-shop.com\/de\/wp-json\/wp\/v2\/types\/product"}],"replies":[{"embeddable":true,"href":"https:\/\/sen-shop.com\/de\/wp-json\/wp\/v2\/comments?post=31762"}],"wp:featuredmedia":[{"embeddable":true,"href":"https:\/\/sen-shop.com\/de\/wp-json\/wp\/v2\/media\/42660"}],"wp:attachment":[{"href":"https:\/\/sen-shop.com\/de\/wp-json\/wp\/v2\/media?parent=31762"}],"wp:term":[{"taxonomy":"product_cat","embeddable":true,"href":"https:\/\/sen-shop.com\/de\/wp-json\/wp\/v2\/product_cat?post=31762"},{"taxonomy":"product_tag","embeddable":true,"href":"https:\/\/sen-shop.com\/de\/wp-json\/wp\/v2\/product_tag?post=31762"}],"curies":[{"name":"wp","href":"https:\/\/api.w.org\/{rel}","templated":true}]}}