{"id":31753,"date":"2020-05-21T14:53:50","date_gmt":"2020-05-21T12:53:50","guid":{"rendered":"https:\/\/www.sen-shop.com\/collections\/unkategorisiert\/naturliches-abwehrspray\/"},"modified":"2021-11-10T10:31:13","modified_gmt":"2021-11-10T09:31:13","slug":"naturliches-abwehrspray","status":"publish","type":"product","link":"https:\/\/sen-shop.com\/de\/collections\/personliche-pflege\/korperpflege\/naturliches-abwehrspray\/","title":{"rendered":"Nat\u00fcrliches Abwehrspray"},"content":{"rendered":"<p>[vc_row][vc_column][vc_column_text css=&#8220;.vc_custom_1625055521897{padding-top: 30px !important;padding-right: 30px !important;padding-bottom: 30px !important;padding-left: 30px !important;background-color: #c9db95 !important;}&#8220;]<strong>\u00c4therisches Zitroneneukalyptus\u00f6l<\/strong> enth\u00e4lt 85 Prozent Citronellal, eine Substanz, die wegen ihres frischen Duftes in der Kosmetikindustrie sehr beliebt ist. Zitroneneukalyptus\u00f6l sch\u00fctzt<strong> wirksam vor verschiedenen M\u00fcckenarten,<\/strong> darunter auch vor denen, die Malaria und Gelbfieber \u00fcbertragen.<\/p>\n<p>Das <strong>\u00e4therische \u00d6l der Gr\u00fcnen Minze<\/strong> ist nachweislich ein wirksames larvizides und sch\u00fctzendes Mittel zur Bek\u00e4mpfung von Denguefieber. Es wirkt sich auch <strong>negativ auf die Entwicklung von Stechm\u00fccken<\/strong> aus und wird daher in nat\u00fcrlichen Sprays zur Bek\u00e4mpfung gro\u00dfer Populationen im Freien eingesetzt.<\/p>\n<p>Untersuchungen haben gezeigt, dass <strong>Palmarosa sogar l\u00e4nger als viele andere \u00e4therische \u00d6le gegen Stechm\u00fccken <\/strong>wirksam sein kann.<\/p>\n<p><strong>Rosmarin<\/strong> wird als nat\u00fcrliches Pestizid vor allem als Insektenschutzmittel verwendet. Es hat starke antimikrobielle Eigenschaften und wehrt Insekten ab: Kleidermotten, Fruchtfliegen, L\u00e4use, Stechm\u00fccken und andere.<\/p>\n<p>&nbsp;<\/p>\n<p>[\/vc_column_text][\/vc_column][\/vc_row][vc_row][vc_column][vc_column_text css=&#8220;.vc_custom_1625055569609{padding-top: 30px !important;padding-right: 30px !important;padding-bottom: 30px !important;padding-left: 30px !important;background-color: #ededed !important;}&#8220;]<img decoding=\"async\" src=\"https:\/\/static.xx.fbcdn.net\/images\/emoji.php\/v9\/t51\/1\/16\/1f449.png\" alt=\"\ud83d\udc49\" \/> Nat\u00fcrliche Abwehrmittel sind sicher und k\u00f6nnen mehrmals am Tag angewendet werden. Vorsicht ist geboten bei einer \u00dcberempfindlichkeit gegen \u00e4therische \u00d6le.<\/p>\n<p><img decoding=\"async\" src=\"https:\/\/static.xx.fbcdn.net\/images\/emoji.php\/v9\/t51\/1\/16\/1f449.png\" alt=\"\ud83d\udc49\" \/> Nicht geeignet f\u00fcr Kinder unter drei Jahren.<\/p>\n<p><img decoding=\"async\" src=\"https:\/\/static.xx.fbcdn.net\/images\/emoji.php\/v9\/t51\/1\/16\/1f449.png\" alt=\"\ud83d\udc49\" \/> Kann auf die Kleidung gespr\u00fcht werden.<\/p>\n<p><img decoding=\"async\" src=\"https:\/\/static.xx.fbcdn.net\/images\/emoji.php\/v9\/t51\/1\/16\/1f449.png\" alt=\"\ud83d\udc49\" \/> Wiederholen Sie die Anwendung alle 2-4 Stunden.<\/p>\n<p>[\/vc_column_text][\/vc_column][\/vc_row][vc_row][vc_column][vc_column_text]Die meisten M\u00fccken- und Zeckenabwehrmittel enthalten einen Wirkstoff namens DEET. DEET wirkt, indem es den K\u00f6rpergeruch \u00fcberdeckt und so verhindert, dass eine M\u00fccke oder Zecke uns entdeckt. Studien haben bereits gezeigt, dass DEET, wenn es direkt auf die Haut aufgetragen wird, eine sch\u00e4dliche Wirkung auf unser Nervensystem haben kann. Besonders sch\u00e4dlich ist es, wenn es bei Kindern angewendet wird. <strong>Eine wissenschaftlich nachgewiesene nat\u00fcrliche Alternative zu DEET ist Zitroneneukalyptus, der erst seit kurzem in herk\u00f6mmlichen Repellentien enthalten ist.<\/strong> Natural Repellent Spray enth\u00e4lt ausschlie\u00dflich nat\u00fcrliche Inhaltsstoffe mit \u00e4therischen \u00d6len aus Bio-Zitroneneukalyptus, Bio-Gr\u00fcner Minze, Bio-Citronella, Bio-Palmarose und Bio-Rosmarinhydrolat.<\/p>\n<p>Das Produkt ist Aromacert\u00ae-zertifiziert, was ein hohes Qualit\u00e4tsniveau nach strengen aromatherapeutischen Kriterien wie Nat\u00fcrlichkeit, Authentizit\u00e4t und Reinheit der Inhaltsstoffe garantiert. Das Produkt ist 100% vegan und wurde nicht an Tieren getestet.<\/p>\n<p>[\/vc_column_text][\/vc_column][\/vc_row]<\/p>\n","protected":false},"excerpt":{"rendered":"<p><strong>100% nat\u00fcrliches Abwehrspray<\/strong> f\u00fcr unbeschwerte Aktivit\u00e4ten im Freien. Zugesetzte \u00e4therische \u00d6le wehren <strong>M\u00fccken und Zecken wirksam<\/strong> ab, ohne dass sch\u00e4dliche Pestizide und Chemikalien zugesetzt werden. Aufgrund seiner nat\u00fcrlichen Zusammensetzung ist <strong>es sicher f\u00fcr Kinder <\/strong>und <strong>Haustiere<\/strong> und kann so oft wie n\u00f6tig <strong>auf die Haut oder Kleidung gespr\u00fcht<\/strong> werden. In der passenden praktischen Verpackung f\u00fcr jede Gelegenheit.<\/p>\n<ul>\n<li>wehrt wirksam M\u00fccken, Zecken und andere Insekten ab<\/li>\n<li>kein klebriges Gef\u00fchl auf der Haut<\/li>\n<li>geeignet zum Schutz von Haut und Kleidung<\/li>\n<li>geeignet f\u00fcr Kinder und Haustiere (Hunde)<\/li>\n<li>100% nat\u00fcrlich, ohne sch\u00e4dliche Chemikalien und Insektizide<\/li>\n<\/ul>\n<p><strong>\u00c4therische \u00d6le aus Bio-Zitroneneukalyptus, Bio-Gr\u00fcner Minze, Bio-Citronella, Bio-Palmarose und Bio-Rosmarinhydrolat haben einen unangenehmen Geruch f\u00fcr Insekten<\/strong> und wehren sie so ab.<\/p>\n<p><strong>Geeignet f\u00fcr KINDER ab 3 Jahren.<\/strong><\/p>\n[banner_zeliscni]\n","protected":false},"featured_media":31755,"comment_status":"open","ping_status":"closed","template":"","meta":{"inline_featured_image":false},"product_cat":[816,834,830,819],"product_tag":[],"class_list":["post-31753","product","type-product","status-publish","has-post-thumbnail","hentry","product_cat-crni-petek-de","product_cat-kinder","product_cat-korperpflege","product_cat-personliche-pflege"],"acf":[],"yoast_head":"<!-- This site is optimized with the Yoast SEO plugin v19.13 - https:\/\/yoast.com\/wordpress\/plugins\/seo\/ -->\n<title>Nat\u00fcrliches Abwehrspray<\/title>\n<meta name=\"description\" content=\"Nat\u00fcrliches Abwehrspray\" \/>\n<meta name=\"robots\" content=\"index, follow, max-snippet:-1, max-image-preview:large, max-video-preview:-1\" \/>\n<link rel=\"canonical\" href=\"https:\/\/sen-shop.com\/de\/collections\/personliche-pflege\/korperpflege\/naturliches-abwehrspray\/\" \/>\n<meta property=\"og:locale\" content=\"de_DE\" \/>\n<meta property=\"og:type\" content=\"article\" \/>\n<meta property=\"og:title\" content=\"Nat\u00fcrliches Abwehrspray\" \/>\n<meta property=\"og:description\" content=\"Nat\u00fcrliches Abwehrspray\" \/>\n<meta property=\"og:url\" content=\"https:\/\/sen-shop.com\/de\/collections\/personliche-pflege\/korperpflege\/naturliches-abwehrspray\/\" \/>\n<meta property=\"og:site_name\" content=\"SEN Shop\" \/>\n<meta property=\"article:publisher\" content=\"https:\/\/www.facebook.com\/Senshopslovenija\" \/>\n<meta property=\"article:modified_time\" content=\"2021-11-10T09:31:13+00:00\" \/>\n<meta property=\"og:image\" content=\"https:\/\/sen-shop.com\/wp-content\/uploads\/2020\/05\/naravno-prsilo-za-aktivnosti-v-naravi-proti-klopom-in-komarjem.jpg\" \/>\n\t<meta property=\"og:image:width\" content=\"1000\" \/>\n\t<meta property=\"og:image:height\" content=\"1143\" \/>\n\t<meta property=\"og:image:type\" content=\"image\/jpeg\" \/>\n<meta name=\"twitter:card\" content=\"summary_large_image\" \/>\n<meta name=\"twitter:label1\" content=\"Gesch\u00e4tzte Lesezeit\" \/>\n\t<meta name=\"twitter:data1\" content=\"2\u00a0Minuten\" \/>\n<script type=\"application\/ld+json\" class=\"yoast-schema-graph\">{\"@context\":\"https:\/\/schema.org\",\"@graph\":[{\"@type\":\"WebPage\",\"@id\":\"https:\/\/sen-shop.com\/de\/collections\/personliche-pflege\/korperpflege\/naturliches-abwehrspray\/\",\"url\":\"https:\/\/sen-shop.com\/de\/collections\/personliche-pflege\/korperpflege\/naturliches-abwehrspray\/\",\"name\":\"Nat\u00fcrliches Abwehrspray\",\"isPartOf\":{\"@id\":\"https:\/\/sen-shop.com\/de\/#website\"},\"datePublished\":\"2020-05-21T12:53:50+00:00\",\"dateModified\":\"2021-11-10T09:31:13+00:00\",\"description\":\"Nat\u00fcrliches Abwehrspray\",\"breadcrumb\":{\"@id\":\"https:\/\/sen-shop.com\/de\/collections\/personliche-pflege\/korperpflege\/naturliches-abwehrspray\/#breadcrumb\"},\"inLanguage\":\"de\",\"potentialAction\":[{\"@type\":\"ReadAction\",\"target\":[\"https:\/\/sen-shop.com\/de\/collections\/personliche-pflege\/korperpflege\/naturliches-abwehrspray\/\"]}]},{\"@type\":\"BreadcrumbList\",\"@id\":\"https:\/\/sen-shop.com\/de\/collections\/personliche-pflege\/korperpflege\/naturliches-abwehrspray\/#breadcrumb\",\"itemListElement\":[{\"@type\":\"ListItem\",\"position\":1,\"name\":\"Home\",\"item\":\"https:\/\/sen-shop.com\/de\/\"},{\"@type\":\"ListItem\",\"position\":2,\"name\":\"Nat\u00fcrliches Abwehrspray\"}]},{\"@type\":\"WebSite\",\"@id\":\"https:\/\/sen-shop.com\/de\/#website\",\"url\":\"https:\/\/sen-shop.com\/de\/\",\"name\":\"SEN Shop\",\"description\":\"Slovensko, Ekolo\u0161ko, Naravno\",\"publisher\":{\"@id\":\"https:\/\/sen-shop.com\/de\/#organization\"},\"potentialAction\":[{\"@type\":\"SearchAction\",\"target\":{\"@type\":\"EntryPoint\",\"urlTemplate\":\"https:\/\/sen-shop.com\/de\/?s={search_term_string}\"},\"query-input\":\"required name=search_term_string\"}],\"inLanguage\":\"de\"},{\"@type\":\"Organization\",\"@id\":\"https:\/\/sen-shop.com\/de\/#organization\",\"name\":\"Mind trade d.o.o\",\"url\":\"https:\/\/sen-shop.com\/de\/\",\"logo\":{\"@type\":\"ImageObject\",\"inLanguage\":\"de\",\"@id\":\"https:\/\/sen-shop.com\/de\/#\/schema\/logo\/image\/\",\"url\":\"https:\/\/sen-shop.com\/wp-content\/uploads\/2018\/05\/header_logo.png\",\"contentUrl\":\"https:\/\/sen-shop.com\/wp-content\/uploads\/2018\/05\/header_logo.png\",\"width\":138,\"height\":70,\"caption\":\"Mind trade d.o.o\"},\"image\":{\"@id\":\"https:\/\/sen-shop.com\/de\/#\/schema\/logo\/image\/\"},\"sameAs\":[\"https:\/\/www.instagram.com\/senslovenija\/\",\"https:\/\/www.facebook.com\/Senshopslovenija\"]}]}<\/script>\n<!-- \/ Yoast SEO plugin. -->","yoast_head_json":{"title":"Nat\u00fcrliches Abwehrspray","description":"Nat\u00fcrliches Abwehrspray","robots":{"index":"index","follow":"follow","max-snippet":"max-snippet:-1","max-image-preview":"max-image-preview:large","max-video-preview":"max-video-preview:-1"},"canonical":"https:\/\/sen-shop.com\/de\/collections\/personliche-pflege\/korperpflege\/naturliches-abwehrspray\/","og_locale":"de_DE","og_type":"article","og_title":"Nat\u00fcrliches Abwehrspray","og_description":"Nat\u00fcrliches Abwehrspray","og_url":"https:\/\/sen-shop.com\/de\/collections\/personliche-pflege\/korperpflege\/naturliches-abwehrspray\/","og_site_name":"SEN Shop","article_publisher":"https:\/\/www.facebook.com\/Senshopslovenija","article_modified_time":"2021-11-10T09:31:13+00:00","og_image":[{"width":1000,"height":1143,"url":"https:\/\/sen-shop.com\/wp-content\/uploads\/2020\/05\/naravno-prsilo-za-aktivnosti-v-naravi-proti-klopom-in-komarjem.jpg","type":"image\/jpeg"}],"twitter_card":"summary_large_image","twitter_misc":{"Gesch\u00e4tzte Lesezeit":"2\u00a0Minuten"},"schema":{"@context":"https:\/\/schema.org","@graph":[{"@type":"WebPage","@id":"https:\/\/sen-shop.com\/de\/collections\/personliche-pflege\/korperpflege\/naturliches-abwehrspray\/","url":"https:\/\/sen-shop.com\/de\/collections\/personliche-pflege\/korperpflege\/naturliches-abwehrspray\/","name":"Nat\u00fcrliches Abwehrspray","isPartOf":{"@id":"https:\/\/sen-shop.com\/de\/#website"},"datePublished":"2020-05-21T12:53:50+00:00","dateModified":"2021-11-10T09:31:13+00:00","description":"Nat\u00fcrliches Abwehrspray","breadcrumb":{"@id":"https:\/\/sen-shop.com\/de\/collections\/personliche-pflege\/korperpflege\/naturliches-abwehrspray\/#breadcrumb"},"inLanguage":"de","potentialAction":[{"@type":"ReadAction","target":["https:\/\/sen-shop.com\/de\/collections\/personliche-pflege\/korperpflege\/naturliches-abwehrspray\/"]}]},{"@type":"BreadcrumbList","@id":"https:\/\/sen-shop.com\/de\/collections\/personliche-pflege\/korperpflege\/naturliches-abwehrspray\/#breadcrumb","itemListElement":[{"@type":"ListItem","position":1,"name":"Home","item":"https:\/\/sen-shop.com\/de\/"},{"@type":"ListItem","position":2,"name":"Nat\u00fcrliches Abwehrspray"}]},{"@type":"WebSite","@id":"https:\/\/sen-shop.com\/de\/#website","url":"https:\/\/sen-shop.com\/de\/","name":"SEN Shop","description":"Slovensko, Ekolo\u0161ko, Naravno","publisher":{"@id":"https:\/\/sen-shop.com\/de\/#organization"},"potentialAction":[{"@type":"SearchAction","target":{"@type":"EntryPoint","urlTemplate":"https:\/\/sen-shop.com\/de\/?s={search_term_string}"},"query-input":"required name=search_term_string"}],"inLanguage":"de"},{"@type":"Organization","@id":"https:\/\/sen-shop.com\/de\/#organization","name":"Mind trade d.o.o","url":"https:\/\/sen-shop.com\/de\/","logo":{"@type":"ImageObject","inLanguage":"de","@id":"https:\/\/sen-shop.com\/de\/#\/schema\/logo\/image\/","url":"https:\/\/sen-shop.com\/wp-content\/uploads\/2018\/05\/header_logo.png","contentUrl":"https:\/\/sen-shop.com\/wp-content\/uploads\/2018\/05\/header_logo.png","width":138,"height":70,"caption":"Mind trade d.o.o"},"image":{"@id":"https:\/\/sen-shop.com\/de\/#\/schema\/logo\/image\/"},"sameAs":["https:\/\/www.instagram.com\/senslovenija\/","https:\/\/www.facebook.com\/Senshopslovenija"]}]}},"_links":{"self":[{"href":"https:\/\/sen-shop.com\/de\/wp-json\/wp\/v2\/product\/31753","targetHints":{"allow":["GET"]}}],"collection":[{"href":"https:\/\/sen-shop.com\/de\/wp-json\/wp\/v2\/product"}],"about":[{"href":"https:\/\/sen-shop.com\/de\/wp-json\/wp\/v2\/types\/product"}],"replies":[{"embeddable":true,"href":"https:\/\/sen-shop.com\/de\/wp-json\/wp\/v2\/comments?post=31753"}],"wp:featuredmedia":[{"embeddable":true,"href":"https:\/\/sen-shop.com\/de\/wp-json\/wp\/v2\/media\/31755"}],"wp:attachment":[{"href":"https:\/\/sen-shop.com\/de\/wp-json\/wp\/v2\/media?parent=31753"}],"wp:term":[{"taxonomy":"product_cat","embeddable":true,"href":"https:\/\/sen-shop.com\/de\/wp-json\/wp\/v2\/product_cat?post=31753"},{"taxonomy":"product_tag","embeddable":true,"href":"https:\/\/sen-shop.com\/de\/wp-json\/wp\/v2\/product_tag?post=31753"}],"curies":[{"name":"wp","href":"https:\/\/api.w.org\/{rel}","templated":true}]}}