{"id":31750,"date":"2016-09-16T01:10:11","date_gmt":"2016-09-15T23:10:11","guid":{"rendered":"https:\/\/www.sen-shop.com\/collections\/unkategorisiert\/naturliche-intimseife\/"},"modified":"2021-10-13T13:49:41","modified_gmt":"2021-10-13T11:49:41","slug":"naturliche-intimseife","status":"publish","type":"product","link":"https:\/\/sen-shop.com\/de\/collections\/personliche-pflege\/intimpflege\/naturliche-intimseife\/","title":{"rendered":"Nat\u00fcrliche Intimseife"},"content":{"rendered":"<p>[vc_row][vc_column][vc_column_text css=&#8220;.vc_custom_1625048013170{padding-top: 30px !important;padding-right: 30px !important;padding-bottom: 30px !important;padding-left: 30px !important;background-color: #c9db95 !important;}&#8220;]<br \/>\nDie nat\u00fcrliche Intimseife hat eine beruhigende Wirkung und erh\u00e4lt das nat\u00fcrliche physiologische Gleichgewicht der Haut. Hochwertige Inhaltsstoffe sorgen den ganzen Tag \u00fcber f\u00fcr den richtigen Schutz des Intimbereichs.<\/p>\n<p><strong>Milde Kokosnussseife<\/strong> und reichhaltige Kr\u00e4utermischung: <strong>Lavendel<\/strong> wirkt wohltuend auf die Haut, <strong>sch\u00fctzt sie vor dem Austrocknen und unterst\u00fctzt ihre Regeneration<\/strong>, <strong>Ringelblume<\/strong> wirkt <strong>heilend und entz\u00fcndungshemmend und Kamille beruhigend<\/strong>. <strong>Hamamelis<\/strong> wird in verschiedenen kosmetischen Rezepturen verwendet, um<strong> Juckreiz und Hautreizungen zu lindern<\/strong>. Malve hat eine beruhigende Wirkung und sch\u00fctzt die Schleimh\u00e4ute und empfindliche Haut. <strong>Propolis<\/strong> hilft, das nat\u00fcrliche physiologische Gleichgewicht der Haut zu erhalten. <strong>Grapefruit<\/strong> erfrischt die Haut und spendet ihr Feuchtigkeit.<\/p>\n<p>[\/vc_column_text][\/vc_column][\/vc_row][vc_row][vc_column][vc_column_text css=&#8220;.vc_custom_1625048025755{padding-top: 30px !important;padding-right: 30px !important;padding-bottom: 30px !important;padding-left: 30px !important;background-color: #ededed !important;}&#8220;]<br \/>\n<img decoding=\"async\" src=\"https:\/\/static.xx.fbcdn.net\/images\/emoji.php\/v9\/t51\/1\/16\/1f449.png\" alt=\"\ud83d\udc49\" \/>\u00a0Reiben Sie eine kleine Menge Seife in die Haut ein und waschen Sie sie dann mit lauwarmem Wasser ab.<\/p>\n<p><img decoding=\"async\" src=\"https:\/\/static.xx.fbcdn.net\/images\/emoji.php\/v9\/t51\/1\/16\/1f449.png\" alt=\"\ud83d\udc49\" \/> PH-Wert 5,0 f\u00fcr ein angemessenes Gleichgewicht im Intimbereich.[\/vc_column_text][\/vc_column][\/vc_row][vc_row][vc_column][vc_column_text]Die Verwendung von synthetischen Seifen, die oft aggressive Schaumbildner enthalten, kann die Schleimh\u00e4ute sch\u00e4digen. Unangenehmes Gef\u00fchl und Juckreiz sind oft auf trockene und gereizte Schleimh\u00e4ute zur\u00fcckzuf\u00fchren. Nat\u00fcrliche Intimseife mit Ringelblumen- und Kamillenextrakten wirkt beruhigend und <strong>sch\u00fctzt den Intimbereich den ganzen Tag \u00fcber.<\/strong><\/p>\n<p><strong>Scheidenentz\u00fcndungen werden meist durch den Pilz Candida albicans verursacht<\/strong>. Am h\u00e4ufigsten sind Frauen zwischen zwanzig und drei\u00dfig Jahren und Schwangere von dieser Krankheit betroffen. In der Vagina einer erwachsenen Frau leben normalerweise mehrere Arten von n\u00fctzlichen Bakterien und Mikroorganismen in Harmonie zusammen. Dadurch wird ein geeignetes saures Milieu aufrechterhalten, das vor sch\u00e4dlichen Bakterien sch\u00fctzt. Die normale Vaginalflora kann durch Stress, hormonelle Ver\u00e4nderungen, psychische Probleme, Umweltver\u00e4nderungen, das Tragen enger Kleidung und Unterw\u00e4sche aus k\u00fcnstlichen Stoffen, nasse Badeanz\u00fcge, die Verwendung von parf\u00fcmierten Tampons, parf\u00fcmierten Seifen, T\u00fcchern und Deodorants im Genitalbereich und \u00fcberm\u00e4\u00dfiges Waschen des Genitalbereichs gest\u00f6rt werden.<strong> Die \u00fcberm\u00e4\u00dfige Vermehrung von pathogenen Bakterien und Pilzen f\u00fchrt zu Scheidenentz\u00fcndungen, Juckreiz und Brennen.<\/strong><\/p>\n<p>Das Produkt ist Aromacert\u00ae-zertifiziert, was ein hohes Qualit\u00e4tsniveau nach strengen Aromatherapiekriterien wie Nat\u00fcrlichkeit, Authentizit\u00e4t und Reinheit der Inhaltsstoffe garantiert. Das Produkt ist 100% vegan und wurde nicht an Tieren getestet.<\/p>\n<p>[\/vc_column_text][\/vc_column][\/vc_row]<\/p>\n","protected":false},"excerpt":{"rendered":"<p>Das Gewebe im Intimbereich ist sehr d\u00fcnn und empfindlich. Bei der Verwendung von ungeeigneten Reinigungsprodukten ist es anf\u00e4llig f\u00fcr Allergien und Infektionen. Nat\u00fcrliche Intimseife mit einem angemessenen PH-Wert von 5,0 h\u00e4lt das <strong>physiologische Gleichgewicht<\/strong> Ihres Intimbereichs aufrecht. Diese intensive Kr\u00e4utertherapie unterst\u00fctzt die Regenerationsf\u00e4higkeit von Haut und Schleimhaut (Ringelblume, Kamille, Lavendel), h\u00e4lt sie gesund (Vitamin A), beruhigt gereizte, juckende und entz\u00fcndete Haut (Propolis, Malve, Hamamelis) und wirkt leicht antiseptisch (Teebaum, Grapefruit).<\/p>\n<ul>\n<li>unterst\u00fctzt die Regenerationsf\u00e4higkeit der Haut und der Schleimh\u00e4ute<\/li>\n<li>spendet Feuchtigkeit und sch\u00fctzt die Haut und Schleimh\u00e4ute<\/li>\n<li>beruhigt gereizte, juckende und entz\u00fcndete Haut<\/li>\n<li>hat eine leicht antiseptische Wirkung<\/li>\n<\/ul>\n<p>Geeignet f\u00fcr die t\u00e4gliche Reinigung von zarter und empfindlicher Haut. Entwickelt f\u00fcr die Pflege und den Schutz des Intimbereichs.<\/p>\n[banner_zeliscni]\n","protected":false},"featured_media":36367,"comment_status":"open","ping_status":"closed","template":"","meta":{"inline_featured_image":false},"product_cat":[816,833,819],"product_tag":[821,825,826,882,822,823],"class_list":["post-31750","product","type-product","status-publish","has-post-thumbnail","hentry","product_cat-crni-petek-de","product_cat-intimpflege","product_cat-personliche-pflege","product_tag-bio-de","product_tag-bio-kozmetika-de","product_tag-ekoloska-kozmetika-de","product_tag-intimna-nega-de","product_tag-naravna-kozmetika-de","product_tag-slovenska-naravna-kozmetika-de"],"acf":[],"yoast_head":"<!-- This site is optimized with the Yoast SEO plugin v19.13 - https:\/\/yoast.com\/wordpress\/plugins\/seo\/ -->\n<title>Nat\u00fcrliche Intimseife<\/title>\n<meta name=\"description\" content=\"Nat\u00fcrliche Intimseife\" \/>\n<meta name=\"robots\" content=\"index, follow, max-snippet:-1, max-image-preview:large, max-video-preview:-1\" \/>\n<link rel=\"canonical\" href=\"https:\/\/sen-shop.com\/de\/collections\/personliche-pflege\/intimpflege\/naturliche-intimseife\/\" \/>\n<meta property=\"og:locale\" content=\"de_DE\" \/>\n<meta property=\"og:type\" content=\"article\" \/>\n<meta property=\"og:title\" content=\"Nat\u00fcrliche Intimseife\" \/>\n<meta property=\"og:description\" content=\"Nat\u00fcrliche Intimseife\" \/>\n<meta property=\"og:url\" content=\"https:\/\/sen-shop.com\/de\/collections\/personliche-pflege\/intimpflege\/naturliche-intimseife\/\" \/>\n<meta property=\"og:site_name\" content=\"SEN Shop\" \/>\n<meta property=\"article:publisher\" content=\"https:\/\/www.facebook.com\/Senshopslovenija\" \/>\n<meta property=\"article:modified_time\" content=\"2021-10-13T11:49:41+00:00\" \/>\n<meta property=\"og:image\" content=\"https:\/\/sen-shop.com\/wp-content\/uploads\/2021\/10\/intimno-milo_en_de-1.jpg\" \/>\n\t<meta property=\"og:image:width\" content=\"1225\" \/>\n\t<meta property=\"og:image:height\" content=\"1400\" \/>\n\t<meta property=\"og:image:type\" content=\"image\/jpeg\" \/>\n<meta name=\"twitter:card\" content=\"summary_large_image\" \/>\n<meta name=\"twitter:label1\" content=\"Gesch\u00e4tzte Lesezeit\" \/>\n\t<meta name=\"twitter:data1\" content=\"2\u00a0Minuten\" \/>\n<script type=\"application\/ld+json\" class=\"yoast-schema-graph\">{\"@context\":\"https:\/\/schema.org\",\"@graph\":[{\"@type\":\"WebPage\",\"@id\":\"https:\/\/sen-shop.com\/de\/collections\/personliche-pflege\/intimpflege\/naturliche-intimseife\/\",\"url\":\"https:\/\/sen-shop.com\/de\/collections\/personliche-pflege\/intimpflege\/naturliche-intimseife\/\",\"name\":\"Nat\u00fcrliche Intimseife\",\"isPartOf\":{\"@id\":\"https:\/\/sen-shop.com\/de\/#website\"},\"datePublished\":\"2016-09-15T23:10:11+00:00\",\"dateModified\":\"2021-10-13T11:49:41+00:00\",\"description\":\"Nat\u00fcrliche Intimseife\",\"breadcrumb\":{\"@id\":\"https:\/\/sen-shop.com\/de\/collections\/personliche-pflege\/intimpflege\/naturliche-intimseife\/#breadcrumb\"},\"inLanguage\":\"de\",\"potentialAction\":[{\"@type\":\"ReadAction\",\"target\":[\"https:\/\/sen-shop.com\/de\/collections\/personliche-pflege\/intimpflege\/naturliche-intimseife\/\"]}]},{\"@type\":\"BreadcrumbList\",\"@id\":\"https:\/\/sen-shop.com\/de\/collections\/personliche-pflege\/intimpflege\/naturliche-intimseife\/#breadcrumb\",\"itemListElement\":[{\"@type\":\"ListItem\",\"position\":1,\"name\":\"Home\",\"item\":\"https:\/\/sen-shop.com\/de\/\"},{\"@type\":\"ListItem\",\"position\":2,\"name\":\"Nat\u00fcrliche Intimseife\"}]},{\"@type\":\"WebSite\",\"@id\":\"https:\/\/sen-shop.com\/de\/#website\",\"url\":\"https:\/\/sen-shop.com\/de\/\",\"name\":\"SEN Shop\",\"description\":\"Slovensko, Ekolo\u0161ko, Naravno\",\"publisher\":{\"@id\":\"https:\/\/sen-shop.com\/de\/#organization\"},\"potentialAction\":[{\"@type\":\"SearchAction\",\"target\":{\"@type\":\"EntryPoint\",\"urlTemplate\":\"https:\/\/sen-shop.com\/de\/?s={search_term_string}\"},\"query-input\":\"required name=search_term_string\"}],\"inLanguage\":\"de\"},{\"@type\":\"Organization\",\"@id\":\"https:\/\/sen-shop.com\/de\/#organization\",\"name\":\"Mind trade d.o.o\",\"url\":\"https:\/\/sen-shop.com\/de\/\",\"logo\":{\"@type\":\"ImageObject\",\"inLanguage\":\"de\",\"@id\":\"https:\/\/sen-shop.com\/de\/#\/schema\/logo\/image\/\",\"url\":\"https:\/\/sen-shop.com\/wp-content\/uploads\/2018\/05\/header_logo.png\",\"contentUrl\":\"https:\/\/sen-shop.com\/wp-content\/uploads\/2018\/05\/header_logo.png\",\"width\":138,\"height\":70,\"caption\":\"Mind trade d.o.o\"},\"image\":{\"@id\":\"https:\/\/sen-shop.com\/de\/#\/schema\/logo\/image\/\"},\"sameAs\":[\"https:\/\/www.instagram.com\/senslovenija\/\",\"https:\/\/www.facebook.com\/Senshopslovenija\"]}]}<\/script>\n<!-- \/ Yoast SEO plugin. -->","yoast_head_json":{"title":"Nat\u00fcrliche Intimseife","description":"Nat\u00fcrliche Intimseife","robots":{"index":"index","follow":"follow","max-snippet":"max-snippet:-1","max-image-preview":"max-image-preview:large","max-video-preview":"max-video-preview:-1"},"canonical":"https:\/\/sen-shop.com\/de\/collections\/personliche-pflege\/intimpflege\/naturliche-intimseife\/","og_locale":"de_DE","og_type":"article","og_title":"Nat\u00fcrliche Intimseife","og_description":"Nat\u00fcrliche Intimseife","og_url":"https:\/\/sen-shop.com\/de\/collections\/personliche-pflege\/intimpflege\/naturliche-intimseife\/","og_site_name":"SEN Shop","article_publisher":"https:\/\/www.facebook.com\/Senshopslovenija","article_modified_time":"2021-10-13T11:49:41+00:00","og_image":[{"width":1225,"height":1400,"url":"https:\/\/sen-shop.com\/wp-content\/uploads\/2021\/10\/intimno-milo_en_de-1.jpg","type":"image\/jpeg"}],"twitter_card":"summary_large_image","twitter_misc":{"Gesch\u00e4tzte Lesezeit":"2\u00a0Minuten"},"schema":{"@context":"https:\/\/schema.org","@graph":[{"@type":"WebPage","@id":"https:\/\/sen-shop.com\/de\/collections\/personliche-pflege\/intimpflege\/naturliche-intimseife\/","url":"https:\/\/sen-shop.com\/de\/collections\/personliche-pflege\/intimpflege\/naturliche-intimseife\/","name":"Nat\u00fcrliche Intimseife","isPartOf":{"@id":"https:\/\/sen-shop.com\/de\/#website"},"datePublished":"2016-09-15T23:10:11+00:00","dateModified":"2021-10-13T11:49:41+00:00","description":"Nat\u00fcrliche Intimseife","breadcrumb":{"@id":"https:\/\/sen-shop.com\/de\/collections\/personliche-pflege\/intimpflege\/naturliche-intimseife\/#breadcrumb"},"inLanguage":"de","potentialAction":[{"@type":"ReadAction","target":["https:\/\/sen-shop.com\/de\/collections\/personliche-pflege\/intimpflege\/naturliche-intimseife\/"]}]},{"@type":"BreadcrumbList","@id":"https:\/\/sen-shop.com\/de\/collections\/personliche-pflege\/intimpflege\/naturliche-intimseife\/#breadcrumb","itemListElement":[{"@type":"ListItem","position":1,"name":"Home","item":"https:\/\/sen-shop.com\/de\/"},{"@type":"ListItem","position":2,"name":"Nat\u00fcrliche Intimseife"}]},{"@type":"WebSite","@id":"https:\/\/sen-shop.com\/de\/#website","url":"https:\/\/sen-shop.com\/de\/","name":"SEN Shop","description":"Slovensko, Ekolo\u0161ko, Naravno","publisher":{"@id":"https:\/\/sen-shop.com\/de\/#organization"},"potentialAction":[{"@type":"SearchAction","target":{"@type":"EntryPoint","urlTemplate":"https:\/\/sen-shop.com\/de\/?s={search_term_string}"},"query-input":"required name=search_term_string"}],"inLanguage":"de"},{"@type":"Organization","@id":"https:\/\/sen-shop.com\/de\/#organization","name":"Mind trade d.o.o","url":"https:\/\/sen-shop.com\/de\/","logo":{"@type":"ImageObject","inLanguage":"de","@id":"https:\/\/sen-shop.com\/de\/#\/schema\/logo\/image\/","url":"https:\/\/sen-shop.com\/wp-content\/uploads\/2018\/05\/header_logo.png","contentUrl":"https:\/\/sen-shop.com\/wp-content\/uploads\/2018\/05\/header_logo.png","width":138,"height":70,"caption":"Mind trade d.o.o"},"image":{"@id":"https:\/\/sen-shop.com\/de\/#\/schema\/logo\/image\/"},"sameAs":["https:\/\/www.instagram.com\/senslovenija\/","https:\/\/www.facebook.com\/Senshopslovenija"]}]}},"_links":{"self":[{"href":"https:\/\/sen-shop.com\/de\/wp-json\/wp\/v2\/product\/31750","targetHints":{"allow":["GET"]}}],"collection":[{"href":"https:\/\/sen-shop.com\/de\/wp-json\/wp\/v2\/product"}],"about":[{"href":"https:\/\/sen-shop.com\/de\/wp-json\/wp\/v2\/types\/product"}],"replies":[{"embeddable":true,"href":"https:\/\/sen-shop.com\/de\/wp-json\/wp\/v2\/comments?post=31750"}],"wp:featuredmedia":[{"embeddable":true,"href":"https:\/\/sen-shop.com\/de\/wp-json\/wp\/v2\/media\/36367"}],"wp:attachment":[{"href":"https:\/\/sen-shop.com\/de\/wp-json\/wp\/v2\/media?parent=31750"}],"wp:term":[{"taxonomy":"product_cat","embeddable":true,"href":"https:\/\/sen-shop.com\/de\/wp-json\/wp\/v2\/product_cat?post=31750"},{"taxonomy":"product_tag","embeddable":true,"href":"https:\/\/sen-shop.com\/de\/wp-json\/wp\/v2\/product_tag?post=31750"}],"curies":[{"name":"wp","href":"https:\/\/api.w.org\/{rel}","templated":true}]}}