{"id":31738,"date":"2017-05-19T01:06:14","date_gmt":"2017-05-18T23:06:14","guid":{"rendered":"https:\/\/www.sen-shop.com\/collections\/unkategorisiert\/muscle-gel\/"},"modified":"2022-06-01T00:08:02","modified_gmt":"2022-05-31T22:08:02","slug":"muscle-gel","status":"publish","type":"product","link":"https:\/\/sen-shop.com\/de\/collections\/personliche-pflege\/gelenke-und-muskeln\/muscle-gel\/","title":{"rendered":"Muscle gel"},"content":{"rendered":"<p>[vc_row][vc_column][vc_column_text css=&#8220;.vc_custom_1625047858245{padding-top: 30px !important;padding-right: 30px !important;padding-bottom: 30px !important;padding-left: 30px !important;background-color: #c9db95 !important;}&#8220;]<br \/>\nCayennepfeffer-Extrakt erw\u00e4rmt die Muskeln, st\u00e4rkt den Blutkreislauf und die Blutgef\u00e4\u00dfw\u00e4nde. Er ist vor allem in Pr\u00e4paraten f\u00fcr Sportler enthalten und hilft durch die Erw\u00e4rmung der Muskeln, m\u00f6glichen Verletzungen vorzubeugen. Cayennepfeffer wird auch als Mittel gegen Rheuma und Arthritis gesch\u00e4tzt.<\/p>\n<p>Die <strong>wei\u00dfe Weide<\/strong> hat eine entz\u00fcndungshemmende, <strong>schmerzlindernde<\/strong>, adstringierende (Gewebekompression bei Wunden) und antiseptische Wirkung. Die Weide eignet sich hervorragend zur Behandlung von Rheuma, Entz\u00fcndungen und Kr\u00e4mpfen. Sie <strong>enth\u00e4lt Salicyls\u00e4ure<\/strong> (einer der Hauptbestandteile von Aspirin), die eine stark entz\u00fcndungshemmende Wirkung hat.<\/p>\n<p>[\/vc_column_text][\/vc_column][\/vc_row][vc_row][vc_column][vc_column_text css=&#8220;.vc_custom_1625047872735{padding-top: 30px !important;padding-right: 30px !important;padding-bottom: 30px !important;padding-left: 30px !important;background-color: #ededed !important;}&#8220;]<img decoding=\"async\" src=\"https:\/\/static.xx.fbcdn.net\/images\/emoji.php\/v9\/t51\/1\/16\/1f449.png\" alt=\"\ud83d\udc49\" \/> Vor und nach sportlicher Bet\u00e4tigung die gew\u00fcnschten Stellen mit Muskelgel einmassieren.<\/p>\n<p><img decoding=\"async\" src=\"https:\/\/static.xx.fbcdn.net\/images\/emoji.php\/v9\/t51\/1\/16\/1f449.png\" alt=\"\ud83d\udc49\" \/> Bei Beulen und blauen Flecken massieren Sie Muskelgel direkt auf die betroffene Stelle<\/p>\n<p><img decoding=\"async\" src=\"https:\/\/static.xx.fbcdn.net\/images\/emoji.php\/v9\/t51\/1\/16\/1f449.png\" alt=\"\ud83d\udc49\" \/> Achten Sie darauf, dass Muskelgel nicht mit den Schleimh\u00e4uten oder offenen Wunden in Ber\u00fchrung kommt.[\/vc_column_text][\/vc_column][\/vc_row][vc_row][vc_column][vc_column_text]Um Verletzungen vorzubeugen, ist es notwendig, sich vor der k\u00f6rperlichen Bet\u00e4tigung richtig aufzuw\u00e4rmen. <strong>Besonders wichtig ist das Aufw\u00e4rmen vor intensiver k\u00f6rperlicher Bet\u00e4tigung, da es sonst zu schweren Verletzungen kommen kann<\/strong>. In den meisten F\u00e4llen reichen schon ein paar Minuten Joggen, Gymnastik und Dehnen aus. Mit dem Aufw\u00e4rmen bereiten Sie die Muskeln und B\u00e4nder auf die Aktivit\u00e4t vor, denn der Sprung vom Nichtstun zum Training kann f\u00fcr den K\u00f6rper ein gro\u00dfer Schock sein.<\/p>\n<p>Das Produkt ist Aromacert\u00ae-zertifiziert, was ein hohes Qualit\u00e4tsniveau nach strengen Aromatherapiekriterien wie Nat\u00fcrlichkeit, Authentizit\u00e4t und Reinheit der Inhaltsstoffe garantiert. Das Produkt ist 100% vegan und wurde nicht an Tieren getestet.<\/p>\n<p>[\/vc_column_text][\/vc_column][\/vc_row]<\/p>\n","protected":false},"excerpt":{"rendered":"<p>Das Muskelgel hat eine leicht w\u00e4rmende Wirkung, die f\u00fcr das Aufw\u00e4rmen der Muskeln vor dem Sport und f\u00fcr die Pflege kalter und schlecht durchbluteter Gliedma\u00dfen von Vorteil ist. Unverzichtbares Produkt f\u00fcr Sportler und alle, die einen <strong>aktiven Lebensstil<\/strong> f\u00fchren.<\/p>\n<ul>\n<li>w\u00e4rmt die Muskeln und bereitet sie auf die Bewegung vor<\/li>\n<li>regt die Blutzirkulation an, wirkt gegen Rheumatismus<\/li>\n<li>lindert Muskelschmerzen, beruhigt und gibt das Gef\u00fchl leichterer Beine<\/li>\n<li>regeneriert die Haut und reduziert die Schwei\u00dfbildung<\/li>\n<\/ul>\n<p>Das Aufw\u00e4rmen ist das Wichtigste, was Sie vor dem Sport und der Bewegung tun m\u00fcssen, denn es beugt Verletzungen vor. Vor Beginn der \u00dcbung sind die Gliedma\u00dfen steif und geschrumpft, was besonders bei kaltem Wetter (Winter) oder nach langem Sitzen im B\u00fcro vorkommt.<\/p>\n[banner_zeliscni]\n","protected":false},"featured_media":37801,"comment_status":"open","ping_status":"closed","template":"","meta":{"inline_featured_image":false},"product_cat":[816,831,827,830,819],"product_tag":[821,825,864,877,865,862,866,867,868,863,869,878,879,880,871,826,872,881,874,822,853,823,876],"class_list":["post-31738","product","type-product","status-publish","has-post-thumbnail","hentry","product_cat-crni-petek-de","product_cat-fuspflege","product_cat-gelenke-und-muskeln","product_cat-korperpflege","product_cat-personliche-pflege","product_tag-bio-de","product_tag-bio-kozmetika-de","product_tag-bolec-hrbet-de","product_tag-boleca-stopala-de","product_tag-bolece-noge-de","product_tag-boleci-sklepi-de","product_tag-bolecina-v-kolku-de","product_tag-bolecina-v-levi-roki-de","product_tag-bolecina-v-rami-de","product_tag-bolecine-v-krizu-de","product_tag-bolecine-v-mecih-de","product_tag-bolecine-v-misicah-de","product_tag-bolecine-v-nogah-od-kolen-navzdol-de","product_tag-bolecine-v-nogah-ponoci-de","product_tag-bolecine-v-vratu-de","product_tag-ekoloska-kozmetika-de","product_tag-isias-de","product_tag-krema-za-sklepe-de","product_tag-misice-in-sklepi-de","product_tag-naravna-kozmetika-de","product_tag-nega-telesa-de","product_tag-slovenska-naravna-kozmetika-de","product_tag-tezave-s-sklepi-de"],"acf":[],"yoast_head":"<!-- This site is optimized with the Yoast SEO plugin v19.13 - https:\/\/yoast.com\/wordpress\/plugins\/seo\/ -->\n<title>Muscle gel<\/title>\n<meta name=\"description\" content=\"Muscle gel\" \/>\n<meta name=\"robots\" content=\"index, follow, max-snippet:-1, max-image-preview:large, max-video-preview:-1\" \/>\n<link rel=\"canonical\" href=\"https:\/\/sen-shop.com\/de\/collections\/personliche-pflege\/gelenke-und-muskeln\/muscle-gel\/\" \/>\n<meta property=\"og:locale\" content=\"de_DE\" \/>\n<meta property=\"og:type\" content=\"article\" \/>\n<meta property=\"og:title\" content=\"Muscle gel\" \/>\n<meta property=\"og:description\" content=\"Muscle gel\" \/>\n<meta property=\"og:url\" content=\"https:\/\/sen-shop.com\/de\/collections\/personliche-pflege\/gelenke-und-muskeln\/muscle-gel\/\" \/>\n<meta property=\"og:site_name\" content=\"SEN Shop\" \/>\n<meta property=\"article:publisher\" content=\"https:\/\/www.facebook.com\/Senshopslovenija\" \/>\n<meta property=\"article:modified_time\" content=\"2022-05-31T22:08:02+00:00\" \/>\n<meta property=\"og:image\" content=\"https:\/\/sen-shop.com\/wp-content\/uploads\/2021\/10\/Muscle-gel_en_de-1.jpg\" \/>\n\t<meta property=\"og:image:width\" content=\"1225\" \/>\n\t<meta property=\"og:image:height\" content=\"1400\" \/>\n\t<meta property=\"og:image:type\" content=\"image\/jpeg\" \/>\n<meta name=\"twitter:card\" content=\"summary_large_image\" \/>\n<meta name=\"twitter:label1\" content=\"Gesch\u00e4tzte Lesezeit\" \/>\n\t<meta name=\"twitter:data1\" content=\"2\u00a0Minuten\" \/>\n<script type=\"application\/ld+json\" class=\"yoast-schema-graph\">{\"@context\":\"https:\/\/schema.org\",\"@graph\":[{\"@type\":\"WebPage\",\"@id\":\"https:\/\/sen-shop.com\/de\/collections\/personliche-pflege\/gelenke-und-muskeln\/muscle-gel\/\",\"url\":\"https:\/\/sen-shop.com\/de\/collections\/personliche-pflege\/gelenke-und-muskeln\/muscle-gel\/\",\"name\":\"Muscle gel\",\"isPartOf\":{\"@id\":\"https:\/\/sen-shop.com\/de\/#website\"},\"datePublished\":\"2017-05-18T23:06:14+00:00\",\"dateModified\":\"2022-05-31T22:08:02+00:00\",\"description\":\"Muscle gel\",\"breadcrumb\":{\"@id\":\"https:\/\/sen-shop.com\/de\/collections\/personliche-pflege\/gelenke-und-muskeln\/muscle-gel\/#breadcrumb\"},\"inLanguage\":\"de\",\"potentialAction\":[{\"@type\":\"ReadAction\",\"target\":[\"https:\/\/sen-shop.com\/de\/collections\/personliche-pflege\/gelenke-und-muskeln\/muscle-gel\/\"]}]},{\"@type\":\"BreadcrumbList\",\"@id\":\"https:\/\/sen-shop.com\/de\/collections\/personliche-pflege\/gelenke-und-muskeln\/muscle-gel\/#breadcrumb\",\"itemListElement\":[{\"@type\":\"ListItem\",\"position\":1,\"name\":\"Home\",\"item\":\"https:\/\/sen-shop.com\/de\/\"},{\"@type\":\"ListItem\",\"position\":2,\"name\":\"Muscle gel\"}]},{\"@type\":\"WebSite\",\"@id\":\"https:\/\/sen-shop.com\/de\/#website\",\"url\":\"https:\/\/sen-shop.com\/de\/\",\"name\":\"SEN Shop\",\"description\":\"Slovensko, Ekolo\u0161ko, Naravno\",\"publisher\":{\"@id\":\"https:\/\/sen-shop.com\/de\/#organization\"},\"potentialAction\":[{\"@type\":\"SearchAction\",\"target\":{\"@type\":\"EntryPoint\",\"urlTemplate\":\"https:\/\/sen-shop.com\/de\/?s={search_term_string}\"},\"query-input\":\"required name=search_term_string\"}],\"inLanguage\":\"de\"},{\"@type\":\"Organization\",\"@id\":\"https:\/\/sen-shop.com\/de\/#organization\",\"name\":\"Mind trade d.o.o\",\"url\":\"https:\/\/sen-shop.com\/de\/\",\"logo\":{\"@type\":\"ImageObject\",\"inLanguage\":\"de\",\"@id\":\"https:\/\/sen-shop.com\/de\/#\/schema\/logo\/image\/\",\"url\":\"https:\/\/sen-shop.com\/wp-content\/uploads\/2018\/05\/header_logo.png\",\"contentUrl\":\"https:\/\/sen-shop.com\/wp-content\/uploads\/2018\/05\/header_logo.png\",\"width\":138,\"height\":70,\"caption\":\"Mind trade d.o.o\"},\"image\":{\"@id\":\"https:\/\/sen-shop.com\/de\/#\/schema\/logo\/image\/\"},\"sameAs\":[\"https:\/\/www.instagram.com\/senslovenija\/\",\"https:\/\/www.facebook.com\/Senshopslovenija\"]}]}<\/script>\n<!-- \/ Yoast SEO plugin. -->","yoast_head_json":{"title":"Muscle gel","description":"Muscle gel","robots":{"index":"index","follow":"follow","max-snippet":"max-snippet:-1","max-image-preview":"max-image-preview:large","max-video-preview":"max-video-preview:-1"},"canonical":"https:\/\/sen-shop.com\/de\/collections\/personliche-pflege\/gelenke-und-muskeln\/muscle-gel\/","og_locale":"de_DE","og_type":"article","og_title":"Muscle gel","og_description":"Muscle gel","og_url":"https:\/\/sen-shop.com\/de\/collections\/personliche-pflege\/gelenke-und-muskeln\/muscle-gel\/","og_site_name":"SEN Shop","article_publisher":"https:\/\/www.facebook.com\/Senshopslovenija","article_modified_time":"2022-05-31T22:08:02+00:00","og_image":[{"width":1225,"height":1400,"url":"https:\/\/sen-shop.com\/wp-content\/uploads\/2021\/10\/Muscle-gel_en_de-1.jpg","type":"image\/jpeg"}],"twitter_card":"summary_large_image","twitter_misc":{"Gesch\u00e4tzte Lesezeit":"2\u00a0Minuten"},"schema":{"@context":"https:\/\/schema.org","@graph":[{"@type":"WebPage","@id":"https:\/\/sen-shop.com\/de\/collections\/personliche-pflege\/gelenke-und-muskeln\/muscle-gel\/","url":"https:\/\/sen-shop.com\/de\/collections\/personliche-pflege\/gelenke-und-muskeln\/muscle-gel\/","name":"Muscle gel","isPartOf":{"@id":"https:\/\/sen-shop.com\/de\/#website"},"datePublished":"2017-05-18T23:06:14+00:00","dateModified":"2022-05-31T22:08:02+00:00","description":"Muscle gel","breadcrumb":{"@id":"https:\/\/sen-shop.com\/de\/collections\/personliche-pflege\/gelenke-und-muskeln\/muscle-gel\/#breadcrumb"},"inLanguage":"de","potentialAction":[{"@type":"ReadAction","target":["https:\/\/sen-shop.com\/de\/collections\/personliche-pflege\/gelenke-und-muskeln\/muscle-gel\/"]}]},{"@type":"BreadcrumbList","@id":"https:\/\/sen-shop.com\/de\/collections\/personliche-pflege\/gelenke-und-muskeln\/muscle-gel\/#breadcrumb","itemListElement":[{"@type":"ListItem","position":1,"name":"Home","item":"https:\/\/sen-shop.com\/de\/"},{"@type":"ListItem","position":2,"name":"Muscle gel"}]},{"@type":"WebSite","@id":"https:\/\/sen-shop.com\/de\/#website","url":"https:\/\/sen-shop.com\/de\/","name":"SEN Shop","description":"Slovensko, Ekolo\u0161ko, Naravno","publisher":{"@id":"https:\/\/sen-shop.com\/de\/#organization"},"potentialAction":[{"@type":"SearchAction","target":{"@type":"EntryPoint","urlTemplate":"https:\/\/sen-shop.com\/de\/?s={search_term_string}"},"query-input":"required name=search_term_string"}],"inLanguage":"de"},{"@type":"Organization","@id":"https:\/\/sen-shop.com\/de\/#organization","name":"Mind trade d.o.o","url":"https:\/\/sen-shop.com\/de\/","logo":{"@type":"ImageObject","inLanguage":"de","@id":"https:\/\/sen-shop.com\/de\/#\/schema\/logo\/image\/","url":"https:\/\/sen-shop.com\/wp-content\/uploads\/2018\/05\/header_logo.png","contentUrl":"https:\/\/sen-shop.com\/wp-content\/uploads\/2018\/05\/header_logo.png","width":138,"height":70,"caption":"Mind trade d.o.o"},"image":{"@id":"https:\/\/sen-shop.com\/de\/#\/schema\/logo\/image\/"},"sameAs":["https:\/\/www.instagram.com\/senslovenija\/","https:\/\/www.facebook.com\/Senshopslovenija"]}]}},"_links":{"self":[{"href":"https:\/\/sen-shop.com\/de\/wp-json\/wp\/v2\/product\/31738","targetHints":{"allow":["GET"]}}],"collection":[{"href":"https:\/\/sen-shop.com\/de\/wp-json\/wp\/v2\/product"}],"about":[{"href":"https:\/\/sen-shop.com\/de\/wp-json\/wp\/v2\/types\/product"}],"replies":[{"embeddable":true,"href":"https:\/\/sen-shop.com\/de\/wp-json\/wp\/v2\/comments?post=31738"}],"wp:featuredmedia":[{"embeddable":true,"href":"https:\/\/sen-shop.com\/de\/wp-json\/wp\/v2\/media\/37801"}],"wp:attachment":[{"href":"https:\/\/sen-shop.com\/de\/wp-json\/wp\/v2\/media?parent=31738"}],"wp:term":[{"taxonomy":"product_cat","embeddable":true,"href":"https:\/\/sen-shop.com\/de\/wp-json\/wp\/v2\/product_cat?post=31738"},{"taxonomy":"product_tag","embeddable":true,"href":"https:\/\/sen-shop.com\/de\/wp-json\/wp\/v2\/product_tag?post=31738"}],"curies":[{"name":"wp","href":"https:\/\/api.w.org\/{rel}","templated":true}]}}