{"id":31736,"date":"2016-09-16T01:13:33","date_gmt":"2016-09-15T23:13:33","guid":{"rendered":"https:\/\/www.sen-shop.com\/collections\/unkategorisiert\/nasenbalsam\/"},"modified":"2022-12-08T12:21:09","modified_gmt":"2022-12-08T11:21:09","slug":"nasenbalsam","status":"publish","type":"product","link":"https:\/\/sen-shop.com\/de\/collections\/personliche-pflege\/gesicht-augen-lippen\/nasenbalsam\/","title":{"rendered":"Nasenbalsam"},"content":{"rendered":"<p>[vc_row][vc_column][vc_column_text css=&#8220;.vc_custom_1625047673368{padding-top: 30px !important;padding-right: 30px !important;padding-bottom: 30px !important;padding-left: 30px !important;background-color: #c9db95 !important;}&#8220;]<br \/>\nDurch die hohe Konzentration an nat\u00fcrlichen \u00e4therischen \u00d6len ist die Nasensalbe vor allem zur Anwendung bei<strong> Erk\u00e4ltungen, verstopfter Nase, Kopfschmerzen<\/strong> und zur <strong>Pflege von entz\u00fcndeter und rissiger Haut im Nasenbereich<\/strong> bestimmt.<\/p>\n<p><strong>Sheabutter<\/strong> beruhigt gereizte Haut, hat entz\u00fcndungshemmende und feuchtigkeitsspendende Eigenschaften und lindert leichte Entz\u00fcndungen. <strong>Jojoba\u00f6l<\/strong> n\u00e4hrt und befeuchtet die Haut, hat entz\u00fcndungshemmende Eigenschaften und eignet sich f\u00fcr die Pflege<strong> gesch\u00e4digter oder entz\u00fcndeter Haut<\/strong>. <strong>Mangobutter<\/strong> hat hervorragende feuchtigkeitsspendende Eigenschaften, <strong>f\u00f6rdert die Wundheilung und die Hautregeneration<\/strong>. Sie beruhigt, spendet Feuchtigkeit und sch\u00fctzt die Haut. <strong>Teebaum\u00f6l<\/strong> hat hervorragende antibakterielle Eigenschaften und eine stark antiseptische Wirkung. <strong>Menthol<\/strong> hat eine k\u00fchlende und erfrischende Wirkung. In der Pharmazie wird Kampfer haupts\u00e4chlich in erweichenden Salben und in <strong>Pr\u00e4paraten zur Linderung von Atemwegsbeschwerden<\/strong> verwendet. Das \u00e4therische \u00d6l von Eukalyptus ist f\u00fcr seine stark beruhigende, antibakterielle und <strong>desinfizierende<\/strong> <strong>Wirkung<\/strong> bekannt. Es hilft, Entz\u00fcndungen der Atemwege, der Harnwege und der Haut zu lindern und zu verhindern.<\/p>\n<p>[\/vc_column_text][\/vc_column][\/vc_row][vc_row][vc_column][vc_column_text css=&#8220;.vc_custom_1625047689019{padding-top: 30px !important;padding-right: 30px !important;padding-bottom: 30px !important;padding-left: 30px !important;background-color: #ededed !important;}&#8220;]<img decoding=\"async\" src=\"https:\/\/static.xx.fbcdn.net\/images\/emoji.php\/v9\/t51\/1\/16\/1f449.png\" alt=\"\ud83d\udc49\" \/> Tragen Sie die Salbe mehrmals t\u00e4glich in die Nasenl\u00f6cher oder um die Nase herum auf.<\/p>\n<p><img decoding=\"async\" src=\"https:\/\/static.xx.fbcdn.net\/images\/emoji.php\/v9\/t51\/1\/16\/1f449.png\" alt=\"\ud83d\udc49\" \/> Bei Erk\u00e4ltungen und Kopfschmerzen reiben Sie die Salbe auf Schl\u00e4fen, Nacken und Brust ein (verwenden Sie Zemagel f\u00fcr eine bessere Wirkung).<\/p>\n<p><img decoding=\"async\" src=\"https:\/\/static.xx.fbcdn.net\/images\/emoji.php\/v9\/t51\/1\/16\/1f449.png\" alt=\"\ud83d\udc49\" \/> Beim Inhalieren k\u00f6nnen Sie eine kleine Menge der Salbe in hei\u00dfes Wasser geben (f\u00fcr eine bessere Wirkung f\u00fcgen Sie Kr\u00e4utertropfen hinzu).[\/vc_column_text][\/vc_column][\/vc_row][vc_row][vc_column][vc_column_text]Eine verstopfte Nase ist ein Problem des Winters. In den kalten Monaten haben wir oft mit Erk\u00e4ltungen, Niesen, Husten und verstopften Nasen zu k\u00e4mpfen. Es ist daher wichtig, die Behandlung von Erk\u00e4ltungen bei den ersten Anzeichen zu beginnen.<\/p>\n<p>Die Entz\u00fcndung der Nasennebenh\u00f6hlen ist die Folge einer viralen Erk\u00e4ltung, die zu einer Entz\u00fcndung und Sch\u00e4digung der Nasennebenh\u00f6hlenschleimhaut f\u00fchrt, in der sich Bakterien vermehren. <strong>Zus\u00e4tzlich zur Salbe empfehlen wir Ihnen, viel Fl\u00fcssigkeit zu sich zu nehmen, um Infektionen der Nebenh\u00f6hlen zu vermeiden. Durch die Fl\u00fcssigkeitszufuhr werden Ihre Schleimh\u00e4ute feuchter und der Schleim kann schneller aus den Nebenh\u00f6hlen abflie\u00dfen<\/strong>. Nehmen Sie zus\u00e4tzlich zur Fl\u00fcssigkeitszufuhr mehr Vitamin C zu sich, da dies das Immunsystem st\u00e4rkt und bei der Bek\u00e4mpfung von Nebenh\u00f6hlenentz\u00fcndungen hilfreich ist. Wir empfehlen au\u00dferdem, mit erh\u00f6htem Kopf zu schlafen und warme Kompressen auf Ihr Gesicht zu legen.<\/p>\n<p>Typische Symptome einer Nasennebenh\u00f6hlenentz\u00fcndung sind Schmerzen \u00fcber und unter den Augen, Ausfluss, der in den Rachen zur\u00fccklaufen kann, Mundgeruch, Zahnschmerzen, Kopfschmerzen, Halsschmerzen, Husten und Mundgeruch.<\/p>\n<p>Das Produkt ist Aromacert\u00ae-zertifiziert, was ein hohes Qualit\u00e4tsniveau nach strengen Aromatherapiekriterien wie Nat\u00fcrlichkeit, Authentizit\u00e4t und Reinheit der Inhaltsstoffe garantiert. Das Produkt ist 100% vegan und wurde nicht an Tieren getestet.<\/p>\n<p>[\/vc_column_text][\/vc_column][\/vc_row]<\/p>\n","protected":false},"excerpt":{"rendered":"<p>Nat\u00fcrliche Kr\u00e4uter und \u00e4therische \u00d6le in der Nasensalbe helfen, die <strong>Atemwege zu \u00f6ffnen<\/strong> und das Atmen zu erleichtern. Richtiges Atmen ist wichtig f\u00fcr die Durchblutung des Gehirns, was sich auf das Wohlbefinden und die Gesundheit eines jeden Menschen auswirkt.<\/p>\n<ul>\n<li>hilft bei verstopften Nasen und Nebenh\u00f6hlen und erleichtert die Atmung<\/li>\n<li>wirkt wohltuend bei Erk\u00e4ltungen, hat eine leicht antiseptische Wirkung<\/li>\n<li>pflegt und sch\u00fctzt trockene, rissige Haut im Nasenbereich<\/li>\n<\/ul>\n<p>Die nat\u00fcrlichen Inhaltsstoffe der Salbe sind auch f\u00fcr die Lippenpflege das ganze Jahr \u00fcber geeignet.<\/p>\n[banner_zeliscni]\n","protected":false},"featured_media":37571,"comment_status":"open","ping_status":"closed","template":"","meta":{"inline_featured_image":false},"product_cat":[816,820,819],"product_tag":[821,825,826,822,823],"class_list":["post-31736","product","type-product","status-publish","has-post-thumbnail","hentry","product_cat-crni-petek-de","product_cat-gesicht-augen-lippen","product_cat-personliche-pflege","product_tag-bio-de","product_tag-bio-kozmetika-de","product_tag-ekoloska-kozmetika-de","product_tag-naravna-kozmetika-de","product_tag-slovenska-naravna-kozmetika-de"],"acf":[],"yoast_head":"<!-- This site is optimized with the Yoast SEO plugin v19.13 - https:\/\/yoast.com\/wordpress\/plugins\/seo\/ -->\n<title>Nasenbalsam<\/title>\n<meta name=\"description\" content=\"Nasenbalsam\" \/>\n<meta name=\"robots\" content=\"index, follow, max-snippet:-1, max-image-preview:large, max-video-preview:-1\" \/>\n<link rel=\"canonical\" href=\"https:\/\/sen-shop.com\/de\/collections\/personliche-pflege\/gesicht-augen-lippen\/nasenbalsam\/\" \/>\n<meta property=\"og:locale\" content=\"de_DE\" \/>\n<meta property=\"og:type\" content=\"article\" \/>\n<meta property=\"og:title\" content=\"Nasenbalsam\" \/>\n<meta property=\"og:description\" content=\"Nasenbalsam\" \/>\n<meta property=\"og:url\" content=\"https:\/\/sen-shop.com\/de\/collections\/personliche-pflege\/gesicht-augen-lippen\/nasenbalsam\/\" \/>\n<meta property=\"og:site_name\" content=\"SEN Shop\" \/>\n<meta property=\"article:publisher\" content=\"https:\/\/www.facebook.com\/Senshopslovenija\" \/>\n<meta property=\"article:modified_time\" content=\"2022-12-08T11:21:09+00:00\" \/>\n<meta property=\"og:image\" content=\"https:\/\/sen-shop.com\/wp-content\/uploads\/2021\/10\/Mazilo-za-nos_en_de-1.jpg\" \/>\n\t<meta property=\"og:image:width\" content=\"1225\" \/>\n\t<meta property=\"og:image:height\" content=\"1400\" \/>\n\t<meta property=\"og:image:type\" content=\"image\/jpeg\" \/>\n<meta name=\"twitter:card\" content=\"summary_large_image\" \/>\n<meta name=\"twitter:label1\" content=\"Gesch\u00e4tzte Lesezeit\" \/>\n\t<meta name=\"twitter:data1\" content=\"3\u00a0Minuten\" \/>\n<script type=\"application\/ld+json\" class=\"yoast-schema-graph\">{\"@context\":\"https:\/\/schema.org\",\"@graph\":[{\"@type\":\"WebPage\",\"@id\":\"https:\/\/sen-shop.com\/de\/collections\/personliche-pflege\/gesicht-augen-lippen\/nasenbalsam\/\",\"url\":\"https:\/\/sen-shop.com\/de\/collections\/personliche-pflege\/gesicht-augen-lippen\/nasenbalsam\/\",\"name\":\"Nasenbalsam\",\"isPartOf\":{\"@id\":\"https:\/\/sen-shop.com\/de\/#website\"},\"datePublished\":\"2016-09-15T23:13:33+00:00\",\"dateModified\":\"2022-12-08T11:21:09+00:00\",\"description\":\"Nasenbalsam\",\"breadcrumb\":{\"@id\":\"https:\/\/sen-shop.com\/de\/collections\/personliche-pflege\/gesicht-augen-lippen\/nasenbalsam\/#breadcrumb\"},\"inLanguage\":\"de\",\"potentialAction\":[{\"@type\":\"ReadAction\",\"target\":[\"https:\/\/sen-shop.com\/de\/collections\/personliche-pflege\/gesicht-augen-lippen\/nasenbalsam\/\"]}]},{\"@type\":\"BreadcrumbList\",\"@id\":\"https:\/\/sen-shop.com\/de\/collections\/personliche-pflege\/gesicht-augen-lippen\/nasenbalsam\/#breadcrumb\",\"itemListElement\":[{\"@type\":\"ListItem\",\"position\":1,\"name\":\"Home\",\"item\":\"https:\/\/sen-shop.com\/de\/\"},{\"@type\":\"ListItem\",\"position\":2,\"name\":\"Nasenbalsam\"}]},{\"@type\":\"WebSite\",\"@id\":\"https:\/\/sen-shop.com\/de\/#website\",\"url\":\"https:\/\/sen-shop.com\/de\/\",\"name\":\"SEN Shop\",\"description\":\"Slovensko, Ekolo\u0161ko, Naravno\",\"publisher\":{\"@id\":\"https:\/\/sen-shop.com\/de\/#organization\"},\"potentialAction\":[{\"@type\":\"SearchAction\",\"target\":{\"@type\":\"EntryPoint\",\"urlTemplate\":\"https:\/\/sen-shop.com\/de\/?s={search_term_string}\"},\"query-input\":\"required name=search_term_string\"}],\"inLanguage\":\"de\"},{\"@type\":\"Organization\",\"@id\":\"https:\/\/sen-shop.com\/de\/#organization\",\"name\":\"Mind trade d.o.o\",\"url\":\"https:\/\/sen-shop.com\/de\/\",\"logo\":{\"@type\":\"ImageObject\",\"inLanguage\":\"de\",\"@id\":\"https:\/\/sen-shop.com\/de\/#\/schema\/logo\/image\/\",\"url\":\"https:\/\/sen-shop.com\/wp-content\/uploads\/2018\/05\/header_logo.png\",\"contentUrl\":\"https:\/\/sen-shop.com\/wp-content\/uploads\/2018\/05\/header_logo.png\",\"width\":138,\"height\":70,\"caption\":\"Mind trade d.o.o\"},\"image\":{\"@id\":\"https:\/\/sen-shop.com\/de\/#\/schema\/logo\/image\/\"},\"sameAs\":[\"https:\/\/www.instagram.com\/senslovenija\/\",\"https:\/\/www.facebook.com\/Senshopslovenija\"]}]}<\/script>\n<!-- \/ Yoast SEO plugin. -->","yoast_head_json":{"title":"Nasenbalsam","description":"Nasenbalsam","robots":{"index":"index","follow":"follow","max-snippet":"max-snippet:-1","max-image-preview":"max-image-preview:large","max-video-preview":"max-video-preview:-1"},"canonical":"https:\/\/sen-shop.com\/de\/collections\/personliche-pflege\/gesicht-augen-lippen\/nasenbalsam\/","og_locale":"de_DE","og_type":"article","og_title":"Nasenbalsam","og_description":"Nasenbalsam","og_url":"https:\/\/sen-shop.com\/de\/collections\/personliche-pflege\/gesicht-augen-lippen\/nasenbalsam\/","og_site_name":"SEN Shop","article_publisher":"https:\/\/www.facebook.com\/Senshopslovenija","article_modified_time":"2022-12-08T11:21:09+00:00","og_image":[{"width":1225,"height":1400,"url":"https:\/\/sen-shop.com\/wp-content\/uploads\/2021\/10\/Mazilo-za-nos_en_de-1.jpg","type":"image\/jpeg"}],"twitter_card":"summary_large_image","twitter_misc":{"Gesch\u00e4tzte Lesezeit":"3\u00a0Minuten"},"schema":{"@context":"https:\/\/schema.org","@graph":[{"@type":"WebPage","@id":"https:\/\/sen-shop.com\/de\/collections\/personliche-pflege\/gesicht-augen-lippen\/nasenbalsam\/","url":"https:\/\/sen-shop.com\/de\/collections\/personliche-pflege\/gesicht-augen-lippen\/nasenbalsam\/","name":"Nasenbalsam","isPartOf":{"@id":"https:\/\/sen-shop.com\/de\/#website"},"datePublished":"2016-09-15T23:13:33+00:00","dateModified":"2022-12-08T11:21:09+00:00","description":"Nasenbalsam","breadcrumb":{"@id":"https:\/\/sen-shop.com\/de\/collections\/personliche-pflege\/gesicht-augen-lippen\/nasenbalsam\/#breadcrumb"},"inLanguage":"de","potentialAction":[{"@type":"ReadAction","target":["https:\/\/sen-shop.com\/de\/collections\/personliche-pflege\/gesicht-augen-lippen\/nasenbalsam\/"]}]},{"@type":"BreadcrumbList","@id":"https:\/\/sen-shop.com\/de\/collections\/personliche-pflege\/gesicht-augen-lippen\/nasenbalsam\/#breadcrumb","itemListElement":[{"@type":"ListItem","position":1,"name":"Home","item":"https:\/\/sen-shop.com\/de\/"},{"@type":"ListItem","position":2,"name":"Nasenbalsam"}]},{"@type":"WebSite","@id":"https:\/\/sen-shop.com\/de\/#website","url":"https:\/\/sen-shop.com\/de\/","name":"SEN Shop","description":"Slovensko, Ekolo\u0161ko, Naravno","publisher":{"@id":"https:\/\/sen-shop.com\/de\/#organization"},"potentialAction":[{"@type":"SearchAction","target":{"@type":"EntryPoint","urlTemplate":"https:\/\/sen-shop.com\/de\/?s={search_term_string}"},"query-input":"required name=search_term_string"}],"inLanguage":"de"},{"@type":"Organization","@id":"https:\/\/sen-shop.com\/de\/#organization","name":"Mind trade d.o.o","url":"https:\/\/sen-shop.com\/de\/","logo":{"@type":"ImageObject","inLanguage":"de","@id":"https:\/\/sen-shop.com\/de\/#\/schema\/logo\/image\/","url":"https:\/\/sen-shop.com\/wp-content\/uploads\/2018\/05\/header_logo.png","contentUrl":"https:\/\/sen-shop.com\/wp-content\/uploads\/2018\/05\/header_logo.png","width":138,"height":70,"caption":"Mind trade d.o.o"},"image":{"@id":"https:\/\/sen-shop.com\/de\/#\/schema\/logo\/image\/"},"sameAs":["https:\/\/www.instagram.com\/senslovenija\/","https:\/\/www.facebook.com\/Senshopslovenija"]}]}},"_links":{"self":[{"href":"https:\/\/sen-shop.com\/de\/wp-json\/wp\/v2\/product\/31736","targetHints":{"allow":["GET"]}}],"collection":[{"href":"https:\/\/sen-shop.com\/de\/wp-json\/wp\/v2\/product"}],"about":[{"href":"https:\/\/sen-shop.com\/de\/wp-json\/wp\/v2\/types\/product"}],"replies":[{"embeddable":true,"href":"https:\/\/sen-shop.com\/de\/wp-json\/wp\/v2\/comments?post=31736"}],"wp:featuredmedia":[{"embeddable":true,"href":"https:\/\/sen-shop.com\/de\/wp-json\/wp\/v2\/media\/37571"}],"wp:attachment":[{"href":"https:\/\/sen-shop.com\/de\/wp-json\/wp\/v2\/media?parent=31736"}],"wp:term":[{"taxonomy":"product_cat","embeddable":true,"href":"https:\/\/sen-shop.com\/de\/wp-json\/wp\/v2\/product_cat?post=31736"},{"taxonomy":"product_tag","embeddable":true,"href":"https:\/\/sen-shop.com\/de\/wp-json\/wp\/v2\/product_tag?post=31736"}],"curies":[{"name":"wp","href":"https:\/\/api.w.org\/{rel}","templated":true}]}}