{"id":31731,"date":"2017-05-22T11:29:21","date_gmt":"2017-05-22T09:29:21","guid":{"rendered":"https:\/\/www.sen-shop.com\/collections\/unkategorisiert\/magnesiumol\/"},"modified":"2022-06-01T00:07:59","modified_gmt":"2022-05-31T22:07:59","slug":"magnesiumol","status":"publish","type":"product","link":"https:\/\/sen-shop.com\/de\/collections\/personliche-pflege\/gelenke-und-muskeln\/magnesiumol\/","title":{"rendered":"Magnesium\u00f6l"},"content":{"rendered":"<p>[vc_row][vc_column][vc_column_text css=&#8220;.vc_custom_1624882867548{padding-top: 30px !important;padding-right: 30px !important;padding-bottom: 30px !important;padding-left: 30px !important;background-color: #c9db95 !important;}&#8220;]<br \/>\n<strong>Magnesium<\/strong> ist einer der wichtigsten Mineralstoffe, den jede Zelle im K\u00f6rper ben\u00f6tigt. Es ist an bis zu 300 Stoffwechselprozessen beteiligt. Die meisten Menschen nehmen \u00fcber die normale Ern\u00e4hrung nicht gen\u00fcgend Magnesium auf. <strong>Experten sch\u00e4tzen, dass Erwachsene mit einer durchschnittlichen Ern\u00e4hrung nur 66 % des ben\u00f6tigten Magnesiums zu sich nehmen. <\/strong>Ein interessanter und weniger bekannter Fakt ist, dass ein Magnesiummangel auch durch \u00f6rtliches Auftragen von Magnesium auf die Haut behoben werden kann. Bei oraler Einnahme muss das Magnesium erst den Magen und den Magen-Darm-Trakt passieren, bevor es die Zellen erreicht. Seine Bioverf\u00fcgbarkeit wird durch Magens\u00e4ure und Verdauungsenzyme stark reduziert.<\/p>\n<p>Eine Studie von Dr. Norman Shealy von der American Holistic Medical Association (AHMA) ergab, dass die <strong>t\u00e4gliche Anwendung von Magnesium\u00f6l den Magnesiumspiegel im K\u00f6rper um bis zu 75 % erh\u00f6ht. Neben Magnesium (Mg-Ionen) enth\u00e4lt das \u00d6l auch nat\u00fcrliches Glycerin (spendet der Haut Feuchtigkeit), BIO-Rosmarinhydrolat (wohltuend f\u00fcr Muskeln und Gelenke) und Ethanolextrakte (Tinkturen) aus<\/strong> Arnika und Hexenklaue, die bei einer Vielzahl von Beschwerden im Zusammenhang mit schmerzhaften und geschwollenen Gelenken helfen.<\/p>\n<p>[\/vc_column_text][\/vc_column][\/vc_row][vc_row][vc_column][vc_column_text css=&#8220;.vc_custom_1624882883474{padding-top: 30px !important;padding-right: 30px !important;padding-bottom: 30px !important;padding-left: 30px !important;background-color: #ededed !important;}&#8220;]<img decoding=\"async\" src=\"https:\/\/static.xx.fbcdn.net\/images\/emoji.php\/v9\/t51\/1\/16\/1f449.png\" alt=\"\ud83d\udc49\" \/> Tragen Sie das \u00d6l auf eine beliebige K\u00f6rperpartie auf und massieren Sie es in die feuchte oder trockene Haut ein.<\/p>\n<p><img decoding=\"async\" src=\"https:\/\/static.xx.fbcdn.net\/images\/emoji.php\/v9\/t51\/1\/16\/1f449.png\" alt=\"\ud83d\udc49\" \/> Spr\u00fchen Sie das \u00d6l 5 bis 20 Mal auf verschiedene K\u00f6rperteile (Oberschenkel, Waden, Dekollet\u00e9, Achselh\u00f6hlen usw.) und massieren Sie es sanft in die Haut ein. Ein Spr\u00fchsto\u00df enth\u00e4lt 10 mg Mg2+-Ionen.<\/p>\n<p><img decoding=\"async\" src=\"https:\/\/static.xx.fbcdn.net\/images\/emoji.php\/v9\/t51\/1\/16\/1f449.png\" alt=\"\ud83d\udc49\" \/> Bei der ersten Anwendung kann ein Juckreiz auftreten, der jedoch bei regelm\u00e4\u00dfiger Anwendung normalerweise verschwindet. Wenn der Juckreiz l\u00e4stig ist, k\u00f6nnen Sie die Haut 15 Minuten nach der Anwendung abwischen oder waschen. Vermeiden Sie den Kontakt mit Augen und Wunden.[\/vc_column_text][\/vc_column][\/vc_row][vc_row][vc_column][vc_column_text]<br \/>\nMagnesium ist ein interessantes Mineral, das seit dem 19. Jahrhundert zu medizinischen Zwecken verwendet wird. Damals wurde es zur Neutralisierung verschiedener Gifte verordnet, aber auch als Abf\u00fchrmittel und zur Behandlung von Problemen im Zusammenhang mit \u00fcberm\u00e4\u00dfiger Magens\u00e4uresekretion eingesetzt, wof\u00fcr es auch heute noch verwendet wird.\u00a0In unserem K\u00f6rper ist Magnesium ein wichtiger Baustein von Knochen, Zellmembranen und den Tr\u00e4gern der Erbinformation &#8211; den Chromosomen. Neben seinen strukturellen Funktionen erf\u00fcllt es auch eine Vielzahl von lebenswichtigen Stoffwechselfunktionen. Es wird f\u00fcr die Kommunikation von Zelle zu Zelle ben\u00f6tigt und ist an Hunderten von Stoffwechselprozessen beteiligt. Es ist aktiv an der Bildung von DNA, Proteinen und Antioxidantien (Glutathion) sowie des wichtigsten Energiemolek\u00fcls in unserem K\u00f6rper &#8211; ATP &#8211; beteiligt. <strong>Das Vorhandensein von Magnesium ist f\u00fcr die reibungslose Weiterleitung von Nervenimpulsen, die Muskelkontraktion und einen regelm\u00e4\u00dfigen Herzschlag unerl\u00e4sslich.<\/strong><\/p>\n<p>Das Produkt ist Aromacert\u00ae-zertifiziert, was ein hohes Qualit\u00e4tsniveau in Bezug auf die strengen Kriterien der Aromatherapie garantiert: Nat\u00fcrlichkeit, Authentizit\u00e4t und Reinheit der Inhaltsstoffe. Das Produkt ist 100% vegan und wurde nicht an Tieren getestet.<\/p>\n<p>[\/vc_column_text][\/vc_column][\/vc_row]<\/p>\n","protected":false},"excerpt":{"rendered":"<p>Muskelschmerzen, unruhige und m\u00fcde Beine, Kopfschmerzen, Schlaflosigkeit und Ersch\u00f6pfung sind Symptome von Magnesiummangel. Magnesium\u00f6l <strong>entspannt die Muskeln<\/strong> und ist besonders f\u00fcr Menschen, die unter Stress leiden, <strong>Sportler<\/strong> und k\u00f6rperlich <strong>aktive Menschen<\/strong> von Vorteil.<\/p>\n<ul>\n<li>f\u00fcr die Gesundheit der Knochen und eine normale Muskelfunktion<\/li>\n<li>f\u00fcr das Nervensystem und die psychische Gesundheit<\/li>\n<li>zur Verringerung von M\u00fcdigkeit und Ersch\u00f6pfung<\/li>\n<\/ul>\n<p>Wussten Sie, dass Magnesium eine bessere und schnellere Wirkung hat, wenn es \u00fcber die Haut aufgenommen wird?<\/p>\n[banner_zeliscni]\n","protected":false},"featured_media":31735,"comment_status":"open","ping_status":"closed","template":"","meta":{"inline_featured_image":false},"product_cat":[816,835,827,830,819],"product_tag":[821,825,864,865,862,866,867,868,863,869,870,871,826,872,860,873,874,822,861,823],"class_list":["post-31731","product","type-product","status-publish","has-post-thumbnail","hentry","product_cat-crni-petek-de","product_cat-domaca-stran-de","product_cat-gelenke-und-muskeln","product_cat-korperpflege","product_cat-personliche-pflege","product_tag-bio-de","product_tag-bio-kozmetika-de","product_tag-bolec-hrbet-de","product_tag-bolece-noge-de","product_tag-boleci-sklepi-de","product_tag-bolecina-v-kolku-de","product_tag-bolecina-v-levi-roki-de","product_tag-bolecina-v-rami-de","product_tag-bolecine-v-krizu-de","product_tag-bolecine-v-mecih-de","product_tag-bolecine-v-nogah-de","product_tag-bolecine-v-vratu-de","product_tag-ekoloska-kozmetika-de","product_tag-isias-de","product_tag-kje-kupiti-magnezij-de","product_tag-krci-v-misicah-de","product_tag-misice-in-sklepi-de","product_tag-naravna-kozmetika-de","product_tag-pomoc-pri-glavobolu-de","product_tag-slovenska-naravna-kozmetika-de"],"acf":[],"yoast_head":"<!-- This site is optimized with the Yoast SEO plugin v19.13 - https:\/\/yoast.com\/wordpress\/plugins\/seo\/ -->\n<title>Magnesium\u00f6l<\/title>\n<meta name=\"description\" content=\"Magnesium\u00f6l\" \/>\n<meta name=\"robots\" content=\"index, follow, max-snippet:-1, max-image-preview:large, max-video-preview:-1\" \/>\n<link rel=\"canonical\" href=\"https:\/\/sen-shop.com\/de\/collections\/personliche-pflege\/gelenke-und-muskeln\/magnesiumol\/\" \/>\n<meta property=\"og:locale\" content=\"de_DE\" \/>\n<meta property=\"og:type\" content=\"article\" \/>\n<meta property=\"og:title\" content=\"Magnesium\u00f6l\" \/>\n<meta property=\"og:description\" content=\"Magnesium\u00f6l\" \/>\n<meta property=\"og:url\" content=\"https:\/\/sen-shop.com\/de\/collections\/personliche-pflege\/gelenke-und-muskeln\/magnesiumol\/\" \/>\n<meta property=\"og:site_name\" content=\"SEN Shop\" \/>\n<meta property=\"article:publisher\" content=\"https:\/\/www.facebook.com\/Senshopslovenija\" \/>\n<meta property=\"article:modified_time\" content=\"2022-05-31T22:07:59+00:00\" \/>\n<meta property=\"og:image\" content=\"https:\/\/sen-shop.com\/wp-content\/uploads\/2017\/05\/magnezijevo-olje-arnika-vrazji-krempelj-za-sportnike.jpg\" \/>\n\t<meta property=\"og:image:width\" content=\"1000\" \/>\n\t<meta property=\"og:image:height\" content=\"1143\" \/>\n\t<meta property=\"og:image:type\" content=\"image\/jpeg\" \/>\n<meta name=\"twitter:card\" content=\"summary_large_image\" \/>\n<meta name=\"twitter:label1\" content=\"Gesch\u00e4tzte Lesezeit\" \/>\n\t<meta name=\"twitter:data1\" content=\"3\u00a0Minuten\" \/>\n<script type=\"application\/ld+json\" class=\"yoast-schema-graph\">{\"@context\":\"https:\/\/schema.org\",\"@graph\":[{\"@type\":\"WebPage\",\"@id\":\"https:\/\/sen-shop.com\/de\/collections\/personliche-pflege\/gelenke-und-muskeln\/magnesiumol\/\",\"url\":\"https:\/\/sen-shop.com\/de\/collections\/personliche-pflege\/gelenke-und-muskeln\/magnesiumol\/\",\"name\":\"Magnesium\u00f6l\",\"isPartOf\":{\"@id\":\"https:\/\/sen-shop.com\/de\/#website\"},\"datePublished\":\"2017-05-22T09:29:21+00:00\",\"dateModified\":\"2022-05-31T22:07:59+00:00\",\"description\":\"Magnesium\u00f6l\",\"breadcrumb\":{\"@id\":\"https:\/\/sen-shop.com\/de\/collections\/personliche-pflege\/gelenke-und-muskeln\/magnesiumol\/#breadcrumb\"},\"inLanguage\":\"de\",\"potentialAction\":[{\"@type\":\"ReadAction\",\"target\":[\"https:\/\/sen-shop.com\/de\/collections\/personliche-pflege\/gelenke-und-muskeln\/magnesiumol\/\"]}]},{\"@type\":\"BreadcrumbList\",\"@id\":\"https:\/\/sen-shop.com\/de\/collections\/personliche-pflege\/gelenke-und-muskeln\/magnesiumol\/#breadcrumb\",\"itemListElement\":[{\"@type\":\"ListItem\",\"position\":1,\"name\":\"Home\",\"item\":\"https:\/\/sen-shop.com\/de\/\"},{\"@type\":\"ListItem\",\"position\":2,\"name\":\"Magnesium\u00f6l\"}]},{\"@type\":\"WebSite\",\"@id\":\"https:\/\/sen-shop.com\/de\/#website\",\"url\":\"https:\/\/sen-shop.com\/de\/\",\"name\":\"SEN Shop\",\"description\":\"Slovensko, Ekolo\u0161ko, Naravno\",\"publisher\":{\"@id\":\"https:\/\/sen-shop.com\/de\/#organization\"},\"potentialAction\":[{\"@type\":\"SearchAction\",\"target\":{\"@type\":\"EntryPoint\",\"urlTemplate\":\"https:\/\/sen-shop.com\/de\/?s={search_term_string}\"},\"query-input\":\"required name=search_term_string\"}],\"inLanguage\":\"de\"},{\"@type\":\"Organization\",\"@id\":\"https:\/\/sen-shop.com\/de\/#organization\",\"name\":\"Mind trade d.o.o\",\"url\":\"https:\/\/sen-shop.com\/de\/\",\"logo\":{\"@type\":\"ImageObject\",\"inLanguage\":\"de\",\"@id\":\"https:\/\/sen-shop.com\/de\/#\/schema\/logo\/image\/\",\"url\":\"https:\/\/sen-shop.com\/wp-content\/uploads\/2018\/05\/header_logo.png\",\"contentUrl\":\"https:\/\/sen-shop.com\/wp-content\/uploads\/2018\/05\/header_logo.png\",\"width\":138,\"height\":70,\"caption\":\"Mind trade d.o.o\"},\"image\":{\"@id\":\"https:\/\/sen-shop.com\/de\/#\/schema\/logo\/image\/\"},\"sameAs\":[\"https:\/\/www.instagram.com\/senslovenija\/\",\"https:\/\/www.facebook.com\/Senshopslovenija\"]}]}<\/script>\n<!-- \/ Yoast SEO plugin. -->","yoast_head_json":{"title":"Magnesium\u00f6l","description":"Magnesium\u00f6l","robots":{"index":"index","follow":"follow","max-snippet":"max-snippet:-1","max-image-preview":"max-image-preview:large","max-video-preview":"max-video-preview:-1"},"canonical":"https:\/\/sen-shop.com\/de\/collections\/personliche-pflege\/gelenke-und-muskeln\/magnesiumol\/","og_locale":"de_DE","og_type":"article","og_title":"Magnesium\u00f6l","og_description":"Magnesium\u00f6l","og_url":"https:\/\/sen-shop.com\/de\/collections\/personliche-pflege\/gelenke-und-muskeln\/magnesiumol\/","og_site_name":"SEN Shop","article_publisher":"https:\/\/www.facebook.com\/Senshopslovenija","article_modified_time":"2022-05-31T22:07:59+00:00","og_image":[{"width":1000,"height":1143,"url":"https:\/\/sen-shop.com\/wp-content\/uploads\/2017\/05\/magnezijevo-olje-arnika-vrazji-krempelj-za-sportnike.jpg","type":"image\/jpeg"}],"twitter_card":"summary_large_image","twitter_misc":{"Gesch\u00e4tzte Lesezeit":"3\u00a0Minuten"},"schema":{"@context":"https:\/\/schema.org","@graph":[{"@type":"WebPage","@id":"https:\/\/sen-shop.com\/de\/collections\/personliche-pflege\/gelenke-und-muskeln\/magnesiumol\/","url":"https:\/\/sen-shop.com\/de\/collections\/personliche-pflege\/gelenke-und-muskeln\/magnesiumol\/","name":"Magnesium\u00f6l","isPartOf":{"@id":"https:\/\/sen-shop.com\/de\/#website"},"datePublished":"2017-05-22T09:29:21+00:00","dateModified":"2022-05-31T22:07:59+00:00","description":"Magnesium\u00f6l","breadcrumb":{"@id":"https:\/\/sen-shop.com\/de\/collections\/personliche-pflege\/gelenke-und-muskeln\/magnesiumol\/#breadcrumb"},"inLanguage":"de","potentialAction":[{"@type":"ReadAction","target":["https:\/\/sen-shop.com\/de\/collections\/personliche-pflege\/gelenke-und-muskeln\/magnesiumol\/"]}]},{"@type":"BreadcrumbList","@id":"https:\/\/sen-shop.com\/de\/collections\/personliche-pflege\/gelenke-und-muskeln\/magnesiumol\/#breadcrumb","itemListElement":[{"@type":"ListItem","position":1,"name":"Home","item":"https:\/\/sen-shop.com\/de\/"},{"@type":"ListItem","position":2,"name":"Magnesium\u00f6l"}]},{"@type":"WebSite","@id":"https:\/\/sen-shop.com\/de\/#website","url":"https:\/\/sen-shop.com\/de\/","name":"SEN Shop","description":"Slovensko, Ekolo\u0161ko, Naravno","publisher":{"@id":"https:\/\/sen-shop.com\/de\/#organization"},"potentialAction":[{"@type":"SearchAction","target":{"@type":"EntryPoint","urlTemplate":"https:\/\/sen-shop.com\/de\/?s={search_term_string}"},"query-input":"required name=search_term_string"}],"inLanguage":"de"},{"@type":"Organization","@id":"https:\/\/sen-shop.com\/de\/#organization","name":"Mind trade d.o.o","url":"https:\/\/sen-shop.com\/de\/","logo":{"@type":"ImageObject","inLanguage":"de","@id":"https:\/\/sen-shop.com\/de\/#\/schema\/logo\/image\/","url":"https:\/\/sen-shop.com\/wp-content\/uploads\/2018\/05\/header_logo.png","contentUrl":"https:\/\/sen-shop.com\/wp-content\/uploads\/2018\/05\/header_logo.png","width":138,"height":70,"caption":"Mind trade d.o.o"},"image":{"@id":"https:\/\/sen-shop.com\/de\/#\/schema\/logo\/image\/"},"sameAs":["https:\/\/www.instagram.com\/senslovenija\/","https:\/\/www.facebook.com\/Senshopslovenija"]}]}},"_links":{"self":[{"href":"https:\/\/sen-shop.com\/de\/wp-json\/wp\/v2\/product\/31731","targetHints":{"allow":["GET"]}}],"collection":[{"href":"https:\/\/sen-shop.com\/de\/wp-json\/wp\/v2\/product"}],"about":[{"href":"https:\/\/sen-shop.com\/de\/wp-json\/wp\/v2\/types\/product"}],"replies":[{"embeddable":true,"href":"https:\/\/sen-shop.com\/de\/wp-json\/wp\/v2\/comments?post=31731"}],"wp:featuredmedia":[{"embeddable":true,"href":"https:\/\/sen-shop.com\/de\/wp-json\/wp\/v2\/media\/31735"}],"wp:attachment":[{"href":"https:\/\/sen-shop.com\/de\/wp-json\/wp\/v2\/media?parent=31731"}],"wp:term":[{"taxonomy":"product_cat","embeddable":true,"href":"https:\/\/sen-shop.com\/de\/wp-json\/wp\/v2\/product_cat?post=31731"},{"taxonomy":"product_tag","embeddable":true,"href":"https:\/\/sen-shop.com\/de\/wp-json\/wp\/v2\/product_tag?post=31731"}],"curies":[{"name":"wp","href":"https:\/\/api.w.org\/{rel}","templated":true}]}}