{"id":31704,"date":"2016-09-16T01:01:01","date_gmt":"2016-09-15T23:01:01","guid":{"rendered":"https:\/\/www.sen-shop.com\/collections\/unkategorisiert\/naturliches-shampoo-fur-alle-haartypen\/"},"modified":"2021-11-03T12:49:20","modified_gmt":"2021-11-03T11:49:20","slug":"naturliches-shampoo-fur-alle-haartypen","status":"publish","type":"product","link":"https:\/\/sen-shop.com\/de\/collections\/personliche-pflege\/haarpflege\/naturliches-shampoo-fur-alle-haartypen\/","title":{"rendered":"Nat\u00fcrliches Shampoo f\u00fcr alle Haartypen"},"content":{"rendered":"<p>[vc_row][vc_column][vc_column_text css=&#8220;.vc_custom_1635938397862{padding-top: 30px !important;padding-right: 30px !important;padding-bottom: 30px !important;padding-left: 30px !important;background-color: #f2fded !important;}&#8220;]<strong>\u00c4therisches Teebaum\u00f6l aus biologischem Anbau<\/strong> <strong>beruhigt schnell juckende Kopfhaut<\/strong> und <strong>beseitigt die Pilze, die Schuppen verursachen<\/strong>, wodurch das Auftreten von Schuppen reduziert wird.<\/p>\n<p><strong>Lavendel<\/strong> beruhigt die Kopfhaut, macht sie wieder geschmeidig und sch\u00fctzt das Haar vor \u00e4u\u00dferen Einfl\u00fcssen.<\/p>\n<p><strong>Basilikum<\/strong> hat eine antibakterielle Wirkung, die bei der <strong>Behandlung von Schuppen<\/strong> besonders wichtig ist. Es hilft, das Haar sanft und ohne sch\u00e4dliche Auswirkungen zu reinigen.<br \/>\n<strong>Minze st\u00e4rkt und regeneriert das Haar,<\/strong> lindert Juckreiz und verbessert die Durchblutung der Kopfhaut.<\/p>\n<p><strong>Salbei<\/strong> wird seit \u00fcber hundert Jahren traditionell gegen Ergrauen und Haarausfall eingesetzt.<\/p>\n<p><strong>Gegen L\u00e4usebefall<\/strong> verwenden Sie das Shampoo wie jedes andere auch (auf die Kopfhaut auftragen, aufsch\u00e4umen und mit Wasser aussp\u00fclen). F\u00fcr ein besseres Ergebnis f\u00fcgen Sie dem Shampoo zus\u00e4tzlich ein paar Tropfen \u00e4therisches Teebaum\u00f6l hinzu.[\/vc_column_text][vc_column_text css=&#8220;.vc_custom_1635934472137{padding-top: 30px !important;padding-right: 30px !important;padding-bottom: 30px !important;padding-left: 30px !important;background-color: #ededed !important;}&#8220;]\ud83d\udc49 100% nat\u00fcrliches Shampoo, das die meisten Haarprobleme beseitigt.<\/p>\n<p>\ud83d\udc49 Tragen Sie das Shampoo auf das nasse Haar auf, massieren Sie die Kopfhaut und sp\u00fclen Sie es aus.<\/p>\n<p>\ud83d\udc49 Die \u00e4therischen \u00d6le von Lavendel und Teebaum im Shampoo wehren L\u00e4use ab und schaffen ein ung\u00fcnstiges Umfeld f\u00fcr das Wachstum der Nissen.[\/vc_column_text][\/vc_column][\/vc_row][vc_row][vc_column][vc_column_text]Synthetische Shampoos enthalten aggressive Schaumbildner, die das Gleichgewicht der Kopfhaut st\u00f6ren. Es gibt die weit verbreitete Meinung, dass mehr Schaum das Haar sauberer macht, aber das stimmt nicht.\u00a0Schaum reizt die Kopfhaut und f\u00fchrt zu trockener und juckender Kopfhaut, was wiederum zu Schuppen f\u00fchren kann.\u00a0<strong>Schuppen k\u00f6nnen auch ein Anzeichen f\u00fcr eine Pilzinfektion der Kopfhaut sein.<\/strong><\/p>\n<p>Normale Shampoos umh\u00fcllen das Haar mit einem Mantel, der verhindert, dass Sauerstoff an das Haar gelangt, wodurch die Haarspitzen \u00fcberm\u00e4\u00dfig austrocknen. Das Haar wird strohig und leblos. Juckende Kopfhaut wird zu einem st\u00e4ndigen Problem. Mit einem nat\u00fcrlichen Shampoo wird Ihnen das nicht passieren.\u00a0Der Hydrolipidmantel sch\u00fctzt die Haut vor \u00e4u\u00dferen Einfl\u00fcssen.<\/p>\n<p>Ein PH-Wert zwischen 5,4 und 5,9 ist ein Garant f\u00fcr gesunde Haut. Bei der Verwendung synthetischer Shampoos, die meist alkalisch sind, wird das Gleichgewicht jedoch gest\u00f6rt, was zu Bakterienwachstum und Entz\u00fcndungen f\u00fchrt. Naturhaarshampoo entfernt sanft Unreinheiten aus dem Haar und erh\u00e4lt das nat\u00fcrliche Gleichgewicht der Kopfhaut.[\/vc_column_text][\/vc_column][\/vc_row][vc_row][vc_column][vc_column_text css=&#8220;.vc_custom_1635940150836{padding-top: 30px !important;padding-right: 30px !important;padding-bottom: 40px !important;padding-left: 30px !important;background-color: #f2dce2 !important;}&#8220;]<\/p>\n<p class=\"_04xlpA direction-ltr align-justify para-style-body\"><strong><span class=\"JsGRdQ\">Schutz vor L\u00e4usen und Nissen!<\/span><\/strong><\/p>\n<p class=\"_04xlpA direction-ltr align-justify para-style-body\"><span class=\"JsGRdQ\">\ud83d\udc49 Das Bio-Shampoo beinhaltet \u00e4therische \u00d6le aus Lavendel und Teebaum, <\/span><strong><span class=\"JsGRdQ\">die L\u00e4use effektiv abwehren und ein schlechtes Umfeld f\u00fcr die Entwicklung von Nissen schaffen.<\/span><\/strong><\/p>\n<p class=\"_04xlpA direction-ltr align-justify para-style-body\"><span class=\"JsGRdQ\">\ud83d\udc49 Ersetzen Sie Ihr herk\u00f6mmliches Shampoo durch unseres und verwenden Sie es wie bisher (<strong>Shampoo auf die Kopfhaut auftragen, aufsch\u00e4umen und mit Wasser absp\u00fclen<\/strong>). Um die Wirkung zu verbessern, <\/span><span class=\"JsGRdQ\">f\u00fcgen Sie dem Shampoo einige Tropfen \u00e4therisches Teebaum\u00f6l hinzu.<\/span><\/p>\n<p class=\"_04xlpA direction-ltr align-justify para-style-body\"><span class=\"JsGRdQ\">\ud83d\udc49 Bevor das Kind in den Kindergarten oder die Schule kommt,<\/span><strong><span class=\"JsGRdQ\"> spr\u00fchen Sie es mit <span style=\"text-decoration: underline;\"><a href=\"https:\/\/sen-shop.com\/de\/collections\/personliche-pflege\/haarpflege\/lauseabwehrspray\/\">L\u00e4useabwehrspray<\/a><\/span>\u00a0<\/span><\/strong><strong><span class=\"JsGRdQ\">ein<\/span> <span class=\"JsGRdQ\">oder reiben Sie es mit 1-2 Tropfen \u00e4therischem <span style=\"text-decoration: underline;\"><a href=\"https:\/\/sen-shop.com\/de\/collections\/personliche-pflege\/haarpflege\/bio-teebaumol-30ml\/\">Teebaum\u00f6l<\/a><\/span> ein. \ud83d\udc47<\/span><\/strong><\/p>\n<p>[\/vc_column_text][\/vc_column][\/vc_row]<\/p>\n","protected":false},"excerpt":{"rendered":"<p><img loading=\"lazy\" decoding=\"async\" class=\"alignnone wp-image-39901\" src=\"https:\/\/sen-shop.com\/wp-content\/uploads\/2021\/11\/2.svg\" alt=\"\" width=\"500\" height=\"300\" \/><br \/>\nDas 100% nat\u00fcrliche Shampoo auf der Basis eines milden Kokoswaschmittels enth\u00e4lt eine besonders nahrhafte Mischung aus Weizenproteinen und nat\u00fcrlichen \u00e4therischen \u00d6len.<\/p>\n<p>Diese intensive pflanzliche Therapie beugt Kopfhautproblemen wie Schuppen, Kopfhautjucken und Entz\u00fcndungen vor.<\/p>\n<p>Sie st\u00e4rkt und regeneriert das Haar (Weizenproteine), wirkt als mildes Antiseptikum, das L\u00e4use abwehrt (Teebaum), <strong>beruhigt juckende und entz\u00fcndete Kopfhaut<\/strong> (Lavendel),<strong> reguliert Fettigkeit und Schuppenbildung <\/strong>(Basilikum, Minze), hilft<strong> gegen Ergrauen und Haarausfall<\/strong> (Salbei).<\/p>\n<ul>\n<li>reguliert den Fettgehalt der Kopfhaut und stellt trockenes und gesch\u00e4digtes Haar wieder her<\/li>\n<li>mildes Antiseptikum, verhindert Schuppenbildung und vertreibt L\u00e4use<\/li>\n<li>hilft gegen Haarausfall und Ergrauen<\/li>\n<\/ul>\n<p>Geeignet f\u00fcr Kinder und alle Haartypen. Reich an nat\u00fcrlichen \u00e4therischen \u00d6len wirkt es als wirksame nat\u00fcrliche<strong> L\u00c4USE-VORBEUGUNG<\/strong>.<\/p>\n[banner_zeliscni]\n","protected":false},"featured_media":71200,"comment_status":"open","ping_status":"closed","template":"","meta":{"inline_featured_image":false},"product_cat":[816,835,829,834,819],"product_tag":[821,825,826,822,859,858,823],"class_list":["post-31704","product","type-product","status-publish","has-post-thumbnail","hentry","product_cat-crni-petek-de","product_cat-domaca-stran-de","product_cat-haarpflege","product_cat-kinder","product_cat-personliche-pflege","product_tag-bio-de","product_tag-bio-kozmetika-de","product_tag-ekoloska-kozmetika-de","product_tag-naravna-kozmetika-de","product_tag-nega-las-de","product_tag-olje-cajevca-de","product_tag-slovenska-naravna-kozmetika-de"],"acf":[],"yoast_head":"<!-- This site is optimized with the Yoast SEO plugin v19.13 - https:\/\/yoast.com\/wordpress\/plugins\/seo\/ -->\n<title>Nat\u00fcrliches Shampoo f\u00fcr alle Haartypen<\/title>\n<meta name=\"description\" content=\"Nat\u00fcrliches Shampoo f\u00fcr alle Haartypen\" \/>\n<meta name=\"robots\" content=\"index, follow, max-snippet:-1, max-image-preview:large, max-video-preview:-1\" \/>\n<link rel=\"canonical\" href=\"https:\/\/sen-shop.com\/de\/collections\/personliche-pflege\/haarpflege\/naturliches-shampoo-fur-alle-haartypen\/\" \/>\n<meta property=\"og:locale\" content=\"de_DE\" \/>\n<meta property=\"og:type\" content=\"article\" \/>\n<meta property=\"og:title\" content=\"Nat\u00fcrliches Shampoo f\u00fcr alle Haartypen\" \/>\n<meta property=\"og:description\" content=\"Nat\u00fcrliches Shampoo f\u00fcr alle Haartypen\" \/>\n<meta property=\"og:url\" content=\"https:\/\/sen-shop.com\/de\/collections\/personliche-pflege\/haarpflege\/naturliches-shampoo-fur-alle-haartypen\/\" \/>\n<meta property=\"og:site_name\" content=\"SEN Shop\" \/>\n<meta property=\"article:publisher\" content=\"https:\/\/www.facebook.com\/Senshopslovenija\" \/>\n<meta property=\"article:modified_time\" content=\"2021-11-03T11:49:20+00:00\" \/>\n<meta property=\"og:image\" content=\"https:\/\/sen-shop.com\/wp-content\/uploads\/2021\/10\/Sampon_en_de-2.jpg\" \/>\n\t<meta property=\"og:image:width\" content=\"1225\" \/>\n\t<meta property=\"og:image:height\" content=\"1400\" \/>\n\t<meta property=\"og:image:type\" content=\"image\/jpeg\" \/>\n<meta name=\"twitter:card\" content=\"summary_large_image\" \/>\n<meta name=\"twitter:label1\" content=\"Gesch\u00e4tzte Lesezeit\" \/>\n\t<meta name=\"twitter:data1\" content=\"3\u00a0Minuten\" \/>\n<script type=\"application\/ld+json\" class=\"yoast-schema-graph\">{\"@context\":\"https:\/\/schema.org\",\"@graph\":[{\"@type\":\"WebPage\",\"@id\":\"https:\/\/sen-shop.com\/de\/collections\/personliche-pflege\/haarpflege\/naturliches-shampoo-fur-alle-haartypen\/\",\"url\":\"https:\/\/sen-shop.com\/de\/collections\/personliche-pflege\/haarpflege\/naturliches-shampoo-fur-alle-haartypen\/\",\"name\":\"Nat\u00fcrliches Shampoo f\u00fcr alle Haartypen\",\"isPartOf\":{\"@id\":\"https:\/\/sen-shop.com\/de\/#website\"},\"datePublished\":\"2016-09-15T23:01:01+00:00\",\"dateModified\":\"2021-11-03T11:49:20+00:00\",\"description\":\"Nat\u00fcrliches Shampoo f\u00fcr alle Haartypen\",\"breadcrumb\":{\"@id\":\"https:\/\/sen-shop.com\/de\/collections\/personliche-pflege\/haarpflege\/naturliches-shampoo-fur-alle-haartypen\/#breadcrumb\"},\"inLanguage\":\"de\",\"potentialAction\":[{\"@type\":\"ReadAction\",\"target\":[\"https:\/\/sen-shop.com\/de\/collections\/personliche-pflege\/haarpflege\/naturliches-shampoo-fur-alle-haartypen\/\"]}]},{\"@type\":\"BreadcrumbList\",\"@id\":\"https:\/\/sen-shop.com\/de\/collections\/personliche-pflege\/haarpflege\/naturliches-shampoo-fur-alle-haartypen\/#breadcrumb\",\"itemListElement\":[{\"@type\":\"ListItem\",\"position\":1,\"name\":\"Home\",\"item\":\"https:\/\/sen-shop.com\/de\/\"},{\"@type\":\"ListItem\",\"position\":2,\"name\":\"Nat\u00fcrliches Shampoo f\u00fcr alle Haartypen\"}]},{\"@type\":\"WebSite\",\"@id\":\"https:\/\/sen-shop.com\/de\/#website\",\"url\":\"https:\/\/sen-shop.com\/de\/\",\"name\":\"SEN Shop\",\"description\":\"Slovensko, Ekolo\u0161ko, Naravno\",\"publisher\":{\"@id\":\"https:\/\/sen-shop.com\/de\/#organization\"},\"potentialAction\":[{\"@type\":\"SearchAction\",\"target\":{\"@type\":\"EntryPoint\",\"urlTemplate\":\"https:\/\/sen-shop.com\/de\/?s={search_term_string}\"},\"query-input\":\"required name=search_term_string\"}],\"inLanguage\":\"de\"},{\"@type\":\"Organization\",\"@id\":\"https:\/\/sen-shop.com\/de\/#organization\",\"name\":\"Mind trade d.o.o\",\"url\":\"https:\/\/sen-shop.com\/de\/\",\"logo\":{\"@type\":\"ImageObject\",\"inLanguage\":\"de\",\"@id\":\"https:\/\/sen-shop.com\/de\/#\/schema\/logo\/image\/\",\"url\":\"https:\/\/sen-shop.com\/wp-content\/uploads\/2018\/05\/header_logo.png\",\"contentUrl\":\"https:\/\/sen-shop.com\/wp-content\/uploads\/2018\/05\/header_logo.png\",\"width\":138,\"height\":70,\"caption\":\"Mind trade d.o.o\"},\"image\":{\"@id\":\"https:\/\/sen-shop.com\/de\/#\/schema\/logo\/image\/\"},\"sameAs\":[\"https:\/\/www.instagram.com\/senslovenija\/\",\"https:\/\/www.facebook.com\/Senshopslovenija\"]}]}<\/script>\n<!-- \/ Yoast SEO plugin. -->","yoast_head_json":{"title":"Nat\u00fcrliches Shampoo f\u00fcr alle Haartypen","description":"Nat\u00fcrliches Shampoo f\u00fcr alle Haartypen","robots":{"index":"index","follow":"follow","max-snippet":"max-snippet:-1","max-image-preview":"max-image-preview:large","max-video-preview":"max-video-preview:-1"},"canonical":"https:\/\/sen-shop.com\/de\/collections\/personliche-pflege\/haarpflege\/naturliches-shampoo-fur-alle-haartypen\/","og_locale":"de_DE","og_type":"article","og_title":"Nat\u00fcrliches Shampoo f\u00fcr alle Haartypen","og_description":"Nat\u00fcrliches Shampoo f\u00fcr alle Haartypen","og_url":"https:\/\/sen-shop.com\/de\/collections\/personliche-pflege\/haarpflege\/naturliches-shampoo-fur-alle-haartypen\/","og_site_name":"SEN Shop","article_publisher":"https:\/\/www.facebook.com\/Senshopslovenija","article_modified_time":"2021-11-03T11:49:20+00:00","og_image":[{"width":1225,"height":1400,"url":"https:\/\/sen-shop.com\/wp-content\/uploads\/2021\/10\/Sampon_en_de-2.jpg","type":"image\/jpeg"}],"twitter_card":"summary_large_image","twitter_misc":{"Gesch\u00e4tzte Lesezeit":"3\u00a0Minuten"},"schema":{"@context":"https:\/\/schema.org","@graph":[{"@type":"WebPage","@id":"https:\/\/sen-shop.com\/de\/collections\/personliche-pflege\/haarpflege\/naturliches-shampoo-fur-alle-haartypen\/","url":"https:\/\/sen-shop.com\/de\/collections\/personliche-pflege\/haarpflege\/naturliches-shampoo-fur-alle-haartypen\/","name":"Nat\u00fcrliches Shampoo f\u00fcr alle Haartypen","isPartOf":{"@id":"https:\/\/sen-shop.com\/de\/#website"},"datePublished":"2016-09-15T23:01:01+00:00","dateModified":"2021-11-03T11:49:20+00:00","description":"Nat\u00fcrliches Shampoo f\u00fcr alle Haartypen","breadcrumb":{"@id":"https:\/\/sen-shop.com\/de\/collections\/personliche-pflege\/haarpflege\/naturliches-shampoo-fur-alle-haartypen\/#breadcrumb"},"inLanguage":"de","potentialAction":[{"@type":"ReadAction","target":["https:\/\/sen-shop.com\/de\/collections\/personliche-pflege\/haarpflege\/naturliches-shampoo-fur-alle-haartypen\/"]}]},{"@type":"BreadcrumbList","@id":"https:\/\/sen-shop.com\/de\/collections\/personliche-pflege\/haarpflege\/naturliches-shampoo-fur-alle-haartypen\/#breadcrumb","itemListElement":[{"@type":"ListItem","position":1,"name":"Home","item":"https:\/\/sen-shop.com\/de\/"},{"@type":"ListItem","position":2,"name":"Nat\u00fcrliches Shampoo f\u00fcr alle Haartypen"}]},{"@type":"WebSite","@id":"https:\/\/sen-shop.com\/de\/#website","url":"https:\/\/sen-shop.com\/de\/","name":"SEN Shop","description":"Slovensko, Ekolo\u0161ko, Naravno","publisher":{"@id":"https:\/\/sen-shop.com\/de\/#organization"},"potentialAction":[{"@type":"SearchAction","target":{"@type":"EntryPoint","urlTemplate":"https:\/\/sen-shop.com\/de\/?s={search_term_string}"},"query-input":"required name=search_term_string"}],"inLanguage":"de"},{"@type":"Organization","@id":"https:\/\/sen-shop.com\/de\/#organization","name":"Mind trade d.o.o","url":"https:\/\/sen-shop.com\/de\/","logo":{"@type":"ImageObject","inLanguage":"de","@id":"https:\/\/sen-shop.com\/de\/#\/schema\/logo\/image\/","url":"https:\/\/sen-shop.com\/wp-content\/uploads\/2018\/05\/header_logo.png","contentUrl":"https:\/\/sen-shop.com\/wp-content\/uploads\/2018\/05\/header_logo.png","width":138,"height":70,"caption":"Mind trade d.o.o"},"image":{"@id":"https:\/\/sen-shop.com\/de\/#\/schema\/logo\/image\/"},"sameAs":["https:\/\/www.instagram.com\/senslovenija\/","https:\/\/www.facebook.com\/Senshopslovenija"]}]}},"_links":{"self":[{"href":"https:\/\/sen-shop.com\/de\/wp-json\/wp\/v2\/product\/31704","targetHints":{"allow":["GET"]}}],"collection":[{"href":"https:\/\/sen-shop.com\/de\/wp-json\/wp\/v2\/product"}],"about":[{"href":"https:\/\/sen-shop.com\/de\/wp-json\/wp\/v2\/types\/product"}],"replies":[{"embeddable":true,"href":"https:\/\/sen-shop.com\/de\/wp-json\/wp\/v2\/comments?post=31704"}],"wp:featuredmedia":[{"embeddable":true,"href":"https:\/\/sen-shop.com\/de\/wp-json\/wp\/v2\/media\/71200"}],"wp:attachment":[{"href":"https:\/\/sen-shop.com\/de\/wp-json\/wp\/v2\/media?parent=31704"}],"wp:term":[{"taxonomy":"product_cat","embeddable":true,"href":"https:\/\/sen-shop.com\/de\/wp-json\/wp\/v2\/product_cat?post=31704"},{"taxonomy":"product_tag","embeddable":true,"href":"https:\/\/sen-shop.com\/de\/wp-json\/wp\/v2\/product_tag?post=31704"}],"curies":[{"name":"wp","href":"https:\/\/api.w.org\/{rel}","templated":true}]}}