{"id":31678,"date":"2016-09-16T01:08:02","date_gmt":"2016-09-15T23:08:02","guid":{"rendered":"https:\/\/www.sen-shop.com\/collections\/unkategorisiert\/korperbutter-fuer-sensible-haut\/"},"modified":"2021-10-13T13:49:54","modified_gmt":"2021-10-13T11:49:54","slug":"korperbutter-fur-sensible-haut","status":"publish","type":"product","link":"https:\/\/sen-shop.com\/de\/collections\/personliche-pflege\/korperpflege\/korperbutter-fur-sensible-haut\/","title":{"rendered":"K\u00f6rperbutter"},"content":{"rendered":"<p>[vc_row][vc_column][vc_column_text css=&#8220;.vc_custom_1625133982203{padding-top: 30px !important;padding-right: 30px !important;padding-bottom: 30px !important;padding-left: 30px !important;background-color: #c9db95 !important;}&#8220;]<br \/>\n<strong>Sheabutter gl\u00e4ttet raue Haut <\/strong>und gibt ihr ihre nat\u00fcrliche Feuchtigkeit zur\u00fcck. Sie beruhigt gereizte Haut, wirkt entz\u00fcndungshemmend und feuchtigkeitsspendend und ist <strong>hilfreich bei Narben, Verbrennungen und Ausschl\u00e4gen<\/strong>. Es ist sehr wirksam bei der Regeneration von Hautzellen, lindert leichte Entz\u00fcndungen und hilft bei der <strong>Heilung von Narben.<\/strong><\/p>\n<p><strong>Jojoba\u00f6l<\/strong> ist dem Talg sehr \u00e4hnlich und eignet sich daher f\u00fcr alle Hauttypen: empfindliche, trockene, fettige und zu Akne neigende Haut. <strong>Es hemmt die Hautalterung und reduziert das Auftreten erster Falten<\/strong>, n\u00e4hrt und befeuchtet die Haut, hat entz\u00fcndungshemmende Eigenschaften und eignet sich daher auch f\u00fcr die Pflege <strong>gesch\u00e4digter oder entz\u00fcndeter Hau<\/strong>t.<\/p>\n<p><strong>Mangobutter<\/strong> hat hervorragende feuchtigkeitsspendende <strong>Eigenschaften, f\u00f6rdert die Wundheilung und die Hautregeneration<\/strong>. Sie wirkt beruhigend, feuchtigkeitsspendend, sch\u00fctzend, erh\u00f6ht die Elastizit\u00e4t und <strong>reduziert den Zellverfall der Haut<\/strong>. Mango hat eine sch\u00fctzende Wirkung gegen UV-Strahlung. <strong>Viele Dermatologen empfehlen Mangobutter, um Falten zu bek\u00e4mpfen.<\/strong><\/p>\n<p><strong>Die Vitamine A, C und E hemmen dank ihrer antioxidativen Wirkung<\/strong> die Hautalterung und -degeneration.<\/p>\n<p>Das \u00e4therische <strong>Teebaum\u00f6l<\/strong> verbessert die Durchblutung der Haut und reduziert das Auftreten von Hautausschl\u00e4gen.<\/p>\n<p>[\/vc_column_text][\/vc_column][\/vc_row][vc_row][vc_column][vc_column_text css=&#8220;.vc_custom_1625133433399{padding-top: 30px !important;padding-right: 30px !important;padding-bottom: 30px !important;padding-left: 30px !important;background-color: #EDEDED !important;}&#8220;]<br \/>\n<img decoding=\"async\" src=\"https:\/\/static.xx.fbcdn.net\/images\/emoji.php\/v9\/t51\/1\/16\/1f449.png\" alt=\"\ud83d\udc49\" \/> Die Butter mehrmals t\u00e4glich auf die gew\u00fcnschten K\u00f6rperpartien auftragen.<\/p>\n<p><img decoding=\"async\" src=\"https:\/\/static.xx.fbcdn.net\/images\/emoji.php\/v9\/t51\/1\/16\/1f449.png\" alt=\"\ud83d\udc49\" \/> Die Butter kann auch bei gereizten Br\u00fcsten in der Stillzeit, gereizter Haut unter Windeln und zur Nachbehandlung von T\u00e4towierungen verwendet werden.[\/vc_column_text][\/vc_column][\/vc_row][vc_row][vc_column][vc_column_text]<br \/>\nEine schnelle Gewichtszunahme kann zu Rissen im Bindegewebe f\u00fchren, die als Dehnungsstreifen bekannt sind.<strong> Die Elastizit\u00e4t der Haut kann durch die richtige Ern\u00e4hrung und zus\u00e4tzliche Hautpflege erh\u00f6ht werden.<\/strong> K\u00f6rperbutter f\u00fcr empfindliche Haut enth\u00e4lt eine reichhaltige Kombination aus Butter und anderen nat\u00fcrlichen Inhaltsstoffen, die der Haut Feuchtigkeit spenden und die Bildung von Dehnungsstreifen verhindern.<\/p>\n<p>Die h\u00e4ufigsten Ursachen f\u00fcr trockene Haut sind Hormonst\u00f6rungen, Medikamente, synthetische Kosmetikprodukte oder Krankheiten wie Schuppenflechte und Dermatitis. Hautprobleme k\u00f6nnen auch durch allt\u00e4gliche \u00e4u\u00dfere Einfl\u00fcsse entstehen. Im Sommer sch\u00e4digt die Sonne die Haut, im Winter trocknet sie durch die Raumheizung aus. K\u00f6rperbutter sch\u00fctzt und pflegt empfindliche Haut und sch\u00fctzt sie auf nat\u00fcrliche Weise zu allen Jahreszeiten.<\/p>\n<p><strong>Wir sollten nicht vergessen, dass alles, was wir auf unsere Haut auftragen, in unseren Organen landet, daher ist es wichtig, nur nat\u00fcrliche K\u00f6rperbutter, Cremes und Lotionen zu verwenden, insbesondere f\u00fcr Schwangere, Babys und Kinder.<\/strong><\/p>\n<p>Das Produkt ist Aromacert\u00ae-zertifiziert, was ein hohes Qualit\u00e4tsniveau in Bezug auf strenge Aromatherapiekriterien wie Nat\u00fcrlichkeit, Authentizit\u00e4t und Reinheit der Inhaltsstoffe garantiert. Das Produkt ist 100% vegan und wurde nicht an Tieren getestet.[\/vc_column_text][\/vc_column][\/vc_row]<\/p>\n","protected":false},"excerpt":{"rendered":"<p>Die K\u00f6rperbutter mit ihrer reichhaltigen Mischung aus pflegenden Inhaltsstoffen <strong>spendet Feuchtigkeit<\/strong> und <strong>sch\u00fctzt trockene, empfindliche<\/strong> und <strong>zarte Haut.<\/strong> Aufgrund ihrer sorgf\u00e4ltig ausgew\u00e4hlten, hochwertigen nat\u00fcrlichen Inhaltsstoffe ist sie auch f\u00fcr Schwangere, Kinder und Babys geeignet.<\/p>\n<ul>\n<li>n\u00e4hrt und befeuchtet die Haut<\/li>\n<li>beruhigt gereizte, gesch\u00e4digte und verbrannte Haut<\/li>\n<li>hilft, Dehnungsstreifen vorzubeugen<\/li>\n<li>hervorragend f\u00fcr die Tattoo-Pflege<\/li>\n<li>f\u00fcr S\u00e4uglinge und Kleinkinder geeignet<\/li>\n<\/ul>\n<p>Die reichhaltige Mischung aus Bio-Shea- und Mangobutter, Bio-Jojoba\u00f6l, den Vitaminen A, C und E sowie Bio-Teebaum\u00f6l <strong>pflegt und sch\u00fctzt alle empfindlichen Hautpartien.<\/strong><\/p>\n[banner_zeliscni]\n","protected":false},"featured_media":25943,"comment_status":"open","ping_status":"closed","template":"","meta":{"inline_featured_image":false},"product_cat":[816,831,834,830,819],"product_tag":[856,821,825,826,857,822,853,823],"class_list":["post-31678","product","type-product","status-publish","has-post-thumbnail","hentry","product_cat-crni-petek-de","product_cat-fuspflege","product_cat-kinder","product_cat-korperpflege","product_cat-personliche-pflege","product_tag-atopijski-dermatitis-de","product_tag-bio-de","product_tag-bio-kozmetika-de","product_tag-ekoloska-kozmetika-de","product_tag-krema-za-strije-de","product_tag-naravna-kozmetika-de","product_tag-nega-telesa-de","product_tag-slovenska-naravna-kozmetika-de"],"acf":[],"yoast_head":"<!-- This site is optimized with the Yoast SEO plugin v19.13 - https:\/\/yoast.com\/wordpress\/plugins\/seo\/ -->\n<title>K\u00f6rperbutter f\u00fcr sensible Haut<\/title>\n<meta name=\"description\" content=\"K\u00f6rperbutter f\u00fcr sensible Haut\" \/>\n<meta name=\"robots\" content=\"index, follow, max-snippet:-1, max-image-preview:large, max-video-preview:-1\" \/>\n<link rel=\"canonical\" href=\"https:\/\/sen-shop.com\/de\/collections\/personliche-pflege\/korperpflege\/korperbutter-fur-sensible-haut\/\" \/>\n<meta property=\"og:locale\" content=\"de_DE\" \/>\n<meta property=\"og:type\" content=\"article\" \/>\n<meta property=\"og:title\" content=\"K\u00f6rperbutter f\u00fcr sensible Haut\" \/>\n<meta property=\"og:description\" content=\"K\u00f6rperbutter f\u00fcr sensible Haut\" \/>\n<meta property=\"og:url\" content=\"https:\/\/sen-shop.com\/de\/collections\/personliche-pflege\/korperpflege\/korperbutter-fur-sensible-haut\/\" \/>\n<meta property=\"og:site_name\" content=\"SEN Shop\" \/>\n<meta property=\"article:publisher\" content=\"https:\/\/www.facebook.com\/Senshopslovenija\" \/>\n<meta property=\"article:modified_time\" content=\"2021-10-13T11:49:54+00:00\" \/>\n<meta property=\"og:image\" content=\"https:\/\/static.xx.fbcdn.net\/images\/emoji.php\/v9\/t51\/1\/16\/1f449.png\" \/>\n<meta name=\"twitter:card\" content=\"summary_large_image\" \/>\n<meta name=\"twitter:label1\" content=\"Gesch\u00e4tzte Lesezeit\" \/>\n\t<meta name=\"twitter:data1\" content=\"3\u00a0Minuten\" \/>\n<script type=\"application\/ld+json\" class=\"yoast-schema-graph\">{\"@context\":\"https:\/\/schema.org\",\"@graph\":[{\"@type\":\"WebPage\",\"@id\":\"https:\/\/sen-shop.com\/de\/collections\/personliche-pflege\/korperpflege\/korperbutter-fur-sensible-haut\/\",\"url\":\"https:\/\/sen-shop.com\/de\/collections\/personliche-pflege\/korperpflege\/korperbutter-fur-sensible-haut\/\",\"name\":\"K\u00f6rperbutter f\u00fcr sensible Haut\",\"isPartOf\":{\"@id\":\"https:\/\/sen-shop.com\/de\/#website\"},\"datePublished\":\"2016-09-15T23:08:02+00:00\",\"dateModified\":\"2021-10-13T11:49:54+00:00\",\"description\":\"K\u00f6rperbutter f\u00fcr sensible Haut\",\"breadcrumb\":{\"@id\":\"https:\/\/sen-shop.com\/de\/collections\/personliche-pflege\/korperpflege\/korperbutter-fur-sensible-haut\/#breadcrumb\"},\"inLanguage\":\"de\",\"potentialAction\":[{\"@type\":\"ReadAction\",\"target\":[\"https:\/\/sen-shop.com\/de\/collections\/personliche-pflege\/korperpflege\/korperbutter-fur-sensible-haut\/\"]}]},{\"@type\":\"BreadcrumbList\",\"@id\":\"https:\/\/sen-shop.com\/de\/collections\/personliche-pflege\/korperpflege\/korperbutter-fur-sensible-haut\/#breadcrumb\",\"itemListElement\":[{\"@type\":\"ListItem\",\"position\":1,\"name\":\"Home\",\"item\":\"https:\/\/sen-shop.com\/de\/\"},{\"@type\":\"ListItem\",\"position\":2,\"name\":\"K\u00f6rperbutter\"}]},{\"@type\":\"WebSite\",\"@id\":\"https:\/\/sen-shop.com\/de\/#website\",\"url\":\"https:\/\/sen-shop.com\/de\/\",\"name\":\"SEN Shop\",\"description\":\"Slovensko, Ekolo\u0161ko, Naravno\",\"publisher\":{\"@id\":\"https:\/\/sen-shop.com\/de\/#organization\"},\"potentialAction\":[{\"@type\":\"SearchAction\",\"target\":{\"@type\":\"EntryPoint\",\"urlTemplate\":\"https:\/\/sen-shop.com\/de\/?s={search_term_string}\"},\"query-input\":\"required name=search_term_string\"}],\"inLanguage\":\"de\"},{\"@type\":\"Organization\",\"@id\":\"https:\/\/sen-shop.com\/de\/#organization\",\"name\":\"Mind trade d.o.o\",\"url\":\"https:\/\/sen-shop.com\/de\/\",\"logo\":{\"@type\":\"ImageObject\",\"inLanguage\":\"de\",\"@id\":\"https:\/\/sen-shop.com\/de\/#\/schema\/logo\/image\/\",\"url\":\"https:\/\/sen-shop.com\/wp-content\/uploads\/2018\/05\/header_logo.png\",\"contentUrl\":\"https:\/\/sen-shop.com\/wp-content\/uploads\/2018\/05\/header_logo.png\",\"width\":138,\"height\":70,\"caption\":\"Mind trade d.o.o\"},\"image\":{\"@id\":\"https:\/\/sen-shop.com\/de\/#\/schema\/logo\/image\/\"},\"sameAs\":[\"https:\/\/www.instagram.com\/senslovenija\/\",\"https:\/\/www.facebook.com\/Senshopslovenija\"]}]}<\/script>\n<!-- \/ Yoast SEO plugin. -->","yoast_head_json":{"title":"K\u00f6rperbutter f\u00fcr sensible Haut","description":"K\u00f6rperbutter f\u00fcr sensible Haut","robots":{"index":"index","follow":"follow","max-snippet":"max-snippet:-1","max-image-preview":"max-image-preview:large","max-video-preview":"max-video-preview:-1"},"canonical":"https:\/\/sen-shop.com\/de\/collections\/personliche-pflege\/korperpflege\/korperbutter-fur-sensible-haut\/","og_locale":"de_DE","og_type":"article","og_title":"K\u00f6rperbutter f\u00fcr sensible Haut","og_description":"K\u00f6rperbutter f\u00fcr sensible Haut","og_url":"https:\/\/sen-shop.com\/de\/collections\/personliche-pflege\/korperpflege\/korperbutter-fur-sensible-haut\/","og_site_name":"SEN Shop","article_publisher":"https:\/\/www.facebook.com\/Senshopslovenija","article_modified_time":"2021-10-13T11:49:54+00:00","og_image":[{"url":"https:\/\/static.xx.fbcdn.net\/images\/emoji.php\/v9\/t51\/1\/16\/1f449.png"}],"twitter_card":"summary_large_image","twitter_misc":{"Gesch\u00e4tzte Lesezeit":"3\u00a0Minuten"},"schema":{"@context":"https:\/\/schema.org","@graph":[{"@type":"WebPage","@id":"https:\/\/sen-shop.com\/de\/collections\/personliche-pflege\/korperpflege\/korperbutter-fur-sensible-haut\/","url":"https:\/\/sen-shop.com\/de\/collections\/personliche-pflege\/korperpflege\/korperbutter-fur-sensible-haut\/","name":"K\u00f6rperbutter f\u00fcr sensible Haut","isPartOf":{"@id":"https:\/\/sen-shop.com\/de\/#website"},"datePublished":"2016-09-15T23:08:02+00:00","dateModified":"2021-10-13T11:49:54+00:00","description":"K\u00f6rperbutter f\u00fcr sensible Haut","breadcrumb":{"@id":"https:\/\/sen-shop.com\/de\/collections\/personliche-pflege\/korperpflege\/korperbutter-fur-sensible-haut\/#breadcrumb"},"inLanguage":"de","potentialAction":[{"@type":"ReadAction","target":["https:\/\/sen-shop.com\/de\/collections\/personliche-pflege\/korperpflege\/korperbutter-fur-sensible-haut\/"]}]},{"@type":"BreadcrumbList","@id":"https:\/\/sen-shop.com\/de\/collections\/personliche-pflege\/korperpflege\/korperbutter-fur-sensible-haut\/#breadcrumb","itemListElement":[{"@type":"ListItem","position":1,"name":"Home","item":"https:\/\/sen-shop.com\/de\/"},{"@type":"ListItem","position":2,"name":"K\u00f6rperbutter"}]},{"@type":"WebSite","@id":"https:\/\/sen-shop.com\/de\/#website","url":"https:\/\/sen-shop.com\/de\/","name":"SEN Shop","description":"Slovensko, Ekolo\u0161ko, Naravno","publisher":{"@id":"https:\/\/sen-shop.com\/de\/#organization"},"potentialAction":[{"@type":"SearchAction","target":{"@type":"EntryPoint","urlTemplate":"https:\/\/sen-shop.com\/de\/?s={search_term_string}"},"query-input":"required name=search_term_string"}],"inLanguage":"de"},{"@type":"Organization","@id":"https:\/\/sen-shop.com\/de\/#organization","name":"Mind trade d.o.o","url":"https:\/\/sen-shop.com\/de\/","logo":{"@type":"ImageObject","inLanguage":"de","@id":"https:\/\/sen-shop.com\/de\/#\/schema\/logo\/image\/","url":"https:\/\/sen-shop.com\/wp-content\/uploads\/2018\/05\/header_logo.png","contentUrl":"https:\/\/sen-shop.com\/wp-content\/uploads\/2018\/05\/header_logo.png","width":138,"height":70,"caption":"Mind trade d.o.o"},"image":{"@id":"https:\/\/sen-shop.com\/de\/#\/schema\/logo\/image\/"},"sameAs":["https:\/\/www.instagram.com\/senslovenija\/","https:\/\/www.facebook.com\/Senshopslovenija"]}]}},"_links":{"self":[{"href":"https:\/\/sen-shop.com\/de\/wp-json\/wp\/v2\/product\/31678","targetHints":{"allow":["GET"]}}],"collection":[{"href":"https:\/\/sen-shop.com\/de\/wp-json\/wp\/v2\/product"}],"about":[{"href":"https:\/\/sen-shop.com\/de\/wp-json\/wp\/v2\/types\/product"}],"replies":[{"embeddable":true,"href":"https:\/\/sen-shop.com\/de\/wp-json\/wp\/v2\/comments?post=31678"}],"wp:featuredmedia":[{"embeddable":true,"href":"https:\/\/sen-shop.com\/de\/wp-json\/wp\/v2\/media\/25943"}],"wp:attachment":[{"href":"https:\/\/sen-shop.com\/de\/wp-json\/wp\/v2\/media?parent=31678"}],"wp:term":[{"taxonomy":"product_cat","embeddable":true,"href":"https:\/\/sen-shop.com\/de\/wp-json\/wp\/v2\/product_cat?post=31678"},{"taxonomy":"product_tag","embeddable":true,"href":"https:\/\/sen-shop.com\/de\/wp-json\/wp\/v2\/product_tag?post=31678"}],"curies":[{"name":"wp","href":"https:\/\/api.w.org\/{rel}","templated":true}]}}