{"id":31675,"date":"2016-09-16T00:54:52","date_gmt":"2016-09-15T22:54:52","guid":{"rendered":"https:\/\/www.sen-shop.com\/collections\/unkategorisiert\/bio-feuchtigkeitscreme-fur-hande-und-nagel\/"},"modified":"2021-10-13T13:50:54","modified_gmt":"2021-10-13T11:50:54","slug":"bio-feuchtigkeitscreme-fur-hande-und-nagel","status":"publish","type":"product","link":"https:\/\/sen-shop.com\/de\/collections\/personliche-pflege\/handpflege\/bio-feuchtigkeitscreme-fur-hande-und-nagel\/","title":{"rendered":"Bio-Feuchtigkeitscreme f\u00fcr H\u00e4nde und N\u00e4gel"},"content":{"rendered":"<p>[vc_row][vc_column][vc_column_text css=&#8220;.vc_custom_1624966037542{padding-top: 30px !important;padding-right: 30px !important;padding-bottom: 30px !important;padding-left: 30px !important;background-color: #c9db95 !important;}&#8220;]<br \/>\n<strong>Sheabutter<\/strong>, reich an Vitamin A, E, Allatonin und Triglyceridfetts\u00e4uren, ist ideal f\u00fcr die <strong>Pflege trockener und reifer Haut.<\/strong> Sie ist in der Lage, <strong>Feuchtigkeit aus der Luft zu binden<\/strong> und hat daher eine extrem <strong>feuchtigkeitsspendende Wirkung auf die Haut, stellt Elastizit\u00e4t und Spannkraft wieder her und unterst\u00fctzt die Kapillarzirkulation.<\/strong> Schon nach wenigen Tagen der Anwendung ist die Haut weicher und verj\u00fcngt. Es hat auch eine milde antibakterielle Wirkung und hilft bei der Regeneration der Hautzellen, lindert leichte Hautentz\u00fcndungen und unterst\u00fctzt die <strong>Narbenheilung<\/strong>. Es zieht schnell in die Haut ein und hinterl\u00e4sst keine fettigen Flecken.<\/p>\n<p><strong>Mandel\u00f6l<\/strong> ist ges\u00e4ttigt mit vielen Mineralien, Vitaminen und lebenswichtigen Fetts\u00e4uren. Es hilft, die N\u00e4gel zu st\u00e4rken, bewahrt die Nagelhaut,<strong> beruhigt die Haut, regt die Hauterneuerung an und sch\u00fctzt sie vor sch\u00e4dlichen Umwelteinfl\u00fcssen.<\/strong><\/p>\n<p>[\/vc_column_text][\/vc_column][\/vc_row][vc_row][vc_column][vc_column_text css=&#8220;.vc_custom_1624966020420{padding-top: 30px !important;padding-right: 30px !important;padding-bottom: 30px !important;padding-left: 30px !important;background-color: #ededed !important;}&#8220;]<img decoding=\"async\" src=\"https:\/\/static.xx.fbcdn.net\/images\/emoji.php\/v9\/t51\/1\/16\/1f449.png\" alt=\"\ud83d\udc49\" \/> Reiben Sie die Creme mehrmals t\u00e4glich in Ihre H\u00e4nde ein.<\/p>\n<p><img decoding=\"async\" src=\"https:\/\/static.xx.fbcdn.net\/images\/emoji.php\/v9\/t51\/1\/16\/1f449.png\" alt=\"\ud83d\udc49\" \/> Aufgrund der sanften Formel auch f\u00fcr Kinder geeignet.<\/p>\n<p><img decoding=\"async\" src=\"https:\/\/static.xx.fbcdn.net\/images\/emoji.php\/v9\/t51\/1\/16\/1f449.png\" alt=\"\ud83d\udc49\" \/> Angereichert mit bio-zertifizierten \u00e4therischen \u00d6len von Teebaum, Orange, Zeder und zertifizierter Bio-Sheabutter.[\/vc_column_text][\/vc_column][\/vc_row][vc_row][vc_column][vc_column_text]Sheabutter, die aus den N\u00fcssen des afrikanischen Baumes gewonnen wird, wird traditionell seit Jahrhunderten als Speise\u00f6l, Schutzwachs f\u00fcr die Haut- und Haarpflege und als Grundlage f\u00fcr medizinische Salben verwendet. Heute ist sie aufgrund ihrer entz\u00fcndungshemmenden, feuchtigkeitsspendenden und gleitenden Eigenschaften die Grundlage f\u00fcr naturreine therapeutische Salben, Cremes und Lotionen. Einige Studien haben gezeigt, <strong>dass Sheabutter auch die durch UV-Licht verursachten Hautsch\u00e4den (Sonnensch\u00e4den) lindert.<\/strong><\/p>\n<p>Das Produkt ist Aromacert\u00ae-zertifiziert, was ein hohes Qualit\u00e4tsniveau nach strengen Aromatherapiekriterien wie Nat\u00fcrlichkeit, Authentizit\u00e4t und Reinheit der Inhaltsstoffe garantiert. Das Produkt ist 100% vegan und wurde nicht an Tieren getestet.<\/p>\n<p>[\/vc_column_text][\/vc_column][\/vc_row]<\/p>\n","protected":false},"excerpt":{"rendered":"<p>100% NAT\u00dcRLICHE Mischung aus reichhaltigen Buttern und \u00e4therischen \u00d6len <strong>spendet<\/strong> der <strong>Haut, den N\u00e4geln und der Nagelhaut Feuchtigkeit<\/strong> und Pflege (Bio-Sheabutter, Mandel\u00f6l, Bio-Orangen\u00f6l) und hat eine milde antiseptische Wirkung (Bio-Teebaum\u00f6l, Bio-Zedern\u00f6l). Die Handcreme <strong>zieht schnell in die Haut ein<\/strong> und hinterl\u00e4sst keine fettigen R\u00fcckst\u00e4nde.<\/p>\n<ul>\n<li>n\u00e4hrt, spendet Feuchtigkeit, beruhigt und erfrischt die Haut<\/li>\n<li>hat eine leicht antiseptische Wirkung<\/li>\n<li>heilt die Nagelhaut und st\u00e4rkt die N\u00e4gel<\/li>\n<\/ul>\n<p>Diese n\u00e4hrende und feuchtigkeitsspendende Creme ist besonders f\u00fcr trockene und gesch\u00e4digte Haut geeignet und gibt ihr ihre Geschmeidigkeit und Elastizit\u00e4t zur\u00fcck.<\/p>\n[banner_zeliscni]\n","protected":false},"featured_media":37870,"comment_status":"open","ping_status":"closed","template":"","meta":{"inline_featured_image":false},"product_cat":[835,832,819],"product_tag":[821,825,826,822,854,823],"class_list":["post-31675","product","type-product","status-publish","has-post-thumbnail","hentry","product_cat-domaca-stran-de","product_cat-handpflege","product_cat-personliche-pflege","product_tag-bio-de","product_tag-bio-kozmetika-de","product_tag-ekoloska-kozmetika-de","product_tag-naravna-kozmetika-de","product_tag-nega-rok-in-nohtov-de","product_tag-slovenska-naravna-kozmetika-de"],"acf":[],"yoast_head":"<!-- This site is optimized with the Yoast SEO plugin v19.13 - https:\/\/yoast.com\/wordpress\/plugins\/seo\/ -->\n<title>Bio-Feuchtigkeitscreme f\u00fcr H\u00e4nde und N\u00e4gel<\/title>\n<meta name=\"description\" content=\"Bio-Feuchtigkeitscreme f\u00fcr H\u00e4nde und N\u00e4gel\" \/>\n<meta name=\"robots\" content=\"index, follow, max-snippet:-1, max-image-preview:large, max-video-preview:-1\" \/>\n<link rel=\"canonical\" href=\"https:\/\/sen-shop.com\/de\/collections\/personliche-pflege\/handpflege\/bio-feuchtigkeitscreme-fur-hande-und-nagel\/\" \/>\n<meta property=\"og:locale\" content=\"de_DE\" \/>\n<meta property=\"og:type\" content=\"article\" \/>\n<meta property=\"og:title\" content=\"Bio-Feuchtigkeitscreme f\u00fcr H\u00e4nde und N\u00e4gel\" \/>\n<meta property=\"og:description\" content=\"Bio-Feuchtigkeitscreme f\u00fcr H\u00e4nde und N\u00e4gel\" \/>\n<meta property=\"og:url\" content=\"https:\/\/sen-shop.com\/de\/collections\/personliche-pflege\/handpflege\/bio-feuchtigkeitscreme-fur-hande-und-nagel\/\" \/>\n<meta property=\"og:site_name\" content=\"SEN Shop\" \/>\n<meta property=\"article:publisher\" content=\"https:\/\/www.facebook.com\/Senshopslovenija\" \/>\n<meta property=\"article:modified_time\" content=\"2021-10-13T11:50:54+00:00\" \/>\n<meta property=\"og:image\" content=\"https:\/\/sen-shop.com\/wp-content\/uploads\/2021\/10\/krema-za-roke_en_de.jpg\" \/>\n\t<meta property=\"og:image:width\" content=\"1225\" \/>\n\t<meta property=\"og:image:height\" content=\"1400\" \/>\n\t<meta property=\"og:image:type\" content=\"image\/jpeg\" \/>\n<meta name=\"twitter:card\" content=\"summary_large_image\" \/>\n<meta name=\"twitter:label1\" content=\"Gesch\u00e4tzte Lesezeit\" \/>\n\t<meta name=\"twitter:data1\" content=\"2\u00a0Minuten\" \/>\n<script type=\"application\/ld+json\" class=\"yoast-schema-graph\">{\"@context\":\"https:\/\/schema.org\",\"@graph\":[{\"@type\":\"WebPage\",\"@id\":\"https:\/\/sen-shop.com\/de\/collections\/personliche-pflege\/handpflege\/bio-feuchtigkeitscreme-fur-hande-und-nagel\/\",\"url\":\"https:\/\/sen-shop.com\/de\/collections\/personliche-pflege\/handpflege\/bio-feuchtigkeitscreme-fur-hande-und-nagel\/\",\"name\":\"Bio-Feuchtigkeitscreme f\u00fcr H\u00e4nde und N\u00e4gel\",\"isPartOf\":{\"@id\":\"https:\/\/sen-shop.com\/de\/#website\"},\"datePublished\":\"2016-09-15T22:54:52+00:00\",\"dateModified\":\"2021-10-13T11:50:54+00:00\",\"description\":\"Bio-Feuchtigkeitscreme f\u00fcr H\u00e4nde und N\u00e4gel\",\"breadcrumb\":{\"@id\":\"https:\/\/sen-shop.com\/de\/collections\/personliche-pflege\/handpflege\/bio-feuchtigkeitscreme-fur-hande-und-nagel\/#breadcrumb\"},\"inLanguage\":\"de\",\"potentialAction\":[{\"@type\":\"ReadAction\",\"target\":[\"https:\/\/sen-shop.com\/de\/collections\/personliche-pflege\/handpflege\/bio-feuchtigkeitscreme-fur-hande-und-nagel\/\"]}]},{\"@type\":\"BreadcrumbList\",\"@id\":\"https:\/\/sen-shop.com\/de\/collections\/personliche-pflege\/handpflege\/bio-feuchtigkeitscreme-fur-hande-und-nagel\/#breadcrumb\",\"itemListElement\":[{\"@type\":\"ListItem\",\"position\":1,\"name\":\"Home\",\"item\":\"https:\/\/sen-shop.com\/de\/\"},{\"@type\":\"ListItem\",\"position\":2,\"name\":\"Bio-Feuchtigkeitscreme f\u00fcr H\u00e4nde und N\u00e4gel\"}]},{\"@type\":\"WebSite\",\"@id\":\"https:\/\/sen-shop.com\/de\/#website\",\"url\":\"https:\/\/sen-shop.com\/de\/\",\"name\":\"SEN Shop\",\"description\":\"Slovensko, Ekolo\u0161ko, Naravno\",\"publisher\":{\"@id\":\"https:\/\/sen-shop.com\/de\/#organization\"},\"potentialAction\":[{\"@type\":\"SearchAction\",\"target\":{\"@type\":\"EntryPoint\",\"urlTemplate\":\"https:\/\/sen-shop.com\/de\/?s={search_term_string}\"},\"query-input\":\"required name=search_term_string\"}],\"inLanguage\":\"de\"},{\"@type\":\"Organization\",\"@id\":\"https:\/\/sen-shop.com\/de\/#organization\",\"name\":\"Mind trade d.o.o\",\"url\":\"https:\/\/sen-shop.com\/de\/\",\"logo\":{\"@type\":\"ImageObject\",\"inLanguage\":\"de\",\"@id\":\"https:\/\/sen-shop.com\/de\/#\/schema\/logo\/image\/\",\"url\":\"https:\/\/sen-shop.com\/wp-content\/uploads\/2018\/05\/header_logo.png\",\"contentUrl\":\"https:\/\/sen-shop.com\/wp-content\/uploads\/2018\/05\/header_logo.png\",\"width\":138,\"height\":70,\"caption\":\"Mind trade d.o.o\"},\"image\":{\"@id\":\"https:\/\/sen-shop.com\/de\/#\/schema\/logo\/image\/\"},\"sameAs\":[\"https:\/\/www.instagram.com\/senslovenija\/\",\"https:\/\/www.facebook.com\/Senshopslovenija\"]}]}<\/script>\n<!-- \/ Yoast SEO plugin. -->","yoast_head_json":{"title":"Bio-Feuchtigkeitscreme f\u00fcr H\u00e4nde und N\u00e4gel","description":"Bio-Feuchtigkeitscreme f\u00fcr H\u00e4nde und N\u00e4gel","robots":{"index":"index","follow":"follow","max-snippet":"max-snippet:-1","max-image-preview":"max-image-preview:large","max-video-preview":"max-video-preview:-1"},"canonical":"https:\/\/sen-shop.com\/de\/collections\/personliche-pflege\/handpflege\/bio-feuchtigkeitscreme-fur-hande-und-nagel\/","og_locale":"de_DE","og_type":"article","og_title":"Bio-Feuchtigkeitscreme f\u00fcr H\u00e4nde und N\u00e4gel","og_description":"Bio-Feuchtigkeitscreme f\u00fcr H\u00e4nde und N\u00e4gel","og_url":"https:\/\/sen-shop.com\/de\/collections\/personliche-pflege\/handpflege\/bio-feuchtigkeitscreme-fur-hande-und-nagel\/","og_site_name":"SEN Shop","article_publisher":"https:\/\/www.facebook.com\/Senshopslovenija","article_modified_time":"2021-10-13T11:50:54+00:00","og_image":[{"width":1225,"height":1400,"url":"https:\/\/sen-shop.com\/wp-content\/uploads\/2021\/10\/krema-za-roke_en_de.jpg","type":"image\/jpeg"}],"twitter_card":"summary_large_image","twitter_misc":{"Gesch\u00e4tzte Lesezeit":"2\u00a0Minuten"},"schema":{"@context":"https:\/\/schema.org","@graph":[{"@type":"WebPage","@id":"https:\/\/sen-shop.com\/de\/collections\/personliche-pflege\/handpflege\/bio-feuchtigkeitscreme-fur-hande-und-nagel\/","url":"https:\/\/sen-shop.com\/de\/collections\/personliche-pflege\/handpflege\/bio-feuchtigkeitscreme-fur-hande-und-nagel\/","name":"Bio-Feuchtigkeitscreme f\u00fcr H\u00e4nde und N\u00e4gel","isPartOf":{"@id":"https:\/\/sen-shop.com\/de\/#website"},"datePublished":"2016-09-15T22:54:52+00:00","dateModified":"2021-10-13T11:50:54+00:00","description":"Bio-Feuchtigkeitscreme f\u00fcr H\u00e4nde und N\u00e4gel","breadcrumb":{"@id":"https:\/\/sen-shop.com\/de\/collections\/personliche-pflege\/handpflege\/bio-feuchtigkeitscreme-fur-hande-und-nagel\/#breadcrumb"},"inLanguage":"de","potentialAction":[{"@type":"ReadAction","target":["https:\/\/sen-shop.com\/de\/collections\/personliche-pflege\/handpflege\/bio-feuchtigkeitscreme-fur-hande-und-nagel\/"]}]},{"@type":"BreadcrumbList","@id":"https:\/\/sen-shop.com\/de\/collections\/personliche-pflege\/handpflege\/bio-feuchtigkeitscreme-fur-hande-und-nagel\/#breadcrumb","itemListElement":[{"@type":"ListItem","position":1,"name":"Home","item":"https:\/\/sen-shop.com\/de\/"},{"@type":"ListItem","position":2,"name":"Bio-Feuchtigkeitscreme f\u00fcr H\u00e4nde und N\u00e4gel"}]},{"@type":"WebSite","@id":"https:\/\/sen-shop.com\/de\/#website","url":"https:\/\/sen-shop.com\/de\/","name":"SEN Shop","description":"Slovensko, Ekolo\u0161ko, Naravno","publisher":{"@id":"https:\/\/sen-shop.com\/de\/#organization"},"potentialAction":[{"@type":"SearchAction","target":{"@type":"EntryPoint","urlTemplate":"https:\/\/sen-shop.com\/de\/?s={search_term_string}"},"query-input":"required name=search_term_string"}],"inLanguage":"de"},{"@type":"Organization","@id":"https:\/\/sen-shop.com\/de\/#organization","name":"Mind trade d.o.o","url":"https:\/\/sen-shop.com\/de\/","logo":{"@type":"ImageObject","inLanguage":"de","@id":"https:\/\/sen-shop.com\/de\/#\/schema\/logo\/image\/","url":"https:\/\/sen-shop.com\/wp-content\/uploads\/2018\/05\/header_logo.png","contentUrl":"https:\/\/sen-shop.com\/wp-content\/uploads\/2018\/05\/header_logo.png","width":138,"height":70,"caption":"Mind trade d.o.o"},"image":{"@id":"https:\/\/sen-shop.com\/de\/#\/schema\/logo\/image\/"},"sameAs":["https:\/\/www.instagram.com\/senslovenija\/","https:\/\/www.facebook.com\/Senshopslovenija"]}]}},"_links":{"self":[{"href":"https:\/\/sen-shop.com\/de\/wp-json\/wp\/v2\/product\/31675","targetHints":{"allow":["GET"]}}],"collection":[{"href":"https:\/\/sen-shop.com\/de\/wp-json\/wp\/v2\/product"}],"about":[{"href":"https:\/\/sen-shop.com\/de\/wp-json\/wp\/v2\/types\/product"}],"replies":[{"embeddable":true,"href":"https:\/\/sen-shop.com\/de\/wp-json\/wp\/v2\/comments?post=31675"}],"wp:featuredmedia":[{"embeddable":true,"href":"https:\/\/sen-shop.com\/de\/wp-json\/wp\/v2\/media\/37870"}],"wp:attachment":[{"href":"https:\/\/sen-shop.com\/de\/wp-json\/wp\/v2\/media?parent=31675"}],"wp:term":[{"taxonomy":"product_cat","embeddable":true,"href":"https:\/\/sen-shop.com\/de\/wp-json\/wp\/v2\/product_cat?post=31675"},{"taxonomy":"product_tag","embeddable":true,"href":"https:\/\/sen-shop.com\/de\/wp-json\/wp\/v2\/product_tag?post=31675"}],"curies":[{"name":"wp","href":"https:\/\/api.w.org\/{rel}","templated":true}]}}