{"id":31671,"date":"2016-09-16T01:02:33","date_gmt":"2016-09-15T23:02:33","guid":{"rendered":"https:\/\/www.sen-shop.com\/collections\/unkategorisiert\/naturliches-duschgel\/"},"modified":"2021-10-13T13:50:11","modified_gmt":"2021-10-13T11:50:11","slug":"naturliches-duschgel","status":"publish","type":"product","link":"https:\/\/sen-shop.com\/de\/collections\/personliche-pflege\/korperpflege\/naturliches-duschgel\/","title":{"rendered":"Nat\u00fcrliches Duschgel"},"content":{"rendered":"<p>[vc_row][vc_column][vc_column_text css=&#8220;.vc_custom_1624967317945{padding-top: 30px !important;padding-right: 30px !important;padding-bottom: 30px !important;padding-left: 30px !important;background-color: #c9db95 !important;}&#8220;]<br \/>\nDas nat\u00fcrliche Duschgel hat pflegende, entz\u00fcndungshemmende und antiseptische Eigenschaften. Der Zusatz von <strong>sibirischer Kiefer<\/strong> hilft zu <strong>beruhigen und zu entspannen.<\/strong><\/p>\n<p><strong>Zitronengras<\/strong> wirkt gegen <strong>M\u00fcdigkeit und Erm\u00fcdung<\/strong>, <strong>belebt<\/strong> und <strong>erfrischt<\/strong>.\u00a0Es tr\u00e4gt dazu bei, dass die roten Blutk\u00f6rperchen besser mit Sauerstoff versorgt werden.<\/p>\n<p><strong>Rosmarin<\/strong>, der seit dem fr\u00fchen Mittelalter als Heilpflanze gilt, werden viele gesundheitliche Vorteile zugeschrieben: Er wirkt <strong>krampfl\u00f6send, keimt\u00f6tend, durchblutungsf\u00f6rdernd und nervenberuhigend. <\/strong>In der Aromatherapie verwendet, weckt er schnell die Sinne und beruhigt den Geist.<\/p>\n<p>&nbsp;<\/p>\n<p>[\/vc_column_text][\/vc_column][\/vc_row][vc_row][vc_column][vc_column_text css=&#8220;.vc_custom_1624967265535{padding-top: 30px !important;padding-right: 30px !important;padding-bottom: 30px !important;padding-left: 30px !important;background-color: #ededed !important;}&#8220;]<br \/>\n<img decoding=\"async\" src=\"https:\/\/static.xx.fbcdn.net\/images\/emoji.php\/v9\/t51\/1\/16\/1f449.png\" alt=\"\ud83d\udc49\" \/>Reiben Sie eine kleine Menge des Gels in die Haut ein und sp\u00fclen Sie es anschlie\u00dfend mit lauwarmem Wasser ab.<\/p>\n<p><img decoding=\"async\" src=\"https:\/\/static.xx.fbcdn.net\/images\/emoji.php\/v9\/t51\/1\/16\/1f449.png\" alt=\"\ud83d\udc49\" \/>Nach dem Duschen empfehlen wir, die MEI feuchtigkeitsspendende, reichhaltige K\u00f6rperlotion zu verwenden.<\/p>\n<p><img decoding=\"async\" src=\"https:\/\/static.xx.fbcdn.net\/images\/emoji.php\/v9\/t51\/1\/16\/1f449.png\" alt=\"\ud83d\udc49\" \/>Aufgrund der milden Formel auch f\u00fcr Kinder geeignet.[\/vc_column_text][\/vc_column][\/vc_row][vc_row][vc_column][vc_column_text]Interessanter Fakt: Vom Ende des 18. bis zur Mitte des 19. Jahrhunderts stand die Produktion unter dem Einfluss der industriellen Revolution. 1791 patentierte der franz\u00f6sische Chemiker Nicholas Leblanc die Herstellung von Natriumbicarbonat aus Salz. Zwanzig Jahre sp\u00e4ter begann eine neue \u00c4ra f\u00fcr Seife, als Michel Eugne Chevreul, ebenfalls ein franz\u00f6sischer Chemiker, die chemische Reaktion der Verseifung erforschte. Die Entwicklung elektrisch betriebener Maschinen und die Entdeckungen in der Chemie f\u00fchrten zu einer Halbierung der Produktionskosten. Die Hersteller verga\u00dfen die nat\u00fcrlichen Stoffe und wandten sich der billigen Chemie zu, um Waschmittel herzustellen. Damit begann die \u00c4ra der chemischen Zusammensetzungen in der Kosmetik. Synthetische Farben, Duftstoffe und andere Substanzen sind jedoch sch\u00e4dlich f\u00fcr den menschlichen K\u00f6rper.<\/p>\n<p><strong>Mit Naturseifen gehen wir zur\u00fcck in die Zeit vor den Chemikalien, damit wir unserem K\u00f6rper nicht schaden. <\/strong>Nat\u00fcrliches Duschgel ist frei von Chemikalien, Parf\u00fcm oder k\u00fcnstlichen Farbstoffen. Naturseife ist viel hautfreundlicher und reizt die Haut nicht, was besonders f\u00fcr empfindliche Haut wichtig ist.[\/vc_column_text][\/vc_column][\/vc_row]<\/p>\n","protected":false},"excerpt":{"rendered":"<p>100% nat\u00fcrliches Duschgel auf der Basis eines milden Kokoswaschmittels, enth\u00e4lt eine reichhaltige Kr\u00e4utermischung, die die Haut sanft <strong>reinigt, befeuchtet und pflegt<\/strong> (Zitronengras, Rosmarin, Zimt), beruhigt (sibirische Kiefer) und eine milde antiseptische Wirkung hat (Bio-Teebaum).<\/p>\n<ul>\n<li>reinigt sanft die Haut<\/li>\n<li>hat eine milde antiseptische Wirkung<\/li>\n<li>pflegt und beruhigt die Haut<\/li>\n<li>nat\u00fcrlicher Schutz vor Pilzinfektionen<\/li>\n<\/ul>\n<p>Geeignet f\u00fcr empfindliche Haut und Kinder. Reizt oder trocknet die Haut nicht aus.<\/p>\n[banner_zeliscni]\n","protected":false},"featured_media":36354,"comment_status":"open","ping_status":"closed","template":"","meta":{"inline_featured_image":false},"product_cat":[816,834,830,819],"product_tag":[821,825,826,822,853,823],"class_list":["post-31671","product","type-product","status-publish","has-post-thumbnail","hentry","product_cat-crni-petek-de","product_cat-kinder","product_cat-korperpflege","product_cat-personliche-pflege","product_tag-bio-de","product_tag-bio-kozmetika-de","product_tag-ekoloska-kozmetika-de","product_tag-naravna-kozmetika-de","product_tag-nega-telesa-de","product_tag-slovenska-naravna-kozmetika-de"],"acf":[],"yoast_head":"<!-- This site is optimized with the Yoast SEO plugin v19.13 - https:\/\/yoast.com\/wordpress\/plugins\/seo\/ -->\n<title>Nat\u00fcrliches Duschgel<\/title>\n<meta name=\"description\" content=\"Nat\u00fcrliches Duschgel\" \/>\n<meta name=\"robots\" content=\"index, follow, max-snippet:-1, max-image-preview:large, max-video-preview:-1\" \/>\n<link rel=\"canonical\" href=\"https:\/\/sen-shop.com\/de\/collections\/personliche-pflege\/korperpflege\/naturliches-duschgel\/\" \/>\n<meta property=\"og:locale\" content=\"de_DE\" \/>\n<meta property=\"og:type\" content=\"article\" \/>\n<meta property=\"og:title\" content=\"Nat\u00fcrliches Duschgel\" \/>\n<meta property=\"og:description\" content=\"Nat\u00fcrliches Duschgel\" \/>\n<meta property=\"og:url\" content=\"https:\/\/sen-shop.com\/de\/collections\/personliche-pflege\/korperpflege\/naturliches-duschgel\/\" \/>\n<meta property=\"og:site_name\" content=\"SEN Shop\" \/>\n<meta property=\"article:publisher\" content=\"https:\/\/www.facebook.com\/Senshopslovenija\" \/>\n<meta property=\"article:modified_time\" content=\"2021-10-13T11:50:11+00:00\" \/>\n<meta property=\"og:image\" content=\"https:\/\/sen-shop.com\/wp-content\/uploads\/2021\/10\/Gel_en_de_spl-2.jpg\" \/>\n\t<meta property=\"og:image:width\" content=\"1225\" \/>\n\t<meta property=\"og:image:height\" content=\"1400\" \/>\n\t<meta property=\"og:image:type\" content=\"image\/jpeg\" \/>\n<meta name=\"twitter:card\" content=\"summary_large_image\" \/>\n<meta name=\"twitter:label1\" content=\"Gesch\u00e4tzte Lesezeit\" \/>\n\t<meta name=\"twitter:data1\" content=\"2\u00a0Minuten\" \/>\n<script type=\"application\/ld+json\" class=\"yoast-schema-graph\">{\"@context\":\"https:\/\/schema.org\",\"@graph\":[{\"@type\":\"WebPage\",\"@id\":\"https:\/\/sen-shop.com\/de\/collections\/personliche-pflege\/korperpflege\/naturliches-duschgel\/\",\"url\":\"https:\/\/sen-shop.com\/de\/collections\/personliche-pflege\/korperpflege\/naturliches-duschgel\/\",\"name\":\"Nat\u00fcrliches Duschgel\",\"isPartOf\":{\"@id\":\"https:\/\/sen-shop.com\/de\/#website\"},\"datePublished\":\"2016-09-15T23:02:33+00:00\",\"dateModified\":\"2021-10-13T11:50:11+00:00\",\"description\":\"Nat\u00fcrliches Duschgel\",\"breadcrumb\":{\"@id\":\"https:\/\/sen-shop.com\/de\/collections\/personliche-pflege\/korperpflege\/naturliches-duschgel\/#breadcrumb\"},\"inLanguage\":\"de\",\"potentialAction\":[{\"@type\":\"ReadAction\",\"target\":[\"https:\/\/sen-shop.com\/de\/collections\/personliche-pflege\/korperpflege\/naturliches-duschgel\/\"]}]},{\"@type\":\"BreadcrumbList\",\"@id\":\"https:\/\/sen-shop.com\/de\/collections\/personliche-pflege\/korperpflege\/naturliches-duschgel\/#breadcrumb\",\"itemListElement\":[{\"@type\":\"ListItem\",\"position\":1,\"name\":\"Home\",\"item\":\"https:\/\/sen-shop.com\/de\/\"},{\"@type\":\"ListItem\",\"position\":2,\"name\":\"Nat\u00fcrliches Duschgel\"}]},{\"@type\":\"WebSite\",\"@id\":\"https:\/\/sen-shop.com\/de\/#website\",\"url\":\"https:\/\/sen-shop.com\/de\/\",\"name\":\"SEN Shop\",\"description\":\"Slovensko, Ekolo\u0161ko, Naravno\",\"publisher\":{\"@id\":\"https:\/\/sen-shop.com\/de\/#organization\"},\"potentialAction\":[{\"@type\":\"SearchAction\",\"target\":{\"@type\":\"EntryPoint\",\"urlTemplate\":\"https:\/\/sen-shop.com\/de\/?s={search_term_string}\"},\"query-input\":\"required name=search_term_string\"}],\"inLanguage\":\"de\"},{\"@type\":\"Organization\",\"@id\":\"https:\/\/sen-shop.com\/de\/#organization\",\"name\":\"Mind trade d.o.o\",\"url\":\"https:\/\/sen-shop.com\/de\/\",\"logo\":{\"@type\":\"ImageObject\",\"inLanguage\":\"de\",\"@id\":\"https:\/\/sen-shop.com\/de\/#\/schema\/logo\/image\/\",\"url\":\"https:\/\/sen-shop.com\/wp-content\/uploads\/2018\/05\/header_logo.png\",\"contentUrl\":\"https:\/\/sen-shop.com\/wp-content\/uploads\/2018\/05\/header_logo.png\",\"width\":138,\"height\":70,\"caption\":\"Mind trade d.o.o\"},\"image\":{\"@id\":\"https:\/\/sen-shop.com\/de\/#\/schema\/logo\/image\/\"},\"sameAs\":[\"https:\/\/www.instagram.com\/senslovenija\/\",\"https:\/\/www.facebook.com\/Senshopslovenija\"]}]}<\/script>\n<!-- \/ Yoast SEO plugin. -->","yoast_head_json":{"title":"Nat\u00fcrliches Duschgel","description":"Nat\u00fcrliches Duschgel","robots":{"index":"index","follow":"follow","max-snippet":"max-snippet:-1","max-image-preview":"max-image-preview:large","max-video-preview":"max-video-preview:-1"},"canonical":"https:\/\/sen-shop.com\/de\/collections\/personliche-pflege\/korperpflege\/naturliches-duschgel\/","og_locale":"de_DE","og_type":"article","og_title":"Nat\u00fcrliches Duschgel","og_description":"Nat\u00fcrliches Duschgel","og_url":"https:\/\/sen-shop.com\/de\/collections\/personliche-pflege\/korperpflege\/naturliches-duschgel\/","og_site_name":"SEN Shop","article_publisher":"https:\/\/www.facebook.com\/Senshopslovenija","article_modified_time":"2021-10-13T11:50:11+00:00","og_image":[{"width":1225,"height":1400,"url":"https:\/\/sen-shop.com\/wp-content\/uploads\/2021\/10\/Gel_en_de_spl-2.jpg","type":"image\/jpeg"}],"twitter_card":"summary_large_image","twitter_misc":{"Gesch\u00e4tzte Lesezeit":"2\u00a0Minuten"},"schema":{"@context":"https:\/\/schema.org","@graph":[{"@type":"WebPage","@id":"https:\/\/sen-shop.com\/de\/collections\/personliche-pflege\/korperpflege\/naturliches-duschgel\/","url":"https:\/\/sen-shop.com\/de\/collections\/personliche-pflege\/korperpflege\/naturliches-duschgel\/","name":"Nat\u00fcrliches Duschgel","isPartOf":{"@id":"https:\/\/sen-shop.com\/de\/#website"},"datePublished":"2016-09-15T23:02:33+00:00","dateModified":"2021-10-13T11:50:11+00:00","description":"Nat\u00fcrliches Duschgel","breadcrumb":{"@id":"https:\/\/sen-shop.com\/de\/collections\/personliche-pflege\/korperpflege\/naturliches-duschgel\/#breadcrumb"},"inLanguage":"de","potentialAction":[{"@type":"ReadAction","target":["https:\/\/sen-shop.com\/de\/collections\/personliche-pflege\/korperpflege\/naturliches-duschgel\/"]}]},{"@type":"BreadcrumbList","@id":"https:\/\/sen-shop.com\/de\/collections\/personliche-pflege\/korperpflege\/naturliches-duschgel\/#breadcrumb","itemListElement":[{"@type":"ListItem","position":1,"name":"Home","item":"https:\/\/sen-shop.com\/de\/"},{"@type":"ListItem","position":2,"name":"Nat\u00fcrliches Duschgel"}]},{"@type":"WebSite","@id":"https:\/\/sen-shop.com\/de\/#website","url":"https:\/\/sen-shop.com\/de\/","name":"SEN Shop","description":"Slovensko, Ekolo\u0161ko, Naravno","publisher":{"@id":"https:\/\/sen-shop.com\/de\/#organization"},"potentialAction":[{"@type":"SearchAction","target":{"@type":"EntryPoint","urlTemplate":"https:\/\/sen-shop.com\/de\/?s={search_term_string}"},"query-input":"required name=search_term_string"}],"inLanguage":"de"},{"@type":"Organization","@id":"https:\/\/sen-shop.com\/de\/#organization","name":"Mind trade d.o.o","url":"https:\/\/sen-shop.com\/de\/","logo":{"@type":"ImageObject","inLanguage":"de","@id":"https:\/\/sen-shop.com\/de\/#\/schema\/logo\/image\/","url":"https:\/\/sen-shop.com\/wp-content\/uploads\/2018\/05\/header_logo.png","contentUrl":"https:\/\/sen-shop.com\/wp-content\/uploads\/2018\/05\/header_logo.png","width":138,"height":70,"caption":"Mind trade d.o.o"},"image":{"@id":"https:\/\/sen-shop.com\/de\/#\/schema\/logo\/image\/"},"sameAs":["https:\/\/www.instagram.com\/senslovenija\/","https:\/\/www.facebook.com\/Senshopslovenija"]}]}},"_links":{"self":[{"href":"https:\/\/sen-shop.com\/de\/wp-json\/wp\/v2\/product\/31671","targetHints":{"allow":["GET"]}}],"collection":[{"href":"https:\/\/sen-shop.com\/de\/wp-json\/wp\/v2\/product"}],"about":[{"href":"https:\/\/sen-shop.com\/de\/wp-json\/wp\/v2\/types\/product"}],"replies":[{"embeddable":true,"href":"https:\/\/sen-shop.com\/de\/wp-json\/wp\/v2\/comments?post=31671"}],"wp:featuredmedia":[{"embeddable":true,"href":"https:\/\/sen-shop.com\/de\/wp-json\/wp\/v2\/media\/36354"}],"wp:attachment":[{"href":"https:\/\/sen-shop.com\/de\/wp-json\/wp\/v2\/media?parent=31671"}],"wp:term":[{"taxonomy":"product_cat","embeddable":true,"href":"https:\/\/sen-shop.com\/de\/wp-json\/wp\/v2\/product_cat?post=31671"},{"taxonomy":"product_tag","embeddable":true,"href":"https:\/\/sen-shop.com\/de\/wp-json\/wp\/v2\/product_tag?post=31671"}],"curies":[{"name":"wp","href":"https:\/\/api.w.org\/{rel}","templated":true}]}}