{"id":31638,"date":"2017-05-18T01:04:14","date_gmt":"2017-05-17T23:04:14","guid":{"rendered":"https:\/\/www.sen-shop.com\/collections\/unkategorisiert\/bio-balsam-fur-mude-fuse-mit-kastanien\/"},"modified":"2022-11-01T23:00:59","modified_gmt":"2022-11-01T22:00:59","slug":"bio-balsam-fur-mude-fuse-mit-kastanien","status":"publish","type":"product","link":"https:\/\/sen-shop.com\/de\/collections\/personliche-pflege\/fuspflege\/bio-balsam-fur-mude-fuse-mit-kastanien\/","title":{"rendered":"Bio-Balsam f\u00fcr m\u00fcde F\u00fc\u00dfe mit Kastanien"},"content":{"rendered":"<p>[vc_row][vc_column][vc_column_text css=&#8220;.vc_custom_1625129307907{padding-top: 30px !important;padding-right: 30px !important;padding-bottom: 30px !important;padding-left: 30px !important;background-color: #c9db95 !important;}&#8220;]<br \/>\nDie Samen der wilden Kastanie enthalten eine Mischung von Triterpensaponinen, die als Escin bekannt sind. Escin ist ein Wirkstoff, der <strong>nachweislich bei Cellulite, Sonnenbrand und erweiterten Kapillaren hilft<\/strong>, indem er die <strong>Blutgef\u00e4\u00dfw\u00e4nde st\u00e4rkt.<\/strong> Escin erh\u00f6ht den Tonus der Venenw\u00e4nde und verringert gleichzeitig die Br\u00fcchigkeit und Durchl\u00e4ssigkeit der Kapillaren, wodurch <strong>Bein\u00f6deme minimiert<\/strong>, die Blutzirkulation erh\u00f6ht und der Stoffwechsel verbessert werden. Zahlreiche klinische Studien haben die Verbesserung der Symptome von Krampfadern, in der medizinischen Fachwelt auch als Veneninsuffizienz bezeichnet, bewiesen. Es hilft auch, <strong>Schwellungen zu minimieren und die Heilung von Bluterg\u00fcssen zu beschleunigen<\/strong>, die durch Schl\u00e4ge, Infusionen und Injektionen verursacht wurden.<\/p>\n<p>Flavonoide sind Pflanzenpigmente, die in den Bl\u00e4ttern roter Weinreben vorkommen &#8211; sie verleihen Bl\u00fcten, Fr\u00fcchten und seltener auch Bl\u00e4ttern gelbe, rote und blaue Farben. Au\u00dferdem sch\u00fctzen sie die Pflanzen vor Mikroben und Insekten.<br \/>\nEine <strong>medizinische Studie<\/strong> hat gezeigt, dass <strong>rote Weinbl\u00e4tter die Mikrozirkulation der Haut verbessern und Schwellungen in den Beinen verringern<\/strong>. Sie helfen auch bei m\u00fcden Beinen und F\u00fc\u00dfen. Flavonoide sind als nat\u00fcrliche Dompteure biologischer Reaktionen&#8220; bekannt, da sie nachweislich die F\u00e4higkeit besitzen, die Reaktionen von Organismen auf Allergene, Viren und Karzinogene zu regulieren. Sie haben antiallergische, entz\u00fcndungshemmende, antimikrobielle und antikarzinogene Eigenschaften.&#8220;<\/p>\n<p>&nbsp;<\/p>\n<p>[\/vc_column_text][\/vc_column][\/vc_row][vc_row][vc_column][vc_column_text css=&#8220;.vc_custom_1625129329266{padding-top: 30px !important;padding-right: 30px !important;padding-bottom: 30px !important;padding-left: 30px !important;background-color: #ededed !important;}&#8220;]<img decoding=\"async\" src=\"https:\/\/static.xx.fbcdn.net\/images\/emoji.php\/v9\/t51\/1\/16\/1f449.png\" alt=\"\ud83d\udc49\" \/> Mehrmals t\u00e4glich eine d\u00fcnne Schicht auf die<\/p>\n<p><img decoding=\"async\" src=\"https:\/\/static.xx.fbcdn.net\/images\/emoji.php\/v9\/t51\/1\/16\/1f449.png\" alt=\"\ud83d\udc49\" \/> Massieren Sie die Krampfadern nicht![\/vc_column_text][\/vc_column][\/vc_row][vc_row][vc_column][vc_column_text]<strong>Schwere und geschwollene Beine sind oft das erste Anzeichen f\u00fcr Venenprobleme.<\/strong> Geschwollene F\u00fc\u00dfe k\u00f6nnen von Kribbeln und Stechen begleitet sein. Unruhige Beine sind ein weiteres h\u00e4ufiges Symptom f\u00fcr viele Menschen. Manche haben nur leichte Symptome, w\u00e4hrend andere \u00e4rztliche Hilfe ben\u00f6tigen.<\/p>\n<p>Es gibt verschiedene Ursachen f\u00fcr Schwellungen (\u00d6deme). Normalerweise treten Schwellungen h\u00e4ufiger bei \u00e4lteren Menschen und bei Frauen im Rahmen des pr\u00e4menstruellen Syndroms oder in der Schwangerschaft auf. Die F\u00fc\u00dfe k\u00f6nnen auch anschwellen, wenn wir zu viel salzhaltige Nahrung zu uns nehmen (was zu Wassereinlagerungen f\u00fchrt), im Sommer oder wenn wir l\u00e4ngere Zeit sitzen oder stehen. Geschwollene Beine gehen oft mit einem Gef\u00fchl von Schwere und M\u00fcdigkeit einher. Die Ursachen f\u00fcr geschwollene Beine sind also vielf\u00e4ltig: <strong>Venenerkrankungen, St\u00f6rungen des Lymphabflusses, Allergien, hormonelle St\u00f6rungen <\/strong>und in einigen F\u00e4llen auch Symptome schwerwiegenderer Krankheiten wie Herz-, Leber- oder Nierenerkrankungen.<\/p>\n<p>Das Produkt ist Aromacert\u00ae-zertifiziert, was ein hohes Qualit\u00e4tsniveau in Bezug auf die strengen Kriterien der Aromatherapie garantiert, wie z. B.: Nat\u00fcrlichkeit, Authentizit\u00e4t und Reinheit der Inhaltsstoffe. Das Produkt ist 100% vegan und wurde nicht an Tieren getestet.<\/p>\n<p>[\/vc_column_text][\/vc_column][\/vc_row]<\/p>\n","protected":false},"excerpt":{"rendered":"<p>Eine sitzende Lebensweise, anstrengende k\u00f6rperliche Aktivit\u00e4ten und eine unausgewogene Ern\u00e4hrung f\u00fchren oft zu zahlreichen Beinverletzungen. <strong>Rissige Haut, schwere Beine, Krampfadern und eine schwache Durchblutung<\/strong> sind nur einige der Probleme, denen wir ausgesetzt sind.<\/p>\n<ul>\n<li>reduziert geschwollene und schmerzhafte F\u00fc\u00dfe und f\u00f6rdert die Blutzirkulation<\/li>\n<li>erh\u00f6ht die Elastizit\u00e4t der Haut und f\u00f6rdert die Wundheilung<\/li>\n<li>beruhigt und unterst\u00fctzt die Hautregeneration<\/li>\n<\/ul>\n<p>Haben Sie geschwollene oder geprellte Beine? Verbessern Sie jetzt das Aussehen und die Gesundheit Ihrer Beine.<\/p>\n[banner_zeliscni]\n","protected":false},"featured_media":31639,"comment_status":"open","ping_status":"closed","template":"","meta":{"inline_featured_image":false},"product_cat":[835,831,819],"product_tag":[821,825,837,826,838,822,836,823],"class_list":["post-31638","product","type-product","status-publish","has-post-thumbnail","hentry","product_cat-domaca-stran-de","product_cat-fuspflege","product_cat-personliche-pflege","product_tag-bio-de","product_tag-bio-kozmetika-de","product_tag-divji-kostanj-krema-de","product_tag-ekoloska-kozmetika-de","product_tag-krcne-zile-de","product_tag-naravna-kozmetika-de","product_tag-nega-nog-de","product_tag-slovenska-naravna-kozmetika-de"],"acf":[],"yoast_head":"<!-- This site is optimized with the Yoast SEO plugin v19.13 - https:\/\/yoast.com\/wordpress\/plugins\/seo\/ -->\n<title>Bio-Balsam f\u00fcr m\u00fcde F\u00fc\u00dfe mit Kastanien<\/title>\n<meta name=\"description\" content=\"Bio-Balsam f\u00fcr m\u00fcde F\u00fc\u00dfe mit Kastanien\" \/>\n<meta name=\"robots\" content=\"index, follow, max-snippet:-1, max-image-preview:large, max-video-preview:-1\" \/>\n<link rel=\"canonical\" href=\"https:\/\/sen-shop.com\/de\/collections\/personliche-pflege\/fuspflege\/bio-balsam-fur-mude-fuse-mit-kastanien\/\" \/>\n<meta property=\"og:locale\" content=\"de_DE\" \/>\n<meta property=\"og:type\" content=\"article\" \/>\n<meta property=\"og:title\" content=\"Bio-Balsam f\u00fcr m\u00fcde F\u00fc\u00dfe mit Kastanien\" \/>\n<meta property=\"og:description\" content=\"Bio-Balsam f\u00fcr m\u00fcde F\u00fc\u00dfe mit Kastanien\" \/>\n<meta property=\"og:url\" content=\"https:\/\/sen-shop.com\/de\/collections\/personliche-pflege\/fuspflege\/bio-balsam-fur-mude-fuse-mit-kastanien\/\" \/>\n<meta property=\"og:site_name\" content=\"SEN Shop\" \/>\n<meta property=\"article:publisher\" content=\"https:\/\/www.facebook.com\/Senshopslovenija\" \/>\n<meta property=\"article:modified_time\" content=\"2022-11-01T22:00:59+00:00\" \/>\n<meta property=\"og:image\" content=\"https:\/\/sen-shop.com\/wp-content\/uploads\/2021\/10\/balzam-za-noge_en_de.jpg\" \/>\n\t<meta property=\"og:image:width\" content=\"1225\" \/>\n\t<meta property=\"og:image:height\" content=\"1400\" \/>\n\t<meta property=\"og:image:type\" content=\"image\/jpeg\" \/>\n<meta name=\"twitter:card\" content=\"summary_large_image\" \/>\n<meta name=\"twitter:label1\" content=\"Gesch\u00e4tzte Lesezeit\" \/>\n\t<meta name=\"twitter:data1\" content=\"3\u00a0Minuten\" \/>\n<script type=\"application\/ld+json\" class=\"yoast-schema-graph\">{\"@context\":\"https:\/\/schema.org\",\"@graph\":[{\"@type\":\"WebPage\",\"@id\":\"https:\/\/sen-shop.com\/de\/collections\/personliche-pflege\/fuspflege\/bio-balsam-fur-mude-fuse-mit-kastanien\/\",\"url\":\"https:\/\/sen-shop.com\/de\/collections\/personliche-pflege\/fuspflege\/bio-balsam-fur-mude-fuse-mit-kastanien\/\",\"name\":\"Bio-Balsam f\u00fcr m\u00fcde F\u00fc\u00dfe mit Kastanien\",\"isPartOf\":{\"@id\":\"https:\/\/sen-shop.com\/de\/#website\"},\"datePublished\":\"2017-05-17T23:04:14+00:00\",\"dateModified\":\"2022-11-01T22:00:59+00:00\",\"description\":\"Bio-Balsam f\u00fcr m\u00fcde F\u00fc\u00dfe mit Kastanien\",\"breadcrumb\":{\"@id\":\"https:\/\/sen-shop.com\/de\/collections\/personliche-pflege\/fuspflege\/bio-balsam-fur-mude-fuse-mit-kastanien\/#breadcrumb\"},\"inLanguage\":\"de\",\"potentialAction\":[{\"@type\":\"ReadAction\",\"target\":[\"https:\/\/sen-shop.com\/de\/collections\/personliche-pflege\/fuspflege\/bio-balsam-fur-mude-fuse-mit-kastanien\/\"]}]},{\"@type\":\"BreadcrumbList\",\"@id\":\"https:\/\/sen-shop.com\/de\/collections\/personliche-pflege\/fuspflege\/bio-balsam-fur-mude-fuse-mit-kastanien\/#breadcrumb\",\"itemListElement\":[{\"@type\":\"ListItem\",\"position\":1,\"name\":\"Home\",\"item\":\"https:\/\/sen-shop.com\/de\/\"},{\"@type\":\"ListItem\",\"position\":2,\"name\":\"Bio-Balsam f\u00fcr m\u00fcde F\u00fc\u00dfe mit Kastanien\"}]},{\"@type\":\"WebSite\",\"@id\":\"https:\/\/sen-shop.com\/de\/#website\",\"url\":\"https:\/\/sen-shop.com\/de\/\",\"name\":\"SEN Shop\",\"description\":\"Slovensko, Ekolo\u0161ko, Naravno\",\"publisher\":{\"@id\":\"https:\/\/sen-shop.com\/de\/#organization\"},\"potentialAction\":[{\"@type\":\"SearchAction\",\"target\":{\"@type\":\"EntryPoint\",\"urlTemplate\":\"https:\/\/sen-shop.com\/de\/?s={search_term_string}\"},\"query-input\":\"required name=search_term_string\"}],\"inLanguage\":\"de\"},{\"@type\":\"Organization\",\"@id\":\"https:\/\/sen-shop.com\/de\/#organization\",\"name\":\"Mind trade d.o.o\",\"url\":\"https:\/\/sen-shop.com\/de\/\",\"logo\":{\"@type\":\"ImageObject\",\"inLanguage\":\"de\",\"@id\":\"https:\/\/sen-shop.com\/de\/#\/schema\/logo\/image\/\",\"url\":\"https:\/\/sen-shop.com\/wp-content\/uploads\/2018\/05\/header_logo.png\",\"contentUrl\":\"https:\/\/sen-shop.com\/wp-content\/uploads\/2018\/05\/header_logo.png\",\"width\":138,\"height\":70,\"caption\":\"Mind trade d.o.o\"},\"image\":{\"@id\":\"https:\/\/sen-shop.com\/de\/#\/schema\/logo\/image\/\"},\"sameAs\":[\"https:\/\/www.instagram.com\/senslovenija\/\",\"https:\/\/www.facebook.com\/Senshopslovenija\"]}]}<\/script>\n<!-- \/ Yoast SEO plugin. -->","yoast_head_json":{"title":"Bio-Balsam f\u00fcr m\u00fcde F\u00fc\u00dfe mit Kastanien","description":"Bio-Balsam f\u00fcr m\u00fcde F\u00fc\u00dfe mit Kastanien","robots":{"index":"index","follow":"follow","max-snippet":"max-snippet:-1","max-image-preview":"max-image-preview:large","max-video-preview":"max-video-preview:-1"},"canonical":"https:\/\/sen-shop.com\/de\/collections\/personliche-pflege\/fuspflege\/bio-balsam-fur-mude-fuse-mit-kastanien\/","og_locale":"de_DE","og_type":"article","og_title":"Bio-Balsam f\u00fcr m\u00fcde F\u00fc\u00dfe mit Kastanien","og_description":"Bio-Balsam f\u00fcr m\u00fcde F\u00fc\u00dfe mit Kastanien","og_url":"https:\/\/sen-shop.com\/de\/collections\/personliche-pflege\/fuspflege\/bio-balsam-fur-mude-fuse-mit-kastanien\/","og_site_name":"SEN Shop","article_publisher":"https:\/\/www.facebook.com\/Senshopslovenija","article_modified_time":"2022-11-01T22:00:59+00:00","og_image":[{"width":1225,"height":1400,"url":"https:\/\/sen-shop.com\/wp-content\/uploads\/2021\/10\/balzam-za-noge_en_de.jpg","type":"image\/jpeg"}],"twitter_card":"summary_large_image","twitter_misc":{"Gesch\u00e4tzte Lesezeit":"3\u00a0Minuten"},"schema":{"@context":"https:\/\/schema.org","@graph":[{"@type":"WebPage","@id":"https:\/\/sen-shop.com\/de\/collections\/personliche-pflege\/fuspflege\/bio-balsam-fur-mude-fuse-mit-kastanien\/","url":"https:\/\/sen-shop.com\/de\/collections\/personliche-pflege\/fuspflege\/bio-balsam-fur-mude-fuse-mit-kastanien\/","name":"Bio-Balsam f\u00fcr m\u00fcde F\u00fc\u00dfe mit Kastanien","isPartOf":{"@id":"https:\/\/sen-shop.com\/de\/#website"},"datePublished":"2017-05-17T23:04:14+00:00","dateModified":"2022-11-01T22:00:59+00:00","description":"Bio-Balsam f\u00fcr m\u00fcde F\u00fc\u00dfe mit Kastanien","breadcrumb":{"@id":"https:\/\/sen-shop.com\/de\/collections\/personliche-pflege\/fuspflege\/bio-balsam-fur-mude-fuse-mit-kastanien\/#breadcrumb"},"inLanguage":"de","potentialAction":[{"@type":"ReadAction","target":["https:\/\/sen-shop.com\/de\/collections\/personliche-pflege\/fuspflege\/bio-balsam-fur-mude-fuse-mit-kastanien\/"]}]},{"@type":"BreadcrumbList","@id":"https:\/\/sen-shop.com\/de\/collections\/personliche-pflege\/fuspflege\/bio-balsam-fur-mude-fuse-mit-kastanien\/#breadcrumb","itemListElement":[{"@type":"ListItem","position":1,"name":"Home","item":"https:\/\/sen-shop.com\/de\/"},{"@type":"ListItem","position":2,"name":"Bio-Balsam f\u00fcr m\u00fcde F\u00fc\u00dfe mit Kastanien"}]},{"@type":"WebSite","@id":"https:\/\/sen-shop.com\/de\/#website","url":"https:\/\/sen-shop.com\/de\/","name":"SEN Shop","description":"Slovensko, Ekolo\u0161ko, Naravno","publisher":{"@id":"https:\/\/sen-shop.com\/de\/#organization"},"potentialAction":[{"@type":"SearchAction","target":{"@type":"EntryPoint","urlTemplate":"https:\/\/sen-shop.com\/de\/?s={search_term_string}"},"query-input":"required name=search_term_string"}],"inLanguage":"de"},{"@type":"Organization","@id":"https:\/\/sen-shop.com\/de\/#organization","name":"Mind trade d.o.o","url":"https:\/\/sen-shop.com\/de\/","logo":{"@type":"ImageObject","inLanguage":"de","@id":"https:\/\/sen-shop.com\/de\/#\/schema\/logo\/image\/","url":"https:\/\/sen-shop.com\/wp-content\/uploads\/2018\/05\/header_logo.png","contentUrl":"https:\/\/sen-shop.com\/wp-content\/uploads\/2018\/05\/header_logo.png","width":138,"height":70,"caption":"Mind trade d.o.o"},"image":{"@id":"https:\/\/sen-shop.com\/de\/#\/schema\/logo\/image\/"},"sameAs":["https:\/\/www.instagram.com\/senslovenija\/","https:\/\/www.facebook.com\/Senshopslovenija"]}]}},"_links":{"self":[{"href":"https:\/\/sen-shop.com\/de\/wp-json\/wp\/v2\/product\/31638","targetHints":{"allow":["GET"]}}],"collection":[{"href":"https:\/\/sen-shop.com\/de\/wp-json\/wp\/v2\/product"}],"about":[{"href":"https:\/\/sen-shop.com\/de\/wp-json\/wp\/v2\/types\/product"}],"replies":[{"embeddable":true,"href":"https:\/\/sen-shop.com\/de\/wp-json\/wp\/v2\/comments?post=31638"}],"wp:featuredmedia":[{"embeddable":true,"href":"https:\/\/sen-shop.com\/de\/wp-json\/wp\/v2\/media\/31639"}],"wp:attachment":[{"href":"https:\/\/sen-shop.com\/de\/wp-json\/wp\/v2\/media?parent=31638"}],"wp:term":[{"taxonomy":"product_cat","embeddable":true,"href":"https:\/\/sen-shop.com\/de\/wp-json\/wp\/v2\/product_cat?post=31638"},{"taxonomy":"product_tag","embeddable":true,"href":"https:\/\/sen-shop.com\/de\/wp-json\/wp\/v2\/product_tag?post=31638"}],"curies":[{"name":"wp","href":"https:\/\/api.w.org\/{rel}","templated":true}]}}