{"id":31634,"date":"2016-09-16T01:15:06","date_gmt":"2016-09-15T23:15:06","guid":{"rendered":"https:\/\/www.sen-shop.com\/collections\/unkategorisiert\/lippenbalsam-mit-honig\/"},"modified":"2022-12-08T12:21:23","modified_gmt":"2022-12-08T11:21:23","slug":"lippenbalsam-mit-honig","status":"publish","type":"product","link":"https:\/\/sen-shop.com\/de\/collections\/personliche-pflege\/gesicht-augen-lippen\/lippenbalsam-mit-honig\/","title":{"rendered":"Lippenbalsam mit Honig"},"content":{"rendered":"<p>[vc_row][vc_column][vc_column_text css=&#8220;.vc_custom_1625052709801{padding-top: 30px !important;padding-right: 30px !important;padding-bottom: 30px !important;padding-left: 30px !important;background-color: #c9db95 !important;}&#8220;]<br \/>\n<strong>Bienenwachs heilt<\/strong>, spendet Feuchtigkeit, sch\u00fctzt vor freien Radikalen und <strong>f\u00f6rdert die Elastizit\u00e4t der Lippen.<\/strong> Es ist f\u00fcr seine antiseptische Wirkung bekannt und wird daher h\u00e4ufig in Produkten zur <strong>Wund- und Verbrennungsbehandlung verwendet.<\/strong><\/p>\n<p><strong>Honig<\/strong> hat antibakterielle Eigenschaften und <strong>f\u00f6rdert die Aufnahme<\/strong> und Speicherung von Feuchtigkeit in den Lippen. <strong>Die desinfizierende und pflegende Wirkung<\/strong> von Honig ist bekannt und wissenschaftlich erwiesen, ein Naturprodukt, das nicht die Nebenwirkungen einiger k\u00fcnstlicher Inhaltsstoffe hat.<\/p>\n<p><strong>Kakaobutter<\/strong> spendet Feuchtigkeit und n\u00e4hrt die Lippen, st\u00e4rkt die nat\u00fcrlichen Abwehrkr\u00e4fte der Lippen und<strong> f\u00f6rdert die Erneuerung der Lippen.<\/strong><\/p>\n<p><strong>Jojoba\u00f6l <\/strong>n\u00e4hrt und befeuchtet die Lippen und wirkt entz\u00fcndungshemmend, so dass es sich f\u00fcr die <strong>Pflege gesch\u00e4digter oder entz\u00fcndeter Lippen eignet.<\/strong><\/p>\n<p><strong>Teebaum\u00f6l<\/strong> hat au\u00dfergew\u00f6hnliche antibakterielle Eigenschaften und eine <strong>stark antiseptische Wirkung.<\/strong><\/p>\n<p><strong>Pfefferminze<\/strong> wirkt k\u00fchlend, antiseptisch und schmerzlindernd.<\/p>\n<p><strong>Vanille<\/strong> hat eine beruhigende Wirkung auf gereizte Haut.<\/p>\n<p>[\/vc_column_text][\/vc_column][\/vc_row][vc_row][vc_column][vc_column_text css=&#8220;.vc_custom_1625052725113{padding-top: 30px !important;padding-right: 30px !important;padding-bottom: 30px !important;padding-left: 30px !important;background-color: #ededed !important;}&#8220;]<img decoding=\"async\" src=\"https:\/\/static.xx.fbcdn.net\/images\/emoji.php\/v9\/t51\/1\/16\/1f449.png\" alt=\"\ud83d\udc49\" \/>\u00a0 Tragen Sie den Lippenbalsam mehrmals t\u00e4glich, je nach Bedarf, mit sauberen H\u00e4nden auf.<br \/>\n[\/vc_column_text][\/vc_column][\/vc_row][vc_row][vc_column][vc_column_text]Bienenwachs besteht aus <strong>Estern unges\u00e4ttigter Fetts\u00e4uren,<\/strong> wobei 70 % auf <strong>einwertige aliphatische Fetts\u00e4uren<\/strong> entfallen. Die \u00fcbrigen Bestandteile sind<strong> freie Fetts\u00e4uren <\/strong>(15 %), <strong>aliphatische Kohlenwasserstoffe<\/strong> (15 %), <strong>Farbstoffe<\/strong>, <strong>Aromastoffe<\/strong>, <strong>Mineralien<\/strong> und <strong>Vitamin A.<\/strong> Einige Hersteller f\u00fcgen dem Wachs andere Verf\u00e4lschungen (Talg, Mineral- und Pflanzenwachs usw.) zu, die von den Bienen abgelehnt werden. Au\u00dferdem sind gef\u00e4lschte Wachse sehr schwer zu erkennen. Wachs beginnt bei 64 \u00baC zu schmelzen und wird bei etwa 35 \u00baC plastisch und geschmeidig. 37 \u00baC ist die normale Temperatur im Bienenstock, bei der die Bienen das Wachs formen k\u00f6nnen. Bei 25 \u00baC ist das Wachs sehr fest und kann mehrere Kilogramm Honig aufnehmen, da die Bienen es zur Bildung der Waben verwenden, in denen sie den Honig speichern. Wenn die Temperatur des Wachses unter 18 \u00baC sinkt, wird es bitter im Geschmack. Jahrtausendelang war Bienenwachs das einzige Wachs, aber heute gibt es mehrere Arten von Wachs, z. B. pflanzliche Wachse und synthetische Wachse. Unser Produkt enth\u00e4lt nur nat\u00fcrliches Bienenwachs.<\/p>\n<p>&nbsp;<\/p>\n<p>Das Produkt ist Aromacert\u00ae-zertifiziert, was ein hohes Qualit\u00e4tsniveau nach strengen Aromatherapiekriterien wie Nat\u00fcrlichkeit, Authentizit\u00e4t und Reinheit der Inhaltsstoffe garantiert. Das Produkt ist 100% vegan und wurde nicht an Tieren getestet.<\/p>\n<p>[\/vc_column_text][\/vc_column][\/vc_row]<\/p>\n","protected":false},"excerpt":{"rendered":"<p>Die sorgf\u00e4ltig ausgew\u00e4hlte n\u00e4hrende Zusammensetzung des Lippenbalsams ist vorz\u00fcglich f\u00fcr die <strong>Pflege<\/strong> und den <strong>Schutz<\/strong> der Lippen bestimmt. Die Kombination aus Bienenwachs, Jojoba\u00f6l, Kakaobutter und Honig hilft selbst den <strong>empfindlichsten<\/strong> und <strong>rissigen<\/strong> Lippen auf ganz nat\u00fcrliche Weise.<\/p>\n<ul>\n<li>n\u00e4hrt, befeuchtet und sch\u00fctzt die Lippen<\/li>\n<li>beruhigt gereizte und sonnenverbrannte Lippen<\/li>\n<li>beschleunigt die Heilung und stellt rissige Lippen wieder her<\/li>\n<\/ul>\n<p>Teebaum\u00f6l hat eine milde und wohltuende antiseptische Wirkung auf wunde Lippen.<\/p>\n[banner_zeliscni]\n","protected":false},"featured_media":37550,"comment_status":"open","ping_status":"closed","template":"","meta":{"inline_featured_image":false},"product_cat":[816,820,819],"product_tag":[821,825,826,822,824,823],"class_list":["post-31634","product","type-product","status-publish","has-post-thumbnail","hentry","product_cat-crni-petek-de","product_cat-gesicht-augen-lippen","product_cat-personliche-pflege","product_tag-bio-de","product_tag-bio-kozmetika-de","product_tag-ekoloska-kozmetika-de","product_tag-naravna-kozmetika-de","product_tag-obraz-in-ustnice-de","product_tag-slovenska-naravna-kozmetika-de"],"acf":[],"yoast_head":"<!-- This site is optimized with the Yoast SEO plugin v19.13 - https:\/\/yoast.com\/wordpress\/plugins\/seo\/ -->\n<title>Lippenbalsam mit Honig<\/title>\n<meta name=\"description\" content=\"Lippenbalsam mit Honig\" \/>\n<meta name=\"robots\" content=\"index, follow, max-snippet:-1, max-image-preview:large, max-video-preview:-1\" \/>\n<link rel=\"canonical\" href=\"https:\/\/sen-shop.com\/de\/collections\/personliche-pflege\/gesicht-augen-lippen\/lippenbalsam-mit-honig\/\" \/>\n<meta property=\"og:locale\" content=\"de_DE\" \/>\n<meta property=\"og:type\" content=\"article\" \/>\n<meta property=\"og:title\" content=\"Lippenbalsam mit Honig\" \/>\n<meta property=\"og:description\" content=\"Lippenbalsam mit Honig\" \/>\n<meta property=\"og:url\" content=\"https:\/\/sen-shop.com\/de\/collections\/personliche-pflege\/gesicht-augen-lippen\/lippenbalsam-mit-honig\/\" \/>\n<meta property=\"og:site_name\" content=\"SEN Shop\" \/>\n<meta property=\"article:publisher\" content=\"https:\/\/www.facebook.com\/Senshopslovenija\" \/>\n<meta property=\"article:modified_time\" content=\"2022-12-08T11:21:23+00:00\" \/>\n<meta property=\"og:image\" content=\"https:\/\/sen-shop.com\/wp-content\/uploads\/2021\/10\/lip-balm_en_de-1.jpg\" \/>\n\t<meta property=\"og:image:width\" content=\"1225\" \/>\n\t<meta property=\"og:image:height\" content=\"1400\" \/>\n\t<meta property=\"og:image:type\" content=\"image\/jpeg\" \/>\n<meta name=\"twitter:card\" content=\"summary_large_image\" \/>\n<meta name=\"twitter:label1\" content=\"Gesch\u00e4tzte Lesezeit\" \/>\n\t<meta name=\"twitter:data1\" content=\"3\u00a0Minuten\" \/>\n<script type=\"application\/ld+json\" class=\"yoast-schema-graph\">{\"@context\":\"https:\/\/schema.org\",\"@graph\":[{\"@type\":\"WebPage\",\"@id\":\"https:\/\/sen-shop.com\/de\/collections\/personliche-pflege\/gesicht-augen-lippen\/lippenbalsam-mit-honig\/\",\"url\":\"https:\/\/sen-shop.com\/de\/collections\/personliche-pflege\/gesicht-augen-lippen\/lippenbalsam-mit-honig\/\",\"name\":\"Lippenbalsam mit Honig\",\"isPartOf\":{\"@id\":\"https:\/\/sen-shop.com\/de\/#website\"},\"datePublished\":\"2016-09-15T23:15:06+00:00\",\"dateModified\":\"2022-12-08T11:21:23+00:00\",\"description\":\"Lippenbalsam mit Honig\",\"breadcrumb\":{\"@id\":\"https:\/\/sen-shop.com\/de\/collections\/personliche-pflege\/gesicht-augen-lippen\/lippenbalsam-mit-honig\/#breadcrumb\"},\"inLanguage\":\"de\",\"potentialAction\":[{\"@type\":\"ReadAction\",\"target\":[\"https:\/\/sen-shop.com\/de\/collections\/personliche-pflege\/gesicht-augen-lippen\/lippenbalsam-mit-honig\/\"]}]},{\"@type\":\"BreadcrumbList\",\"@id\":\"https:\/\/sen-shop.com\/de\/collections\/personliche-pflege\/gesicht-augen-lippen\/lippenbalsam-mit-honig\/#breadcrumb\",\"itemListElement\":[{\"@type\":\"ListItem\",\"position\":1,\"name\":\"Home\",\"item\":\"https:\/\/sen-shop.com\/de\/\"},{\"@type\":\"ListItem\",\"position\":2,\"name\":\"Lippenbalsam mit Honig\"}]},{\"@type\":\"WebSite\",\"@id\":\"https:\/\/sen-shop.com\/de\/#website\",\"url\":\"https:\/\/sen-shop.com\/de\/\",\"name\":\"SEN Shop\",\"description\":\"Slovensko, Ekolo\u0161ko, Naravno\",\"publisher\":{\"@id\":\"https:\/\/sen-shop.com\/de\/#organization\"},\"potentialAction\":[{\"@type\":\"SearchAction\",\"target\":{\"@type\":\"EntryPoint\",\"urlTemplate\":\"https:\/\/sen-shop.com\/de\/?s={search_term_string}\"},\"query-input\":\"required name=search_term_string\"}],\"inLanguage\":\"de\"},{\"@type\":\"Organization\",\"@id\":\"https:\/\/sen-shop.com\/de\/#organization\",\"name\":\"Mind trade d.o.o\",\"url\":\"https:\/\/sen-shop.com\/de\/\",\"logo\":{\"@type\":\"ImageObject\",\"inLanguage\":\"de\",\"@id\":\"https:\/\/sen-shop.com\/de\/#\/schema\/logo\/image\/\",\"url\":\"https:\/\/sen-shop.com\/wp-content\/uploads\/2018\/05\/header_logo.png\",\"contentUrl\":\"https:\/\/sen-shop.com\/wp-content\/uploads\/2018\/05\/header_logo.png\",\"width\":138,\"height\":70,\"caption\":\"Mind trade d.o.o\"},\"image\":{\"@id\":\"https:\/\/sen-shop.com\/de\/#\/schema\/logo\/image\/\"},\"sameAs\":[\"https:\/\/www.instagram.com\/senslovenija\/\",\"https:\/\/www.facebook.com\/Senshopslovenija\"]}]}<\/script>\n<!-- \/ Yoast SEO plugin. -->","yoast_head_json":{"title":"Lippenbalsam mit Honig","description":"Lippenbalsam mit Honig","robots":{"index":"index","follow":"follow","max-snippet":"max-snippet:-1","max-image-preview":"max-image-preview:large","max-video-preview":"max-video-preview:-1"},"canonical":"https:\/\/sen-shop.com\/de\/collections\/personliche-pflege\/gesicht-augen-lippen\/lippenbalsam-mit-honig\/","og_locale":"de_DE","og_type":"article","og_title":"Lippenbalsam mit Honig","og_description":"Lippenbalsam mit Honig","og_url":"https:\/\/sen-shop.com\/de\/collections\/personliche-pflege\/gesicht-augen-lippen\/lippenbalsam-mit-honig\/","og_site_name":"SEN Shop","article_publisher":"https:\/\/www.facebook.com\/Senshopslovenija","article_modified_time":"2022-12-08T11:21:23+00:00","og_image":[{"width":1225,"height":1400,"url":"https:\/\/sen-shop.com\/wp-content\/uploads\/2021\/10\/lip-balm_en_de-1.jpg","type":"image\/jpeg"}],"twitter_card":"summary_large_image","twitter_misc":{"Gesch\u00e4tzte Lesezeit":"3\u00a0Minuten"},"schema":{"@context":"https:\/\/schema.org","@graph":[{"@type":"WebPage","@id":"https:\/\/sen-shop.com\/de\/collections\/personliche-pflege\/gesicht-augen-lippen\/lippenbalsam-mit-honig\/","url":"https:\/\/sen-shop.com\/de\/collections\/personliche-pflege\/gesicht-augen-lippen\/lippenbalsam-mit-honig\/","name":"Lippenbalsam mit Honig","isPartOf":{"@id":"https:\/\/sen-shop.com\/de\/#website"},"datePublished":"2016-09-15T23:15:06+00:00","dateModified":"2022-12-08T11:21:23+00:00","description":"Lippenbalsam mit Honig","breadcrumb":{"@id":"https:\/\/sen-shop.com\/de\/collections\/personliche-pflege\/gesicht-augen-lippen\/lippenbalsam-mit-honig\/#breadcrumb"},"inLanguage":"de","potentialAction":[{"@type":"ReadAction","target":["https:\/\/sen-shop.com\/de\/collections\/personliche-pflege\/gesicht-augen-lippen\/lippenbalsam-mit-honig\/"]}]},{"@type":"BreadcrumbList","@id":"https:\/\/sen-shop.com\/de\/collections\/personliche-pflege\/gesicht-augen-lippen\/lippenbalsam-mit-honig\/#breadcrumb","itemListElement":[{"@type":"ListItem","position":1,"name":"Home","item":"https:\/\/sen-shop.com\/de\/"},{"@type":"ListItem","position":2,"name":"Lippenbalsam mit Honig"}]},{"@type":"WebSite","@id":"https:\/\/sen-shop.com\/de\/#website","url":"https:\/\/sen-shop.com\/de\/","name":"SEN Shop","description":"Slovensko, Ekolo\u0161ko, Naravno","publisher":{"@id":"https:\/\/sen-shop.com\/de\/#organization"},"potentialAction":[{"@type":"SearchAction","target":{"@type":"EntryPoint","urlTemplate":"https:\/\/sen-shop.com\/de\/?s={search_term_string}"},"query-input":"required name=search_term_string"}],"inLanguage":"de"},{"@type":"Organization","@id":"https:\/\/sen-shop.com\/de\/#organization","name":"Mind trade d.o.o","url":"https:\/\/sen-shop.com\/de\/","logo":{"@type":"ImageObject","inLanguage":"de","@id":"https:\/\/sen-shop.com\/de\/#\/schema\/logo\/image\/","url":"https:\/\/sen-shop.com\/wp-content\/uploads\/2018\/05\/header_logo.png","contentUrl":"https:\/\/sen-shop.com\/wp-content\/uploads\/2018\/05\/header_logo.png","width":138,"height":70,"caption":"Mind trade d.o.o"},"image":{"@id":"https:\/\/sen-shop.com\/de\/#\/schema\/logo\/image\/"},"sameAs":["https:\/\/www.instagram.com\/senslovenija\/","https:\/\/www.facebook.com\/Senshopslovenija"]}]}},"_links":{"self":[{"href":"https:\/\/sen-shop.com\/de\/wp-json\/wp\/v2\/product\/31634","targetHints":{"allow":["GET"]}}],"collection":[{"href":"https:\/\/sen-shop.com\/de\/wp-json\/wp\/v2\/product"}],"about":[{"href":"https:\/\/sen-shop.com\/de\/wp-json\/wp\/v2\/types\/product"}],"replies":[{"embeddable":true,"href":"https:\/\/sen-shop.com\/de\/wp-json\/wp\/v2\/comments?post=31634"}],"wp:featuredmedia":[{"embeddable":true,"href":"https:\/\/sen-shop.com\/de\/wp-json\/wp\/v2\/media\/37550"}],"wp:attachment":[{"href":"https:\/\/sen-shop.com\/de\/wp-json\/wp\/v2\/media?parent=31634"}],"wp:term":[{"taxonomy":"product_cat","embeddable":true,"href":"https:\/\/sen-shop.com\/de\/wp-json\/wp\/v2\/product_cat?post=31634"},{"taxonomy":"product_tag","embeddable":true,"href":"https:\/\/sen-shop.com\/de\/wp-json\/wp\/v2\/product_tag?post=31634"}],"curies":[{"name":"wp","href":"https:\/\/api.w.org\/{rel}","templated":true}]}}