{"id":31382,"date":"2017-10-26T14:49:57","date_gmt":"2017-10-26T12:49:57","guid":{"rendered":"https:\/\/www.sen-shop.com\/collections\/unkategorisiert\/rotklee-menopause\/"},"modified":"2021-12-02T11:31:17","modified_gmt":"2021-12-02T10:31:17","slug":"rotklee-menopause","status":"publish","type":"product","link":"https:\/\/sen-shop.com\/de\/collections\/nahrungsergaenzungsmittel\/menopause-de\/rotklee-menopause\/","title":{"rendered":"Rotklee"},"content":{"rendered":"<p>[vc_row][vc_column][vc_column_text css=&#8220;.vc_custom_1625557348149{padding-top: 30px !important;padding-right: 30px !important;padding-bottom: 30px !important;padding-left: 30px !important;background-color: #c9db95 !important;}&#8220;]<\/p>\n<h1><strong>Menopause<\/strong><\/h1>\n<p>Die <strong>Menopause<\/strong> setzt ein, wenn die Eierst\u00f6cke aufh\u00f6ren zu arbeiten und die Frau von fruchtbar zu unfruchtbar wird. Dies ist kein vor\u00fcbergehender Prozess, sondern ein Zustand, der mehrere Jahre vor dem Einsetzen der Menopause beginnt.\u00a0Ein <strong>hormonelles<\/strong> <strong>Ungleichgewicht<\/strong> verursacht Probleme wie <strong>Hitzewallungen<\/strong>, <strong>Kopfschmerzen, Schwindel, M\u00fcdigkeit, Reizbarkeit, gedr\u00fcckte Stimmung, Konzentrationsschwierigkeiten und Vergesslichkeit.<\/strong> Viele \u00c4rzte verschreiben eine <strong>Hormontherapie<\/strong>, die viele <strong>Nebenwirkungen<\/strong> hat und die <strong>Symptome<\/strong> <strong>nicht beseitigt<\/strong>, sondern nur verz\u00f6gert. J\u00fcngste Untersuchungen haben ergeben, dass 6 bis 10 Frauen eine Hormontherapie versuchen, von denen 33 % innerhalb eines Jahres wieder aufh\u00f6ren.<\/p>\n<p>Rotklee bietet eine nat\u00fcrliche und nebenwirkungsfreie Alternative. Er beinhaltet vier wichtige Isoflavone sowie nat\u00fcrliche pflanzliche Phyto\u00f6strogene, die in ihrer Zusammensetzung den von unserem K\u00f6rper produzierten \u00d6strogenen sehr \u00e4hnlich sind. Diese \u00d6strogene verringern den Alterungseffekt bei Frauen, indem sie zur Erhaltung der Knochenst\u00e4rke, einer sch\u00f6nen Haut und der Gesundheit der Gef\u00e4\u00dfe beitragen und den Cholesterinspiegel im Blut regulieren. Rotklee tr\u00e4gt auch dazu bei, dem Auftreten von Osteoporose vorzubeugen.[\/vc_column_text][vc_column_text css=&#8220;.vc_custom_1628605251494{padding-top: 30px !important;padding-right: 30px !important;padding-bottom: 30px !important;padding-left: 30px !important;background-color: #ededed !important;}&#8220;]\ud83d\udc49 Rotklee ist eine gro\u00dfe Hilfe bei Problemen, die in den Wechseljahren auftreten.<\/p>\n<p>\ud83d\udc49 Eine Kapsel pro Tag.<\/p>\n<p>\ud83d\udc49 Rotklee-Kapseln sind v\u00f6llig nat\u00fcrlich und enthalten nur Rotklee-Extrakt und standardisierte Isoflavone.[\/vc_column_text][vc_widget_sidebar][vc_column_text]Die <strong>klassischen Symptome der Wechseljahre<\/strong>, die leicht, mittelschwer oder schwer sein k\u00f6nnen, lassen sich i<strong>n vier Gruppen einteilen<\/strong>:<\/p>\n<ul>\n<li><strong>Vasomotorische Symptome<\/strong>: <strong>Hitzewallungen<\/strong> &#8211; ein pl\u00f6tzliches und unangenehmes Hitzegef\u00fchl in Kopf und Gesicht mit Schwei\u00dfausbr\u00fcchen und Herzklopfen in der Brust. Die Hitzewallungen dauern einige Sekunden bis zu einer halben Stunde. <strong>N\u00e4chtliche<\/strong> <strong>Schwei\u00dfausbr\u00fcche<\/strong> f\u00fchren zu Schlafst\u00f6rungen.<\/li>\n<li><strong>Psychische Symptome: schnelle Stimmungsschwankungen<\/strong>, Reizbarkeit, M\u00fcdigkeit, sogar <strong>Depressionen<\/strong>.<\/li>\n<li><strong>Physiologische Symptome<\/strong>: Ver\u00e4nderungen der Vaginalschleimhaut f\u00fchren zu Unbehagen, <strong>Schmerzen beim Geschlechtsverkehr<\/strong>, vermehrten <strong>Harnwegsinfektionen<\/strong>, Harninkontinenz, Scheidenentz\u00fcndungen usw.<\/li>\n<li><strong>Langfristige Folgen eines \u00d6strogenmangels<\/strong> sind eine verringerte Knochenmineraldichte, die zu <strong>Osteoporose<\/strong> f\u00fchrt, und<strong> Herz-Kreislauf-Erkrankungen<\/strong> aufgrund eines gest\u00f6rten Cholesterinstoffwechsels.<\/li>\n<\/ul>\n<p>Ab dem 35. Lebensjahr nimmt die \u00d6strogenproduktion ab. Sein Mangel ist eine der Hauptursachen f\u00fcr Osteoporose. Studien haben gezeigt, dass das Osteoporoserisiko durch die regelm\u00e4\u00dfige Einnahme von Rotklee drastisch reduziert wird.[\/vc_column_text][\/vc_column][\/vc_row]<\/p>\n","protected":false},"excerpt":{"rendered":"<p>Die <strong>Menopause<\/strong> ist ein bedeutender Meilenstein im Leben einer Frau, da sich in dieser Zeit viele Ver\u00e4nderungen im K\u00f6rper vollziehen. Die meisten Frauen haben <strong>Probleme<\/strong> wie <strong>Hitzewallungen<\/strong>, Schwei\u00dfausbr\u00fcche, hormonelles Ungleichgewicht, <strong>Stimmungsschwankungen<\/strong>, <strong>Konzentrationsschwierigkeiten<\/strong>, <strong>Osteoporose<\/strong>, Vergesslichkeit, Hautalterung usw.<\/p>\n<ul>\n<li>lindert wirksam die Probleme, die in den Wechseljahren auftreten (Hitzewallungen, Schwei\u00dfausbr\u00fcche und Hautalterung)<\/li>\n<li>wirkt sich positiv auf die Knochen aus und verringert das Osteoporoserisiko<\/li>\n<li>sch\u00fctzt die Haut vor vorzeitiger Alterung<\/li>\n<\/ul>\n<p><strong>Rotklee<\/strong> stellt eine <strong>nat\u00fcrliche<\/strong> <strong>Alternative<\/strong> zu Hormontherapien dar, <strong>ohne<\/strong> deren <strong>Nebenwirkungen<\/strong> zu verursachen.<\/p>\n[banner_prehrana]\n","protected":false},"featured_media":30379,"comment_status":"open","ping_status":"closed","template":"","meta":{"inline_featured_image":false},"product_cat":[816,812,813],"product_tag":[897,898,821,900,896,815,899,814,895],"class_list":["post-31382","product","type-product","status-publish","has-post-thumbnail","hentry","product_cat-crni-petek-de","product_cat-menopause-de","product_cat-nahrungsergaenzungsmittel","product_tag-analizator-tanita-de","product_tag-analizator-telesne-teze-de","product_tag-bio-de","product_tag-digitalna-osebna-tehtnica-de","product_tag-digitalna-tehtnica-de","product_tag-menopavza","product_tag-nakup-tanite-de","product_tag-prehranska-dopolnila-de","product_tag-tanita-de"],"acf":[],"yoast_head":"<!-- This site is optimized with the Yoast SEO plugin v19.13 - https:\/\/yoast.com\/wordpress\/plugins\/seo\/ -->\n<title>Menopause, Rotklee, Schwitzen, Hitzewallungen. Sen Shop<\/title>\n<meta name=\"description\" content=\"Menopause, Rotklee, Schwitzen, Hitzewallungen\" \/>\n<meta name=\"robots\" content=\"index, follow, max-snippet:-1, max-image-preview:large, max-video-preview:-1\" \/>\n<link rel=\"canonical\" href=\"https:\/\/sen-shop.com\/de\/collections\/nahrungsergaenzungsmittel\/menopause-de\/rotklee-menopause\/\" \/>\n<meta property=\"og:locale\" content=\"de_DE\" \/>\n<meta property=\"og:type\" content=\"article\" \/>\n<meta property=\"og:title\" content=\"Menopause, Rotklee, Schwitzen, Hitzewallungen. Sen Shop\" \/>\n<meta property=\"og:description\" content=\"Menopause, Rotklee, Schwitzen, Hitzewallungen\" \/>\n<meta property=\"og:url\" content=\"https:\/\/sen-shop.com\/de\/collections\/nahrungsergaenzungsmittel\/menopause-de\/rotklee-menopause\/\" \/>\n<meta property=\"og:site_name\" content=\"SEN Shop\" \/>\n<meta property=\"article:publisher\" content=\"https:\/\/www.facebook.com\/Senshopslovenija\" \/>\n<meta property=\"article:modified_time\" content=\"2021-12-02T10:31:17+00:00\" \/>\n<meta property=\"og:image\" content=\"https:\/\/sen-shop.com\/wp-content\/uploads\/2021\/10\/Crna-detelja_EN_DE_spl.jpg\" \/>\n\t<meta property=\"og:image:width\" content=\"1400\" \/>\n\t<meta property=\"og:image:height\" content=\"1400\" \/>\n\t<meta property=\"og:image:type\" content=\"image\/jpeg\" \/>\n<meta name=\"twitter:card\" content=\"summary_large_image\" \/>\n<meta name=\"twitter:label1\" content=\"Gesch\u00e4tzte Lesezeit\" \/>\n\t<meta name=\"twitter:data1\" content=\"2\u00a0Minuten\" \/>\n<script type=\"application\/ld+json\" class=\"yoast-schema-graph\">{\"@context\":\"https:\/\/schema.org\",\"@graph\":[{\"@type\":\"WebPage\",\"@id\":\"https:\/\/sen-shop.com\/de\/collections\/nahrungsergaenzungsmittel\/menopause-de\/rotklee-menopause\/\",\"url\":\"https:\/\/sen-shop.com\/de\/collections\/nahrungsergaenzungsmittel\/menopause-de\/rotklee-menopause\/\",\"name\":\"Menopause, Rotklee, Schwitzen, Hitzewallungen. Sen Shop\",\"isPartOf\":{\"@id\":\"https:\/\/sen-shop.com\/de\/#website\"},\"datePublished\":\"2017-10-26T12:49:57+00:00\",\"dateModified\":\"2021-12-02T10:31:17+00:00\",\"description\":\"Menopause, Rotklee, Schwitzen, Hitzewallungen\",\"breadcrumb\":{\"@id\":\"https:\/\/sen-shop.com\/de\/collections\/nahrungsergaenzungsmittel\/menopause-de\/rotklee-menopause\/#breadcrumb\"},\"inLanguage\":\"de\",\"potentialAction\":[{\"@type\":\"ReadAction\",\"target\":[\"https:\/\/sen-shop.com\/de\/collections\/nahrungsergaenzungsmittel\/menopause-de\/rotklee-menopause\/\"]}]},{\"@type\":\"BreadcrumbList\",\"@id\":\"https:\/\/sen-shop.com\/de\/collections\/nahrungsergaenzungsmittel\/menopause-de\/rotklee-menopause\/#breadcrumb\",\"itemListElement\":[{\"@type\":\"ListItem\",\"position\":1,\"name\":\"Home\",\"item\":\"https:\/\/sen-shop.com\/de\/\"},{\"@type\":\"ListItem\",\"position\":2,\"name\":\"Rotklee\"}]},{\"@type\":\"WebSite\",\"@id\":\"https:\/\/sen-shop.com\/de\/#website\",\"url\":\"https:\/\/sen-shop.com\/de\/\",\"name\":\"SEN Shop\",\"description\":\"Slovensko, Ekolo\u0161ko, Naravno\",\"publisher\":{\"@id\":\"https:\/\/sen-shop.com\/de\/#organization\"},\"potentialAction\":[{\"@type\":\"SearchAction\",\"target\":{\"@type\":\"EntryPoint\",\"urlTemplate\":\"https:\/\/sen-shop.com\/de\/?s={search_term_string}\"},\"query-input\":\"required name=search_term_string\"}],\"inLanguage\":\"de\"},{\"@type\":\"Organization\",\"@id\":\"https:\/\/sen-shop.com\/de\/#organization\",\"name\":\"Mind trade d.o.o\",\"url\":\"https:\/\/sen-shop.com\/de\/\",\"logo\":{\"@type\":\"ImageObject\",\"inLanguage\":\"de\",\"@id\":\"https:\/\/sen-shop.com\/de\/#\/schema\/logo\/image\/\",\"url\":\"https:\/\/sen-shop.com\/wp-content\/uploads\/2018\/05\/header_logo.png\",\"contentUrl\":\"https:\/\/sen-shop.com\/wp-content\/uploads\/2018\/05\/header_logo.png\",\"width\":138,\"height\":70,\"caption\":\"Mind trade d.o.o\"},\"image\":{\"@id\":\"https:\/\/sen-shop.com\/de\/#\/schema\/logo\/image\/\"},\"sameAs\":[\"https:\/\/www.instagram.com\/senslovenija\/\",\"https:\/\/www.facebook.com\/Senshopslovenija\"]}]}<\/script>\n<!-- \/ Yoast SEO plugin. -->","yoast_head_json":{"title":"Menopause, Rotklee, Schwitzen, Hitzewallungen. Sen Shop","description":"Menopause, Rotklee, Schwitzen, Hitzewallungen","robots":{"index":"index","follow":"follow","max-snippet":"max-snippet:-1","max-image-preview":"max-image-preview:large","max-video-preview":"max-video-preview:-1"},"canonical":"https:\/\/sen-shop.com\/de\/collections\/nahrungsergaenzungsmittel\/menopause-de\/rotklee-menopause\/","og_locale":"de_DE","og_type":"article","og_title":"Menopause, Rotklee, Schwitzen, Hitzewallungen. Sen Shop","og_description":"Menopause, Rotklee, Schwitzen, Hitzewallungen","og_url":"https:\/\/sen-shop.com\/de\/collections\/nahrungsergaenzungsmittel\/menopause-de\/rotklee-menopause\/","og_site_name":"SEN Shop","article_publisher":"https:\/\/www.facebook.com\/Senshopslovenija","article_modified_time":"2021-12-02T10:31:17+00:00","og_image":[{"width":1400,"height":1400,"url":"https:\/\/sen-shop.com\/wp-content\/uploads\/2021\/10\/Crna-detelja_EN_DE_spl.jpg","type":"image\/jpeg"}],"twitter_card":"summary_large_image","twitter_misc":{"Gesch\u00e4tzte Lesezeit":"2\u00a0Minuten"},"schema":{"@context":"https:\/\/schema.org","@graph":[{"@type":"WebPage","@id":"https:\/\/sen-shop.com\/de\/collections\/nahrungsergaenzungsmittel\/menopause-de\/rotklee-menopause\/","url":"https:\/\/sen-shop.com\/de\/collections\/nahrungsergaenzungsmittel\/menopause-de\/rotklee-menopause\/","name":"Menopause, Rotklee, Schwitzen, Hitzewallungen. Sen Shop","isPartOf":{"@id":"https:\/\/sen-shop.com\/de\/#website"},"datePublished":"2017-10-26T12:49:57+00:00","dateModified":"2021-12-02T10:31:17+00:00","description":"Menopause, Rotklee, Schwitzen, Hitzewallungen","breadcrumb":{"@id":"https:\/\/sen-shop.com\/de\/collections\/nahrungsergaenzungsmittel\/menopause-de\/rotklee-menopause\/#breadcrumb"},"inLanguage":"de","potentialAction":[{"@type":"ReadAction","target":["https:\/\/sen-shop.com\/de\/collections\/nahrungsergaenzungsmittel\/menopause-de\/rotklee-menopause\/"]}]},{"@type":"BreadcrumbList","@id":"https:\/\/sen-shop.com\/de\/collections\/nahrungsergaenzungsmittel\/menopause-de\/rotklee-menopause\/#breadcrumb","itemListElement":[{"@type":"ListItem","position":1,"name":"Home","item":"https:\/\/sen-shop.com\/de\/"},{"@type":"ListItem","position":2,"name":"Rotklee"}]},{"@type":"WebSite","@id":"https:\/\/sen-shop.com\/de\/#website","url":"https:\/\/sen-shop.com\/de\/","name":"SEN Shop","description":"Slovensko, Ekolo\u0161ko, Naravno","publisher":{"@id":"https:\/\/sen-shop.com\/de\/#organization"},"potentialAction":[{"@type":"SearchAction","target":{"@type":"EntryPoint","urlTemplate":"https:\/\/sen-shop.com\/de\/?s={search_term_string}"},"query-input":"required name=search_term_string"}],"inLanguage":"de"},{"@type":"Organization","@id":"https:\/\/sen-shop.com\/de\/#organization","name":"Mind trade d.o.o","url":"https:\/\/sen-shop.com\/de\/","logo":{"@type":"ImageObject","inLanguage":"de","@id":"https:\/\/sen-shop.com\/de\/#\/schema\/logo\/image\/","url":"https:\/\/sen-shop.com\/wp-content\/uploads\/2018\/05\/header_logo.png","contentUrl":"https:\/\/sen-shop.com\/wp-content\/uploads\/2018\/05\/header_logo.png","width":138,"height":70,"caption":"Mind trade d.o.o"},"image":{"@id":"https:\/\/sen-shop.com\/de\/#\/schema\/logo\/image\/"},"sameAs":["https:\/\/www.instagram.com\/senslovenija\/","https:\/\/www.facebook.com\/Senshopslovenija"]}]}},"_links":{"self":[{"href":"https:\/\/sen-shop.com\/de\/wp-json\/wp\/v2\/product\/31382","targetHints":{"allow":["GET"]}}],"collection":[{"href":"https:\/\/sen-shop.com\/de\/wp-json\/wp\/v2\/product"}],"about":[{"href":"https:\/\/sen-shop.com\/de\/wp-json\/wp\/v2\/types\/product"}],"replies":[{"embeddable":true,"href":"https:\/\/sen-shop.com\/de\/wp-json\/wp\/v2\/comments?post=31382"}],"wp:featuredmedia":[{"embeddable":true,"href":"https:\/\/sen-shop.com\/de\/wp-json\/wp\/v2\/media\/30379"}],"wp:attachment":[{"href":"https:\/\/sen-shop.com\/de\/wp-json\/wp\/v2\/media?parent=31382"}],"wp:term":[{"taxonomy":"product_cat","embeddable":true,"href":"https:\/\/sen-shop.com\/de\/wp-json\/wp\/v2\/product_cat?post=31382"},{"taxonomy":"product_tag","embeddable":true,"href":"https:\/\/sen-shop.com\/de\/wp-json\/wp\/v2\/product_tag?post=31382"}],"curies":[{"name":"wp","href":"https:\/\/api.w.org\/{rel}","templated":true}]}}