{"id":29154,"date":"2021-03-31T15:39:35","date_gmt":"2021-03-31T13:39:35","guid":{"rendered":"https:\/\/www.sen-shop.com\/collections\/unkategorisiert\/kurkuma\/"},"modified":"2022-04-05T09:38:58","modified_gmt":"2022-04-05T07:38:58","slug":"mariendistel-curcumin-60","status":"publish","type":"product","link":"https:\/\/sen-shop.com\/de\/collections\/nahrungsergaenzungsmittel\/verdauungsprobleme\/mariendistel-curcumin-60\/","title":{"rendered":"Mariendistel, Curcumin 60"},"content":{"rendered":"<p>[vc_row][vc_column][vc_single_image image=&#8220;48891&#8243; alignment=&#8220;center&#8220; css_animation=&#8220;bounceInLeft&#8220;][\/vc_column][\/vc_row][vc_row][vc_column][vc_column_text css=&#8220;.vc_custom_1646210589680{padding-top: 30px !important;padding-right: 30px !important;padding-bottom: 30px !important;padding-left: 30px !important;background-color: #c9db95 !important;}&#8220;]Die <strong>Mariendistel<\/strong> ist vor allem f\u00fcr ihren Wirkstoff <strong>Silymarin<\/strong> bekannt, ein starkes<strong> Antioxidans, das die Leber vor Umweltgiften sch\u00fctzt<\/strong> und ihre <strong>Regeneration unterst\u00fctzt.<\/strong> Es ist wissenschaftlich erwiesen, dass Silymarin die Proteinsynthese in den Leberzellen und damit die Neubildung von Leberzellen anregt, was eine <strong>schnellere<\/strong> <strong>Regeneration<\/strong> <strong>nach Lebersch\u00e4den <\/strong>erm\u00f6glicht. Es wird vor allem bei akuten oder chronischen Leberentz\u00fcndungen empfohlen, aber auch bei <strong>Fettleber<\/strong>, <strong>alkoholischer Lebererkrankung<\/strong> oder sogar <strong>Leberzirrhose<\/strong> hilft es. Es sch\u00fctzt die Leber vor dem Eindringen bestimmter toxischer Substanzen in die Leberzellen, da es sich sehr gut an Rezeptoren in der Leber bindet und so die M\u00f6glichkeit der Bindung toxischer Substanzen an diese verringert.<a href=\"https:\/\/sen-shop.com\/wp-content\/uploads\/2021\/03\/razstrupite-pegasti-badelj-46.png\"><img loading=\"lazy\" decoding=\"async\" class=\" wp-image-48729 alignright\" src=\"https:\/\/sen-shop.com\/wp-content\/uploads\/2021\/03\/razstrupite-pegasti-badelj-46-300x300.png\" alt=\"\" width=\"467\" height=\"467\" srcset=\"https:\/\/sen-shop.com\/wp-content\/uploads\/2021\/03\/razstrupite-pegasti-badelj-46-300x300.png 300w, https:\/\/sen-shop.com\/wp-content\/uploads\/2021\/03\/razstrupite-pegasti-badelj-46-427x427.png 427w, https:\/\/sen-shop.com\/wp-content\/uploads\/2021\/03\/razstrupite-pegasti-badelj-46-100x100.png 100w, https:\/\/sen-shop.com\/wp-content\/uploads\/2021\/03\/razstrupite-pegasti-badelj-46-570x570.png 570w, https:\/\/sen-shop.com\/wp-content\/uploads\/2021\/03\/razstrupite-pegasti-badelj-46-1024x1024.png 1024w, https:\/\/sen-shop.com\/wp-content\/uploads\/2021\/03\/razstrupite-pegasti-badelj-46-768x768.png 768w, https:\/\/sen-shop.com\/wp-content\/uploads\/2021\/03\/razstrupite-pegasti-badelj-46-575x575.png 575w, https:\/\/sen-shop.com\/wp-content\/uploads\/2021\/03\/razstrupite-pegasti-badelj-46-50x50.png 50w, https:\/\/sen-shop.com\/wp-content\/uploads\/2021\/03\/razstrupite-pegasti-badelj-46-60x60.png 60w, https:\/\/sen-shop.com\/wp-content\/uploads\/2021\/03\/razstrupite-pegasti-badelj-46.png 1080w\" sizes=\"auto, (max-width: 467px) 100vw, 467px\" \/><\/a><\/p>\n<p>Eine Reihe von Studien deutet darauf hin, dass <strong>Silymarin das Wachstum bestimmter Krebszellen<\/strong>, insbesondere von <strong>Prostatakrebs<\/strong>, verringern kann. Es hat auch eine positive Wirkung auf das Immunsystem und wird daher zur Behandlung verschiedener Infektionskrankheiten empfohlen. Die <strong>Mariendistel sch\u00fctzt die Leber<\/strong> und hilft bei verschiedenen Problemen, die durch eine \u00dcberlastung der Leber entstehen. Lebersch\u00e4den treten als Folge verschiedener Behandlungen, Beeintr\u00e4chtigungen durch \u00fcberm\u00e4\u00dfigen Gebrauch von Medikamenten, giftigen Substanzen, Alkohol usw. auf. In Kombination mit Artischocke und Lavendel wirkt sie sich auch positiv auf die Verdauung aus und hilft, Fette abzubauen.<a href=\"https:\/\/sen-shop.com\/wp-content\/uploads\/2021\/03\/Pegasti-IT-10-1.png\"><img loading=\"lazy\" decoding=\"async\" class=\" wp-image-48881 alignleft\" src=\"https:\/\/sen-shop.com\/wp-content\/uploads\/2021\/03\/Pegasti-IT-10-1-300x300.png\" alt=\"\" width=\"558\" height=\"560\" srcset=\"https:\/\/sen-shop.com\/wp-content\/uploads\/2021\/03\/Pegasti-IT-10-1-300x300.png 300w, https:\/\/sen-shop.com\/wp-content\/uploads\/2021\/03\/Pegasti-IT-10-1-100x100.png 100w, https:\/\/sen-shop.com\/wp-content\/uploads\/2021\/03\/Pegasti-IT-10-1-50x50.png 50w, https:\/\/sen-shop.com\/wp-content\/uploads\/2021\/03\/Pegasti-IT-10-1-60x60.png 60w\" sizes=\"auto, (max-width: 558px) 100vw, 558px\" \/><\/a><\/p>\n<p>Die <strong>Artischocke<\/strong> mit ihren Wirkstoffen hilft nachweislich bei Verdauungsst\u00f6rungen, die durch den \u00fcberm\u00e4\u00dfigen Verzehr von minderwertigen oder zu fettigen Lebensmitteln verursacht werden. Sie enth\u00e4lt Antioxidantien und Wirkstoffe wie Ghrelin und <strong>Cynarin<\/strong>, die die<strong> nat\u00fcrlichen Verdauungsprozesse<\/strong>, die normale Funktion der Leber und der Galle <strong>unterst\u00fctzen.<\/strong> Sie ist au\u00dferdem reich an Vitaminen (Karotine, B-Vitamine, Vitamin C) sowie an Eisen und Magnesium.<\/p>\n<p>Artischockenextrakt f\u00fchrt bei ausreichender Einnahme zu einer erh\u00f6hten Sekretion, was seine Wirksamkeit bei Verdauungsst\u00f6rungen bedingt, die auf eine verminderte Produktion von Verdauungss\u00e4ften (einschlie\u00dflich Galle) zur\u00fcckzuf\u00fchren sein k\u00f6nnen. Da die Wirkstoffe der Artischocke auch eine erh\u00f6hte Gallensekretion bewirken, wird sie insbesondere bei Fettstoffwechselst\u00f6rungen empfohlen.<\/p>\n<p><strong>Lavendel<\/strong> ist ein mildes Beruhigungsmittel bei Unruhe, nerv\u00f6ser Ersch\u00f6pfung, Schlafst\u00f6rungen und hilft bei Verdauungsst\u00f6rungen nerv\u00f6sen Ursprungs. In der Volksmedizin wirkt Lavendel <strong>appetitanregend,<\/strong> <strong>verdauungsf\u00f6rdernd, galleausscheidend, krampfl\u00f6send,<\/strong> bl\u00e4hungslindernd und bl\u00e4hungshemmend.<\/p>\n<p><strong>Curcumin<\/strong>, das in Kurkuma enthalten ist, ist ein Wirkstoff, von dem bekannt ist, dass er <strong>Leber und Gallenblase zur Ausscheidung von Galle, Bilirubin und Cholesterin anregt.<\/strong> Im Laufe der Jahre nimmt die Ausscheidung dieser Stoffe beim Menschen ab, was wiederum die Aufnahme von fettl\u00f6slichen N\u00e4hrstoffen verringert. Curcumin<strong> sch\u00fctzt <\/strong>au\u00dferdem die<strong> Leber vor Toxinen und Chemikalien,<\/strong> ist <strong>wirksam<\/strong> bei der Behandlung von<strong> Virushepatitis <\/strong>und verbessert die Sekretion von Schutzstoffen im Magen, die die Magenwand sch\u00fctzen.<\/p>\n<p>Aktuelle Forschungen zeigen, dass <strong>Kurkuma<\/strong> (das ein starkes Antioxidans ist) den<strong> Darm vor freien Radikalen sch\u00fctzt,<\/strong> die die DNA-Zellen sch\u00e4digen. Es ist das Curcumin, das diese ver\u00e4nderten Zellen aufh\u00e4lt und zerst\u00f6rt, so dass sie sich nicht im ganzen K\u00f6rper ausbreiten k\u00f6nnen.<\/p>\n<p><strong>Kurkuma<\/strong> ist auch bei Frauen beliebt, die ein paar <strong>Kilos verlieren wollen,<\/strong> da es dem K\u00f6rper hilft, <strong>Kohlenhydrate und Fette abzubauen.<\/strong> Aufgrund seiner beruhigenden Wirkung ist es auch sehr wirksam bei Magenproblemen, da es die Bildung von Gallenfl\u00fcssigkeit verhindert.<\/p>\n<p>Wenn Kurkuma allein verzehrt wird, ist die Bioverf\u00fcgbarkeit des Curcumins nicht optimal, so dass die positiven Wirkungen weniger ausgepr\u00e4gt sind. Gl\u00fccklicherweise gibt es eine recht einfache L\u00f6sung f\u00fcr dieses Problem &#8211; die Kombination von Kurkuma mit schwarzem Pfeffer, dem Piperin.<\/p>\n<p><strong>Piperin<\/strong> ist ein in schwarzem Pfeffer enthaltenes Alkaloid, das bei Kopfschmerzen hilft, die Verdauung verlangsamt und <strong>entz\u00fcndungshemmend<\/strong> wirkt. Es spielt eine wichtige Rolle bei der Aufnahme von Curcumin. Es wird angenommen, dass Piperin die <strong>Absorption von Curcumin um bis zu 2000% verbessert,<\/strong> was durch wissenschaftliche Studien best\u00e4tigt wurde.[\/vc_column_text][vc_column_text css=&#8220;.vc_custom_1625562341160{padding-top: 30px !important;padding-right: 30px !important;padding-bottom: 30px !important;padding-left: 30px !important;background-color: #ededed !important;}&#8220;]<br \/>\n<img decoding=\"async\" src=\"https:\/\/static.xx.fbcdn.net\/images\/emoji.php\/v9\/t51\/1\/16\/1f449.png\" alt=\"\ud83d\udc49\" \/> Um beste Ergebnisse zu erzielen, enthalten die Kapseln genau die empfohlene Menge der f\u00fcnf Wirkstoffe.<\/p>\n<p><img decoding=\"async\" src=\"https:\/\/static.xx.fbcdn.net\/images\/emoji.php\/v9\/t51\/1\/16\/1f449.png\" alt=\"\ud83d\udc49\" \/> Nehmen Sie eine Kapsel pro Tag. Eine Flasche reicht f\u00fcr 2 Monate.<\/p>\n<p><img decoding=\"async\" src=\"https:\/\/static.xx.fbcdn.net\/images\/emoji.php\/v9\/t51\/1\/16\/1f449.png\" alt=\"\ud83d\udc49\" \/> F\u00fcr eine optimale Wirkung nehmen Sie die Kapseln 4 Monate lang ein.<\/p>\n<p><img decoding=\"async\" src=\"https:\/\/static.xx.fbcdn.net\/images\/emoji.php\/v9\/t51\/1\/16\/1f449.png\" alt=\"\ud83d\udc49\" \/> Sie werden bereits nach 2 Wochen eine Verbesserung feststellen[\/vc_column_text][\/vc_column][\/vc_row][vc_row][vc_column][vc_column_text css=&#8220;.vc_custom_1630070745511{background-color: #ffffff !important;}&#8220;]<strong>Entgiftung bedeutet die Reinigung des Blutes.<\/strong> Diese Aufgabe \u00fcbernimmt unsere Leber, indem sie Verunreinigungen aus dem Blut entfernt, wo diese Giftstoffe dann zur Ausscheidung verarbeitet werden. Der K\u00f6rper<strong> scheidet Giftstoffe auch \u00fcber die Nieren, den Darm, die Lunge, das Lymphsystem und die Haut aus,<\/strong> aber wenn diese Systeme \u00fcberlastet sind, werden die Verunreinigungen nicht mehr richtig herausgefiltert. Sie sammeln sich in verschiedenen Teilen des K\u00f6rpers an, was sich allm\u00e4hlich negativ auf die k\u00f6rpereigene Funktion auszuwirken beginnt. <strong>Daher ist die Leberreinigung f\u00fcr unseren Organismus und unsere Gesundheit \u00e4u\u00dferst wichtig.<\/strong><\/p>\n<p><strong>Silymarin<\/strong> aus der Mariendistel stabilisiert die Membran der Leberzellen und <strong>verhindert, dass giftige Substanzen in die Zelle eindringen.<\/strong> Silymarin ist schlecht wasserl\u00f6slich, daher ist es am besten, Kapseln mit dem Extrakt aus den Fr\u00fcchten der Mariendistel einzunehmen. Zubereitungen aus Mariendisteltee (Silymarin) sind weniger wirksam.[\/vc_column_text][\/vc_column][\/vc_row][vc_row][vc_column][vc_single_image image=&#8220;58235&#8243; img_size=&#8220;large&#8220; alignment=&#8220;center&#8220; onclick=&#8220;custom_link&#8220; link=&#8220;https:\/\/sen-shop.com\/de\/collections\/promotion-de\/mariendistel-60\/&#8220;][\/vc_column][\/vc_row]<\/p>\n","protected":false},"excerpt":{"rendered":"<p>Die Mischung aus hochwertigen pflanzlichen Inhaltsstoffen: Mariendistel, Curcumin, Artischocke, Piperin und Lavendel hat sich als wirksames <strong>Naturheilmittel<\/strong> zur Unterst\u00fctzung der <strong>Leberfunktion<\/strong> erwiesen. Die kombinierten Inhaltsstoffe wirken sich <strong>positiv auf die Verdauung<\/strong> aus und helfen,<strong> Fette und Alkohol schneller abzubauen<\/strong> und zu verdauen.<\/p>\n<ul>\n<li>unterst\u00fctzen die Entgiftung des K\u00f6rpers<\/li>\n<li>verbessert die Verdauung von Fett und Alkohol<\/li>\n<li>reinigt die Leber<\/li>\n<li>unterst\u00fctzt die Leberfunktion<\/li>\n<li>reduziert und verk\u00fcrzt den Alkoholkater<\/li>\n<\/ul>\n<p>Auch f\u00fcr <strong>alle Raucher empfohlen<\/strong>, die ihren sauren K\u00f6rper entgiften wollen.<\/p>\n[banner_prehrana]\n","protected":false},"featured_media":29157,"comment_status":"open","ping_status":"closed","template":"","meta":{"inline_featured_image":false},"product_cat":[845,844,813,840],"product_tag":[908],"class_list":["post-29154","product","type-product","status-publish","has-post-thumbnail","hentry","product_cat-entgiftung","product_cat-gewichtsverlust","product_cat-nahrungsergaenzungsmittel","product_cat-verdauungsprobleme","product_tag-bolecine-v-zelodcu-de"],"acf":[],"yoast_head":"<!-- This site is optimized with the Yoast SEO plugin v19.13 - https:\/\/yoast.com\/wordpress\/plugins\/seo\/ -->\n<title>Mariendistel, Curcumin 60 - SEN Shop<\/title>\n<meta name=\"robots\" content=\"index, follow, max-snippet:-1, max-image-preview:large, max-video-preview:-1\" \/>\n<link rel=\"canonical\" href=\"https:\/\/sen-shop.com\/de\/collections\/nahrungsergaenzungsmittel\/verdauungsprobleme\/mariendistel-curcumin-60\/\" \/>\n<meta property=\"og:locale\" content=\"de_DE\" \/>\n<meta property=\"og:type\" content=\"article\" \/>\n<meta property=\"og:title\" content=\"Mariendistel, Curcumin 60 - SEN Shop\" \/>\n<meta property=\"og:description\" content=\"Die Mischung aus hochwertigen pflanzlichen Inhaltsstoffen: Mariendistel, Curcumin, Artischocke, Piperin und Lavendel hat sich als wirksames Naturheilmittel zur Unterst\u00fctzung der Leberfunktion erwiesen. Die kombinierten Inhaltsstoffe wirken sich positiv auf die Verdauung aus und helfen, Fette und Alkohol schneller abzubauen und zu verdauen.   unterst\u00fctzen die Entgiftung des K\u00f6rpers  verbessert die Verdauung von Fett und Alkohol  reinigt die Leber  unterst\u00fctzt die Leberfunktion  reduziert und verk\u00fcrzt den Alkoholkater  Auch f\u00fcr alle Raucher empfohlen, die ihren sauren K\u00f6rper entgiften wollen.\" \/>\n<meta property=\"og:url\" content=\"https:\/\/sen-shop.com\/de\/collections\/nahrungsergaenzungsmittel\/verdauungsprobleme\/mariendistel-curcumin-60\/\" \/>\n<meta property=\"og:site_name\" content=\"SEN Shop\" \/>\n<meta property=\"article:publisher\" content=\"https:\/\/www.facebook.com\/Senshopslovenija\" \/>\n<meta property=\"article:modified_time\" content=\"2022-04-05T07:38:58+00:00\" \/>\n<meta property=\"og:image\" content=\"https:\/\/sen-shop.com\/wp-content\/uploads\/2021\/10\/Pegasti-60_EN_DE_SPL.jpg\" \/>\n\t<meta property=\"og:image:width\" content=\"1400\" \/>\n\t<meta property=\"og:image:height\" content=\"1400\" \/>\n\t<meta property=\"og:image:type\" content=\"image\/jpeg\" \/>\n<meta name=\"twitter:card\" content=\"summary_large_image\" \/>\n<meta name=\"twitter:label1\" content=\"Gesch\u00e4tzte Lesezeit\" \/>\n\t<meta name=\"twitter:data1\" content=\"6\u00a0Minuten\" \/>\n<script type=\"application\/ld+json\" class=\"yoast-schema-graph\">{\"@context\":\"https:\/\/schema.org\",\"@graph\":[{\"@type\":\"WebPage\",\"@id\":\"https:\/\/sen-shop.com\/de\/collections\/nahrungsergaenzungsmittel\/verdauungsprobleme\/mariendistel-curcumin-60\/\",\"url\":\"https:\/\/sen-shop.com\/de\/collections\/nahrungsergaenzungsmittel\/verdauungsprobleme\/mariendistel-curcumin-60\/\",\"name\":\"Mariendistel, Curcumin 60 - SEN Shop\",\"isPartOf\":{\"@id\":\"https:\/\/sen-shop.com\/de\/#website\"},\"datePublished\":\"2021-03-31T13:39:35+00:00\",\"dateModified\":\"2022-04-05T07:38:58+00:00\",\"breadcrumb\":{\"@id\":\"https:\/\/sen-shop.com\/de\/collections\/nahrungsergaenzungsmittel\/verdauungsprobleme\/mariendistel-curcumin-60\/#breadcrumb\"},\"inLanguage\":\"de\",\"potentialAction\":[{\"@type\":\"ReadAction\",\"target\":[\"https:\/\/sen-shop.com\/de\/collections\/nahrungsergaenzungsmittel\/verdauungsprobleme\/mariendistel-curcumin-60\/\"]}]},{\"@type\":\"BreadcrumbList\",\"@id\":\"https:\/\/sen-shop.com\/de\/collections\/nahrungsergaenzungsmittel\/verdauungsprobleme\/mariendistel-curcumin-60\/#breadcrumb\",\"itemListElement\":[{\"@type\":\"ListItem\",\"position\":1,\"name\":\"Home\",\"item\":\"https:\/\/sen-shop.com\/de\/\"},{\"@type\":\"ListItem\",\"position\":2,\"name\":\"Mariendistel, Curcumin 60\"}]},{\"@type\":\"WebSite\",\"@id\":\"https:\/\/sen-shop.com\/de\/#website\",\"url\":\"https:\/\/sen-shop.com\/de\/\",\"name\":\"SEN Shop\",\"description\":\"Slovensko, Ekolo\u0161ko, Naravno\",\"publisher\":{\"@id\":\"https:\/\/sen-shop.com\/de\/#organization\"},\"potentialAction\":[{\"@type\":\"SearchAction\",\"target\":{\"@type\":\"EntryPoint\",\"urlTemplate\":\"https:\/\/sen-shop.com\/de\/?s={search_term_string}\"},\"query-input\":\"required name=search_term_string\"}],\"inLanguage\":\"de\"},{\"@type\":\"Organization\",\"@id\":\"https:\/\/sen-shop.com\/de\/#organization\",\"name\":\"Mind trade d.o.o\",\"url\":\"https:\/\/sen-shop.com\/de\/\",\"logo\":{\"@type\":\"ImageObject\",\"inLanguage\":\"de\",\"@id\":\"https:\/\/sen-shop.com\/de\/#\/schema\/logo\/image\/\",\"url\":\"https:\/\/sen-shop.com\/wp-content\/uploads\/2018\/05\/header_logo.png\",\"contentUrl\":\"https:\/\/sen-shop.com\/wp-content\/uploads\/2018\/05\/header_logo.png\",\"width\":138,\"height\":70,\"caption\":\"Mind trade d.o.o\"},\"image\":{\"@id\":\"https:\/\/sen-shop.com\/de\/#\/schema\/logo\/image\/\"},\"sameAs\":[\"https:\/\/www.instagram.com\/senslovenija\/\",\"https:\/\/www.facebook.com\/Senshopslovenija\"]}]}<\/script>\n<!-- \/ Yoast SEO plugin. -->","yoast_head_json":{"title":"Mariendistel, Curcumin 60 - SEN Shop","robots":{"index":"index","follow":"follow","max-snippet":"max-snippet:-1","max-image-preview":"max-image-preview:large","max-video-preview":"max-video-preview:-1"},"canonical":"https:\/\/sen-shop.com\/de\/collections\/nahrungsergaenzungsmittel\/verdauungsprobleme\/mariendistel-curcumin-60\/","og_locale":"de_DE","og_type":"article","og_title":"Mariendistel, Curcumin 60 - SEN Shop","og_description":"Die Mischung aus hochwertigen pflanzlichen Inhaltsstoffen: Mariendistel, Curcumin, Artischocke, Piperin und Lavendel hat sich als wirksames Naturheilmittel zur Unterst\u00fctzung der Leberfunktion erwiesen. Die kombinierten Inhaltsstoffe wirken sich positiv auf die Verdauung aus und helfen, Fette und Alkohol schneller abzubauen und zu verdauen.   unterst\u00fctzen die Entgiftung des K\u00f6rpers  verbessert die Verdauung von Fett und Alkohol  reinigt die Leber  unterst\u00fctzt die Leberfunktion  reduziert und verk\u00fcrzt den Alkoholkater  Auch f\u00fcr alle Raucher empfohlen, die ihren sauren K\u00f6rper entgiften wollen.","og_url":"https:\/\/sen-shop.com\/de\/collections\/nahrungsergaenzungsmittel\/verdauungsprobleme\/mariendistel-curcumin-60\/","og_site_name":"SEN Shop","article_publisher":"https:\/\/www.facebook.com\/Senshopslovenija","article_modified_time":"2022-04-05T07:38:58+00:00","og_image":[{"width":1400,"height":1400,"url":"https:\/\/sen-shop.com\/wp-content\/uploads\/2021\/10\/Pegasti-60_EN_DE_SPL.jpg","type":"image\/jpeg"}],"twitter_card":"summary_large_image","twitter_misc":{"Gesch\u00e4tzte Lesezeit":"6\u00a0Minuten"},"schema":{"@context":"https:\/\/schema.org","@graph":[{"@type":"WebPage","@id":"https:\/\/sen-shop.com\/de\/collections\/nahrungsergaenzungsmittel\/verdauungsprobleme\/mariendistel-curcumin-60\/","url":"https:\/\/sen-shop.com\/de\/collections\/nahrungsergaenzungsmittel\/verdauungsprobleme\/mariendistel-curcumin-60\/","name":"Mariendistel, Curcumin 60 - SEN Shop","isPartOf":{"@id":"https:\/\/sen-shop.com\/de\/#website"},"datePublished":"2021-03-31T13:39:35+00:00","dateModified":"2022-04-05T07:38:58+00:00","breadcrumb":{"@id":"https:\/\/sen-shop.com\/de\/collections\/nahrungsergaenzungsmittel\/verdauungsprobleme\/mariendistel-curcumin-60\/#breadcrumb"},"inLanguage":"de","potentialAction":[{"@type":"ReadAction","target":["https:\/\/sen-shop.com\/de\/collections\/nahrungsergaenzungsmittel\/verdauungsprobleme\/mariendistel-curcumin-60\/"]}]},{"@type":"BreadcrumbList","@id":"https:\/\/sen-shop.com\/de\/collections\/nahrungsergaenzungsmittel\/verdauungsprobleme\/mariendistel-curcumin-60\/#breadcrumb","itemListElement":[{"@type":"ListItem","position":1,"name":"Home","item":"https:\/\/sen-shop.com\/de\/"},{"@type":"ListItem","position":2,"name":"Mariendistel, Curcumin 60"}]},{"@type":"WebSite","@id":"https:\/\/sen-shop.com\/de\/#website","url":"https:\/\/sen-shop.com\/de\/","name":"SEN Shop","description":"Slovensko, Ekolo\u0161ko, Naravno","publisher":{"@id":"https:\/\/sen-shop.com\/de\/#organization"},"potentialAction":[{"@type":"SearchAction","target":{"@type":"EntryPoint","urlTemplate":"https:\/\/sen-shop.com\/de\/?s={search_term_string}"},"query-input":"required name=search_term_string"}],"inLanguage":"de"},{"@type":"Organization","@id":"https:\/\/sen-shop.com\/de\/#organization","name":"Mind trade d.o.o","url":"https:\/\/sen-shop.com\/de\/","logo":{"@type":"ImageObject","inLanguage":"de","@id":"https:\/\/sen-shop.com\/de\/#\/schema\/logo\/image\/","url":"https:\/\/sen-shop.com\/wp-content\/uploads\/2018\/05\/header_logo.png","contentUrl":"https:\/\/sen-shop.com\/wp-content\/uploads\/2018\/05\/header_logo.png","width":138,"height":70,"caption":"Mind trade d.o.o"},"image":{"@id":"https:\/\/sen-shop.com\/de\/#\/schema\/logo\/image\/"},"sameAs":["https:\/\/www.instagram.com\/senslovenija\/","https:\/\/www.facebook.com\/Senshopslovenija"]}]}},"_links":{"self":[{"href":"https:\/\/sen-shop.com\/de\/wp-json\/wp\/v2\/product\/29154","targetHints":{"allow":["GET"]}}],"collection":[{"href":"https:\/\/sen-shop.com\/de\/wp-json\/wp\/v2\/product"}],"about":[{"href":"https:\/\/sen-shop.com\/de\/wp-json\/wp\/v2\/types\/product"}],"replies":[{"embeddable":true,"href":"https:\/\/sen-shop.com\/de\/wp-json\/wp\/v2\/comments?post=29154"}],"wp:featuredmedia":[{"embeddable":true,"href":"https:\/\/sen-shop.com\/de\/wp-json\/wp\/v2\/media\/29157"}],"wp:attachment":[{"href":"https:\/\/sen-shop.com\/de\/wp-json\/wp\/v2\/media?parent=29154"}],"wp:term":[{"taxonomy":"product_cat","embeddable":true,"href":"https:\/\/sen-shop.com\/de\/wp-json\/wp\/v2\/product_cat?post=29154"},{"taxonomy":"product_tag","embeddable":true,"href":"https:\/\/sen-shop.com\/de\/wp-json\/wp\/v2\/product_tag?post=29154"}],"curies":[{"name":"wp","href":"https:\/\/api.w.org\/{rel}","templated":true}]}}