{"id":29084,"date":"2016-06-28T09:34:07","date_gmt":"2016-06-28T09:34:07","guid":{"rendered":"https:\/\/www.sen-shop.com\/o-nas\/"},"modified":"2021-09-20T16:42:59","modified_gmt":"2021-09-20T14:42:59","slug":"uber-uns","status":"publish","type":"page","link":"https:\/\/sen-shop.com\/de\/uber-uns\/","title":{"rendered":"\u00dcber uns"},"content":{"rendered":"<p>[vc_row][vc_column width=&#8220;5\/6&#8243;][vc_column_text]<strong><a href=\"https:\/\/sen-shop.com\/wp-content\/uploads\/2018\/04\/header_logo.png\"><img loading=\"lazy\" decoding=\"async\" class=\"wp-image-29085 size-full aligncenter\" src=\"https:\/\/sen-shop.com\/wp-content\/uploads\/2018\/04\/header_logo.png\" alt=\"\" width=\"138\" height=\"70\" srcset=\"https:\/\/sen-shop.com\/wp-content\/uploads\/2018\/04\/header_logo.png 138w, https:\/\/sen-shop.com\/wp-content\/uploads\/2018\/04\/header_logo-99x50.png 99w, https:\/\/sen-shop.com\/wp-content\/uploads\/2018\/04\/header_logo-60x30.png 60w\" sizes=\"auto, (max-width: 138px) 100vw, 138px\" \/><\/a><\/strong><\/p>\n<p><strong>Mindtrade d.o.o. ist seit 1998 ein Familienunternehmen mit langj\u00e4hriger Tradition, verbunden mit einem gesunden Lebensstil und der Vision, auf ganz nat\u00fcrliche Art und Weise Menschen bei allen Arten von Problemen zu helfen.<\/strong><\/p>\n<p>Unsere Produkte werden unter der Marke SEN zusammengefasst, die f\u00fcr unsere Werte steht: hochwertig, effizient\/umweltfreundlich und nat\u00fcrlich. Die Marke SEN wurde vor kurzem durch unsere neue Marke MEI erg\u00e4nzt, was auf Japanisch BEAUTIFUL bedeutet. Die MEI-Kollektion umfasst haupts\u00e4chlich Sch\u00f6nheits- und Hautpflegeprodukte.<\/p>\n<p>&nbsp;<\/p>\n<p><strong><em>Unsere Anf\u00e4nge<\/em><\/strong><\/p>\n<p><em>Die Geschichte des Unternehmens wurde geschrieben, als ich als Kind an einer sehr schweren Form der atopischen Dermatitis litt. Die Krankheit blieb mir auch in meinen Teenagerjahren nicht erspart, da sie neben blutigen, schmerzhaften und juckenden Flecken auf der Haut auch viel Spott und unh\u00f6fliche Kommentare von Gleichaltrigen hervorrief. Zusammen mit meiner Mutter besuchte ich eine Reihe von \u00c4rzten, Dermatologen und Hom\u00f6opathen in Slowenien und im Ausland, die mir verschiedene Cremes, Tinkturen, Kapseln, Medikamente und vieles mehr verschrieben. Alle Salben waren extrem aggressiv, und ich konnte sie nur f\u00fcr kurze Zeit anwenden. Allerdings l\u00f6sten sie die Probleme nicht. Mein Vater, der Gr\u00fcnder des Unternehmens, stellte in den 80er Jahren leider fest, dass es keine kommerziellen nat\u00fcrlichen Alternativen gab. Er war auf der Suche nach den M\u00f6glichkeiten der Naturheilkunde, da er mir in jeder Hinsicht helfen wollte. Nach der effektiven Linderung der Probleme mit nat\u00fcrlichen Alternativen beschloss mein Vater, anderen Menschen mit \u00e4hnlichen Problemen zu helfen. Auf diese Weise wurden wir zu einem der ersten Unternehmen auf unserem Markt, das nat\u00fcrliche K\u00f6rperpflegeprodukte und nat\u00fcrliche Nahrungserg\u00e4nzungsmittel ohne Zusatzstoffe anbietet.<br \/>\n<\/em><\/p>\n<p><em><strong>Ziva Selak,<\/strong> Prokuristin<\/em><\/p>\n<p>&nbsp;<\/p>\n<p><em>Wir setzen diese Tradition fort und verfolgen die weltweiten Trends und Forschungen im Bereich der Naturkosmetik, die eine Reihe von Problemen ohne Nebenwirkungen lindern. In Zusammenarbeit mit Experten aus der ganzen Welt haben wir eine breite Palette von Produkten f\u00fcr verschiedene Probleme entwickelt. Da unsere Produkte keine Farbstoffe, Parf\u00fcme, Parabene und Erd\u00f6lprodukte enthalten, sind sie auch f\u00fcr Menschen, Kinder und sogar Babys mit sehr empfindlicher Haut geeignet. Es hei\u00dft, dass sich ein gutes Wort schnell herumspricht, was in unserem Fall bedeutet, dass wir immer mehr Anfragen aus dem Ausland erhalten, einfach durch Empfehlungen. Wir freuen uns, die Produkte selbst zu verwenden, aber unsere gr\u00f6\u00dfte Motivation bei der Arbeit und Entwicklung ist die Zufriedenheit unserer Kunden. Wenn du ein Leben rettest, rettest du die Welt! <\/em><\/p>\n<p><em><strong>Samo Selak, <\/strong>Direktor<\/em>[\/vc_column_text][\/vc_column][vc_column width=&#8220;1\/6&#8243;][\/vc_column][\/vc_row]<\/p>\n","protected":false},"excerpt":{"rendered":"<p>\u00dcber uns<\/p>\n","protected":false},"author":1,"featured_media":0,"parent":0,"menu_order":0,"comment_status":"closed","ping_status":"closed","template":"","meta":{"inline_featured_image":false,"footnotes":""},"class_list":["post-29084","page","type-page","status-publish","hentry"],"acf":[],"yoast_head":"<!-- This site is optimized with the Yoast SEO plugin v19.13 - https:\/\/yoast.com\/wordpress\/plugins\/seo\/ -->\n<title>\u00dcber SEN SHOP, Mind trade d.o.o<\/title>\n<meta name=\"description\" content=\"Mindtrade d.o.o. ist seit 1998 ein Familienunternehmen mit langj\u00e4hriger Tradition, verbunden mit einem gesunden Lebensstil und der Vision, auf ganz nat\u00fcrliche Art und Weise Menschen bei allen Arten von Problemen zu helfen.\" \/>\n<meta name=\"robots\" content=\"index, follow, max-snippet:-1, max-image-preview:large, max-video-preview:-1\" \/>\n<link rel=\"canonical\" href=\"https:\/\/sen-shop.com\/de\/uber-uns\/\" \/>\n<meta property=\"og:locale\" content=\"de_DE\" \/>\n<meta property=\"og:type\" content=\"article\" \/>\n<meta property=\"og:title\" content=\"\u00dcber SEN SHOP, Mind trade d.o.o\" \/>\n<meta property=\"og:description\" content=\"Mindtrade d.o.o. ist seit 1998 ein Familienunternehmen mit langj\u00e4hriger Tradition, verbunden mit einem gesunden Lebensstil und der Vision, auf ganz nat\u00fcrliche Art und Weise Menschen bei allen Arten von Problemen zu helfen.\" \/>\n<meta property=\"og:url\" content=\"https:\/\/sen-shop.com\/de\/uber-uns\/\" \/>\n<meta property=\"og:site_name\" content=\"SEN Shop\" \/>\n<meta property=\"article:publisher\" content=\"https:\/\/www.facebook.com\/Senshopslovenija\" \/>\n<meta property=\"article:modified_time\" content=\"2021-09-20T14:42:59+00:00\" \/>\n<meta property=\"og:image\" content=\"https:\/\/sen-shop.com\/wp-content\/uploads\/2018\/04\/header_logo.png\" \/>\n<meta name=\"twitter:card\" content=\"summary_large_image\" \/>\n<meta name=\"twitter:label1\" content=\"Gesch\u00e4tzte Lesezeit\" \/>\n\t<meta name=\"twitter:data1\" content=\"2\u00a0Minuten\" \/>\n<script type=\"application\/ld+json\" class=\"yoast-schema-graph\">{\"@context\":\"https:\/\/schema.org\",\"@graph\":[{\"@type\":\"WebPage\",\"@id\":\"https:\/\/sen-shop.com\/de\/uber-uns\/\",\"url\":\"https:\/\/sen-shop.com\/de\/uber-uns\/\",\"name\":\"\u00dcber SEN SHOP, Mind trade d.o.o\",\"isPartOf\":{\"@id\":\"https:\/\/sen-shop.com\/de\/#website\"},\"datePublished\":\"2016-06-28T09:34:07+00:00\",\"dateModified\":\"2021-09-20T14:42:59+00:00\",\"description\":\"Mindtrade d.o.o. ist seit 1998 ein Familienunternehmen mit langj\u00e4hriger Tradition, verbunden mit einem gesunden Lebensstil und der Vision, auf ganz nat\u00fcrliche Art und Weise Menschen bei allen Arten von Problemen zu helfen.\",\"breadcrumb\":{\"@id\":\"https:\/\/sen-shop.com\/de\/uber-uns\/#breadcrumb\"},\"inLanguage\":\"de\",\"potentialAction\":[{\"@type\":\"ReadAction\",\"target\":[\"https:\/\/sen-shop.com\/de\/uber-uns\/\"]}]},{\"@type\":\"BreadcrumbList\",\"@id\":\"https:\/\/sen-shop.com\/de\/uber-uns\/#breadcrumb\",\"itemListElement\":[{\"@type\":\"ListItem\",\"position\":1,\"name\":\"Home\",\"item\":\"https:\/\/sen-shop.com\/de\/\"},{\"@type\":\"ListItem\",\"position\":2,\"name\":\"\u00dcber uns\"}]},{\"@type\":\"WebSite\",\"@id\":\"https:\/\/sen-shop.com\/de\/#website\",\"url\":\"https:\/\/sen-shop.com\/de\/\",\"name\":\"SEN Shop\",\"description\":\"Slovensko, Ekolo\u0161ko, Naravno\",\"publisher\":{\"@id\":\"https:\/\/sen-shop.com\/de\/#organization\"},\"potentialAction\":[{\"@type\":\"SearchAction\",\"target\":{\"@type\":\"EntryPoint\",\"urlTemplate\":\"https:\/\/sen-shop.com\/de\/?s={search_term_string}\"},\"query-input\":\"required name=search_term_string\"}],\"inLanguage\":\"de\"},{\"@type\":\"Organization\",\"@id\":\"https:\/\/sen-shop.com\/de\/#organization\",\"name\":\"Mind trade d.o.o\",\"url\":\"https:\/\/sen-shop.com\/de\/\",\"logo\":{\"@type\":\"ImageObject\",\"inLanguage\":\"de\",\"@id\":\"https:\/\/sen-shop.com\/de\/#\/schema\/logo\/image\/\",\"url\":\"https:\/\/sen-shop.com\/wp-content\/uploads\/2018\/05\/header_logo.png\",\"contentUrl\":\"https:\/\/sen-shop.com\/wp-content\/uploads\/2018\/05\/header_logo.png\",\"width\":138,\"height\":70,\"caption\":\"Mind trade d.o.o\"},\"image\":{\"@id\":\"https:\/\/sen-shop.com\/de\/#\/schema\/logo\/image\/\"},\"sameAs\":[\"https:\/\/www.instagram.com\/senslovenija\/\",\"https:\/\/www.facebook.com\/Senshopslovenija\"]}]}<\/script>\n<!-- \/ Yoast SEO plugin. -->","yoast_head_json":{"title":"\u00dcber SEN SHOP, Mind trade d.o.o","description":"Mindtrade d.o.o. ist seit 1998 ein Familienunternehmen mit langj\u00e4hriger Tradition, verbunden mit einem gesunden Lebensstil und der Vision, auf ganz nat\u00fcrliche Art und Weise Menschen bei allen Arten von Problemen zu helfen.","robots":{"index":"index","follow":"follow","max-snippet":"max-snippet:-1","max-image-preview":"max-image-preview:large","max-video-preview":"max-video-preview:-1"},"canonical":"https:\/\/sen-shop.com\/de\/uber-uns\/","og_locale":"de_DE","og_type":"article","og_title":"\u00dcber SEN SHOP, Mind trade d.o.o","og_description":"Mindtrade d.o.o. ist seit 1998 ein Familienunternehmen mit langj\u00e4hriger Tradition, verbunden mit einem gesunden Lebensstil und der Vision, auf ganz nat\u00fcrliche Art und Weise Menschen bei allen Arten von Problemen zu helfen.","og_url":"https:\/\/sen-shop.com\/de\/uber-uns\/","og_site_name":"SEN Shop","article_publisher":"https:\/\/www.facebook.com\/Senshopslovenija","article_modified_time":"2021-09-20T14:42:59+00:00","og_image":[{"url":"https:\/\/sen-shop.com\/wp-content\/uploads\/2018\/04\/header_logo.png"}],"twitter_card":"summary_large_image","twitter_misc":{"Gesch\u00e4tzte Lesezeit":"2\u00a0Minuten"},"schema":{"@context":"https:\/\/schema.org","@graph":[{"@type":"WebPage","@id":"https:\/\/sen-shop.com\/de\/uber-uns\/","url":"https:\/\/sen-shop.com\/de\/uber-uns\/","name":"\u00dcber SEN SHOP, Mind trade d.o.o","isPartOf":{"@id":"https:\/\/sen-shop.com\/de\/#website"},"datePublished":"2016-06-28T09:34:07+00:00","dateModified":"2021-09-20T14:42:59+00:00","description":"Mindtrade d.o.o. ist seit 1998 ein Familienunternehmen mit langj\u00e4hriger Tradition, verbunden mit einem gesunden Lebensstil und der Vision, auf ganz nat\u00fcrliche Art und Weise Menschen bei allen Arten von Problemen zu helfen.","breadcrumb":{"@id":"https:\/\/sen-shop.com\/de\/uber-uns\/#breadcrumb"},"inLanguage":"de","potentialAction":[{"@type":"ReadAction","target":["https:\/\/sen-shop.com\/de\/uber-uns\/"]}]},{"@type":"BreadcrumbList","@id":"https:\/\/sen-shop.com\/de\/uber-uns\/#breadcrumb","itemListElement":[{"@type":"ListItem","position":1,"name":"Home","item":"https:\/\/sen-shop.com\/de\/"},{"@type":"ListItem","position":2,"name":"\u00dcber uns"}]},{"@type":"WebSite","@id":"https:\/\/sen-shop.com\/de\/#website","url":"https:\/\/sen-shop.com\/de\/","name":"SEN Shop","description":"Slovensko, Ekolo\u0161ko, Naravno","publisher":{"@id":"https:\/\/sen-shop.com\/de\/#organization"},"potentialAction":[{"@type":"SearchAction","target":{"@type":"EntryPoint","urlTemplate":"https:\/\/sen-shop.com\/de\/?s={search_term_string}"},"query-input":"required name=search_term_string"}],"inLanguage":"de"},{"@type":"Organization","@id":"https:\/\/sen-shop.com\/de\/#organization","name":"Mind trade d.o.o","url":"https:\/\/sen-shop.com\/de\/","logo":{"@type":"ImageObject","inLanguage":"de","@id":"https:\/\/sen-shop.com\/de\/#\/schema\/logo\/image\/","url":"https:\/\/sen-shop.com\/wp-content\/uploads\/2018\/05\/header_logo.png","contentUrl":"https:\/\/sen-shop.com\/wp-content\/uploads\/2018\/05\/header_logo.png","width":138,"height":70,"caption":"Mind trade d.o.o"},"image":{"@id":"https:\/\/sen-shop.com\/de\/#\/schema\/logo\/image\/"},"sameAs":["https:\/\/www.instagram.com\/senslovenija\/","https:\/\/www.facebook.com\/Senshopslovenija"]}]}},"_links":{"self":[{"href":"https:\/\/sen-shop.com\/de\/wp-json\/wp\/v2\/pages\/29084","targetHints":{"allow":["GET"]}}],"collection":[{"href":"https:\/\/sen-shop.com\/de\/wp-json\/wp\/v2\/pages"}],"about":[{"href":"https:\/\/sen-shop.com\/de\/wp-json\/wp\/v2\/types\/page"}],"author":[{"embeddable":true,"href":"https:\/\/sen-shop.com\/de\/wp-json\/wp\/v2\/users\/1"}],"replies":[{"embeddable":true,"href":"https:\/\/sen-shop.com\/de\/wp-json\/wp\/v2\/comments?post=29084"}],"version-history":[{"count":0,"href":"https:\/\/sen-shop.com\/de\/wp-json\/wp\/v2\/pages\/29084\/revisions"}],"wp:attachment":[{"href":"https:\/\/sen-shop.com\/de\/wp-json\/wp\/v2\/media?parent=29084"}],"curies":[{"name":"wp","href":"https:\/\/api.w.org\/{rel}","templated":true}]}}