{"id":29064,"date":"2016-12-15T01:24:53","date_gmt":"2016-12-15T01:24:53","guid":{"rendered":"https:\/\/www.sen-shop.com\/dostava\/"},"modified":"2021-11-22T15:29:41","modified_gmt":"2021-11-22T14:29:41","slug":"lieferung-und-rueckgabe","status":"publish","type":"page","link":"https:\/\/sen-shop.com\/de\/lieferung-und-rueckgabe\/","title":{"rendered":"Lieferung und R\u00fcckgabe"},"content":{"rendered":"<p>[vc_row][vc_column][vc_column_text]Die Bestellungen, die an einem Werktag bis 12 Uhr mittags eingehen, werden vorbereitet und in der Regel noch am selben Tag versandt (dies gilt nicht w\u00e4hrend gro\u00dfer Werbeaktionen, da die Anzahl der Bestellungen unsere Kapazit\u00e4t \u00fcbersteigen kann, nur diese werden ein oder zwei Tage sp\u00e4ter versandt). Alle nach 12 Uhr eingehenden Bestellungen werden am n\u00e4chsten Werktag bearbeitet und versandt.<\/p>\n<p>Wir versenden die Ware per GLS. An Samstagen, Sonntagen und gesetzlichen Feiertagen versenden wir keine Waren.<\/p>\n<p>F\u00fcr Artikel, bei denen die Lieferzeiten l\u00e4nger sind als angegeben, wird der Kunde \u00fcber die ge\u00e4nderte Lieferzeit informiert. Der K\u00e4ufer tr\u00e4gt die Portokosten bei einem Einkauf unter 50 \u20ac. Die Kosten f\u00fcr die Lieferung zum Zeitpunkt des Kaufs werden in Ihrem Warenkorb angezeigt und auf der Rechnung ausgewiesen, die Sie zusammen mit den bestellten Produkten erhalten.<br \/>\n<strong>F\u00fcr Eink\u00e4ufe \u00fcber 50 \u20ac ist der Versand kostenlos.<\/strong><\/p>\n<p>&nbsp;<\/p>\n<p><strong>R\u00dcCKSENDUNG<\/strong><br \/>\nF\u00fcr R\u00fccksendungen m\u00fcssen Sie den Verk\u00e4ufer im Voraus benachrichtigen und dem Paket eine Kopie der Rechnung beif\u00fcgen.<\/p>\n<p>Die Produkte sind an die Adresse des Verk\u00e4ufers zu senden: Mind trade d.o.o, Trzaska cesta 42, 1000 Ljubljana, Slowenien, Europa Wir empfehlen Ihnen, einen Zustelldienst zu nutzen, der es Ihnen erm\u00f6glicht, die Sendung zu verfolgen und die Artikel ordnungsgem\u00e4\u00df f\u00fcr den Transport vorzubereiten. Der K\u00e4ufer tr\u00e4gt die Kosten f\u00fcr die R\u00fccksendung, es sei denn, es wurde im Voraus etwas anderes vereinbart. Wir akzeptieren keine Sendungen per Nachnahme.<\/p>\n<p>Die Produkte m\u00fcssen unbesch\u00e4digt, unbenutzt, in der gleichen Menge und in der Originalverpackung zur\u00fcckgeschickt werden.<br \/>\nWenn Sie mit der Nutzung der Produkte beginnen und Ihre Meinung \u00e4ndern, verlieren Sie das Recht, vom Vertrag zur\u00fcckzutreten.[\/vc_column_text][\/vc_column][\/vc_row]<\/p>\n","protected":false},"excerpt":{"rendered":"<p>Lieferung<\/p>\n","protected":false},"author":1,"featured_media":0,"parent":0,"menu_order":0,"comment_status":"closed","ping_status":"closed","template":"","meta":{"inline_featured_image":false,"footnotes":""},"class_list":["post-29064","page","type-page","status-publish","hentry"],"acf":[],"yoast_head":"<!-- This site is optimized with the Yoast SEO plugin v19.13 - https:\/\/yoast.com\/wordpress\/plugins\/seo\/ -->\n<title>Kostenlose Lieferung ab 50 \u20ac.<\/title>\n<meta name=\"robots\" content=\"noindex, nofollow\" \/>\n<meta property=\"og:locale\" content=\"de_DE\" \/>\n<meta property=\"og:type\" content=\"article\" \/>\n<meta property=\"og:title\" content=\"Kostenlose Lieferung ab 50 \u20ac.\" \/>\n<meta property=\"og:description\" content=\"Lieferung\" \/>\n<meta property=\"og:url\" content=\"https:\/\/sen-shop.com\/de\/lieferung-und-rueckgabe\/\" \/>\n<meta property=\"og:site_name\" content=\"SEN Shop\" \/>\n<meta property=\"article:publisher\" content=\"https:\/\/www.facebook.com\/Senshopslovenija\" \/>\n<meta property=\"article:modified_time\" content=\"2021-11-22T14:29:41+00:00\" \/>\n<meta property=\"og:image\" content=\"https:\/\/sen-shop.com\/wp-content\/uploads\/2018\/04\/header_logo.png\" \/>\n\t<meta property=\"og:image:width\" content=\"138\" \/>\n\t<meta property=\"og:image:height\" content=\"70\" \/>\n\t<meta property=\"og:image:type\" content=\"image\/png\" \/>\n<meta name=\"twitter:card\" content=\"summary_large_image\" \/>\n<meta name=\"twitter:label1\" content=\"Gesch\u00e4tzte Lesezeit\" \/>\n\t<meta name=\"twitter:data1\" content=\"1\u00a0Minute\" \/>\n<script type=\"application\/ld+json\" class=\"yoast-schema-graph\">{\"@context\":\"https:\/\/schema.org\",\"@graph\":[{\"@type\":\"WebPage\",\"@id\":\"https:\/\/sen-shop.com\/de\/lieferung-und-rueckgabe\/\",\"url\":\"https:\/\/sen-shop.com\/de\/lieferung-und-rueckgabe\/\",\"name\":\"Kostenlose Lieferung ab 50 \u20ac.\",\"isPartOf\":{\"@id\":\"https:\/\/sen-shop.com\/de\/#website\"},\"datePublished\":\"2016-12-15T01:24:53+00:00\",\"dateModified\":\"2021-11-22T14:29:41+00:00\",\"breadcrumb\":{\"@id\":\"https:\/\/sen-shop.com\/de\/lieferung-und-rueckgabe\/#breadcrumb\"},\"inLanguage\":\"de\",\"potentialAction\":[{\"@type\":\"ReadAction\",\"target\":[\"https:\/\/sen-shop.com\/de\/lieferung-und-rueckgabe\/\"]}]},{\"@type\":\"BreadcrumbList\",\"@id\":\"https:\/\/sen-shop.com\/de\/lieferung-und-rueckgabe\/#breadcrumb\",\"itemListElement\":[{\"@type\":\"ListItem\",\"position\":1,\"name\":\"Home\",\"item\":\"https:\/\/sen-shop.com\/de\/\"},{\"@type\":\"ListItem\",\"position\":2,\"name\":\"Lieferung und R\u00fcckgabe\"}]},{\"@type\":\"WebSite\",\"@id\":\"https:\/\/sen-shop.com\/de\/#website\",\"url\":\"https:\/\/sen-shop.com\/de\/\",\"name\":\"SEN Shop\",\"description\":\"Slovensko, Ekolo\u0161ko, Naravno\",\"publisher\":{\"@id\":\"https:\/\/sen-shop.com\/de\/#organization\"},\"potentialAction\":[{\"@type\":\"SearchAction\",\"target\":{\"@type\":\"EntryPoint\",\"urlTemplate\":\"https:\/\/sen-shop.com\/de\/?s={search_term_string}\"},\"query-input\":\"required name=search_term_string\"}],\"inLanguage\":\"de\"},{\"@type\":\"Organization\",\"@id\":\"https:\/\/sen-shop.com\/de\/#organization\",\"name\":\"Mind trade d.o.o\",\"url\":\"https:\/\/sen-shop.com\/de\/\",\"logo\":{\"@type\":\"ImageObject\",\"inLanguage\":\"de\",\"@id\":\"https:\/\/sen-shop.com\/de\/#\/schema\/logo\/image\/\",\"url\":\"https:\/\/sen-shop.com\/wp-content\/uploads\/2018\/05\/header_logo.png\",\"contentUrl\":\"https:\/\/sen-shop.com\/wp-content\/uploads\/2018\/05\/header_logo.png\",\"width\":138,\"height\":70,\"caption\":\"Mind trade d.o.o\"},\"image\":{\"@id\":\"https:\/\/sen-shop.com\/de\/#\/schema\/logo\/image\/\"},\"sameAs\":[\"https:\/\/www.instagram.com\/senslovenija\/\",\"https:\/\/www.facebook.com\/Senshopslovenija\"]}]}<\/script>\n<!-- \/ Yoast SEO plugin. -->","yoast_head_json":{"title":"Kostenlose Lieferung ab 50 \u20ac.","robots":{"index":"noindex","follow":"nofollow"},"og_locale":"de_DE","og_type":"article","og_title":"Kostenlose Lieferung ab 50 \u20ac.","og_description":"Lieferung","og_url":"https:\/\/sen-shop.com\/de\/lieferung-und-rueckgabe\/","og_site_name":"SEN Shop","article_publisher":"https:\/\/www.facebook.com\/Senshopslovenija","article_modified_time":"2021-11-22T14:29:41+00:00","og_image":[{"width":138,"height":70,"url":"https:\/\/sen-shop.com\/wp-content\/uploads\/2018\/04\/header_logo.png","type":"image\/png"}],"twitter_card":"summary_large_image","twitter_misc":{"Gesch\u00e4tzte Lesezeit":"1\u00a0Minute"},"schema":{"@context":"https:\/\/schema.org","@graph":[{"@type":"WebPage","@id":"https:\/\/sen-shop.com\/de\/lieferung-und-rueckgabe\/","url":"https:\/\/sen-shop.com\/de\/lieferung-und-rueckgabe\/","name":"Kostenlose Lieferung ab 50 \u20ac.","isPartOf":{"@id":"https:\/\/sen-shop.com\/de\/#website"},"datePublished":"2016-12-15T01:24:53+00:00","dateModified":"2021-11-22T14:29:41+00:00","breadcrumb":{"@id":"https:\/\/sen-shop.com\/de\/lieferung-und-rueckgabe\/#breadcrumb"},"inLanguage":"de","potentialAction":[{"@type":"ReadAction","target":["https:\/\/sen-shop.com\/de\/lieferung-und-rueckgabe\/"]}]},{"@type":"BreadcrumbList","@id":"https:\/\/sen-shop.com\/de\/lieferung-und-rueckgabe\/#breadcrumb","itemListElement":[{"@type":"ListItem","position":1,"name":"Home","item":"https:\/\/sen-shop.com\/de\/"},{"@type":"ListItem","position":2,"name":"Lieferung und R\u00fcckgabe"}]},{"@type":"WebSite","@id":"https:\/\/sen-shop.com\/de\/#website","url":"https:\/\/sen-shop.com\/de\/","name":"SEN Shop","description":"Slovensko, Ekolo\u0161ko, Naravno","publisher":{"@id":"https:\/\/sen-shop.com\/de\/#organization"},"potentialAction":[{"@type":"SearchAction","target":{"@type":"EntryPoint","urlTemplate":"https:\/\/sen-shop.com\/de\/?s={search_term_string}"},"query-input":"required name=search_term_string"}],"inLanguage":"de"},{"@type":"Organization","@id":"https:\/\/sen-shop.com\/de\/#organization","name":"Mind trade d.o.o","url":"https:\/\/sen-shop.com\/de\/","logo":{"@type":"ImageObject","inLanguage":"de","@id":"https:\/\/sen-shop.com\/de\/#\/schema\/logo\/image\/","url":"https:\/\/sen-shop.com\/wp-content\/uploads\/2018\/05\/header_logo.png","contentUrl":"https:\/\/sen-shop.com\/wp-content\/uploads\/2018\/05\/header_logo.png","width":138,"height":70,"caption":"Mind trade d.o.o"},"image":{"@id":"https:\/\/sen-shop.com\/de\/#\/schema\/logo\/image\/"},"sameAs":["https:\/\/www.instagram.com\/senslovenija\/","https:\/\/www.facebook.com\/Senshopslovenija"]}]}},"_links":{"self":[{"href":"https:\/\/sen-shop.com\/de\/wp-json\/wp\/v2\/pages\/29064","targetHints":{"allow":["GET"]}}],"collection":[{"href":"https:\/\/sen-shop.com\/de\/wp-json\/wp\/v2\/pages"}],"about":[{"href":"https:\/\/sen-shop.com\/de\/wp-json\/wp\/v2\/types\/page"}],"author":[{"embeddable":true,"href":"https:\/\/sen-shop.com\/de\/wp-json\/wp\/v2\/users\/1"}],"replies":[{"embeddable":true,"href":"https:\/\/sen-shop.com\/de\/wp-json\/wp\/v2\/comments?post=29064"}],"version-history":[{"count":0,"href":"https:\/\/sen-shop.com\/de\/wp-json\/wp\/v2\/pages\/29064\/revisions"}],"wp:attachment":[{"href":"https:\/\/sen-shop.com\/de\/wp-json\/wp\/v2\/media?parent=29064"}],"curies":[{"name":"wp","href":"https:\/\/api.w.org\/{rel}","templated":true}]}}