{"id":29053,"date":"2017-12-11T14:08:46","date_gmt":"2017-12-11T14:08:46","guid":{"rendered":"https:\/\/www.sen-shop.com\/piskotki\/"},"modified":"2021-11-22T19:52:08","modified_gmt":"2021-11-22T18:52:08","slug":"datenschutzerklaerung","status":"publish","type":"page","link":"https:\/\/sen-shop.com\/de\/datenschutzerklaerung\/","title":{"rendered":"Datenschutzerkl\u00e4rung"},"content":{"rendered":"<p>[vc_row][vc_column][vc_column_text]<strong>RECHTLICHE HINWEISE ZU COOKIES &#8211; VERWENDUNG VON COOKIES<\/strong><br \/>\nDie Website https:\/\/sen-shop.com\/ verwendet Cookies. Die Cookies erm\u00f6glichen es uns nicht, Sie pers\u00f6nlich zu identifizieren. Wir benutzen sie nur, um das Funktionieren der Website zu verbessern.<br \/>\nWenn Sie diese Website nutzen, stimmen Sie zu, dass die Website https:\/\/sen-shop.com\/ Cookies auf Ihr Ger\u00e4t l\u00e4dt.<\/p>\n<p><strong>WAS SIND COOKIES?<\/strong><br \/>\nCookies sind winzige Textdateien, in der Regel bestehend aus Buchstaben und Zahlen, die eine Website auf einem Ger\u00e4t (Computer, Mobiltelefon, Tablet usw.) speichert, um diese Ger\u00e4te zu identifizieren. Die Aufbewahrung von Cookies unterliegt der Kontrolle des Browsers &#8211; siehe unten: Kontrolle von Cookies.<\/p>\n<p><strong>WARUM BRAUCHT UNSERE WEBSITE COOKIES?<\/strong><br \/>\nDer wichtigste Zweck der Cookies besteht darin, den Webserver in die Lage zu versetzen, dem Nutzer ma\u00dfgeschneiderte Webseiten zu pr\u00e4sentieren, die es erlauben, den Besuch unserer Website pers\u00f6nlicher zu gestalten und besser auf die individuellen Bed\u00fcrfnisse der Nutzer einzugehen. Die Interaktion zwischen dem Nutzer und der Website wird mit Hilfe von Cookies schneller und einfacher. Mit ihrer Hilfe merkt sich die Website die Vorlieben und Erfahrungen des Nutzers und spart ihm so bei einem erneuten Besuch Zeit, so dass das Surfen auf der Website effizienter und angenehmer wird.<\/p>\n<p><strong>WARUM VERWENDET UNSERE WEBSITE COOKIES?<\/strong><br \/>\nCookies sind eine wichtige Methode, um aktuelle und relevante Inhalte im Einklang mit den Interessen und Vorlieben der einzelnen Internetnutzer zu halten. Die Gr\u00fcnde f\u00fcr die Verwendung von Cookies ergeben sich aus ihren Eigenschaften, eine davon ist die Speicherung von Informationen \u00fcber den Status einer einzelnen Website, Cookies helfen bei der Umsetzung verschiedener Online-Dienste (Online-Shop), helfen bei der Sammlung verschiedener Statistiken, da nur sie die H\u00e4ufigkeit der Besuche auf einer bestimmten Website-Seiten \u00fcberwachen k\u00f6nnen. Mit Hilfe von Cookies kann der Website-Betreiber die Wirksamkeit der Gestaltung seiner Website bewerten.<\/p>\n<p><strong>WELCHE COOKIES WERDEN AUF UNSERER WEBSITE VERWENDET?<\/strong><br \/>\nCookie-Name Verwendungszweck Dauer Unternehmen<br \/>\nPHPSESSID Login und Einkaufswagen-Sitzung Bis Sie Ihren Browser schlie\u00dfen<br \/>\n_utma Website-Besuchsstatistik 2 Jahre Google Analytics<br \/>\nGoogle Analytics Website-Verkehrsstatistiken 30 Minuten<br \/>\n_utmc Website-Verkehrsstatistiken Bis Google Analytics geschlossen wird<br \/>\n_utmz Statistik der Website-Aufrufe 6 Monate Google Analytics<\/p>\n<p><strong>COOKIE-KONTROLLE oder WIE K\u00d6NNEN SIE COOKIES ENTFERNEN?<\/strong><br \/>\nFalls Sie die Art und Weise, wie Cookies in Ihrem Browser verwendet werden, \u00e4ndern m\u00f6chten, einschlie\u00dflich des Blockierens oder L\u00f6schens, k\u00f6nnen Sie dies durch \u00c4ndern Ihrer Browsereinstellungen tun. Ausf\u00fchrlichere Anweisungen finden Sie unten.<\/p>\n<p><strong>Google Chrome<\/strong><br \/>\nKlicken Sie oben in Ihrem Browser auf &#8222;Extras&#8220; und w\u00e4hlen Sie &#8222;Einstellungen&#8220;.<br \/>\nKlicken Sie auf &#8222;Erweiterte Einstellungen anzeigen&#8220;, bl\u00e4ttern Sie zum Abschnitt &#8222;Datenschutz&#8220; und klicken Sie auf die Schaltfl\u00e4che &#8222;Inhaltseinstellungen&#8220;.<br \/>\nW\u00e4hlen Sie &#8222;&#8220;Lokale Dateneinrichtung zulassen&#8220;&#8220;.<\/p>\n<p><strong>Microsoft Internet Explorer 6.0, 7.0, 8.0, 9.0<\/strong><br \/>\nW\u00e4hlen Sie oben in Ihrem Browser &#8222;Extras&#8220; und dann &#8222;Internetoptionen&#8220; und klicken Sie auf die Registerkarte &#8222;Datenschutz&#8220;.<br \/>\nStellen Sie sicher, dass die Datenschutzstufe auf mittel oder niedriger eingestellt ist, wodurch die Verwendung von Cookies in Ihrem Browser zugelassen wird.<br \/>\nEine Einstellung oberhalb der mittleren Stufe deaktiviert die Verwendung von Cookies.<\/p>\n<p><strong>Mozilla Firefox<\/strong><br \/>\nKlicken Sie oben in Ihrem Browser auf &#8222;Extras&#8220; und w\u00e4hlen Sie &#8222;Optionen&#8220;. &gt;<br \/>\nW\u00e4hlen Sie dann das Symbol &#8222;Datenschutz&#8220;. &gt;<br \/>\nKlicken Sie auf &#8222;&#8220;Cookies&#8220;&#8220; und w\u00e4hlen Sie &#8222;&#8220;Cookies von Dritten zulassen&#8220;&#8220;.<\/p>\n<p><strong>Safari<\/strong><br \/>\nW\u00e4hlen Sie das Zahnradsymbol am oberen Rand Ihres Browsers und w\u00e4hlen Sie &#8222;Einstellungen&#8220;.<br \/>\nDann aktivieren Sie die Option &#8222;Cookies von Drittanbietern und Werbecookies deaktivieren&#8220;.<br \/>\nKlicken Sie auf &#8222;Speichern&#8220;.<\/p>\n<p><strong>Microsoft Internet Explorer 5.0 unter OSX<\/strong><br \/>\nKlicken Sie oben in Ihrem Browser auf &#8222;Explorer&#8220; und w\u00e4hlen Sie &#8222;Einstellungen&#8220;.<br \/>\nScrollen Sie im Abschnitt &#8222;Posteingang&#8220; nach unten zu &#8222;Cookies&#8220;.<br \/>\nW\u00e4hlen Sie die Option &#8222;Nie fragen&#8220;.<\/p>\n<p><strong>Safari unter OSX<\/strong><br \/>\nW\u00e4hlen Sie oben in Ihrem Browser &#8222;Safari&#8220; und dann &#8222;Einstellungen&#8220;.<br \/>\nKlicken Sie auf &#8222;Datenschutz&#8220; und dann auf &#8222;Verwendung von Cookies aktivieren&#8220;.<br \/>\nW\u00e4hlen Sie &#8222;Nur besuchte Seiten&#8220;.<\/p>\n<p><strong>Mozilla und Netscape unter OSX<\/strong><br \/>\nW\u00e4hlen Sie oben in Ihrem Browser &#8222;Mozilla&#8220; oder &#8222;Netscape&#8220; und w\u00e4hlen Sie &#8222;Einstellungen&#8220;.<br \/>\nScrollen Sie nach unten zu &#8222;Cookies&#8220; im Abschnitt &#8222;Datenschutz und Sicherheit&#8220;.<br \/>\nW\u00e4hlen Sie &#8222;Cookies nur f\u00fcr die Ursprungswebsite zulassen&#8220;.<\/p>\n<p><strong>LESEN SIE MEHR \u00dcBER COOKIES<\/strong><br \/>\nErfahren Sie mehr \u00fcber Cookies, indem Sie eine der folgenden Seiten besuchen:<br \/>\nhttp:\/\/www.allaboutcookies.org<\/p>\n<p><strong>BETREIBER<\/strong><br \/>\nDiese Website wird betrieben von Mind Trade d.o.o, Trzaska cesta 42, SI-1000 Ljubljana, Europa.[\/vc_column_text][\/vc_column][\/vc_row]<\/p>\n","protected":false},"excerpt":{"rendered":"<p> Rechtliche hinweise zu cookies &#8211; verwendung von cookies <\/p>\n","protected":false},"author":1,"featured_media":0,"parent":0,"menu_order":0,"comment_status":"open","ping_status":"open","template":"","meta":{"inline_featured_image":false,"footnotes":""},"class_list":["post-29053","page","type-page","status-publish","hentry"],"acf":[],"yoast_head":"<!-- This site is optimized with the Yoast SEO plugin v19.13 - https:\/\/yoast.com\/wordpress\/plugins\/seo\/ -->\n<title>Datenschutzerkl\u00e4rung - SEN Shop<\/title>\n<meta name=\"robots\" content=\"noindex, nofollow\" \/>\n<meta property=\"og:locale\" content=\"de_DE\" \/>\n<meta property=\"og:type\" content=\"article\" \/>\n<meta property=\"og:title\" content=\"Datenschutzerkl\u00e4rung - SEN Shop\" \/>\n<meta property=\"og:description\" content=\"Rechtliche hinweise zu cookies - verwendung von cookies\" \/>\n<meta property=\"og:url\" content=\"https:\/\/sen-shop.com\/de\/datenschutzerklaerung\/\" \/>\n<meta property=\"og:site_name\" content=\"SEN Shop\" \/>\n<meta property=\"article:publisher\" content=\"https:\/\/www.facebook.com\/Senshopslovenija\" \/>\n<meta property=\"article:modified_time\" content=\"2021-11-22T18:52:08+00:00\" \/>\n<meta property=\"og:image\" content=\"https:\/\/sen-shop.com\/wp-content\/uploads\/2018\/04\/header_logo.png\" \/>\n\t<meta property=\"og:image:width\" content=\"138\" \/>\n\t<meta property=\"og:image:height\" content=\"70\" \/>\n\t<meta property=\"og:image:type\" content=\"image\/png\" \/>\n<meta name=\"twitter:card\" content=\"summary_large_image\" \/>\n<meta name=\"twitter:label1\" content=\"Gesch\u00e4tzte Lesezeit\" \/>\n\t<meta name=\"twitter:data1\" content=\"4\u00a0Minuten\" \/>\n<script type=\"application\/ld+json\" class=\"yoast-schema-graph\">{\"@context\":\"https:\/\/schema.org\",\"@graph\":[{\"@type\":\"WebPage\",\"@id\":\"https:\/\/sen-shop.com\/de\/datenschutzerklaerung\/\",\"url\":\"https:\/\/sen-shop.com\/de\/datenschutzerklaerung\/\",\"name\":\"Datenschutzerkl\u00e4rung - SEN Shop\",\"isPartOf\":{\"@id\":\"https:\/\/sen-shop.com\/de\/#website\"},\"datePublished\":\"2017-12-11T14:08:46+00:00\",\"dateModified\":\"2021-11-22T18:52:08+00:00\",\"breadcrumb\":{\"@id\":\"https:\/\/sen-shop.com\/de\/datenschutzerklaerung\/#breadcrumb\"},\"inLanguage\":\"de\",\"potentialAction\":[{\"@type\":\"ReadAction\",\"target\":[\"https:\/\/sen-shop.com\/de\/datenschutzerklaerung\/\"]}]},{\"@type\":\"BreadcrumbList\",\"@id\":\"https:\/\/sen-shop.com\/de\/datenschutzerklaerung\/#breadcrumb\",\"itemListElement\":[{\"@type\":\"ListItem\",\"position\":1,\"name\":\"Home\",\"item\":\"https:\/\/sen-shop.com\/de\/\"},{\"@type\":\"ListItem\",\"position\":2,\"name\":\"Datenschutzerkl\u00e4rung\"}]},{\"@type\":\"WebSite\",\"@id\":\"https:\/\/sen-shop.com\/de\/#website\",\"url\":\"https:\/\/sen-shop.com\/de\/\",\"name\":\"SEN Shop\",\"description\":\"Slovensko, Ekolo\u0161ko, Naravno\",\"publisher\":{\"@id\":\"https:\/\/sen-shop.com\/de\/#organization\"},\"potentialAction\":[{\"@type\":\"SearchAction\",\"target\":{\"@type\":\"EntryPoint\",\"urlTemplate\":\"https:\/\/sen-shop.com\/de\/?s={search_term_string}\"},\"query-input\":\"required name=search_term_string\"}],\"inLanguage\":\"de\"},{\"@type\":\"Organization\",\"@id\":\"https:\/\/sen-shop.com\/de\/#organization\",\"name\":\"Mind trade d.o.o\",\"url\":\"https:\/\/sen-shop.com\/de\/\",\"logo\":{\"@type\":\"ImageObject\",\"inLanguage\":\"de\",\"@id\":\"https:\/\/sen-shop.com\/de\/#\/schema\/logo\/image\/\",\"url\":\"https:\/\/sen-shop.com\/wp-content\/uploads\/2018\/05\/header_logo.png\",\"contentUrl\":\"https:\/\/sen-shop.com\/wp-content\/uploads\/2018\/05\/header_logo.png\",\"width\":138,\"height\":70,\"caption\":\"Mind trade d.o.o\"},\"image\":{\"@id\":\"https:\/\/sen-shop.com\/de\/#\/schema\/logo\/image\/\"},\"sameAs\":[\"https:\/\/www.instagram.com\/senslovenija\/\",\"https:\/\/www.facebook.com\/Senshopslovenija\"]}]}<\/script>\n<!-- \/ Yoast SEO plugin. -->","yoast_head_json":{"title":"Datenschutzerkl\u00e4rung - SEN Shop","robots":{"index":"noindex","follow":"nofollow"},"og_locale":"de_DE","og_type":"article","og_title":"Datenschutzerkl\u00e4rung - SEN Shop","og_description":"Rechtliche hinweise zu cookies - verwendung von cookies","og_url":"https:\/\/sen-shop.com\/de\/datenschutzerklaerung\/","og_site_name":"SEN Shop","article_publisher":"https:\/\/www.facebook.com\/Senshopslovenija","article_modified_time":"2021-11-22T18:52:08+00:00","og_image":[{"width":138,"height":70,"url":"https:\/\/sen-shop.com\/wp-content\/uploads\/2018\/04\/header_logo.png","type":"image\/png"}],"twitter_card":"summary_large_image","twitter_misc":{"Gesch\u00e4tzte Lesezeit":"4\u00a0Minuten"},"schema":{"@context":"https:\/\/schema.org","@graph":[{"@type":"WebPage","@id":"https:\/\/sen-shop.com\/de\/datenschutzerklaerung\/","url":"https:\/\/sen-shop.com\/de\/datenschutzerklaerung\/","name":"Datenschutzerkl\u00e4rung - SEN Shop","isPartOf":{"@id":"https:\/\/sen-shop.com\/de\/#website"},"datePublished":"2017-12-11T14:08:46+00:00","dateModified":"2021-11-22T18:52:08+00:00","breadcrumb":{"@id":"https:\/\/sen-shop.com\/de\/datenschutzerklaerung\/#breadcrumb"},"inLanguage":"de","potentialAction":[{"@type":"ReadAction","target":["https:\/\/sen-shop.com\/de\/datenschutzerklaerung\/"]}]},{"@type":"BreadcrumbList","@id":"https:\/\/sen-shop.com\/de\/datenschutzerklaerung\/#breadcrumb","itemListElement":[{"@type":"ListItem","position":1,"name":"Home","item":"https:\/\/sen-shop.com\/de\/"},{"@type":"ListItem","position":2,"name":"Datenschutzerkl\u00e4rung"}]},{"@type":"WebSite","@id":"https:\/\/sen-shop.com\/de\/#website","url":"https:\/\/sen-shop.com\/de\/","name":"SEN Shop","description":"Slovensko, Ekolo\u0161ko, Naravno","publisher":{"@id":"https:\/\/sen-shop.com\/de\/#organization"},"potentialAction":[{"@type":"SearchAction","target":{"@type":"EntryPoint","urlTemplate":"https:\/\/sen-shop.com\/de\/?s={search_term_string}"},"query-input":"required name=search_term_string"}],"inLanguage":"de"},{"@type":"Organization","@id":"https:\/\/sen-shop.com\/de\/#organization","name":"Mind trade d.o.o","url":"https:\/\/sen-shop.com\/de\/","logo":{"@type":"ImageObject","inLanguage":"de","@id":"https:\/\/sen-shop.com\/de\/#\/schema\/logo\/image\/","url":"https:\/\/sen-shop.com\/wp-content\/uploads\/2018\/05\/header_logo.png","contentUrl":"https:\/\/sen-shop.com\/wp-content\/uploads\/2018\/05\/header_logo.png","width":138,"height":70,"caption":"Mind trade d.o.o"},"image":{"@id":"https:\/\/sen-shop.com\/de\/#\/schema\/logo\/image\/"},"sameAs":["https:\/\/www.instagram.com\/senslovenija\/","https:\/\/www.facebook.com\/Senshopslovenija"]}]}},"_links":{"self":[{"href":"https:\/\/sen-shop.com\/de\/wp-json\/wp\/v2\/pages\/29053","targetHints":{"allow":["GET"]}}],"collection":[{"href":"https:\/\/sen-shop.com\/de\/wp-json\/wp\/v2\/pages"}],"about":[{"href":"https:\/\/sen-shop.com\/de\/wp-json\/wp\/v2\/types\/page"}],"author":[{"embeddable":true,"href":"https:\/\/sen-shop.com\/de\/wp-json\/wp\/v2\/users\/1"}],"replies":[{"embeddable":true,"href":"https:\/\/sen-shop.com\/de\/wp-json\/wp\/v2\/comments?post=29053"}],"version-history":[{"count":0,"href":"https:\/\/sen-shop.com\/de\/wp-json\/wp\/v2\/pages\/29053\/revisions"}],"wp:attachment":[{"href":"https:\/\/sen-shop.com\/de\/wp-json\/wp\/v2\/media?parent=29053"}],"curies":[{"name":"wp","href":"https:\/\/api.w.org\/{rel}","templated":true}]}}