{"id":29031,"date":"2018-07-10T14:06:10","date_gmt":"2018-07-10T12:06:10","guid":{"rendered":"https:\/\/www.sen-shop.com\/pogosta-vprasanja-2\/"},"modified":"2021-11-22T19:59:48","modified_gmt":"2021-11-22T18:59:48","slug":"haeufig-gestellte-fragen","status":"publish","type":"page","link":"https:\/\/sen-shop.com\/de\/haeufig-gestellte-fragen\/","title":{"rendered":"H\u00e4ufig gestellte Fragen"},"content":{"rendered":"<p>[vc_row][vc_column][vc_column_text]<\/p>\n<p><strong>Wie kann ich eine Bestellung aufgeben?<\/strong><\/p>\n<p>Zun\u00e4chst m\u00fcssen Sie das gew\u00fcnschte Produkt finden. Die Kategorien im Men\u00fc oder das Suchfeld werden Ihnen dabei helfen. Anschlie\u00dfend klicken Sie auf die Schaltfl\u00e4che &#8218;In den Warenkorb&#8216;. Oben rechts im WARENKORB k\u00f6nnen Sie sehen, wie viele Artikel sich in Ihrem Warenkorb befinden. Wenn Sie auf die Schaltfl\u00e4che WARENKORB klicken, sehen Sie eine Liste der Artikel, die sich im Warenkorb befinden, den Gesamtbetrag und weitere Schritte, die f\u00fcr den Abschluss des Kaufs erforderlich sind.<\/p>\n<p><strong>Wann bekomme ich die Bestellung?<\/strong><br \/>\nDie Bestellung wird innerhalb von 1-3 Arbeitstagen nach der Bestellung oder Zahlung geliefert.<\/p>\n<p><strong>Woher wei\u00df ich, wann das Paket bei mir eintrifft?<\/strong><br \/>\nDas Lieferunternehmen (GLS) wird Sie per SMS \u00fcber die Lieferung benachrichtigen, daher ist es wichtig, dass Sie bei der Bestellung immer Ihre Handynummer angeben.<\/p>\n<p><strong>Wie hoch sind die Versandkosten?<\/strong><br \/>\nBei Bestellungen von Produkten mit einem Gesamtwert \u00fcber 50 \u20ac ist der Versand kostenlos. Die Kosten f\u00fcr den Versand werden im Warenkorb w\u00e4hrend des Kaufvorgangs angezeigt.<\/p>\n<p><strong>Wie bezahle ich das Paket?<\/strong><br \/>\nIm Warenkorb erscheinen die Zahlungsoptionen. Sie k\u00f6nnen zwischen Kreditkarte, Paypal, Nachnahme (nicht in allen L\u00e4ndern verf\u00fcgbar) oder SEPA direkt w\u00e4hlen.<\/p>\n<p><strong>Wo kann ich pr\u00fcfen, ob ich eine Bestellung aufgegeben habe?<\/strong><br \/>\nSobald die Bestellung erfolgreich abgeschlossen wurde, erhalten Sie eine automatisch generierte E-Mail \u00fcber die Bestellung. In dieser E-Mail werden die bestellten Produkte, die Menge, der Preis, die Adresse des Zahlers, die Lieferadresse und die Bestellnummer angegeben.<\/p>\n<p><strong>Ich habe das Paket bestellt, aber noch nicht erhalten, was kann ich tun?<\/strong><br \/>\nKontaktieren Sie uns bitte oder schreiben Sie uns und wir werden f\u00fcr Sie pr\u00fcfen, wo sich das Paket befindet. Alternativ k\u00f6nnen Sie das Paket \u00fcber die Tracking-Nummer verfolgen, die Sie per SMS oder E-Mail von der Lieferfirma erhalten. Dar\u00fcber hinaus k\u00f6nnen Sie auch das Zustellunternehmen anrufen (die Telefonnummer ist in der GLS-Nachricht angegeben).<\/p>\n<p><strong>Ich habe einen Aktions-Rabattcode, der nicht funktioniert?<\/strong><br \/>\n\u00dcberpr\u00fcfen Sie nach Erhalt des Codes die Anwendungsbedingungen. M\u00f6glicherweise ist das Verfallsdatum abgelaufen, der Code gilt nicht f\u00fcr die ausgew\u00e4hlten Produkte, der Gesamtkaufbetrag ist zu niedrig, um den Code einzul\u00f6sen.<\/p>\n<p>&nbsp;<\/p>\n<p>[\/vc_column_text][\/vc_column][\/vc_row]<\/p>\n","protected":false},"excerpt":{"rendered":"<p>[vc_row][vc_column][vc_column_text] Wie kann ich eine Bestellung aufgeben? Zun\u00e4chst m\u00fcssen Sie das gew\u00fcnschte Produkt finden. Die Kategorien im Men\u00fc oder das Suchfeld werden Ihnen dabei helfen. Anschlie\u00dfend klicken Sie auf die Schaltfl\u00e4che &#8218;In den Warenkorb&#8216;. Oben rechts im WARENKORB k\u00f6nnen Sie sehen, wie viele Artikel sich in Ihrem Warenkorb befinden. Wenn Sie auf die Schaltfl\u00e4che WARENKORB [&hellip;]<\/p>\n","protected":false},"author":346,"featured_media":0,"parent":0,"menu_order":0,"comment_status":"closed","ping_status":"closed","template":"","meta":{"inline_featured_image":false,"footnotes":""},"class_list":["post-29031","page","type-page","status-publish","hentry"],"acf":[],"yoast_head":"<!-- This site is optimized with the Yoast SEO plugin v19.13 - https:\/\/yoast.com\/wordpress\/plugins\/seo\/ -->\n<title>H\u00e4ufig gestellte Fragen. Sen Shop<\/title>\n<meta name=\"robots\" content=\"index, follow, max-snippet:-1, max-image-preview:large, max-video-preview:-1\" \/>\n<link rel=\"canonical\" href=\"https:\/\/sen-shop.com\/de\/haeufig-gestellte-fragen\/\" \/>\n<meta property=\"og:locale\" content=\"de_DE\" \/>\n<meta property=\"og:type\" content=\"article\" \/>\n<meta property=\"og:title\" content=\"H\u00e4ufig gestellte Fragen. Sen Shop\" \/>\n<meta property=\"og:description\" content=\"[vc_row][vc_column][vc_column_text] Wie kann ich eine Bestellung aufgeben? Zun\u00e4chst m\u00fcssen Sie das gew\u00fcnschte Produkt finden. Die Kategorien im Men\u00fc oder das Suchfeld werden Ihnen dabei helfen. Anschlie\u00dfend klicken Sie auf die Schaltfl\u00e4che &#8218;In den Warenkorb&#8216;. Oben rechts im WARENKORB k\u00f6nnen Sie sehen, wie viele Artikel sich in Ihrem Warenkorb befinden. Wenn Sie auf die Schaltfl\u00e4che WARENKORB [&hellip;]\" \/>\n<meta property=\"og:url\" content=\"https:\/\/sen-shop.com\/de\/haeufig-gestellte-fragen\/\" \/>\n<meta property=\"og:site_name\" content=\"SEN Shop\" \/>\n<meta property=\"article:publisher\" content=\"https:\/\/www.facebook.com\/Senshopslovenija\" \/>\n<meta property=\"article:modified_time\" content=\"2021-11-22T18:59:48+00:00\" \/>\n<meta property=\"og:image\" content=\"https:\/\/sen-shop.com\/wp-content\/uploads\/2018\/04\/header_logo.png\" \/>\n\t<meta property=\"og:image:width\" content=\"138\" \/>\n\t<meta property=\"og:image:height\" content=\"70\" \/>\n\t<meta property=\"og:image:type\" content=\"image\/png\" \/>\n<meta name=\"twitter:card\" content=\"summary_large_image\" \/>\n<meta name=\"twitter:label1\" content=\"Gesch\u00e4tzte Lesezeit\" \/>\n\t<meta name=\"twitter:data1\" content=\"2\u00a0Minuten\" \/>\n<script type=\"application\/ld+json\" class=\"yoast-schema-graph\">{\"@context\":\"https:\/\/schema.org\",\"@graph\":[{\"@type\":\"WebPage\",\"@id\":\"https:\/\/sen-shop.com\/de\/haeufig-gestellte-fragen\/\",\"url\":\"https:\/\/sen-shop.com\/de\/haeufig-gestellte-fragen\/\",\"name\":\"H\u00e4ufig gestellte Fragen. Sen Shop\",\"isPartOf\":{\"@id\":\"https:\/\/sen-shop.com\/de\/#website\"},\"datePublished\":\"2018-07-10T12:06:10+00:00\",\"dateModified\":\"2021-11-22T18:59:48+00:00\",\"breadcrumb\":{\"@id\":\"https:\/\/sen-shop.com\/de\/haeufig-gestellte-fragen\/#breadcrumb\"},\"inLanguage\":\"de\",\"potentialAction\":[{\"@type\":\"ReadAction\",\"target\":[\"https:\/\/sen-shop.com\/de\/haeufig-gestellte-fragen\/\"]}]},{\"@type\":\"BreadcrumbList\",\"@id\":\"https:\/\/sen-shop.com\/de\/haeufig-gestellte-fragen\/#breadcrumb\",\"itemListElement\":[{\"@type\":\"ListItem\",\"position\":1,\"name\":\"Home\",\"item\":\"https:\/\/sen-shop.com\/de\/\"},{\"@type\":\"ListItem\",\"position\":2,\"name\":\"H\u00e4ufig gestellte Fragen\"}]},{\"@type\":\"WebSite\",\"@id\":\"https:\/\/sen-shop.com\/de\/#website\",\"url\":\"https:\/\/sen-shop.com\/de\/\",\"name\":\"SEN Shop\",\"description\":\"Slovensko, Ekolo\u0161ko, Naravno\",\"publisher\":{\"@id\":\"https:\/\/sen-shop.com\/de\/#organization\"},\"potentialAction\":[{\"@type\":\"SearchAction\",\"target\":{\"@type\":\"EntryPoint\",\"urlTemplate\":\"https:\/\/sen-shop.com\/de\/?s={search_term_string}\"},\"query-input\":\"required name=search_term_string\"}],\"inLanguage\":\"de\"},{\"@type\":\"Organization\",\"@id\":\"https:\/\/sen-shop.com\/de\/#organization\",\"name\":\"Mind trade d.o.o\",\"url\":\"https:\/\/sen-shop.com\/de\/\",\"logo\":{\"@type\":\"ImageObject\",\"inLanguage\":\"de\",\"@id\":\"https:\/\/sen-shop.com\/de\/#\/schema\/logo\/image\/\",\"url\":\"https:\/\/sen-shop.com\/wp-content\/uploads\/2018\/05\/header_logo.png\",\"contentUrl\":\"https:\/\/sen-shop.com\/wp-content\/uploads\/2018\/05\/header_logo.png\",\"width\":138,\"height\":70,\"caption\":\"Mind trade d.o.o\"},\"image\":{\"@id\":\"https:\/\/sen-shop.com\/de\/#\/schema\/logo\/image\/\"},\"sameAs\":[\"https:\/\/www.instagram.com\/senslovenija\/\",\"https:\/\/www.facebook.com\/Senshopslovenija\"]}]}<\/script>\n<!-- \/ Yoast SEO plugin. -->","yoast_head_json":{"title":"H\u00e4ufig gestellte Fragen. Sen Shop","robots":{"index":"index","follow":"follow","max-snippet":"max-snippet:-1","max-image-preview":"max-image-preview:large","max-video-preview":"max-video-preview:-1"},"canonical":"https:\/\/sen-shop.com\/de\/haeufig-gestellte-fragen\/","og_locale":"de_DE","og_type":"article","og_title":"H\u00e4ufig gestellte Fragen. Sen Shop","og_description":"[vc_row][vc_column][vc_column_text] Wie kann ich eine Bestellung aufgeben? Zun\u00e4chst m\u00fcssen Sie das gew\u00fcnschte Produkt finden. Die Kategorien im Men\u00fc oder das Suchfeld werden Ihnen dabei helfen. Anschlie\u00dfend klicken Sie auf die Schaltfl\u00e4che &#8218;In den Warenkorb&#8216;. Oben rechts im WARENKORB k\u00f6nnen Sie sehen, wie viele Artikel sich in Ihrem Warenkorb befinden. Wenn Sie auf die Schaltfl\u00e4che WARENKORB [&hellip;]","og_url":"https:\/\/sen-shop.com\/de\/haeufig-gestellte-fragen\/","og_site_name":"SEN Shop","article_publisher":"https:\/\/www.facebook.com\/Senshopslovenija","article_modified_time":"2021-11-22T18:59:48+00:00","og_image":[{"width":138,"height":70,"url":"https:\/\/sen-shop.com\/wp-content\/uploads\/2018\/04\/header_logo.png","type":"image\/png"}],"twitter_card":"summary_large_image","twitter_misc":{"Gesch\u00e4tzte Lesezeit":"2\u00a0Minuten"},"schema":{"@context":"https:\/\/schema.org","@graph":[{"@type":"WebPage","@id":"https:\/\/sen-shop.com\/de\/haeufig-gestellte-fragen\/","url":"https:\/\/sen-shop.com\/de\/haeufig-gestellte-fragen\/","name":"H\u00e4ufig gestellte Fragen. Sen Shop","isPartOf":{"@id":"https:\/\/sen-shop.com\/de\/#website"},"datePublished":"2018-07-10T12:06:10+00:00","dateModified":"2021-11-22T18:59:48+00:00","breadcrumb":{"@id":"https:\/\/sen-shop.com\/de\/haeufig-gestellte-fragen\/#breadcrumb"},"inLanguage":"de","potentialAction":[{"@type":"ReadAction","target":["https:\/\/sen-shop.com\/de\/haeufig-gestellte-fragen\/"]}]},{"@type":"BreadcrumbList","@id":"https:\/\/sen-shop.com\/de\/haeufig-gestellte-fragen\/#breadcrumb","itemListElement":[{"@type":"ListItem","position":1,"name":"Home","item":"https:\/\/sen-shop.com\/de\/"},{"@type":"ListItem","position":2,"name":"H\u00e4ufig gestellte Fragen"}]},{"@type":"WebSite","@id":"https:\/\/sen-shop.com\/de\/#website","url":"https:\/\/sen-shop.com\/de\/","name":"SEN Shop","description":"Slovensko, Ekolo\u0161ko, Naravno","publisher":{"@id":"https:\/\/sen-shop.com\/de\/#organization"},"potentialAction":[{"@type":"SearchAction","target":{"@type":"EntryPoint","urlTemplate":"https:\/\/sen-shop.com\/de\/?s={search_term_string}"},"query-input":"required name=search_term_string"}],"inLanguage":"de"},{"@type":"Organization","@id":"https:\/\/sen-shop.com\/de\/#organization","name":"Mind trade d.o.o","url":"https:\/\/sen-shop.com\/de\/","logo":{"@type":"ImageObject","inLanguage":"de","@id":"https:\/\/sen-shop.com\/de\/#\/schema\/logo\/image\/","url":"https:\/\/sen-shop.com\/wp-content\/uploads\/2018\/05\/header_logo.png","contentUrl":"https:\/\/sen-shop.com\/wp-content\/uploads\/2018\/05\/header_logo.png","width":138,"height":70,"caption":"Mind trade d.o.o"},"image":{"@id":"https:\/\/sen-shop.com\/de\/#\/schema\/logo\/image\/"},"sameAs":["https:\/\/www.instagram.com\/senslovenija\/","https:\/\/www.facebook.com\/Senshopslovenija"]}]}},"_links":{"self":[{"href":"https:\/\/sen-shop.com\/de\/wp-json\/wp\/v2\/pages\/29031","targetHints":{"allow":["GET"]}}],"collection":[{"href":"https:\/\/sen-shop.com\/de\/wp-json\/wp\/v2\/pages"}],"about":[{"href":"https:\/\/sen-shop.com\/de\/wp-json\/wp\/v2\/types\/page"}],"author":[{"embeddable":true,"href":"https:\/\/sen-shop.com\/de\/wp-json\/wp\/v2\/users\/346"}],"replies":[{"embeddable":true,"href":"https:\/\/sen-shop.com\/de\/wp-json\/wp\/v2\/comments?post=29031"}],"version-history":[{"count":0,"href":"https:\/\/sen-shop.com\/de\/wp-json\/wp\/v2\/pages\/29031\/revisions"}],"wp:attachment":[{"href":"https:\/\/sen-shop.com\/de\/wp-json\/wp\/v2\/media?parent=29031"}],"curies":[{"name":"wp","href":"https:\/\/api.w.org\/{rel}","templated":true}]}}